{"id":101,"date":"2016-11-25T15:59:14","date_gmt":"2016-11-25T14:59:14","guid":{"rendered":"http:\/\/2016.treffendel.fr\/?page_id=101"},"modified":"2025-12-02T09:57:08","modified_gmt":"2025-12-02T08:57:08","slug":"assistantes-maternelles","status":"publish","type":"page","link":"https:\/\/www.treffendel.fr\/?page_id=101","title":{"rendered":"Assistantes maternelles"},"content":{"rendered":"<h3><a href=\"http:\/\/www.assistantsmaternels35.fr\/\" target=\"_blank\" rel=\"noopener noreferrer\">Liste des assistant(e)s maternel(le)s de Treffendel<\/a><\/h3>\n<h2><b>Relais Parents Assistants Maternels<\/b><\/h2>\n<p><span style=\"font-weight: 400;\">Cr\u00e9\u00e9 par la <\/span><b>Communaut\u00e9 de Communes de Broc\u00e9liande<\/b><span style=\"font-weight: 400;\">, le <\/span><b>R<\/b><span style=\"font-weight: 400;\">elais <\/span><b>Petite<\/b> <b>Enfance<\/b><span style=\"font-weight: 400;\">\u00a0est un service <\/span><span style=\"font-weight: 400;\">\u00e0 destination des assistants maternels et des familles \u00e0 la recherche de modes de garde pour leurs enfants <\/span><span style=\"font-weight: 400;\">\u00e2g\u00e9s de moins de 3 ans. <\/span><\/p>\n<p><span style=\"font-weight: 400;\">Outil de mise en relation, le RPE propose aussi aux enfants et \u00e0 l\u2019adulte accompagnant des moments de d\u00e9couverte et d\u2019\u00e9veil dans les espaces-jeux des communes. <\/span><\/p>\n<p><span style=\"font-weight: 400;\">Pour la commune de Treffendel <\/span><span style=\"font-weight: 400;\">l\u2019Espace jeux a lieu tous les jeudis dans la salle polyvalente<\/span><span style=\"font-weight: 400;\">.<\/span><\/p>\n<p><b>Contact :<\/b><\/p>\n<p><b>Alexandra Rouxel\u00a0:<\/b><span style=\"font-weight: 400;\"> animatrice Relais Assistants Maternels<\/span><span style=\"font-weight: 400;\"><br \/><\/span><b>Christine Chiron<\/b><span style=\"font-weight: 400;\">\u00a0: animatrice des espaces jeux<\/span><span style=\"font-weight: 400;\"><br \/><\/span><span style=\"font-weight: 400;\">Tel: 02 99 06 80 05 ou 06 78 93 89 37<\/span><span style=\"font-weight: 400;\"><br \/><\/span><span style=\"font-weight: 400;\">Mail:\u00a0<\/span><a href=\"mailto:rpe@cc-broceliande.bzh\"><span style=\"font-weight: 400;\">rpe@cc-broceliande.bzh<\/span><\/a><\/p>\n<p><span style=\"font-weight: 400;\">Sites internet<\/span><span style=\"font-weight: 400;\">\u00a0:<\/span><\/p>\n<p><a href=\"http:\/\/www.cc-broceliande.bzh\" target=\"_blank\" rel=\"noopener noreferrer\"><span style=\"font-weight: 400;\">www.cc-broceliande.bzh<\/span><\/a><\/p>\n<p><a href=\"http:\/\/www.assistantsmaternels35.fr\" target=\"_blank\" rel=\"noopener noreferrer\"><span style=\"font-weight: 400;\">www.<\/span><b>assistantsmaternels35<\/b><span style=\"font-weight: 400;\">.fr<\/span><\/a><\/p>\n<h2><strong>ADMR. \u00ab\u00a0Pour tous, toute la vie, partout\u00a0\u00bb \u00a0\u00a0Garde d\u2019enfants \u00e0 domicile.<\/strong><\/h2>\n<p>9 A rue du\u00a0 March\u00e9 &#8211; 35380.Pl\u00e9lan le Grand.<\/p>\n<p>Tel\u00a0: 02.99.06.96.97.<\/p>\n<p>Mail\u00a0: <a href=\"mailto:plelan.asso@admr35.org\">plelan.asso@admr35.org<\/a><\/p>\n<p>Web\u00a0:\u00a0 <a href=\"https:\/\/www.admr35.org\/garde-denfants-domicile\">https:\/\/www.admr35.org\/association\/admr-plelan\/garde-denfants-a-domicile\/<\/a><\/p>\n\n","protected":false},"excerpt":{"rendered":"<p>Liste des assistant(e)s maternel(le)s de Treffendel Relais Parents Assistants Maternels Cr\u00e9\u00e9 par la Communaut\u00e9 de Communes de Broc\u00e9liande, le Relais Petite Enfance\u00a0est un service \u00e0 destination des assistants maternels et des familles \u00e0 la recherche de modes de garde pour leurs enfants \u00e2g\u00e9s de moins de 3 ans. Outil de mise en relation, le RPE [&hellip;]<\/p>\n","protected":false},"author":1,"featured_media":0,"parent":87,"menu_order":0,"comment_status":"closed","ping_status":"closed","template":"","meta":[],"_links":{"self":[{"href":"https:\/\/www.treffendel.fr\/index.php?rest_route=\/wp\/v2\/pages\/101"}],"collection":[{"href":"https:\/\/www.treffendel.fr\/index.php?rest_route=\/wp\/v2\/pages"}],"about":[{"href":"https:\/\/www.treffendel.fr\/index.php?rest_route=\/wp\/v2\/types\/page"}],"author":[{"embeddable":true,"href":"https:\/\/www.treffendel.fr\/index.php?rest_route=\/wp\/v2\/users\/1"}],"replies":[{"embeddable":true,"href":"https:\/\/www.treffendel.fr\/index.php?rest_route=%2Fwp%2Fv2%2Fcomments&post=101"}],"version-history":[{"count":9,"href":"https:\/\/www.treffendel.fr\/index.php?rest_route=\/wp\/v2\/pages\/101\/revisions"}],"predecessor-version":[{"id":6807,"href":"https:\/\/www.treffendel.fr\/index.php?rest_route=\/wp\/v2\/pages\/101\/revisions\/6807"}],"up":[{"embeddable":true,"href":"https:\/\/www.treffendel.fr\/index.php?rest_route=\/wp\/v2\/pages\/87"}],"wp:attachment":[{"href":"https:\/\/www.treffendel.fr\/index.php?rest_route=%2Fwp%2Fv2%2Fmedia&parent=101"}],"curies":[{"name":"wp","href":"https:\/\/api.w.org\/{rel}","templated":true}]}}