{"id":103,"date":"2016-11-25T16:00:11","date_gmt":"2016-11-25T15:00:11","guid":{"rendered":"http:\/\/2016.treffendel.fr\/?page_id=103"},"modified":"2025-12-02T09:52:19","modified_gmt":"2025-12-02T08:52:19","slug":"relais-des-assistantes-maternelles","status":"publish","type":"page","link":"https:\/\/www.treffendel.fr\/?page_id=103","title":{"rendered":"Relais des assistantes maternelles"},"content":{"rendered":"<h4 class=\"v1MsoNormal\">Le Relais Petite Enfance est le guichet unique pour toutes les questions relevant des modes de garde sur le territoire de la Communaut\u00e9 de communes.<\/h4>\n<p class=\"v1MsoNormal\">Vous recherchez une assistante maternelle\u00a0? Vous souhaitez b\u00e9n\u00e9ficier d&rsquo;une place au sein du multi-accueil communautaire\u00a0? Alexandra, Christine et Ma\u00e9lig, les animatrices du RPE vous accompagnent dans toutes vos d\u00e9marches. Elles disposent de la liste des assistantes maternelles disponibles, mise \u00e0 jour, sur nos 8 communes. Elles peuvent aussi vous conseiller pour choisir la solution qui sera la plus adapt\u00e9e \u00e0 votre famille, et r\u00e9pondre \u00e0 toutes les questions li\u00e9es au contrat de travail.<\/p>\n<p class=\"v1MsoNormal\">Le Relais Petite Enfance propose aussi tout au long de l&rsquo;ann\u00e9e des Espaces Jeux dans les communes, ainsi que des animations en lien avec la culture (b\u00e9b\u00e9s lecteurs, spectacles&#8230;)<\/p>\n<p class=\"v1MsoNormal\">Enfin, la structure contribue \u00e0 la professionnalisation du m\u00e9tier d&rsquo;assistant maternel en organisant des temps d&rsquo;\u00e9change th\u00e9matiques, des ateliers&#8230;<\/p>\n<h2>Permanences<\/h2>\n<p style=\"font-weight: 400;\">Les horaires des\u00a0<strong>permanences (sur rendez-vous)<\/strong>\u00a0ont lieu du mardi au vendredi de 14h \u00e0 18h, selon besoin, \u00e0 :<\/p>\n<ul style=\"font-weight: 400;\">\n<li>Br\u00e9al-sous-Montfort, 1, rue de Mordelles (locaux du Point Accueil Emploi)<\/li>\n<li>ou Pl\u00e9lan-le-Grand, 1, rue des Korrigans<\/li>\n<\/ul>\n<h2>Assistants maternels et\/ou candidats \u00e0 l&rsquo;agr\u00e9ment<\/h2>\n<p style=\"font-weight: 400;\">Le Relais Parents\/Assistants Maternels :<\/p>\n<ul style=\"font-weight: 400;\">\n<li>Vous met en relation avec les parents en recherche d&rsquo;un mode de garde,<\/li>\n<li>Vous propose une d\u00e9marche de professionnalisation et des temps de formation,<\/li>\n<li>Vous informe sur vos droits et devoirs.<\/li>\n<\/ul>\n<h2>Parents<\/h2>\n<p style=\"font-weight: 400;\">Le Relais Petite Enfance :<\/p>\n<ul style=\"font-weight: 400;\">\n<li>Vous accompagne dans la recherche d&rsquo;un mode de garde pour votre\/vos enfant.s :\u00a0<a href=\"https:\/\/www.cc-broceliande.bzh\/naitre-et-grandir\/multi-accueil-la-cabane\/\">multi-accueil<\/a>, assistant maternel&#8230;<\/li>\n<li>Vous met, si besoin, en relation avec un assistant maternel agr\u00e9\u00e9. Une mise \u00e0 jour des fiches de disponibilit\u00e9 permet de vous orienter efficacement,<\/li>\n<li>Vous informe sur vos droits et vos prestations,<\/li>\n<li>Vous accompagne dans votre r\u00f4le d&#8217;employeur : contrat de travail, m\u00e9diation, etc.<\/li>\n<\/ul>\n<h2>L&rsquo;espace jeux<\/h2>\n<p style=\"font-weight: 400;\"><strong>Le r\u00f4le de l\u2019espace-jeux<\/strong><br \/>\nC\u2019est un lieu d\u2019accueil et d\u2019\u00e9veil pour les enfants de 0 \u00e0 3 ans, encadr\u00e9 par un professionnel petit enfance du RPE. L\u2019enfant est accompagn\u00e9 par son assistante maternelle, un parent ou toute personne en ayant la responsabilit\u00e9. L\u2019enfant reste sous la responsabilit\u00e9 de l\u2019adulte qui l\u2019accompagne.<\/p>\n<p style=\"font-weight: 400;\">C\u2019est un lieu de rencontres et d\u2019\u00e9changes pour enfants et adultes.\u00a0Il permet \u00e9galement Les enfants y d\u00e9couvrent les r\u00e8gles de la vie en groupe \u00e0 travers le jeu libre, diff\u00e9rentes activit\u00e9s propos\u00e9es\u00a0: peinture, p\u00e2te \u00e0 modeler\u2026<\/p>\n<p style=\"font-weight: 400;\"><strong>Horaires\u00a0: TREFFENDEL<\/strong>\u00a0\u2013 salle polyvalente : le jeudi de 9h30 \u00e0 11h30 sur inscription<\/p>\n<p><b>Contact :<\/b><\/p>\n<p><b>Alexandra Rouxel\u00a0:<\/b><span style=\"font-weight: 400;\"> animatrice Relais Assistants Maternels<\/span><span style=\"font-weight: 400;\"><br \/>\n<\/span><b>Christine Chiron<\/b><span style=\"font-weight: 400;\">\u00a0: animatrice des espaces jeux<\/span><span style=\"font-weight: 400;\"><br \/>\n<\/span>T\u00e9l : <span style=\"font-weight: 400;\">02 99 60 84 45 \u2013 <a href=\"mailto:rpe@cc-broceliande.bzh\" rel=\"noreferrer\">rpe@cc-broceliande.bzh<\/a><\/span><\/p>\n<p><span style=\"font-weight: 400;\">Site internet<\/span><span style=\"font-weight: 400;\">\u00a0:<\/span><\/p>\n<p><a href=\"https:\/\/www.cc-broceliande.bzh\/les-services\/la-petite-enfance\/\">https:\/\/www.cc-broceliande.bzh\/les-services\/la-petite-enfance\/<\/a><\/p>\n","protected":false},"excerpt":{"rendered":"<p>Le Relais Petite Enfance est le guichet unique pour toutes les questions relevant des modes de garde sur le territoire de la Communaut\u00e9 de communes. Vous recherchez une assistante maternelle\u00a0? Vous souhaitez b\u00e9n\u00e9ficier d&rsquo;une place au sein du multi-accueil communautaire\u00a0? Alexandra, Christine et Ma\u00e9lig, les animatrices du RPE vous accompagnent dans toutes vos d\u00e9marches. Elles [&hellip;]<\/p>\n","protected":false},"author":1,"featured_media":0,"parent":87,"menu_order":0,"comment_status":"closed","ping_status":"closed","template":"","meta":[],"_links":{"self":[{"href":"https:\/\/www.treffendel.fr\/index.php?rest_route=\/wp\/v2\/pages\/103"}],"collection":[{"href":"https:\/\/www.treffendel.fr\/index.php?rest_route=\/wp\/v2\/pages"}],"about":[{"href":"https:\/\/www.treffendel.fr\/index.php?rest_route=\/wp\/v2\/types\/page"}],"author":[{"embeddable":true,"href":"https:\/\/www.treffendel.fr\/index.php?rest_route=\/wp\/v2\/users\/1"}],"replies":[{"embeddable":true,"href":"https:\/\/www.treffendel.fr\/index.php?rest_route=%2Fwp%2Fv2%2Fcomments&post=103"}],"version-history":[{"count":7,"href":"https:\/\/www.treffendel.fr\/index.php?rest_route=\/wp\/v2\/pages\/103\/revisions"}],"predecessor-version":[{"id":6802,"href":"https:\/\/www.treffendel.fr\/index.php?rest_route=\/wp\/v2\/pages\/103\/revisions\/6802"}],"up":[{"embeddable":true,"href":"https:\/\/www.treffendel.fr\/index.php?rest_route=\/wp\/v2\/pages\/87"}],"wp:attachment":[{"href":"https:\/\/www.treffendel.fr\/index.php?rest_route=%2Fwp%2Fv2%2Fmedia&parent=103"}],"curies":[{"name":"wp","href":"https:\/\/api.w.org\/{rel}","templated":true}]}}