{"id":114,"date":"2016-11-25T16:02:48","date_gmt":"2016-11-25T15:02:48","guid":{"rendered":"http:\/\/2016.treffendel.fr\/?page_id=114"},"modified":"2023-10-02T14:52:55","modified_gmt":"2023-10-02T12:52:55","slug":"periscolaire","status":"publish","type":"page","link":"https:\/\/www.treffendel.fr\/?page_id=114","title":{"rendered":"P\u00e9riscolaire"},"content":{"rendered":"<h2>Sp\u00e9cial rentr\u00e9e 2023 :<\/h2>\n<p><a href=\"https:\/\/www.treffendel.fr\/wp-content\/uploads\/2023\/10\/Mag-Special_Rentre\u0301e-2023.pdf\">Mag-Special_Rentre\u0301e 2023<\/a><\/p>\n<h2>la garderie p\u00e9riscolaire\u00a0(02.99.61.04.95)<\/h2>\n<p>Elle fonctionne les jours d&rsquo;\u00e9cole de<strong>\u00a07 h 15 \u00e0 8 h 35 et de 16 h 15 \u00e0 18 h 45<\/strong>.<\/p>\n<p>Un go\u00fbter est fourni gratuitement aux enfants.<\/p>\n<p><strong><a href=\"http:\/\/2016.treffendel.fr\/?p=549\">consulter les tarifs<\/a><\/strong><br \/>\nToute demi-heure commenc\u00e9e est factur\u00e9e.<br \/>\nLa facturation se fait en fin de mois.<\/p>\n<p>Mercredi et vacances scolaires : voir <a href=\"https:\/\/linterval.iloise.net\/\" target=\"_blank\" rel=\"noopener noreferrer\">L&rsquo;interval<\/a><\/p>\n<p>voir aussi la rubrique <a href=\"http:\/\/2016.treffendel.fr\/?page_id=4\">ECOLES<\/a><\/p>\n<h2>le restaurant p\u00e9riscolaire (02.99.61.04.95)<\/h2>\n<p>voir <a href=\"http:\/\/2016.treffendel.fr\/?page_id=562\">le r\u00e8glement int\u00e9rieur<\/a><\/p>\n<p>Les repas sont pr\u00e9par\u00e9s sur place.<\/p>\n<p>L&rsquo;inscription pour le d\u00e9jeuner se fait chaque matin et est factur\u00e9 en fin de mois. Le r\u00e8glement se fait par pr\u00e9l\u00e8vement automatique ou par tipi\u00a0\u00bb (<a href=\"https:\/\/www.tipi.budget.gouv.fr\/tpa\/accueilportail.web\" target=\"_blank\" rel=\"noopener noreferrer\">TItre Payable sur Internet<\/a>).<\/p>\n<p><strong><a href=\"http:\/\/2016.treffendel.fr\/?p=549\">consulter les tarifs<\/a><\/strong><\/p>\n<p>A compter du 24 avril 2017, les enfants de maternelle ne doivent plus fournir leur serviette de table : c&rsquo;est la commune qui la fournit (ces serviettes ont \u00e9t\u00e9 cr\u00e9\u00e9es par \u00ab\u00a0Aber&rsquo;li\u00a0\u00bb, atelier couture bas\u00e9 \u00e0 St P\u00e9ran).<\/p>\n<p>Les enfants de maternelle des 2 \u00e9coles d\u00e9jeunent de 11 h 50 \u00e0 12 h 30<br \/>\net les primaires de 12 h 40 \u00e0 13 h 15.<br \/>\nVoir <a href=\"http:\/\/2016.treffendel.fr\/wp-content\/uploads\/2020\/08\/6-r%C3%A8gles-p%C3%A9riscolaires.pdf\">le code de bonne conduite<\/a> (sign\u00e9 chaque ann\u00e9e par les enfants et leurs parents)<\/p>\n<p>Dans la mesure du possible, les produits consomm\u00e9s sont issus de la production locale.<\/p>\n<h3><a href=\"http:\/\/2016.treffendel.fr\/?p=434\">Les menus de la cantine<\/a><\/h3>\n<h4><\/h4>\n","protected":false},"excerpt":{"rendered":"<p>Sp\u00e9cial rentr\u00e9e 2023 : Mag-Special_Rentre\u0301e 2023 la garderie p\u00e9riscolaire\u00a0(02.99.61.04.95) Elle fonctionne les jours d&rsquo;\u00e9cole de\u00a07 h 15 \u00e0 8 h 35 et de 16 h 15 \u00e0 18 h 45. Un go\u00fbter est fourni gratuitement aux enfants. consulter les tarifs Toute demi-heure commenc\u00e9e est factur\u00e9e. La facturation se fait en fin de mois. Mercredi et [&hellip;]<\/p>\n","protected":false},"author":1,"featured_media":0,"parent":105,"menu_order":0,"comment_status":"closed","ping_status":"closed","template":"","meta":[],"_links":{"self":[{"href":"https:\/\/www.treffendel.fr\/index.php?rest_route=\/wp\/v2\/pages\/114"}],"collection":[{"href":"https:\/\/www.treffendel.fr\/index.php?rest_route=\/wp\/v2\/pages"}],"about":[{"href":"https:\/\/www.treffendel.fr\/index.php?rest_route=\/wp\/v2\/types\/page"}],"author":[{"embeddable":true,"href":"https:\/\/www.treffendel.fr\/index.php?rest_route=\/wp\/v2\/users\/1"}],"replies":[{"embeddable":true,"href":"https:\/\/www.treffendel.fr\/index.php?rest_route=%2Fwp%2Fv2%2Fcomments&post=114"}],"version-history":[{"count":16,"href":"https:\/\/www.treffendel.fr\/index.php?rest_route=\/wp\/v2\/pages\/114\/revisions"}],"predecessor-version":[{"id":5390,"href":"https:\/\/www.treffendel.fr\/index.php?rest_route=\/wp\/v2\/pages\/114\/revisions\/5390"}],"up":[{"embeddable":true,"href":"https:\/\/www.treffendel.fr\/index.php?rest_route=\/wp\/v2\/pages\/105"}],"wp:attachment":[{"href":"https:\/\/www.treffendel.fr\/index.php?rest_route=%2Fwp%2Fv2%2Fmedia&parent=114"}],"curies":[{"name":"wp","href":"https:\/\/api.w.org\/{rel}","templated":true}]}}