{"id":116,"date":"2016-11-25T16:04:18","date_gmt":"2016-11-25T15:04:18","guid":{"rendered":"http:\/\/2016.treffendel.fr\/?page_id=116"},"modified":"2026-05-11T11:02:14","modified_gmt":"2026-05-11T09:02:14","slug":"centre-de-loisirs","status":"publish","type":"page","link":"https:\/\/www.treffendel.fr\/?page_id=116","title":{"rendered":"Centre de loisirs"},"content":{"rendered":"<p><strong>P\u00f4le enfance &#8211; Accueil de loisirs &#8211; 3 &#8211; 11 ans<\/strong><\/p>\n<p><a href=\"https:\/\/www.linterval.org\/\" target=\"_blank\" rel=\"noopener noreferrer\">le site de l&rsquo;INTER&rsquo;VAL<\/a><\/p>\n<p>A l\u2019accueil de loisirs de Treffendel, les enfants participent \u00e0 des activit\u00e9s vari\u00e9es : nature, cuisine, bricolage, sport, expression, jeux et ateliers libres.<\/p>\n<p>Ici, chaque journ\u00e9e est une nouvelle aventure : jeux sportifs, grands jeux d\u2019enqu\u00eate, ateliers d\u2019expression, cuisine, potagers, contes, d\u00e9couvertes sensorielles\u2026 Il y en a pour tous les go\u00fbts et tous les \u00e2ges! Les enfants participent \u00e0 la vie du centre, choisissent leurs activit\u00e9s et partagent leurs id\u00e9es avec l\u2019\u00e9quipe d\u2019animation.<\/p>\n<h3><strong>Les petits + <\/strong><\/h3>\n<ul>\n<li>Des ateliers th\u00e9matiques : nature, contes, philo, bois\u2026<\/li>\n<li>Des animations vari\u00e9es : bricolage, sport, jeux collectifs, cuisine, etc.<\/li>\n<li>En itin\u00e9rance ! Une caravane permet de partager les activit\u00e9s dans tous les accueils<\/li>\n<\/ul>\n<p>Encadr\u00e9s par une \u00e9quipe d\u2019animateurs dynamiques et bienveillants, les enfants apprennent \u00e0 vivre ensemble, \u00e0 gagner en autonomie et \u00e0 prendre confiance en eux, le tout dans une ambiance conviviale.<\/p>\n<p><img loading=\"lazy\" class=\"alignnone size-full wp-image-7054\" src=\"https:\/\/www.treffendel.fr\/wp-content\/uploads\/2025\/05\/Enfance-Accueil-de-loisirs-1.jpeg\" alt=\"\" width=\"1600\" height=\"1200\" srcset=\"https:\/\/www.treffendel.fr\/wp-content\/uploads\/2025\/05\/Enfance-Accueil-de-loisirs-1.jpeg 1600w, https:\/\/www.treffendel.fr\/wp-content\/uploads\/2025\/05\/Enfance-Accueil-de-loisirs-1-300x225.jpeg 300w, https:\/\/www.treffendel.fr\/wp-content\/uploads\/2025\/05\/Enfance-Accueil-de-loisirs-1-1024x768.jpeg 1024w, https:\/\/www.treffendel.fr\/wp-content\/uploads\/2025\/05\/Enfance-Accueil-de-loisirs-1-768x576.jpeg 768w, https:\/\/www.treffendel.fr\/wp-content\/uploads\/2025\/05\/Enfance-Accueil-de-loisirs-1-1536x1152.jpeg 1536w, https:\/\/www.treffendel.fr\/wp-content\/uploads\/2025\/05\/Enfance-Accueil-de-loisirs-1-900x675.jpeg 900w, https:\/\/www.treffendel.fr\/wp-content\/uploads\/2025\/05\/Enfance-Accueil-de-loisirs-1-1280x960.jpeg 1280w\" sizes=\"(max-width: 1600px) 100vw, 1600px\" \/><\/p>\n<p>En gestion par le centre social de<a href=\"https:\/\/www.linterval.org\/\"> L\u2019Inter\u2019Val<\/a>, nous y d\u00e9fendons des valeurs essentielles :<\/p>\n<ul>\n<li><strong>Le respect<\/strong> : respect de soi, des autres, des diff\u00e9rences et du mat\u00e9riel<\/li>\n<li><strong>La bienveillance<\/strong> : \u00e9couter, encourager et accompagner chaque enfant<\/li>\n<li><strong>Le vivre-ensemble<\/strong> : apprendre \u00e0 coop\u00e9rer, partager et s\u2019entraider<\/li>\n<li><strong>L\u2019autonomie<\/strong> : permettre \u00e0 l\u2019enfant de faire des choix et de grandir en confiance<\/li>\n<li><strong>L\u2019inclusion<\/strong> : accueillir chaque enfant sans distinction<\/li>\n<li><strong>Le plaisir<\/strong> : apprendre et d\u00e9couvrir en s\u2019amusant<\/li>\n<\/ul>\n<p>Notre objectif est de faire de l\u2019accueil de loisirs un v\u00e9ritable lieu de vie, o\u00f9 les enfants construisent des souvenirs, d\u00e9veloppent leurs comp\u00e9tences sociales et prennent confiance en eux dans une atmosph\u00e8re positive.<\/p>\n<p><img loading=\"lazy\" class=\"alignnone size-full wp-image-7055\" src=\"https:\/\/www.treffendel.fr\/wp-content\/uploads\/2025\/05\/Enfance-Accueil-de-loisirs-2.jpeg\" alt=\"\" width=\"1600\" height=\"1200\" srcset=\"https:\/\/www.treffendel.fr\/wp-content\/uploads\/2025\/05\/Enfance-Accueil-de-loisirs-2.jpeg 1600w, https:\/\/www.treffendel.fr\/wp-content\/uploads\/2025\/05\/Enfance-Accueil-de-loisirs-2-300x225.jpeg 300w, https:\/\/www.treffendel.fr\/wp-content\/uploads\/2025\/05\/Enfance-Accueil-de-loisirs-2-1024x768.jpeg 1024w, https:\/\/www.treffendel.fr\/wp-content\/uploads\/2025\/05\/Enfance-Accueil-de-loisirs-2-768x576.jpeg 768w, https:\/\/www.treffendel.fr\/wp-content\/uploads\/2025\/05\/Enfance-Accueil-de-loisirs-2-1536x1152.jpeg 1536w, https:\/\/www.treffendel.fr\/wp-content\/uploads\/2025\/05\/Enfance-Accueil-de-loisirs-2-900x675.jpeg 900w, https:\/\/www.treffendel.fr\/wp-content\/uploads\/2025\/05\/Enfance-Accueil-de-loisirs-2-1280x960.jpeg 1280w\" sizes=\"(max-width: 1600px) 100vw, 1600px\" \/><\/p>\n<p><strong><em><u>Modalit\u00e9s pratiques<\/u><\/em><\/strong> :<\/p>\n<ul>\n<li>Accueil des enfants de la petite section au CM2<\/li>\n<li>Dans les locaux de l\u2019\u00e9cole publique Aur\u00e9lie Nemours, rue du bignon<\/li>\n<li>Tous les mercredis en p\u00e9riodes scolaires 7h30 \u00e0 18h30 (accueil possible en 1\/2 journ\u00e9e)<\/li>\n<li>Du lundi au vendredi pendant les vacances scolaires de 7h30 \u00e0 18h30<\/li>\n<\/ul>\n<p><strong><em><u>Inscriptions<\/u><\/em><\/strong><\/p>\n<p>Aupr\u00e8s du centre social L\u2019Inter\u2019Val &#8211; 02 99 06 88 90<\/p>\n<p>Dossier <a href=\"https:\/\/www.linterval.org\/enfance\/infos-pratiques\/\">disponible ici<\/a><\/p>\n","protected":false},"excerpt":{"rendered":"<p>P\u00f4le enfance &#8211; Accueil de loisirs &#8211; 3 &#8211; 11 ans le site de l&rsquo;INTER&rsquo;VAL A l\u2019accueil de loisirs de Treffendel, les enfants participent \u00e0 des activit\u00e9s vari\u00e9es : nature, cuisine, bricolage, sport, expression, jeux et ateliers libres. Ici, chaque journ\u00e9e est une nouvelle aventure : jeux sportifs, grands jeux d\u2019enqu\u00eate, ateliers d\u2019expression, cuisine, potagers, [&hellip;]<\/p>\n","protected":false},"author":1,"featured_media":3385,"parent":105,"menu_order":0,"comment_status":"closed","ping_status":"closed","template":"","meta":[],"_links":{"self":[{"href":"https:\/\/www.treffendel.fr\/index.php?rest_route=\/wp\/v2\/pages\/116"}],"collection":[{"href":"https:\/\/www.treffendel.fr\/index.php?rest_route=\/wp\/v2\/pages"}],"about":[{"href":"https:\/\/www.treffendel.fr\/index.php?rest_route=\/wp\/v2\/types\/page"}],"author":[{"embeddable":true,"href":"https:\/\/www.treffendel.fr\/index.php?rest_route=\/wp\/v2\/users\/1"}],"replies":[{"embeddable":true,"href":"https:\/\/www.treffendel.fr\/index.php?rest_route=%2Fwp%2Fv2%2Fcomments&post=116"}],"version-history":[{"count":20,"href":"https:\/\/www.treffendel.fr\/index.php?rest_route=\/wp\/v2\/pages\/116\/revisions"}],"predecessor-version":[{"id":7061,"href":"https:\/\/www.treffendel.fr\/index.php?rest_route=\/wp\/v2\/pages\/116\/revisions\/7061"}],"up":[{"embeddable":true,"href":"https:\/\/www.treffendel.fr\/index.php?rest_route=\/wp\/v2\/pages\/105"}],"wp:featuredmedia":[{"embeddable":true,"href":"https:\/\/www.treffendel.fr\/index.php?rest_route=\/wp\/v2\/media\/3385"}],"wp:attachment":[{"href":"https:\/\/www.treffendel.fr\/index.php?rest_route=%2Fwp%2Fv2%2Fmedia&parent=116"}],"curies":[{"name":"wp","href":"https:\/\/api.w.org\/{rel}","templated":true}]}}