{"id":1261,"date":"2017-05-30T16:52:27","date_gmt":"2017-05-30T14:52:27","guid":{"rendered":"http:\/\/2016.treffendel.fr\/?page_id=1261"},"modified":"2017-06-19T09:32:26","modified_gmt":"2017-06-19T07:32:26","slug":"compte-rendu-du-conseil-municipal-du-22-mai-2017-a-20-h-30-doc","status":"publish","type":"page","link":"https:\/\/www.treffendel.fr\/?page_id=1261","title":{"rendered":"Compte-rendu du conseil municipal du 22 mai 2017 \u00e0 20 h 30"},"content":{"rendered":"<p>Pr\u00e9sents\u00a0: F. KERGUELEN, L. PERSEHAIE, C. LE ROSSIGNOL, B. HERVAULT, P. BAUDAIS, L. PERSEHAIE, C. BANCHEREAU, F. SAUVAGE, C. WEBER, S. GRANDAIS, P. RAFFEGEAU, R. MORENO<\/p>\n<p>Excus\u00e9es\u00a0: M. RAULLINE (procuration \u00e0 P. BAUDAIS) G. ROBIN (Procuration \u00e0 C. WEBER)<\/p>\n<h2>ORDRE DU JOUR\u00a0:<\/h2>\n<p>D\u00e9signation d\u2019un secr\u00e9taire de s\u00e9ance\u00a0:<\/p>\n<p>Conform\u00e9ment \u00e0 l\u2019article L.2121-15 du Code G\u00e9n\u00e9ral des Collectivit\u00e9s Locales, Mr Laurent PERSEHAIE est nomm\u00e9 secr\u00e9taire de s\u00e9ance.<\/p>\n<p>Approbation du compte-rendu du conseil municipal du 27 avril 2017\u00a0:\u00a0Le compte-rendu du 27 avril 2017\u00a0 est approuv\u00e9 \u00e0 l\u2019unanimit\u00e9 des membres pr\u00e9sents moins deux abstentions\u00a0: Franck Sauvage et Rosan Moreno.<\/p>\n<h2>I \u2013 ASSAINISSEMENT\u00a0: R\u00e9habilitation de la station d\u2019\u00e9puration<\/h2>\n<p>Madame le Maire rappelle au conseil municipal qu\u2019il a \u00e9t\u00e9 programm\u00e9 la r\u00e9habilitation de la station d\u2019\u00e9puration. Un cahier des charges d\u00e9finissant les besoins en lev\u00e9s topographiques de l\u2019ensemble des ouvrages existants ainsi que des parcelles pr\u00e9vues pour la construction des nouvelles infrastructures de traitement des eaux us\u00e9es a \u00e9t\u00e9 adress\u00e9 \u00e0 trois cabinets de g\u00e9om\u00e8tres. Il a \u00e9t\u00e9 re\u00e7u en mairie trois offres. Apr\u00e8s analyse des offres par le cabinet SAFEGE, bureau d\u2019\u00e9tudes retenu pour la ma\u00eetrise d\u2019\u0153uvre, il est pr\u00e9conis\u00e9 de retenir la proposition du cabinet Bunel de Montfort-sur-Meu, moins-disante, pour un montant H.T. de 2\u00a0000 \u20ac.<\/p>\n<p>Apr\u00e8s en avoir d\u00e9lib\u00e9r\u00e9, le conseil municipal d\u00e9cide\u00a0\u00e0 l\u2019unanimit\u00e9\u00a0:<\/p>\n<p>De retenir la proposition du cabinet BUNEL de Montfort-sur-Meu, \u00e0 raison de 2\u00a0000 \u20ac HT, pour la r\u00e9alisation d\u2019un relev\u00e9 topographique de l\u2019ensemble des ouvrages existants ainsi que des parcelles pr\u00e9vues pour la construction des nouvelles infrastructures de traitement des eaux us\u00e9es, dans le cadre des travaux de construction d\u2019une nouvelle station d\u2019\u00e9puration.<\/p>\n<h2>II &#8211; FINANCES\u00a0:<\/h2>\n<p>Madame le Maire informe le conseil municipal que dans le cadre de la r\u00e9habilitation de la r\u00e9sidence \u00ab\u00a0Beaus\u00e9jour\u00a0\u00bb, l\u2019office d\u2019HLM \u00ab\u00a0Espacil-Habitat\u00a0\u00bb a conclu un emprunt de 285\u00a0692 \u20ac, pour lequel il sollicite la garantie d\u2019emprunt. Les Travaux de r\u00e9habilitation consistent en remplacement des\u00a0 portes d\u2019entr\u00e9e et des menuiseries, des radiateurs, et r\u00e9novation des salles de bains.<\/p>\n<p>Dans un premier temps, il est demand\u00e9 un accord de principe. Ensuite, suivra une d\u00e9lib\u00e9ration d\u00e9finitive au vu du contrat de pr\u00eat d\u00e9finitif.<\/p>\n<p>Actuellement, la commune de TREFFENDEL a garanti trois emprunts\u00a0:<\/p>\n<ul>\n<li>R\u00e9sidence \u00ab\u00a0Beaus\u00e9jour\u00a0\u00bb\u00a0: 34 ans (fin du pr\u00eat en 2023)<br \/>\ncapital restant d\u00fb au 01.01.2017 = 11\u00a0433.18 \u20ac (annuit\u00e9\u00a0: capital + int\u00e9r\u00eats = 1\u00a0940.22 \u20ac)<\/li>\n<li>R\u00e9sidence le Bignon (4 logements)\u00a0: 32 ans (fin du pr\u00eat en 2029)<br \/>\ncapital restant d\u00fb au 01.01.2017 = 123\u00a0155.51 \u20ac (annuit\u00e9\u00a0: capital + int\u00e9r\u00eats = 12\u00a0953.22 \u20ac)<\/li>\n<li>R\u00e9sidence le Bignon (3 logements)\u00a0: 32 ans (fin du pr\u00eat en 2029)<br \/>\ncapital restant d\u00fb au 01.01.2017 = 79\u00a0552.86 \u20ac (annuit\u00e9\u00a0: capital + int\u00e9r\u00eats = 8\u00a0115.73 \u20ac)<\/li>\n<\/ul>\n<p>Ce qui fait un TOTAL du capital restant d\u00fb =\u00a0\u00a0 214\u00a0141.55 \u20ac<br \/>\net un TOTAL des annuit\u00e9s (Capital + int\u00e9r\u00eats) de\u00a0 23\u00a0009.17 \u20ac<\/p>\n<p>Les annuit\u00e9s d\u2019emprunts de la commune pour 2017 sont de\u00a0:<br \/>\nCapital 54\u00a0376.14 \u20ac \u00a0+ \u00a0int\u00e9r\u00eats \u00a019\u00a0738.38 \u20ac \u00a0= \u00a0 74\u00a0114.52 \u20ac<\/p>\n<p>Mr le Percepteur a indiqu\u00e9 que \u00ab\u00a0Les garanties d\u2019emprunt au b\u00e9n\u00e9fice de personnes morales de droit public ne sont soumises \u00e0 aucune disposition particuli\u00e8re. Les ratios prudentiels ne s\u2019appliquent pas aux garanties d\u2019emprunt accord\u00e9es aux op\u00e9rations en lien avec le logement social. Par cons\u00e9quent, la commune de TREFFENDEL peut accorder une garantie d\u2019un emprunt d\u2019Espacil-Habitat pour des travaux de r\u00e9habilitation de la \u00ab R\u00e9sidence Beaus\u00e9jour\u00bb pour un capital emprunt\u00e9 de 285 692 \u20ac.\u00a0\u00bb<\/p>\n<p>Apr\u00e8s en avoir d\u00e9lib\u00e9r\u00e9, le conseil municipal d\u00e9cide\u00a0\u00e0 l\u2019unanimit\u00e9 d\u2019\u00e9mettre un accord de principe pour la garantie de l\u2019emprunt que va conclure l\u2019office d\u2019HLM \u00ab\u00a0Espacil-Habitat\u00a0\u00bb pour un capital de 285\u00a0692 \u20ac en ce qui concerne les travaux de r\u00e9habilitation de la r\u00e9sidence \u00ab\u00a0Beaus\u00e9jour\u00a0\u00bb.<\/p>\n<h2>III &#8211; R\u00e9seaux<\/h2>\n<p>Madame le Maire rappelle au conseil municipal qu\u2019il avait \u00e9t\u00e9 d\u00e9cid\u00e9 de lancer une \u00e9tude pour l\u2019extension de l\u2019\u00e9clairage public du chemin pi\u00e9tonnier\u00a0situ\u00e9 entre l\u2019all\u00e9e des Bouvreuils et la rue de la Cour D\u00e9toc. Le Syndicat D\u00e9partemental d\u2019Energie 35 (SDE) a adress\u00e9 en mairie l\u2019\u00e9tude d\u00e9taill\u00e9e concernant ces travaux. Il y a cr\u00e9ation de deux points lumineux\u00a0: mod\u00e8le Plurio Originale LED. Le montant restant \u00e0 la charge de la commune est de 5\u00a0197.60 \u20ac TTC<\/p>\n<ul>\n<li>Co\u00fbt de l\u2019op\u00e9ration HT = 8\u00a0900 \u20ac &#8211; 10\u00a0680 \u20ac TTC<\/li>\n<li>Taux de subvention\u00a0: 61.60 % du montant HT = 5\u00a0482.40 \u20ac<\/li>\n<li>Pour m\u00e9moire\u00a0: il a \u00e9t\u00e9 inscrit une somme de 15\u00a0000 \u20ac au Budget Primitif 2017.<\/li>\n<\/ul>\n<p>Apr\u00e8s en avoir d\u00e9lib\u00e9r\u00e9, le conseil municipal d\u00e9cide\u00a0\u00e0 l\u2019unanimit\u00e9 d\u2019accepter l\u2019\u00e9tude d\u00e9taill\u00e9e du SDE 35 pour l\u2019extension de l\u2019\u00e9clairage public du chemin pi\u00e9tonnier situ\u00e9 entre l\u2019all\u00e9e des Bouvreuils et la rue de la Cour D\u00e9toc pour une participation restant \u00e0 la charge de la commune d\u2019un montant de 5\u00a0197.60 \u20ac<\/p>\n<p>Un commencement des travaux souhait\u00e9 pour le 1er septembre 2017 (au plus tard).<\/p>\n<h2>IV &#8211; Am\u00e9nagement du centre-bourg\u00a0: rue de Broc\u00e9liande \u2013 abords de l\u2019\u00e9glise<\/h2>\n<p>Madame le Maire rappelle au conseil municipal qu\u2019il n\u2019a toujours pas \u00e9t\u00e9 re\u00e7u en mairie d\u2019informations compl\u00e9mentaires de la part de la Pr\u00e9fecture au sujet de l\u2019\u00e9ligibilit\u00e9 du projet d\u2019am\u00e9nagement du centre-bourg\u00a0: rue de Broc\u00e9liande au titre de la subvention DETR (Dotation d\u2019Equipement des Territoires Ruraux). Elle pr\u00e9cise qu\u2019il y a beaucoup d\u2019incertitudes. En effet, au vu des nouveaux crit\u00e8res de 2017, il n\u2019est pas certain que la commune puisse pr\u00e9tendre \u00e0 cette aide financi\u00e8re\u00a0; la commission des \u00e9lus ayant favoris\u00e9 les cr\u00e9dits 2017 pour les b\u00e2timents scolaires.<\/p>\n<p>Toutefois, il devient important de se prononcer sur l\u2019engagement de ces travaux afin d\u2019en informer le bureau d\u2019\u00e9tudes \u00ab\u00a0Atelier du marais\u00a0\u00bb pour qu\u2019il puisse contacter les entreprises de fa\u00e7on \u00e0 d\u00e9finir un planning des travaux. Mme le Maire propose que les travaux commencent au 1er septembre prochain. De plus, \u00e0 cette \u00e9ch\u00e9ance\u00a0 (plus de trois mois), il peut \u00eatre envisag\u00e9 d\u2019avoir obtenu une r\u00e9ponse de la Pr\u00e9fecture au sujet de la D.E.T.R. D\u2019autre part, il est pr\u00e9sent\u00e9 le tableau de financement de cette 2\u00e8me tranche pour un co\u00fbt total de 549\u00a0550 \u20ac (Budget Commune = 494\u00a0950 \u20ac + budget assainissement = 54\u00a0600 \u20ac) qui s\u2019\u00e9quilibre pour\u00a0le budget communal par :<\/p>\n<ul>\n<li>un autofinancement de 333\u00a0750 \u20ac<\/li>\n<li>r\u00e9cup\u00e9ration de la TVA de 63\u00a0800 \u20ac<\/li>\n<li>un emprunt de 40\u00a0000 \u20ac<\/li>\n<li>des subventions (D\u00e9partement \u2013 Fonds de concours Communaut\u00e9 de Communes) de 57\u00a0400 \u20ac.<\/li>\n<li>De plus, il est rappel\u00e9 qu\u2019aucun montant de subvention DETR n\u2019a \u00e9t\u00e9 inscrit au Budget Primitif 2017.<\/li>\n<\/ul>\n<p>Il est \u00e9voqu\u00e9 le probl\u00e8me du cheminement et de la s\u00e9curit\u00e9 des enfants partant, principalement, du lotissement \u00ab\u00a0la Cour D\u00e9toc\u00a0\u00bb vers l\u2019\u00e9cole et ceci pendant la dur\u00e9e des travaux.<\/p>\n<p>Il est r\u00e9pondu que cette probl\u00e9matique sera \u00e9voqu\u00e9e lors du lancement du chantier. Toutefois, il a d\u00e9j\u00e0 \u00e9t\u00e9 d\u00e9cid\u00e9 de phaser cet am\u00e9nagement de bourg en 2 tranches (1\u00e8re section &#8211; d\u00e9but de la rue de Broc\u00e9liande \u00e0 l\u2019entr\u00e9e de la cour D\u00e9toc \u2013 2\u00e8me section \u2013 21 rue de Broc\u00e9liande vers la sortie du bourg \u2013 route de St-P\u00e9ran) et ceci afin de cr\u00e9er des cheminements de contournements. Il y aura \u00e9galement \u00e0 g\u00e9rer pendant les diff\u00e9rentes phases des travaux l\u2019acc\u00e8s aux commerces, \u00e0 la biblioth\u00e8que, \u00e0 l\u2019\u00e9glise\u2026\u2026<\/p>\n<p>Apr\u00e8s en avoir d\u00e9lib\u00e9r\u00e9, le conseil municipal d\u00e9cide \u00e0 raison de douze voix pour et deux abstentions (F. Sauvage et R. Moreno) d\u2019acter le d\u00e9but des travaux pour le 1er septembre 2017 et d&rsquo;autoriser Madame le Maire\u00a0:<\/p>\n<ul>\n<li>\u00e0 contacter le bureau d\u2019\u00e9tudes \u00ab\u00a0Atelier du marais\u00a0\u00bb pour lancer les travaux au 1er septembre 2017,<\/li>\n<li>\u00e0 signer tous documents relatifs \u00e0 ces travaux (ordres de service\u2026..).<\/li>\n<\/ul>\n<h2>V &#8211; Compte-rendu du groupe de travail \u00ab\u00a0Argent de poche\u00a0\u00bb de la r\u00e9union du 17 mai 2017<\/h2>\n<p>Mesdames Patricia Baudais et Chantal Le Rossignol, Adjointes, rappellent au conseil municipal les conditions de mise en place de la 1\u00e8re \u00e9dition 2016 du dispositif \u00ab\u00a0Argent de poche\u00a0\u00bb\u00a0:\u00a0trois jours de travaux d\u2019entretien des espaces verts de la commune du 26 au 28 juillet\u00a0; chantier de 3 h = 15 \u20ac avec un maxi de 3 missions par an \u2013 8 jeunes de 16 \u00e0 18 ans \u2013 budget de 330 \u20ac.<\/p>\n<p>Les membres du CCAS proposent \u00a0de reconduire le dispositif \u00ab\u00a0Argent de poche\u00a0\u00bb pour l\u2019ann\u00e9e 2017\u00a0:<\/p>\n<ul>\n<li>Du 03 au 07 juillet = 5 demi-journ\u00e9es (apr\u00e8s-midi de 3 h 30), selon le nombre de candidatures,<\/li>\n<li>Date limite d\u2019inscription\u00a0: vendredi 16 juin 2017,<\/li>\n<li>Missions\u00a0propos\u00e9es et \u00e0 red\u00e9finir telles que : d\u00e9sherbage naturel, peinture du mur du pr\u00e9au p\u00e9riscolaire \u00ab\u00a0c\u00f4t\u00e9 route de Monterfil\u00a0\u00bb,<\/li>\n<li>52 jeunes potentiels\u00a0ont \u00e9t\u00e9 recens\u00e9s : info par un flyer\u00a0nominatif + info sur le site internet<\/li>\n<\/ul>\n<p>Encadrants\u00a0: Patricia Baudais, Chantal Le Rossignol, Roger D\u00e9toc + recherche d\u2019autres b\u00e9n\u00e9voles encadrants. Mme Marie-Annick Boivin, Membre du CCAS se propose de r\u00e9aliser des g\u00e2teaux pour les go\u00fbters en fin d\u2019apr\u00e8s-midi.<\/p>\n<p>Samedi 24 juin\u00a02017: r\u00e9union de pr\u00e9sentation et d\u2019organisation du dispositif aux jeunes. Si trop nombreuses candidatures, il sera effectu\u00e9 un tirage au sort en leur pr\u00e9sence.<\/p>\n<p>Apr\u00e8s en avoir d\u00e9lib\u00e9r\u00e9, le conseil municipal d\u00e9cide\u00a0\u00e0 l\u2019unanimit\u00e9\u00a0:<\/p>\n<ul>\n<li>De renouveler le dispositif \u00ab\u00a0Argent de poche\u00a0\u00bb pour l\u2019ann\u00e9e 2017, pour les jeunes de 16 \u00e0 18 ans,<\/li>\n<li>De d\u00e9finir les dates suivantes\u00a0:\u00a0\u00a0 du 03 au 07 juillet 2017 (apr\u00e8s-midi), selon le nombre de candidatures,<\/li>\n<li>D\u2019identifier les travaux suivants \u00e0 r\u00e9aliser\u00a0: d\u00e9sherbage naturel, peinture du mur du pr\u00e9au p\u00e9riscolaire \u00ab\u00a0c\u00f4t\u00e9 route de Monterfil\u00a0\u00bb,<\/li>\n<li>Chantier de 3 h 00 = 15 \u20ac avec un maxi de 3 missions par an,<\/li>\n<li>Le r\u00e8glement se fera par mandat administratif au C\/6413 (Personnel non-titulaire),<\/li>\n<li>D\u2019autoriser Madame le Maire \u00e0 signer tous documents relatifs \u00e0 ce dossier (Contrat de participation au dispositif \u00ab\u00a0Argent de poche\u00a0\u00bb, Attestation de participation et re\u00e7u de paiement\u2026).<\/li>\n<\/ul>\n<p>&nbsp;<\/p>\n<h2>QUESTIONS DIVERSES :<\/h2>\n<ul>\n<li>Tableaux des tours de garde des \u00e9lections l\u00e9gislatives \u2013 1er tour = 11 juin 2017 et 2\u00e8me tour = 18 juin 2017<\/li>\n<li>Repas des \u00e9lus\u00a0: samedi 03 juin \u00e0 Paimpont<br \/>\nProjet\u00a0: 16 h 00 visite de \u00ab\u00a0la Porte des secrets\u00a0\u00bb, puis 17 h 00\u00a0: balade\u00a0 \u00ab\u00a0tour de l\u2019\u00e9tang\u00a0\u00bb \u00a0et repas chez Mr Le D\u00e9an.<\/li>\n<li>Toutefois, \u00e0 la date du samedi 03 juin prochain, il y aura beaucoup d\u2019absents. Il est donc d\u00e9cid\u00e9 de reporter cet apr\u00e8s-midi \u00ab\u00a0convivialit\u00e9\u00a0\u00bb. 3 dates sont propos\u00e9es : 23 &#8211; 30 septembre &#8211; 07 octobre.\u00a0A revoir selon les disponibilit\u00e9s de chacun et du restaurateur Mr Le D\u00e9an.<\/li>\n<\/ul>\n<h4>PROCHAINS CONSEILS MUNICIPAUX\u00a0:<\/h4>\n<ul>\n<li>jeudi\u00a0 22 juin 2017 \u00a0: r\u00e9union Adjoints\u00a0: jeudi 08 juin \u00e0 20 h 30<\/li>\n<li>mercredi 12 juillet 2017 : r\u00e9union Adjoints\u00a0: jeudi 29 juin \u00e0 20 h 30<\/li>\n<\/ul>\n<h4>PROCHAINES MANIFESTATIONS\u00a0:<\/h4>\n<ul>\n<li>jeudi 25 mai 17 : Rando VTT &#8211; P\u00e9destres<\/li>\n<li>Vendredi 26 mai \u2013 Samedi 27 mai : Tournois de Foot \u2013 Eskouadenn<\/li>\n<li>Dimanche 28 mai : AG \u2013 Association de chasse ACCA<\/li>\n<li>Mardi 06 juin \u00e0 20 h 30 : AG \u2013 Association \u00ab\u00a0Culture pour tous\u00a0\u00bb<\/li>\n<li>Vendredi 09 juin \u2013 Samedi 10 juin et dimanche 11 juin\u00a0: f\u00eate de la musique, Trail, repas, feu d\u2019artifice, bal et braderie<\/li>\n<li>Dimanche 11 juin : 1er tour \u00e9lections l\u00e9gislatives<\/li>\n<li>Vendredi 16 juin : f\u00eate de l\u2019\u00e9cole publique \u00ab\u00a0Aurelie Nemours\u00a0\u00bb + AG \u00ab\u00a0Eskouadenn\u00a0\u00bb<\/li>\n<li>Dimanche 18 juin : 2\u00e8me tour \u00e9lections l\u00e9gislatives<\/li>\n<li>Samedi 1er juillet : Kermesse de l\u2019\u00e9cole priv\u00e9e \u00ab\u00a0Saint-Malo\u00a0\u00bb<\/li>\n<\/ul>\n","protected":false},"excerpt":{"rendered":"<p>Pr\u00e9sents\u00a0: F. KERGUELEN, L. PERSEHAIE, C. LE ROSSIGNOL, B. HERVAULT, P. BAUDAIS, L. PERSEHAIE, C. BANCHEREAU, F. SAUVAGE, C. WEBER, S. GRANDAIS, P. RAFFEGEAU, R. MORENO Excus\u00e9es\u00a0: M. RAULLINE (procuration \u00e0 P. BAUDAIS) G. ROBIN (Procuration \u00e0 C. WEBER) ORDRE DU JOUR\u00a0: D\u00e9signation d\u2019un secr\u00e9taire de s\u00e9ance\u00a0: Conform\u00e9ment \u00e0 l\u2019article L.2121-15 du Code G\u00e9n\u00e9ral des [&hellip;]<\/p>\n","protected":false},"author":1,"featured_media":0,"parent":17,"menu_order":0,"comment_status":"closed","ping_status":"closed","template":"","meta":[],"_links":{"self":[{"href":"https:\/\/www.treffendel.fr\/index.php?rest_route=\/wp\/v2\/pages\/1261"}],"collection":[{"href":"https:\/\/www.treffendel.fr\/index.php?rest_route=\/wp\/v2\/pages"}],"about":[{"href":"https:\/\/www.treffendel.fr\/index.php?rest_route=\/wp\/v2\/types\/page"}],"author":[{"embeddable":true,"href":"https:\/\/www.treffendel.fr\/index.php?rest_route=\/wp\/v2\/users\/1"}],"replies":[{"embeddable":true,"href":"https:\/\/www.treffendel.fr\/index.php?rest_route=%2Fwp%2Fv2%2Fcomments&post=1261"}],"version-history":[{"count":3,"href":"https:\/\/www.treffendel.fr\/index.php?rest_route=\/wp\/v2\/pages\/1261\/revisions"}],"predecessor-version":[{"id":1268,"href":"https:\/\/www.treffendel.fr\/index.php?rest_route=\/wp\/v2\/pages\/1261\/revisions\/1268"}],"up":[{"embeddable":true,"href":"https:\/\/www.treffendel.fr\/index.php?rest_route=\/wp\/v2\/pages\/17"}],"wp:attachment":[{"href":"https:\/\/www.treffendel.fr\/index.php?rest_route=%2Fwp%2Fv2%2Fmedia&parent=1261"}],"curies":[{"name":"wp","href":"https:\/\/api.w.org\/{rel}","templated":true}]}}