{"id":132,"date":"2016-11-25T16:07:04","date_gmt":"2016-11-25T15:07:04","guid":{"rendered":"http:\/\/2016.treffendel.fr\/?page_id=132"},"modified":"2023-02-08T17:15:55","modified_gmt":"2023-02-08T16:15:55","slug":"lycees","status":"publish","type":"page","link":"https:\/\/www.treffendel.fr\/?page_id=132","title":{"rendered":"Lyc\u00e9es"},"content":{"rendered":"<div class=\"wrapper section\">\n<div class=\"section-inner\">\n<div class=\"content\">\n<div id=\"post-118\" class=\"post single post-118 page type-page status-publish hentry\">\n<div class=\"post-inner\">\n<div class=\"post-content\">\n<h3>Lyc\u00e9es<\/h3>\n<ul>\n<li>d\u2019enseignement g\u00e9n\u00e9ral :<br \/>\njusqu&rsquo;en 2022 <a href=\"http:\/\/www.lycee-rene-cassin-montfort-sur-meu.ac-rennes.fr\/\" target=\"_blank\" rel=\"noopener noreferrer\" data-slimstat=\"5\">Lyc\u00e9e Ren\u00e9 Cassin, MONTFORT SUR MEU<\/a><br \/>\n\u00e0 partir de la rentr\u00e9e 2023 : <a href=\"https:\/\/citescolairebroceliande.fr\/\" target=\"_blank\" rel=\"noopener noreferrer\">Lyc\u00e9e Broc\u00e9liande \u00e0 Guer<\/a><\/li>\n<li>Professionnels : L.E.P. MONTFORT SUR MEU<br \/>\n<a href=\"http:\/\/www.lycee-saintnicolas-laprovidence.fr\/\" target=\"_blank\" rel=\"noopener noreferrer\" data-slimstat=\"5\">L.E.P. MONTAUBAN DE BRETAGNE<\/a><\/li>\n<\/ul>\n<p>Des cars scolaires desservent ces \u00e9tablissements \u00e0 partir de TREFFENDEL.<\/p>\n<p>voir aussi le <a href=\"http:\/\/transports.bretagne.bzh\/circuits-scolaires\/\" target=\"_blank\" rel=\"noopener noreferrer\" data-slimstat=\"5\">site du Conseil R\u00e9gional de Bretagne<\/a><\/p>\n<\/div>\n<\/div>\n<\/div>\n<\/div>\n<\/div>\n<\/div>\n","protected":false},"excerpt":{"rendered":"<p>Lyc\u00e9es d\u2019enseignement g\u00e9n\u00e9ral : jusqu&rsquo;en 2022 Lyc\u00e9e Ren\u00e9 Cassin, MONTFORT SUR MEU \u00e0 partir de la rentr\u00e9e 2023 : Lyc\u00e9e Broc\u00e9liande \u00e0 Guer Professionnels : L.E.P. MONTFORT SUR MEU L.E.P. MONTAUBAN DE BRETAGNE Des cars scolaires desservent ces \u00e9tablissements \u00e0 partir de TREFFENDEL. voir aussi le site du Conseil R\u00e9gional de Bretagne<\/p>\n","protected":false},"author":1,"featured_media":0,"parent":118,"menu_order":0,"comment_status":"closed","ping_status":"closed","template":"","meta":[],"_links":{"self":[{"href":"https:\/\/www.treffendel.fr\/index.php?rest_route=\/wp\/v2\/pages\/132"}],"collection":[{"href":"https:\/\/www.treffendel.fr\/index.php?rest_route=\/wp\/v2\/pages"}],"about":[{"href":"https:\/\/www.treffendel.fr\/index.php?rest_route=\/wp\/v2\/types\/page"}],"author":[{"embeddable":true,"href":"https:\/\/www.treffendel.fr\/index.php?rest_route=\/wp\/v2\/users\/1"}],"replies":[{"embeddable":true,"href":"https:\/\/www.treffendel.fr\/index.php?rest_route=%2Fwp%2Fv2%2Fcomments&post=132"}],"version-history":[{"count":5,"href":"https:\/\/www.treffendel.fr\/index.php?rest_route=\/wp\/v2\/pages\/132\/revisions"}],"predecessor-version":[{"id":4897,"href":"https:\/\/www.treffendel.fr\/index.php?rest_route=\/wp\/v2\/pages\/132\/revisions\/4897"}],"up":[{"embeddable":true,"href":"https:\/\/www.treffendel.fr\/index.php?rest_route=\/wp\/v2\/pages\/118"}],"wp:attachment":[{"href":"https:\/\/www.treffendel.fr\/index.php?rest_route=%2Fwp%2Fv2%2Fmedia&parent=132"}],"curies":[{"name":"wp","href":"https:\/\/api.w.org\/{rel}","templated":true}]}}