{"id":139,"date":"2016-11-25T16:08:55","date_gmt":"2016-11-25T15:08:55","guid":{"rendered":"http:\/\/2016.treffendel.fr\/?page_id=139"},"modified":"2024-05-13T15:58:37","modified_gmt":"2024-05-13T13:58:37","slug":"transport-scolaire","status":"publish","type":"page","link":"https:\/\/www.treffendel.fr\/?page_id=139","title":{"rendered":"Transport scolaire"},"content":{"rendered":"<p>\u00e0 partir de Treffendel, sont desservis les coll\u00e8ges et lyc\u00e9e de :<\/p>\n<ul>\n<li>Montfort,<\/li>\n<li>Pl\u00e9lan,<\/li>\n<li>Mordelles<\/li>\n<li>Montauban de Bretagne<\/li>\n<\/ul>\n<p>Les bus vers Rennes (tarification particuli\u00e8re pour les scolaires)<\/p>\n<h4><a href=\"https:\/\/www.treffendel.fr\/wp-content\/uploads\/2024\/05\/Presentation-transport-scolaire-BreizhGo.pdf\">Le transport scolaire : comment \u00e7a marche ?<\/a><\/h4>\n<p><a href=\"https:\/\/www.breizhgo.bzh\/transports-scolaires\/ille-et-vilaine\" target=\"_blank\" rel=\"noopener noreferrer\">Formulaire de demande de transport scolaire<\/a><br \/>\nLa date limite d&rsquo;inscription au transport scolaire est fix\u00e9e au 17 juillet 2024. Pour toute demande re\u00e7ue apr\u00e8s cette date, une majoration de 30 euros sera appliqu\u00e9e.<\/p>\n<ul>\n<li>\n<p class=\"text-center\"><a href=\"https:\/\/www.breizhgo.bzh\/creation-arret-scolaire\" target=\"_blank\" rel=\"noopener noreferrer\">Se renseigner sur la cr\u00e9ation d&rsquo;un point d&rsquo;arr\u00eat scolaire<\/a><\/p>\n<\/li>\n<li>\n<p class=\"text-center\"><a href=\"https:\/\/www.breizhgo.bzh\/sites\/default\/files\/inline-files\/Reglement_transports_scolaires_2024.pdf\" target=\"_blank\" rel=\"noopener noreferrer\">r\u00e8glement des transports scolaires<\/a><\/p>\n<\/li>\n<li><a href=\"https:\/\/www.breizhgo.bzh\/tarificationscolaire\" target=\"_blank\" rel=\"noopener noreferrer\">tarification<\/a><\/li>\n<li><a href=\"https:\/\/breizhgo.bzh\/transports-scolaires\/sectorisation\" target=\"_blank\" rel=\"noopener noreferrer\">sectorisation<\/a><\/li>\n<\/ul>\n","protected":false},"excerpt":{"rendered":"<p>\u00e0 partir de Treffendel, sont desservis les coll\u00e8ges et lyc\u00e9e de : Montfort, Pl\u00e9lan, Mordelles Montauban de Bretagne Les bus vers Rennes (tarification particuli\u00e8re pour les scolaires) Le transport scolaire : comment \u00e7a marche ? Formulaire de demande de transport scolaire La date limite d&rsquo;inscription au transport scolaire est fix\u00e9e au 17 juillet 2024. Pour [&hellip;]<\/p>\n","protected":false},"author":1,"featured_media":0,"parent":118,"menu_order":0,"comment_status":"closed","ping_status":"closed","template":"","meta":[],"_links":{"self":[{"href":"https:\/\/www.treffendel.fr\/index.php?rest_route=\/wp\/v2\/pages\/139"}],"collection":[{"href":"https:\/\/www.treffendel.fr\/index.php?rest_route=\/wp\/v2\/pages"}],"about":[{"href":"https:\/\/www.treffendel.fr\/index.php?rest_route=\/wp\/v2\/types\/page"}],"author":[{"embeddable":true,"href":"https:\/\/www.treffendel.fr\/index.php?rest_route=\/wp\/v2\/users\/1"}],"replies":[{"embeddable":true,"href":"https:\/\/www.treffendel.fr\/index.php?rest_route=%2Fwp%2Fv2%2Fcomments&post=139"}],"version-history":[{"count":5,"href":"https:\/\/www.treffendel.fr\/index.php?rest_route=\/wp\/v2\/pages\/139\/revisions"}],"predecessor-version":[{"id":5950,"href":"https:\/\/www.treffendel.fr\/index.php?rest_route=\/wp\/v2\/pages\/139\/revisions\/5950"}],"up":[{"embeddable":true,"href":"https:\/\/www.treffendel.fr\/index.php?rest_route=\/wp\/v2\/pages\/118"}],"wp:attachment":[{"href":"https:\/\/www.treffendel.fr\/index.php?rest_route=%2Fwp%2Fv2%2Fmedia&parent=139"}],"curies":[{"name":"wp","href":"https:\/\/api.w.org\/{rel}","templated":true}]}}