{"id":1498,"date":"2017-11-22T20:06:17","date_gmt":"2017-11-22T19:06:17","guid":{"rendered":"http:\/\/2016.treffendel.fr\/?page_id=1498"},"modified":"2025-12-02T09:54:13","modified_gmt":"2025-12-02T08:54:13","slug":"espace-jeux","status":"publish","type":"page","link":"https:\/\/www.treffendel.fr\/?page_id=1498","title":{"rendered":"Espace jeux"},"content":{"rendered":"<p>C\u2019est un lieu d\u2019accueil pour les enfants \u00e2g\u00e9s de 0 \u00e0 3 ans ouvert le jeudi de 9h30 \u00e0 11h30 \u00e0 La salle Polyvalente de TREFFENDEL<\/p>\n<p>Il est encadr\u00e9 par un professionnel.<\/p>\n<p>L\u2019enfant doit \u00eatre accompagn\u00e9 d\u2019un adulte et est sous sa responsabilit\u00e9.<\/p>\n<p><u>Pour plus de renseignements\u00a0:<\/u><\/p>\n<p>Alexandra Rouxel, animatrice Relais Assistants Maternels,<br \/>\nChristine Chiron, animatrice des espaces jeux.<br \/>\nTel: 02 99 60 84 45<br \/>\nou par mail\u00a0<a href=\"mailto:rpe@cc-broceliande.bzh\">rpe@cc-broceliande.bzh<\/a><\/p>\n","protected":false},"excerpt":{"rendered":"<p>C\u2019est un lieu d\u2019accueil pour les enfants \u00e2g\u00e9s de 0 \u00e0 3 ans ouvert le jeudi de 9h30 \u00e0 11h30 \u00e0 La salle Polyvalente de TREFFENDEL Il est encadr\u00e9 par un professionnel. L\u2019enfant doit \u00eatre accompagn\u00e9 d\u2019un adulte et est sous sa responsabilit\u00e9. Pour plus de renseignements\u00a0: Alexandra Rouxel, animatrice Relais Assistants Maternels, Christine Chiron, [&hellip;]<\/p>\n","protected":false},"author":1,"featured_media":0,"parent":87,"menu_order":0,"comment_status":"closed","ping_status":"closed","template":"","meta":[],"_links":{"self":[{"href":"https:\/\/www.treffendel.fr\/index.php?rest_route=\/wp\/v2\/pages\/1498"}],"collection":[{"href":"https:\/\/www.treffendel.fr\/index.php?rest_route=\/wp\/v2\/pages"}],"about":[{"href":"https:\/\/www.treffendel.fr\/index.php?rest_route=\/wp\/v2\/types\/page"}],"author":[{"embeddable":true,"href":"https:\/\/www.treffendel.fr\/index.php?rest_route=\/wp\/v2\/users\/1"}],"replies":[{"embeddable":true,"href":"https:\/\/www.treffendel.fr\/index.php?rest_route=%2Fwp%2Fv2%2Fcomments&post=1498"}],"version-history":[{"count":3,"href":"https:\/\/www.treffendel.fr\/index.php?rest_route=\/wp\/v2\/pages\/1498\/revisions"}],"predecessor-version":[{"id":6804,"href":"https:\/\/www.treffendel.fr\/index.php?rest_route=\/wp\/v2\/pages\/1498\/revisions\/6804"}],"up":[{"embeddable":true,"href":"https:\/\/www.treffendel.fr\/index.php?rest_route=\/wp\/v2\/pages\/87"}],"wp:attachment":[{"href":"https:\/\/www.treffendel.fr\/index.php?rest_route=%2Fwp%2Fv2%2Fmedia&parent=1498"}],"curies":[{"name":"wp","href":"https:\/\/api.w.org\/{rel}","templated":true}]}}