{"id":1514,"date":"2017-11-22T20:48:34","date_gmt":"2017-11-22T19:48:34","guid":{"rendered":"http:\/\/2016.treffendel.fr\/?page_id=1514"},"modified":"2019-03-18T10:53:53","modified_gmt":"2019-03-18T09:53:53","slug":"1514-2","status":"publish","type":"page","link":"https:\/\/www.treffendel.fr\/?page_id=1514","title":{"rendered":"La vall\u00e9e du Serein"},"content":{"rendered":"<div class=\"attribute-short\">\n<p>Les landes et les schistes accompagnent le Serein tout au long de la vall\u00e9e. Ne pas manquer la botanique autour du bel \u00e9tang de l\u2019\u00c9tunel.<\/p>\n<\/div>\n<div class=\"pub-position1\"><\/div>\n<div class=\"additionnal-images\">\n<div class=\"imageright\"><img loading=\"lazy\" class=\"alignright\" title=\"\" src=\"http:\/\/www.bretagne.com\/var\/plain\/storage\/images\/en_ille_et_vilaine\/que_faire\/balades\/balades_a_pied\/la_vallee_du_serein\/496516-1-fre-FR\/la_vallee_du_serein_medium.jpg\" alt=\"\" width=\"200\" height=\"100\" \/><\/div>\n<\/div>\n<div class=\"attribute-long\">\n<ul>\n<li style=\"list-style-type: none;\">\n<ul style=\"list-style-type: square;\">\n<li>Etape 1 : De l\u2019\u00e9glise, tourner \u00e0 gauche vers le centre du bourg. Descendre \u00e0 gauche le chemin de la fontaine Saint-M\u00e9en. Traverser le lotissement et tourner \u00e0 gauche puis \u00e0 droite en longeant l\u2019\u00e9tang. Traverser le jardin public et \u00e0 l\u2019intersection, tourner \u00e0 gauche.<\/li>\n<li>Etape 2 : Face au parking du parc animalier, tourner \u00e0 droite dans un chemin herbu. Suivre ce chemin \u00e0 gauche et descendre un sentier pour traverser le ruisseau du Bignon. Remonter en face. Dans la prairie, juste avant la maison, tourner \u00e0 gauche et descendre vers une zone bois\u00e9e. (\u00e0 droite : sentier botanique de l\u2019\u00c9tunel)<\/li>\n<li>Etape 3 : Prendre \u00e0 gauche la descente abrupte qui m\u00e8ne au ruisseau. Franchir la passerelle et rejoindre le bord de l\u2019\u00e9tang de l\u2019\u00c9tunel. Longer celui-ci vers l\u2019Ouest et suivre le ruisseau du Serein jusqu\u2019\u00e0 la passerelle (de l\u2019autre c\u00f4t\u00e9 du Serein, au point cot\u00e9 81 : panorama). Poursuivre jusqu\u2019\u00e0 l\u2019\u00e9tang du Gu\u00e9 Charet.<\/li>\n<li>Etape 4 : Passer sur la digue de l\u2019\u00e9tang. Prendre le chemin en face. Tourner \u00e0 gauche sur un chemin d\u2019exploitation. Descendre \u00e0 gauche vers le Serein. Franchir la passerelle et tourner \u00e0 droite. Le sentier quitte le ruisseau pour errer sur les schistes qui dominent la vall\u00e9e. Descendre \u00e0 droite sur un chemin herbu. Remonter \u00e0 gauche vers La Ville-Roger.<\/li>\n<li>Etape 5 : Prendre le chemin d\u2019exploitation \u00e0 droite avant les maisons. Descendre \u00e0 gauche dans une zone bois\u00e9e. Le sentier retrouve le Serein. Remonter un peu et atteindre la D 36.<\/li>\n<li>Etape 6 : Traverser la route et descendre le long du ruisseau. Un peu plus loin, le sentier quitte le ruisseau et s\u2019\u00e9gare sur la lande pour rejoindre un chemin d\u2019exploitation.<\/li>\n<li>Etape 7 : Monter \u00e0 gauche un chemin empierr\u00e9. Tourner \u00e0 gauche sur la route. Passer Le Boulou\u00e9e. Prendre \u00e0 droite puis \u00e0 gauche vers Le Chesnot. Quitter la route pour descendre le chemin en face qui se poursuit en longeant un ruisseau.<\/li>\n<li>Etape 8 : Sur la route, tourner \u00e0 droite vers Tr\u00e9ffendel (prudence)<\/li>\n<\/ul>\n<\/li>\n<\/ul>\n<h3><a href=\"https:\/\/www.google.com\/maps\/d\/viewer?ll=48.051693,-2.024574&amp;spn=0.039416,0.077162&amp;hl=fr&amp;msa=0&amp;z=14&amp;ie=UTF8&amp;mid=1q4yzUgdVJGa0ZzIQR5OM13ZhF5Y\" target=\"_blank\" rel=\"noopener\">voir le plan<\/a><\/h3>\n<h3>Points remarquables :<\/h3>\n<p>Etang de l\u2019\u00c9tunel, \u00e9tang du Gu\u00e9 Charet, sentier botanique autour de l\u2019\u00e9tang de l\u2019\u00c9tunel<\/p>\n<\/div>\n<div class=\"factbox-n-child\">\n<div class=\"content-view-children\">\n<div class=\"content-view-listitem\">\n<div class=\"class-article\">\n<div class=\"\">\n<div class=\"break\"><\/div>\n<\/div>\n<\/div>\n<\/div>\n<\/div>\n<div class=\"factbox\">\n<h3>Pratique<\/h3>\n<div class=\"attribute-factbox\">\n<p><b>La randonn\u00e9e :<\/b><br \/>\nType : p\u00e9destre<br \/>\nDistance : 10 km<br \/>\nDur\u00e9e : 3 heures<br \/>\nDifficult\u00e9 : moyen<br \/>\nBalisage : de 1 \u00e0 3 : jaune, de 3 \u00e0 7 : jaune-rouge, de 7 \u00e0 1 : jaune<\/p>\n<p><b>Situation :<\/b><br \/>\nTreffendel, \u00e0 25 km \u00e0 l\u2019Ouest de Rennes par la N 24<br \/>\nPoint de d\u00e9part :<br \/>\nPlace de l\u2019\u00e9glise<\/p>\n<p><b>Renseignements :<\/b><br \/>\nComit\u00e9 r\u00e9gional de la randonn\u00e9e p\u00e9destre de Bretagne, Etic Center, 9 rue des Charmilles, 35510 CESSON SEVIGNE, t\u00e9l : 02.23.30.07.56<\/p>\n<div class=\"object-center\">\n<div class=\"content-view-embeddedmedia\">\n<div class=\"class-image\">\n<div class=\"attribute-image\">\n<p><a href=\"http:\/\/bretagne.ffrandonnee.fr\/\" target=\"_blank\" rel=\"noopener\"><img loading=\"lazy\" title=\"\" src=\"http:\/\/www.bretagne.com\/var\/plain\/storage\/images\/media\/randonnee_balades\/logo_ffr\/492520-1-fre-FR\/logo_ffr_medium.jpg\" alt=\"\" width=\"200\" height=\"100\" \/><\/a><\/p>\n<\/div>\n<\/div>\n<\/div>\n<\/div>\n<p><b>Nous contacter :<\/b><br \/>\n<a href=\"http:\/\/www.bretagne.com\/fr\/randobretagne@orange.fr\" target=\"_self\">randobretagne@orange.fr<\/a><br \/>\n<a href=\"http:\/\/bretagne.ffrandonnee.fr\/\" target=\"_blank\" rel=\"noopener\">http:\/\/bretagne.ffrandonnee.fr<\/a><br \/>\nRetrouvez cette balade dans le topo-guide\u00ae de la F\u00e9d\u00e9ration Fran\u00e7aise de la Randonn\u00e9e P\u00e9destre \u00ab Broc\u00e9liande\u2026\u00e0 pied\u00ae \u00bb -R\u00e9f. P 353<\/p>\n<div class=\"object-right\">\n<div class=\"content-view-embeddedmedia\">\n<div class=\"class-image\">\n<div class=\"attribute-image\"><\/div>\n<\/div>\n<\/div>\n<\/div>\n<\/div>\n<\/div>\n<\/div>\n","protected":false},"excerpt":{"rendered":"<p>Les landes et les schistes accompagnent le Serein tout au long de la vall\u00e9e. Ne pas manquer la botanique autour du bel \u00e9tang de l\u2019\u00c9tunel. Etape 1 : De l\u2019\u00e9glise, tourner \u00e0 gauche vers le centre du bourg. Descendre \u00e0 gauche le chemin de la fontaine Saint-M\u00e9en. Traverser le lotissement et tourner \u00e0 gauche puis [&hellip;]<\/p>\n","protected":false},"author":1,"featured_media":0,"parent":251,"menu_order":0,"comment_status":"closed","ping_status":"closed","template":"","meta":[],"_links":{"self":[{"href":"https:\/\/www.treffendel.fr\/index.php?rest_route=\/wp\/v2\/pages\/1514"}],"collection":[{"href":"https:\/\/www.treffendel.fr\/index.php?rest_route=\/wp\/v2\/pages"}],"about":[{"href":"https:\/\/www.treffendel.fr\/index.php?rest_route=\/wp\/v2\/types\/page"}],"author":[{"embeddable":true,"href":"https:\/\/www.treffendel.fr\/index.php?rest_route=\/wp\/v2\/users\/1"}],"replies":[{"embeddable":true,"href":"https:\/\/www.treffendel.fr\/index.php?rest_route=%2Fwp%2Fv2%2Fcomments&post=1514"}],"version-history":[{"count":5,"href":"https:\/\/www.treffendel.fr\/index.php?rest_route=\/wp\/v2\/pages\/1514\/revisions"}],"predecessor-version":[{"id":1523,"href":"https:\/\/www.treffendel.fr\/index.php?rest_route=\/wp\/v2\/pages\/1514\/revisions\/1523"}],"up":[{"embeddable":true,"href":"https:\/\/www.treffendel.fr\/index.php?rest_route=\/wp\/v2\/pages\/251"}],"wp:attachment":[{"href":"https:\/\/www.treffendel.fr\/index.php?rest_route=%2Fwp%2Fv2%2Fmedia&parent=1514"}],"curies":[{"name":"wp","href":"https:\/\/api.w.org\/{rel}","templated":true}]}}