{"id":155,"date":"2016-11-28T12:02:06","date_gmt":"2016-11-28T11:02:06","guid":{"rendered":"http:\/\/2016.treffendel.fr\/?page_id=155"},"modified":"2025-12-12T09:35:18","modified_gmt":"2025-12-12T08:35:18","slug":"les-permanences","status":"publish","type":"page","link":"https:\/\/www.treffendel.fr\/?page_id=155","title":{"rendered":"Les permanences"},"content":{"rendered":"<h2>Maire et adjoints<\/h2>\n<p>Pour un rendez-vous avec un \u00e9lu,\u00a0Merci de prendre rendez-vous en t\u00e9l\u00e9phonant \u00e0 la mairie.<\/p>\n<p>Rue de Haute-Bretagne, 35380 TREFFENDEL <span style=\"color: #ffffff;\">code postal adresse coordonn\u00e9es mairie<\/span>T\u00e9l\u00e9phone : 02.99.61.00 .71 <span style=\"color: #ffffff;\">\u00a0adresse mail adresse internet email horaire horair<\/span>Courriel : <span style=\"color: #0000ff;\"><em><u>accueil@treffendel.fr<\/u><\/em><\/span><\/p>\n<p><strong><em>Ouverture au public<\/em><\/strong> :<\/p>\n<ul>\n<li>du mardi au vendredi de 8 h 00 \u00e0 12 H 00<\/li>\n<li>Samedi de 9 h 00 \u00e0 12 h 00<\/li>\n<\/ul>\n<h2>Autres \u00e9lus<\/h2>\n<ul>\n<li><strong>Conseil D\u00e9partemental<\/strong> : Anne-Fran\u00e7oise COURTEILLE et Christophe\u00a0MARTINS<\/li>\n<li><strong>S\u00e9nateur<\/strong> : Jean-Louis TOURENNE<\/li>\n<li><strong>D\u00e9put\u00e9e <\/strong>: Mathilde Hignet<\/li>\n<\/ul>\n\n\n<p><b data-olk-copy-source=\"MessageBody\">Tous les habitants de la quatri\u00e8me circonscription d\u2019Ille-Et-Vilaine, les associations, les \u00e9lus, les institutions etc. peuvent contacter et venir rencontrer la d\u00e9put\u00e9e Mathilde Hignet et ses attach\u00e9s parlementaires \u00e0 leur permanence. Cette derni\u00e8re est situ\u00e9e au 20 bis avenue du port \u00e0 Guipry-Messac (en face de l\u2019\u00e9cole George Sand).<\/b><\/p>\n<p><b>\u00a0<\/b><b><u>Sur rendez-vous<\/u><\/b><b>\u00a0du lundi au vendredi, de 10h \u00e0 17h.<\/b><\/p>\n<p><b>Pour toute sollicitation ou demande de rendez-vous, vous pouvez nous contacter au 02 30 21 46 88 et par mail\u00a0<a title=\"mailto:mathilde.hignet@assemblee-nationale.fr\" href=\"mailto:mathilde.hignet@assemblee-nationale.fr\" data-linkindex=\"0\">mathilde.hignet@assemblee-nationale.fr<\/a>.<\/b><\/p>\n","protected":false},"excerpt":{"rendered":"<p>Maire et adjoints Pour un rendez-vous avec un \u00e9lu,\u00a0Merci de prendre rendez-vous en t\u00e9l\u00e9phonant \u00e0 la mairie. Rue de Haute-Bretagne, 35380 TREFFENDEL code postal adresse coordonn\u00e9es mairieT\u00e9l\u00e9phone : 02.99.61.00 .71 \u00a0adresse mail adresse internet email horaire horairCourriel : accueil@treffendel.fr Ouverture au public : du mardi au vendredi de 8 h 00 \u00e0 12 H 00 [&hellip;]<\/p>\n","protected":false},"author":1,"featured_media":0,"parent":39,"menu_order":0,"comment_status":"closed","ping_status":"closed","template":"","meta":[],"_links":{"self":[{"href":"https:\/\/www.treffendel.fr\/index.php?rest_route=\/wp\/v2\/pages\/155"}],"collection":[{"href":"https:\/\/www.treffendel.fr\/index.php?rest_route=\/wp\/v2\/pages"}],"about":[{"href":"https:\/\/www.treffendel.fr\/index.php?rest_route=\/wp\/v2\/types\/page"}],"author":[{"embeddable":true,"href":"https:\/\/www.treffendel.fr\/index.php?rest_route=\/wp\/v2\/users\/1"}],"replies":[{"embeddable":true,"href":"https:\/\/www.treffendel.fr\/index.php?rest_route=%2Fwp%2Fv2%2Fcomments&post=155"}],"version-history":[{"count":7,"href":"https:\/\/www.treffendel.fr\/index.php?rest_route=\/wp\/v2\/pages\/155\/revisions"}],"predecessor-version":[{"id":6818,"href":"https:\/\/www.treffendel.fr\/index.php?rest_route=\/wp\/v2\/pages\/155\/revisions\/6818"}],"up":[{"embeddable":true,"href":"https:\/\/www.treffendel.fr\/index.php?rest_route=\/wp\/v2\/pages\/39"}],"wp:attachment":[{"href":"https:\/\/www.treffendel.fr\/index.php?rest_route=%2Fwp%2Fv2%2Fmedia&parent=155"}],"curies":[{"name":"wp","href":"https:\/\/api.w.org\/{rel}","templated":true}]}}