{"id":1592,"date":"2017-12-24T10:57:55","date_gmt":"2017-12-24T09:57:55","guid":{"rendered":"http:\/\/2016.treffendel.fr\/?page_id=1592"},"modified":"2017-12-24T10:57:55","modified_gmt":"2017-12-24T09:57:55","slug":"cimetiere","status":"publish","type":"page","link":"https:\/\/www.treffendel.fr\/?page_id=1592","title":{"rendered":"Cimeti\u00e8re"},"content":{"rendered":"<p>Il est situ\u00e9 \u00e0 l&rsquo;intersection de la rue de Haute Bretagne et la rue de Broc\u00e9liande.<\/p>\n<p>Les tarifs de concession :<\/p>\n<table width=\"519\">\n<tbody>\n<tr>\n<td width=\"387\"><u>Concessions cimeti\u00e8re\u00a0:<\/u><\/p>\n<p>15 ans<\/p>\n<p>30 ans<\/p>\n<p><u>Cavurnes = urnes cin\u00e9raires\u00a0:<\/u><\/p>\n<p>15 ans<\/p>\n<p>30 ans<\/td>\n<td width=\"132\">&nbsp;<\/p>\n<p>70.00<\/p>\n<p>120.00<\/p>\n<p>&nbsp;<\/p>\n<p>70.00<\/p>\n<p>120.00<\/td>\n<\/tr>\n<\/tbody>\n<\/table>\n","protected":false},"excerpt":{"rendered":"<p>Il est situ\u00e9 \u00e0 l&rsquo;intersection de la rue de Haute Bretagne et la rue de Broc\u00e9liande. Les tarifs de concession : Concessions cimeti\u00e8re\u00a0: 15 ans 30 ans Cavurnes = urnes cin\u00e9raires\u00a0: 15 ans 30 ans &nbsp; 70.00 120.00 &nbsp; 70.00 120.00<\/p>\n","protected":false},"author":1,"featured_media":0,"parent":162,"menu_order":0,"comment_status":"closed","ping_status":"closed","template":"","meta":[],"_links":{"self":[{"href":"https:\/\/www.treffendel.fr\/index.php?rest_route=\/wp\/v2\/pages\/1592"}],"collection":[{"href":"https:\/\/www.treffendel.fr\/index.php?rest_route=\/wp\/v2\/pages"}],"about":[{"href":"https:\/\/www.treffendel.fr\/index.php?rest_route=\/wp\/v2\/types\/page"}],"author":[{"embeddable":true,"href":"https:\/\/www.treffendel.fr\/index.php?rest_route=\/wp\/v2\/users\/1"}],"replies":[{"embeddable":true,"href":"https:\/\/www.treffendel.fr\/index.php?rest_route=%2Fwp%2Fv2%2Fcomments&post=1592"}],"version-history":[{"count":1,"href":"https:\/\/www.treffendel.fr\/index.php?rest_route=\/wp\/v2\/pages\/1592\/revisions"}],"predecessor-version":[{"id":1593,"href":"https:\/\/www.treffendel.fr\/index.php?rest_route=\/wp\/v2\/pages\/1592\/revisions\/1593"}],"up":[{"embeddable":true,"href":"https:\/\/www.treffendel.fr\/index.php?rest_route=\/wp\/v2\/pages\/162"}],"wp:attachment":[{"href":"https:\/\/www.treffendel.fr\/index.php?rest_route=%2Fwp%2Fv2%2Fmedia&parent=1592"}],"curies":[{"name":"wp","href":"https:\/\/api.w.org\/{rel}","templated":true}]}}