{"id":160,"date":"2016-11-28T12:05:45","date_gmt":"2016-11-28T11:05:45","guid":{"rendered":"http:\/\/2016.treffendel.fr\/?page_id=160"},"modified":"2024-05-13T16:57:44","modified_gmt":"2024-05-13T14:57:44","slug":"demarches-admin","status":"publish","type":"page","link":"https:\/\/www.treffendel.fr\/?page_id=160","title":{"rendered":"D\u00e9marches administratives"},"content":{"rendered":"<h3><strong>Service public<\/strong><\/h3>\n<h4><a href=\"https:\/\/www.cc-broceliande.bzh\/les-services\/lespace-france-services\/\" target=\"_blank\" rel=\"noopener noreferrer\">FRANCE SERVICES<\/a>\u00a0<\/h4>\n<p>Pour votre demande de carte grise, une question sur vos imp\u00f4ts, votre retraite, ou vos allocations familiales\u2026\u00a0Permancences<\/p>\n<h5>\u00e0 Pl\u00e9lan le Grand (Broc\u00e9liande Communaut\u00e9 &#8211; 1, rue des Korrigans \u00e0 Pl\u00e9lan le Grand) :<\/h5>\n<ul>\n<li>lundi de 9 h \u00e0 12 h<\/li>\n<li>mardi de\u00a09 h \u00e0 12 h et 14 h \u00e0 17 h<\/li>\n<li>mercredi de 9 h \u00e0 12 h<\/li>\n<li>02.99.09.88.19<\/li>\n<\/ul>\n<h5>\u00e0 Br\u00e9al sour Montfort (2, rue de Bruz &#8211; dans les locaux de la mairie)<\/h5>\n<ul>\n<li>jeudi de 9 h \u00e0 12 h et 14 h \u00e0 17 h<\/li>\n<li>vendredi de 9 h \u00e0 12 h et 14 h \u00e0 17 h<\/li>\n<\/ul>\n<p><img loading=\"lazy\" class=\"alignnone size-full wp-image-5773\" src=\"https:\/\/www.treffendel.fr\/wp-content\/uploads\/2024\/02\/France-services-Post-pour-les-communes.jpg\" alt=\"\" width=\"960\" height=\"504\" srcset=\"https:\/\/www.treffendel.fr\/wp-content\/uploads\/2024\/02\/France-services-Post-pour-les-communes.jpg 960w, https:\/\/www.treffendel.fr\/wp-content\/uploads\/2024\/02\/France-services-Post-pour-les-communes-300x158.jpg 300w, https:\/\/www.treffendel.fr\/wp-content\/uploads\/2024\/02\/France-services-Post-pour-les-communes-768x403.jpg 768w, https:\/\/www.treffendel.fr\/wp-content\/uploads\/2024\/02\/France-services-Post-pour-les-communes-900x473.jpg 900w\" sizes=\"(max-width: 960px) 100vw, 960px\" \/> <img loading=\"lazy\" class=\"alignnone size-full wp-image-5774\" src=\"https:\/\/www.treffendel.fr\/wp-content\/uploads\/2024\/02\/France-services-photo.jpg\" alt=\"\" width=\"1200\" height=\"630\" srcset=\"https:\/\/www.treffendel.fr\/wp-content\/uploads\/2024\/02\/France-services-photo.jpg 1200w, https:\/\/www.treffendel.fr\/wp-content\/uploads\/2024\/02\/France-services-photo-300x158.jpg 300w, https:\/\/www.treffendel.fr\/wp-content\/uploads\/2024\/02\/France-services-photo-1024x538.jpg 1024w, https:\/\/www.treffendel.fr\/wp-content\/uploads\/2024\/02\/France-services-photo-768x403.jpg 768w, https:\/\/www.treffendel.fr\/wp-content\/uploads\/2024\/02\/France-services-photo-900x473.jpg 900w\" sizes=\"(max-width: 1200px) 100vw, 1200px\" \/><\/p>\n<h4>par t\u00e9l\u00e9phone<\/h4>\n<p>Le 3939 est un service de renseignements administratifs par t\u00e9l\u00e9phone. Il d\u00e9livre des informations sur les droits, les obligations et les d\u00e9marches \u00e0 accomplir.<\/p>\n<h4>en ligne<\/h4>\n<p>Site du <a href=\"https:\/\/www.service-public.fr\/particuliers\/vosdroits\/N19810\">service-public<\/a><\/p>\n<h3><strong>Passeport biom\u00e9trique et Carte Nationale d\u2019Identit\u00e9<\/strong><\/h3>\n<p>La mairie de Treffendel n&rsquo;est pas \u00e9quip\u00e9e pour traiter les demandes de passeport et de carte d\u2019identit\u00e9. Le demandeur peut d\u00e9poser son dossier dans la commune de son choix, parmi les communes \u00e9quip\u00e9es. Pour Treffendel, les communes les plus proches sont : Pl\u00e9lan, Montfort et Mordelles.<\/p>\n<ul>\n<li>carte d&rsquo;identit\u00e9 ou passeport :\n<ul>\n<li>site du <a href=\"https:\/\/www.service-public.fr\/particuliers\/vosdroits\/N19810\">service-public<\/a><\/li>\n<li><a href=\"http:\/\/2016.treffendel.fr\/wp-content\/uploads\/2016\/11\/Tutoriel-pre-demande-en-ligne-VF.pdf\" target=\"_blank\" rel=\"noopener noreferrer\">guide pour effectuer une pr\u00e9-demande en ligne<\/a><\/li>\n<\/ul>\n<\/li>\n<\/ul>\n<h3><strong>Recensement<\/strong><\/h3>\n<p>Tout jeune, gar\u00e7on ou fille, de nationalit\u00e9 fran\u00e7aise doit se faire recenser \u00e0 la mairie de son domicile <strong>entre la date de ses 16 ans et la fin du 3\u00e8me mois suivant<\/strong>.\u00a0 L&rsquo;attestation d\u00e9livr\u00e9e par la mairie est exig\u00e9e pour l&rsquo;inscription aux examens (CAP, BEP, Bac, permis de conduire).<\/p>\n<p>Il est n\u00e9cessaire de se munir de sa carte nationale d&rsquo;identit\u00e9 et du livret de famille des parents.<\/p>\n<p>Journ\u00e9e D\u00e9fense et Citoyennet\u00e9 : <a href=\"https:\/\/presaje.sga.defense.gouv.fr\/\" target=\"_blank\" rel=\"noopener noreferrer\">plus d&rsquo;infos<\/a><\/p>\n<h3>Inscriptions sur les listes \u00e9lectorales<\/h3>\n<p>En arrivant dans une nouvelle commune, il faut s\u2019inscrire sur les liste \u00e9lectorales pour pouvoir participer aux prochaines \u00e9lections.<\/p>\n<p>Pour cela, il faut passer \u00e0 la mairie muni d\u2019une <strong>pi\u00e8ce d\u2019identit\u00e9<\/strong>, d\u2019un <strong>justificatif de domicile<\/strong> et de la <strong>carte \u00e9lectorale<\/strong> du pr\u00e9c\u00e9dent lieu de vote.<\/p>\n<p>La campagne de r\u00e9vision est du 1<sup>er<\/sup> septembre au 31 d\u00e9cembre, mais les inscriptions sont possibles\u00a0\u00e0 tout moment de l\u2019ann\u00e9e Elles ne seront valid\u00e9es qu\u2019au 28 f\u00e9vrier de l\u2019ann\u00e9e suivante.<\/p>\n<p>Les jeunes qui ont 18 ans dans l\u2019ann\u00e9e, sont en g\u00e9n\u00e9ral inscrits d\u2019office s\u2019il ont fait leur inscription du citoyen \u00e0 16 ans.<\/p>\n<p><img loading=\"lazy\" class=\"alignnone size-full wp-image-5954\" src=\"https:\/\/www.treffendel.fr\/wp-content\/uploads\/2024\/05\/inscriptions_listes_electorales.jpg\" alt=\"\" width=\"1240\" height=\"1754\" srcset=\"https:\/\/www.treffendel.fr\/wp-content\/uploads\/2024\/05\/inscriptions_listes_electorales.jpg 1240w, https:\/\/www.treffendel.fr\/wp-content\/uploads\/2024\/05\/inscriptions_listes_electorales-212x300.jpg 212w, https:\/\/www.treffendel.fr\/wp-content\/uploads\/2024\/05\/inscriptions_listes_electorales-724x1024.jpg 724w, https:\/\/www.treffendel.fr\/wp-content\/uploads\/2024\/05\/inscriptions_listes_electorales-768x1086.jpg 768w, https:\/\/www.treffendel.fr\/wp-content\/uploads\/2024\/05\/inscriptions_listes_electorales-1086x1536.jpg 1086w, https:\/\/www.treffendel.fr\/wp-content\/uploads\/2024\/05\/inscriptions_listes_electorales-900x1273.jpg 900w\" sizes=\"(max-width: 1240px) 100vw, 1240px\" \/><\/p>\n<h3>P.A.C.S.<\/h3>\n<p>Le \u00ab\u00a0PActe Civil de Solidarit\u00e9\u00a0\u00bb se conclut en mairie. <a href=\"https:\/\/www.service-public.fr\/particuliers\/vosdroits\/N144\" target=\"_blank\" rel=\"noopener noreferrer\">Infos ici<\/a> : \u00ab\u00a0www.service-public.fr\u00a0\u00bb &#8211; \u00ab\u00a0famille\u00a0\u00bb &#8211; \u00ab\u00a0couple\u00a0\u00bb<\/p>\n<h3>Carte grise<\/h3>\n<p>Les Certificats d&rsquo;immatriculation ne sont plus du ressort de la mairie. Les d\u00e9marches doivent \u00eatre faites en ligne :<\/p>\n<ul>\n<li>\u00a0<a href=\"https:\/\/immatriculation.ants.gouv.fr\/\" target=\"_blank\" rel=\"noopener noreferrer\">immatriculation.ants.gouv.fr<\/a><\/li>\n<li><a href=\"https:\/\/ants.gouv.fr\/nos-missions\/les-solutions-numeriques\/simplimmat\" target=\"_blank\" rel=\"noopener noreferrer\">application Simplimmat<\/a><\/li>\n<\/ul>\n<h3>Permis de conduire<\/h3>\n<p>Les d\u00e9marches sont \u00e0 effectuer en ligne :\u00a0<a href=\"https:\/\/permisdeconduire.ants.gouv.fr\/\" target=\"_blank\" rel=\"noopener noreferrer\">permisdeconduire.ants.gouv.fr<\/a><\/p>\n<h3><strong>Site Internet du service public<\/strong><\/h3>\n<p>Le site <a href=\"http:\/\/www.service-public.fr\/\">www.service-public.fr<\/a>, site officiel de l&rsquo;administration fran\u00e7aise, apporte les r\u00e9ponses \u00e0 toute question d&rsquo;ordre administratif en mati\u00e8re de :<\/p>\n<ul>\n<li style=\"list-style-type: none;\">\n<ul>\n<li style=\"list-style-type: none;\">\n<ul>\n<li>formalit\u00e9s,<\/li>\n<li>consommation,<\/li>\n<li>sant\u00e9,<\/li>\n<li>environnement,<\/li>\n<li>logement (<a href=\"https:\/\/www.service-public.fr\/particuliers\/vosdroits\/F1986\" target=\"_blank\" rel=\"noopener noreferrer\">permis de construire<\/a>)<\/li>\n<li>emploi,<\/li>\n<li>justice<\/li>\n<\/ul>\n<\/li>\n<\/ul>\n<\/li>\n<\/ul>\n<h3>Info sociale en ligne<\/h3>\n<p>Le d\u00e9partement vous \u00e9coute et vous oriente : 0 800 95 35 45 : <a href=\"http:\/\/2016.treffendel.fr\/wp-content\/uploads\/2020\/01\/infosociale.jpg\" target=\"_blank\" rel=\"noopener noreferrer\">plus d&rsquo;infos<\/a><\/p>\n<h3>Timbre fiscal<\/h3>\n<p><a href=\"http:\/\/2016.treffendel.fr\/?p=2304\">Acheter un timbre fiscal en ligne<\/a><\/p>\n<h3>Imp\u00f4ts<\/h3>\n<p><a href=\"http:\/\/www.treffendel.fr\/?p=2139\">service des imp\u00f4ts et centre des finances publiques<\/a><\/p>\n\n\n<h3>Service des eaux<\/h3>\n<p>En cas de probl\u00e8me, contacter la SAUR &#8211; Mordelles<\/p>\n<ul>\n<li><a href=\"https:\/\/www.saurclient.fr\/\" target=\"_blank\" rel=\"noopener noreferrer\">espace client <\/a>\u00a0ou <strong style=\"font-size: inherit;\">02 78 51 80 00<\/strong><\/li>\n<li>EN CAS D&rsquo;URGENCE : <strong style=\"font-size: inherit;\">02 78 51 80 09<\/strong><\/li>\n<\/ul>\n<h3>Br\u00fblage<\/h3>\n<p>R\u00e8glementation concernant l&rsquo;allumage de feux et le br\u00fblage de d\u00e9chets : <a href=\"https:\/\/www.ille-et-vilaine.gouv.fr\/Politiques-publiques\/Environnement-Risques-naturels-et-technologiques\/Biodiversite-chasse-peche-faune-et-flore\/Brulage\/L-interdiction-du-brulage-des-dechets-verts\" target=\"_blank\" rel=\"noopener noreferrer\">voir le site de la Pr\u00e9fecture d&rsquo;Ille et Vilaine<\/a><\/p>\n<h3>Intemp\u00e9ries et assurances<\/h3>\n<p><a href=\"https:\/\/services.meteofrance.com\/attestations-et-certificats\/certificat-dintemperie\" target=\"_blank\" rel=\"noopener noreferrer\">Certificat d\u2019intemp\u00e9rie<\/a><\/p>\n<h3>Service Am\u00e9nagement Urbanisme et Habitat<\/h3>\n<p><a href=\"https:\/\/www.treffendel.fr\/wp-content\/uploads\/2023\/12\/Planning-permanences-Karin-GAUDIN-1er-sem-2024.pdf\" target=\"_blank\" rel=\"noopener noreferrer\">permances de Karin GAUDIN<\/a><\/p>\n<p>\u00a0<\/p>\n","protected":false},"excerpt":{"rendered":"<p>Service public FRANCE SERVICES\u00a0 Pour votre demande de carte grise, une question sur vos imp\u00f4ts, votre retraite, ou vos allocations familiales\u2026\u00a0Permancences \u00e0 Pl\u00e9lan le Grand (Broc\u00e9liande Communaut\u00e9 &#8211; 1, rue des Korrigans \u00e0 Pl\u00e9lan le Grand) : lundi de 9 h \u00e0 12 h mardi de\u00a09 h \u00e0 12 h et 14 h \u00e0 17 [&hellip;]<\/p>\n","protected":false},"author":1,"featured_media":0,"parent":47,"menu_order":0,"comment_status":"closed","ping_status":"closed","template":"","meta":[],"_links":{"self":[{"href":"https:\/\/www.treffendel.fr\/index.php?rest_route=\/wp\/v2\/pages\/160"}],"collection":[{"href":"https:\/\/www.treffendel.fr\/index.php?rest_route=\/wp\/v2\/pages"}],"about":[{"href":"https:\/\/www.treffendel.fr\/index.php?rest_route=\/wp\/v2\/types\/page"}],"author":[{"embeddable":true,"href":"https:\/\/www.treffendel.fr\/index.php?rest_route=\/wp\/v2\/users\/1"}],"replies":[{"embeddable":true,"href":"https:\/\/www.treffendel.fr\/index.php?rest_route=%2Fwp%2Fv2%2Fcomments&post=160"}],"version-history":[{"count":26,"href":"https:\/\/www.treffendel.fr\/index.php?rest_route=\/wp\/v2\/pages\/160\/revisions"}],"predecessor-version":[{"id":5955,"href":"https:\/\/www.treffendel.fr\/index.php?rest_route=\/wp\/v2\/pages\/160\/revisions\/5955"}],"up":[{"embeddable":true,"href":"https:\/\/www.treffendel.fr\/index.php?rest_route=\/wp\/v2\/pages\/47"}],"wp:attachment":[{"href":"https:\/\/www.treffendel.fr\/index.php?rest_route=%2Fwp%2Fv2%2Fmedia&parent=160"}],"curies":[{"name":"wp","href":"https:\/\/api.w.org\/{rel}","templated":true}]}}