{"id":1615,"date":"2018-01-17T17:59:47","date_gmt":"2018-01-17T16:59:47","guid":{"rendered":"http:\/\/2016.treffendel.fr\/?page_id=1615"},"modified":"2018-01-17T18:02:45","modified_gmt":"2018-01-17T17:02:45","slug":"compte-rendu-du-conseil-municipal-du-10-janvier-2018-a-20-h-30","status":"publish","type":"page","link":"https:\/\/www.treffendel.fr\/?page_id=1615","title":{"rendered":"Compte-rendu du conseil municipal du 10 janvier 2018 \u00e0 20 h 30"},"content":{"rendered":"<p><u>Pr\u00e9sents\u00a0<\/u>: F. KERGUELEN, L. PERSEHAIE, C. LE ROSSIGNOL, P. PERSEHAIE, C. BANCHEREAU, M. RAULLINE, P. RAFFEGEAU, S. GRANDAIS, P. BAUDAIS<\/p>\n<p><u>Excus\u00e9s\u00a0:<\/u> B. HERVAULT (Procuration \u00e0 P. PERSEHAIE)- G. ROBIN (Procuration \u00e0 L. PERSEHAIE) , C. WEBER (Procuration \u00e0 F. KERGUELEN)- F. SAUVAGE (Procuration \u00e0 P. RAFEGEAU)<\/p>\n<p><u>Absent<\/u>\u00a0: R. MORENO.<\/p>\n<p><strong><u>ORDRE DU JOUR\u00a0:<\/u><\/strong><\/p>\n<p><strong><u>D\u00e9signation d\u2019un secr\u00e9taire de s\u00e9ance\u00a0: <\/u><\/strong><\/p>\n<p>Conform\u00e9ment \u00e0 l\u2019article L.2121-15 du Code G\u00e9n\u00e9ral des Collectivit\u00e9s Locales, Mr Laurent PERSEHAIE\u00a0est nomm\u00e9 secr\u00e9taire de s\u00e9ance.<\/p>\n<p><strong><u>Approbation du compte-rendu du conseil municipal du 20 d\u00e9cembre 2017\u00a0:<\/u><\/strong><\/p>\n<p>Le compte-rendu du 20 d\u00e9cembre 2017 est approuv\u00e9 \u00e0 l\u2019unanimit\u00e9 des membres pr\u00e9sents moins une abstention\u00a0: Franck Sauvage.<\/p>\n<p><strong><u>Pr\u00e9ambule\u00a0:<\/u><\/strong><\/p>\n<p><strong><u>Convocations du conseil municipal<\/u><\/strong><\/p>\n<p>Madame le Maire propose au conseil municipal d\u2019adresser aux \u00e9lus, la convocation du conseil municipal ainsi que la note de synth\u00e8se et les divers documents, de fa\u00e7on d\u00e9mat\u00e9rialis\u00e9e comme l\u2019indique l\u2019article L.2121-10 du Code G\u00e9n\u00e9ral des Collectivit\u00e9s Territoriales\u00a0:<\/p>\n<p>\u00ab\u00a0<em>Toute convocation est faite par le maire. Elle indique les questions port\u00e9es \u00e0 l\u2019ordre du jour. Elle est mentionn\u00e9e au registre des d\u00e9lib\u00e9rations, affich\u00e9e ou publi\u00e9e. Elle est adress\u00e9e par \u00e9crit, au domicile des conseillers municipaux ou <u>s\u2019ils en font la demande, envoy\u00e9e \u00e0 une autre adresse ou transmise de mani\u00e8re d\u00e9mat\u00e9rialis\u00e9e\u00a0\u00bb\u00a0<\/u><\/em>; et ceci afin d\u2019\u00e9viter le report d\u2019une s\u00e9ance, comme cela s\u2019est produit en d\u00e9cembre 2017.<\/p>\n<p>Apr\u00e8s en avoir d\u00e9lib\u00e9r\u00e9, le conseil municipal d\u00e9cide\u00a0\u00e0 l\u2019unanimit\u00e9\u00a0:<\/p>\n<ul>\n<li>D\u2019autoriser Madame le Maire \u00e0 adresser aux \u00e9lus, qui en feront la demande, la convocation du conseil municipal, la note de synth\u00e8se et divers documents, de fa\u00e7on d\u00e9mat\u00e9rialis\u00e9e, et ceci \u00e0 compter de la s\u00e9ance du 08 f\u00e9vrier 2018.<\/li>\n<\/ul>\n<p>Un imprim\u00e9 concernant cette formalit\u00e9 sera adress\u00e9 \u00e0 chaque \u00e9lu. Pour ceux qui auront choisi la formule d\u00e9mat\u00e9rialis\u00e9e, la convocation et tous les documents seront adress\u00e9s sous format pdf.<\/p>\n<h2>I \u2013 POINT SUR LA BOULANGERIE\u00a0:<\/h2>\n<h4>Points d\u2019\u00e9tapes sur le dossier<\/h4>\n<p>Madame le Maire fait \u00e9tat au conseil municipal des diff\u00e9rents points d\u2019\u00e9tapes du dossier \u00ab\u00a0boulangerie\u00a0\u00bb par le groupe de travail.<\/p>\n<p>Rappel\u00a0: cr\u00e9ation du groupe de travail lors de la s\u00e9ance du conseil municipal du 07 septembre 2017. Ce dernier s\u2019est r\u00e9union environ une fois par mois.<\/p>\n<p><strong><u>BUT\u00a0:<\/u><\/strong><\/p>\n<p>Avoir un commerce boulangerie qui soit viable lui donner les chances de r\u00e9ussite et des possibilit\u00e9s d\u2019\u00e9toffer son offre (r\u00e9fl\u00e9chir \u00e0 des possibilit\u00e9s de regroupement de services\u00a0?)<\/p>\n<p><strong><u>Donn\u00e9es :<\/u><\/strong><\/p>\n<p>2 500 v\u00e9hicules par jour passent rue de Haute Bretagne (comptage du D\u00e9partement 2016)<\/p>\n<p><strong><u>Septembre\u00a02017\u00a0: <\/u><\/strong><\/p>\n<p>Premi\u00e8re r\u00e9union suite \u00e0 la cr\u00e9ation du groupe de travail.\u00a0Nous avons \u00e9tabli un tableau o\u00f9 sont list\u00e9es des priorit\u00e9s.\u00a0Les rencontres et rendez-vous \u00e0 prendre mais aussi nos questionnements<\/p>\n<p><u>Interrogations<\/u>\u00a0:<\/p>\n<ul>\n<li>Les usages<\/li>\n<li>La localisation<\/li>\n<li>Les besoins de surfaces<\/li>\n<li>Le co\u00fbt financier<\/li>\n<\/ul>\n<p><strong><u>Octobre\u00a02017\u00a0:<\/u><\/strong><\/p>\n<p><u>Rencontre avec\u00a0 Axiane <\/u>qui est une Soci\u00e9t\u00e9 minoti\u00e8re (plusieurs moulins dont un \u00e0 Maure de Bretagne) :\u00a0550 collaborateurs, le groupe compte 3200 salari\u00e9s.\u00a0Axiane c\u2019est\u00a0:\u00a0 Banette, la Croquine, Le Maire, Treblec, Ebly.\u00a0Axiane travaille avec les boulangers\u00a0: fourniture farine mais aussi, accompagnement sur l\u2019installation expertise, r\u00e9seau, financement, marketing etc\u2026<\/p>\n<p>Cette premi\u00e8re rencontre avec des professionnels\u00a0: plut\u00f4t optimiste sur la capacit\u00e9 de Treffendel \u00e0\u00a0accueillir une boulangerie.<\/p>\n<p><u>Rencontre avec l\u2019Architecte-conseil du d\u00e9partement + Mr Bernard Gruel, technicien Financier du D\u00e9partement<\/u><\/p>\n<p><u>Pour le b\u00e2timent<\/u>\u00a0: Le d\u00e9partement peut nous accompagner sur un pr\u00e9-programme comme il l\u2019a d\u00e9j\u00e0 fait pour l\u2019agrandissement de la mairie<\/p>\n<p><strong><u>Subventions<\/u><\/strong>\u00a0:<\/p>\n<ul>\n<li><u>Revitalisation des centres bourgs<\/u>\u00a0: environ 20 \u00e0 30 % maxi du co\u00fbt global de l\u2019op\u00e9ration (B\u00e2timents neufs ou r\u00e9novation)<\/li>\n<li><u>Bouclier rural<\/u>\u00a0: dispositif d\u00e9partemental\u00a0: intervention sur des territoires tr\u00e8s ruraux o\u00f9 il existe une possibilit\u00e9 de revitalisation de centre-bourg. Financement tr\u00e8s int\u00e9ressant (jusqu\u2019\u00e0\u00a0 + de 50 %) cependant, il n\u2019est pas certain que ce dispositif soit reconduit en 2018.<\/li>\n<\/ul>\n<p><strong><u>Novembre 2017<\/u><\/strong><u>\u00a0:<\/u><\/p>\n<p><u>Chambre des m\u00e9tiers\u00a0:\u00a0 Mr Maillard et Mme\u00a0 Le Gall\u00a0 + la pr\u00e9sence de Mr Bernard Gruel, D\u00e9partement<\/u><\/p>\n<p>En r\u00e8gle g\u00e9n\u00e9rale, il faut environ 1 800 habitants pour une boulangerie sachant que sur notre commune le comptage fait par le d\u00e9partement en 2014 montrait 2 500 v\u00e9hicules jour sur la rue de Haute Bretagne.<\/p>\n<p>Pour la chambre des m\u00e9tiers, une boulangerie est viable si elle diversifie son activit\u00e9 (p\u00e2tisserie, \u00e9picerie, petite restauration \u2026.).<\/p>\n<p>Il sera difficile d\u2019avoir un artisan boulanger p\u00e2tissier car c\u2019est un m\u00e9tier qui est peu pris\u00e9 par les jeunes.\u00a0La boulangerie attire beaucoup de personnes en reconversion.<\/p>\n<p>Ils pr\u00e9conisent une rencontrer Mme S\u00e9glier du CFA de Ker Lann \u00e0 Bruz pour nos recherches de candidature.<\/p>\n<p>Pour le mat\u00e9riel\u00a0: co\u00fbt d\u2019investissement &#8211; environ\u00a0: 150\u00a0000\u20ac<\/p>\n<p>Chiffre d\u2019affaires moyen\u00a0estim\u00e9 pour une boulangerie : 173\u00a0000\u20ac\/ an<\/p>\n<p><u>Interrogations sur<\/u>\u00a0:<\/p>\n<ul>\n<li>L\u2019achat du mat\u00e9riel par la commune\u00a0? quel niveau d\u2019investissement\u00a0? quel niveau d\u2019implication du futur boulanger dans l\u2019investissement\u00a0?<\/li>\n<li>La pertinence de la localisation\u00a0? fr\u00e9quentation, passage<\/li>\n<\/ul>\n<p><u>Affinage des surfaces<\/u>\u00a0:<\/p>\n<p>Stockage + laboratoire\u00a0: 120 \u00e0 130 m\u00b2 et\u00a0Espace de vente\u00a0: 20 \u00e0 30 m\u00b2<\/p>\n<p>Pr\u00e9conisation de r\u00e9aliser une \u00e9tude de march\u00e9s avec la Chambre de Commerces (contact\u00a0: Mr Avan de l\u2019Antenne 3 C, bas\u00e9e \u00e0 Montfort-sur-Meu regroupant les 3 chambres consulaires\u00a0: Chambre de Commerce et d\u2019Industrie,\u00a0 Chambre des m\u00e9tiers et de l\u2019Artisanat et Chambre d\u2019Agriculture).<\/p>\n<p>Conclusion de la rencontre\u00a0: pas d\u00e9faitiste mais pas tr\u00e8s optimiste.<\/p>\n<p><strong><u>Rencontre avec Mr MONNIER \u2013 Syndicat des boulangers<\/u><\/strong><\/p>\n<p>Franchement pessimiste \u2013 Pr\u00e9conise un b\u00e2timent communal avec un agent communal.\u00a0La vocation d\u2019une commune n\u2019est pas de se substituer \u00e0 un commer\u00e7ant, mais bien si besoin de cr\u00e9er des conditions d\u2019installation permettant de p\u00e9renniser l\u2019activit\u00e9.<\/p>\n<p><strong><u>Rencontre avec Mme S\u00e9glier CFA &#8211; KER LANN<\/u><\/strong><\/p>\n<p>Possibilit\u00e9 de lancer un appel \u00e0 candidature sur leur r\u00e9seau<\/p>\n<p><strong><u>D\u00e9cembre\u00a02017\u00a0:<\/u><\/strong><\/p>\n<p><strong><u>Antenne 3 C \u2013 Montfort-sur-Meu\u00a0: \u00a0Mr Avan et Mr EPP-<\/u><\/strong><\/p>\n<ul>\n<li><strong>Affirmer la volont\u00e9 politique du projet \u00ab\u00a0boulangerie\u00a0\u00bb\u00a0: engagement financier du conseil municipal et d\u00e9termination que ce projet soit prioritaire \u00e0 court terme.<\/strong><\/li>\n<li>Etre pr\u00eat \u00e0 investir sachant que l\u2019investissement ne sera pas rentable (Identique \u00e0 la m\u00e9diath\u00e8que, par exemple).<\/li>\n<li>Avoir une r\u00e9flexion globale sur l\u2019ensemble de nos commerces.<\/li>\n<\/ul>\n<p>Au vu de tous ces \u00e9l\u00e9ments et afin d\u2019obtenir toutes les r\u00e9ponses aux questionnements, le groupe de travail propose de faire r\u00e9aliser par la Chambre de Commerce et d\u2019Industrie une \u00e9tude de faisabilit\u00e9.<\/p>\n<p>Devis\u00a0: la CCI accepte de prendre \u00e0 sa charge 30 % du co\u00fbt de l\u2019op\u00e9ration\u00a0:<\/p>\n<ul>\n<li>Etude de faisabilit\u00e9 et analyse locale du projet = 2 000 \u20ac TTC \u2013 30 % = 1\u00a0400 \u20ac TTC (pour la Commune)<\/li>\n<li>Recueil d\u2019informations qualitatives aupr\u00e8s des consommateurs = 1\u00a0500 \u20ac &#8211; 30 % = 1\u00a0050 \u20ac TTC (pour la Commune)<\/li>\n<\/ul>\n<p>Apr\u00e8s en avoir d\u00e9lib\u00e9r\u00e9, le conseil municipal d\u00e9cide \u00e0 l\u2019unanimit\u00e9\u00a0:<\/p>\n<ul>\n<li>D\u2019accepter la proposition de la CCI Ille-et-Vilaine pour\u00a0:\u00a0Etude de faisabilit\u00e9 et analyse locale du projet = 2 000 \u20ac TTC \u2013 30 % = 1\u00a0400 \u20ac TTC et\u00a0Recueil d\u2019informations qualitatives aupr\u00e8s des consommateurs = 1\u00a0500 \u20ac &#8211; 30 % = 1\u00a0050 \u20ac TTC<\/li>\n<li>D\u2019autoriser Madame le Maire \u00e0 signer tous documents relatifs \u00e0 l\u2019affaire,<\/li>\n<li>R\u00e9affirme ce choix politique \u00e0 court terme pour la dynamique du centre-bourg en sachant que ce projet sera prioritaire avec un co\u00fbt pour la commune.<\/li>\n<\/ul>\n<h2><strong><u>\u00a0<\/u><\/strong>II \u2013 INTERCOMMUNALITE\u00a0:<\/h2>\n<h4>Communaut\u00e9 de Communes de Broc\u00e9liande\u00a0: rapport de la CLECT (Commission Locale d\u2019Evaluation des Charges Transf\u00e9r\u00e9es)<\/h4>\n<p>Madame le Maire informe le conseil municipal que le 29 novembre 2017, la Commission Locale charges de l\u2019Evaluation des Charges Transf\u00e9r\u00e9es s\u2019est r\u00e9unie afin d\u2019examiner les conditions des transferts de charges induits au profit de la Communaut\u00e9 de Communes de Broc\u00e9liande, notamment suite au transfert de la comp\u00e9tence en mati\u00e8re de PLU.\u00a0 Cette \u00e9valuation financi\u00e8re desdites charges a \u00e9t\u00e9 calcul\u00e9e en vue d\u2019impacter le plus justement et durablement possible l\u2019attribution de compensation de chaque commune concern\u00e9e.<\/p>\n<p>Le rapport de la CLECT fait \u00e9tat du r\u00f4le et de la composition de la CLECT. Ensuite, il rappelle l\u2019exercice de la comp\u00e9tence PLU par la r\u00e9daction d\u2019un PLUi et la poursuite des r\u00e9visions des PLU communaux dans l\u2019attente de la r\u00e9daction du PLUi. Une \u00e9valuation du co\u00fbt des proc\u00e9dures de r\u00e9vision des PLU communaux a \u00e9t\u00e9 estim\u00e9e \u00e0 un montant global de 86\u00a0500 \u20ac. La CLECT a d\u00e9cid\u00e9 que le transfert de la comp\u00e9tence PLU s\u2019op\u00e9rera sans que les attributions de compensation des communes ne soient impact\u00e9es. C\u2019est donc la CCB qui prend en charge l\u2019int\u00e9gralit\u00e9 de ce co\u00fbt.<\/p>\n<p>Pour TREFFENDEL, l\u2019attribution de compensation se maintient \u00e0 12\u00a0418.35 \u20ac.\u00a0Chaque conseil municipal dispose d\u2019un d\u00e9lai de trois mois pour d\u00e9lib\u00e9rer sur le rapport.<\/p>\n<p>Apr\u00e8s en avoir d\u00e9lib\u00e9r\u00e9, le conseil municipal d\u00e9cide\u00a0\u00e0 l\u2019unanimit\u00e9\u00a0:<\/p>\n<ul>\n<li>D\u2019approuver le rapport de la CLECT de la Communaut\u00e9 de Communes de Broc\u00e9liande en date du 29 novembre 2017 et prend acte du montant de l\u2019attribution de compensation d\u2019un montant de 12\u00a0418.35 \u20ac pour 2018.<\/li>\n<\/ul>\n<h2>III- URBANISME\u00a0:<\/h2>\n<ul>\n<li><strong><u>Zone de la Mairie\u00a0: Acquisition\/Echange Terrains de Mr Micka\u00ebl COURTEL et de Mr Bruno BOISGERAULT<\/u><\/strong><\/li>\n<\/ul>\n<p>Mr Laurent PERSEHAIE, Adjoint \u00e0 l\u2019Urbanisme, rappelle au conseil municipal que la commune est en phase de n\u00e9gociation pour les acquisitions des terrains de la zone de la mairie avec l\u2019EPF (Etablissement Public Foncier). \u00a0Lors de la s\u00e9ance du conseil municipal du 12 octobre 2017, il avait \u00e9t\u00e9 \u00e9voqu\u00e9\u00a0diverses acquisitions \/ \u00e9changes de terrains avec Mr Micka\u00ebl Courtel. Le cabinet Bunel de Montfort-sur-Meu, g\u00e9om\u00e8tre, a d\u00e9termin\u00e9 les surfaces exactes des diff\u00e9rents terrains. Il est projet\u00e9 un plan\u00a0:<\/p>\n<ul>\n<li><u>Mr Micka\u00ebl COURTEL<\/u>:\u00a0R\u00e9gularisation du trottoir en parcelle communale, (5 \u20ac le m2) \u2013 surface = 24 m\u00b2, soit 120 \u20ac,\u00a0Vente du chemin communal, (12 \u20ac le m\u00b2) \u2013 surface = 84 m\u00b2, soit 1\u00a0008 \u20ac, Acquisition du fond de parcelle, (12 \u20ac le m\u00b2) \u2013 surface = 207 m\u00b2, soit 2\u00a0484 \u20ac.<\/li>\n<\/ul>\n<p>Par la m\u00eame occasion, il serait souhaitable de r\u00e9gulariser la propri\u00e9t\u00e9 du trottoir situ\u00e9 devant la maison de Mr Bruno BOISGERAULT.<\/p>\n<ul>\n<li><u>Mr Bruno BOISGERAULT<\/u> :\u00a0R\u00e9gularisation du trottoir en parcelle communale, (5 \u20ac le m\u00b2) \u2013 surface = 10 m\u00b2, soit 50 \u20ac.<\/li>\n<\/ul>\n<p>Mme Raffegeau pr\u00e9cise que Mr Franck Sauvage ne souhaite pas prendre part au vote.<\/p>\n<p>Apr\u00e8s en avoir d\u00e9lib\u00e9r\u00e9, le conseil municipal d\u00e9cide\u00a0\u00e0 l\u2019unanimit\u00e9\u00a0:<\/p>\n<ul>\n<li>Pour Mr Micka\u00ebl COURTEL\u00a0:\u00a0R\u00e9gularisation du trottoir en parcelle communale, (5 \u20ac le m2) \u2013 surface = 24 m\u00b2, soit 120 \u20ac, cadastr\u00e9 section B N\u00b0 1486p,\u00a0Vente du chemin communal, (12 \u20ac le m\u00b2) \u2013 surface = 84 m\u00b2, soit 1\u00a0008 \u20ac, cadastr\u00e9 section B 1486p,\u00a0Acquisition du fond de parcelle, (12 \u20ac le m\u00b2) \u2013 surface = 207 m\u00b2, soit 2\u00a0484 \u20ac, cadastr\u00e9 section B 1486p.<\/li>\n<li>Pour Mr Bruno BOISGERAULT\u00a0:\u00a0R\u00e9gularisation du trottoir en parcelle communale, (5 \u20ac le m\u00b2) \u2013 surface = 10 m\u00b2, soit 50 \u20ac, cadastr\u00e9 B N\u00b0 1522p.<\/li>\n<li>De nommer Ma\u00eetre PICHEVIN, Notaire \u00e0 Pl\u00e9lan-le-Grand pour la r\u00e9daction des actes,\u00a0De prendre en charge les frais de g\u00e9om\u00e8tre, et d\u2019autoriser Madame le Maire \u00e0 signer les actes de vente ainsi que tous documents s\u2019y rapportant.<\/li>\n<\/ul>\n<h4>Divers Droits de Pr\u00e9emption Urbain\u00a0:\u00a0<strong style=\"font-family: Georgia, serif; font-size: 17px;\">POUR INFORMATION<\/strong><\/h4>\n<ul>\n<li>Parcelles B N\u00b0 1694-1668 (lotissement Le Closel- lot N\u00b0 26)\u00a0: 364 m\u00b2\u00a0: terrain \u00e0 b\u00e2tir. Avis\u00a0: ne pas faire valoir le droit de pr\u00e9emption urbain<\/li>\n<\/ul>\n<ul>\n<li>Parcelles B N\u00b0 869- 870- 871 et 973\u00a0: 988 m\u00b2\u00a0: Terrain + maison d\u2019habitation\u00a0: 7 rue du Bignon &#8211; Avis\u00a0: ne pas faire valoir le droit de pr\u00e9emption urbain<\/li>\n<li>Parcelle B N\u00b0 1367\u00a0: 530 m\u00b2\u00a0: Terrain + maison d\u2019habitation\u00a0: 7 r\u00e9s. des marronniers. Avis\u00a0: ne pas faire valoir le droit de pr\u00e9emption urbain<\/li>\n<\/ul>\n<p>Le conseil municipal prend acte de ces diff\u00e9rents Droits de Pr\u00e9emption Urbain.<\/p>\n<h1>IV &#8211; FINANCES\u00a0:<\/h1>\n<ul>\n<li><strong><u>Budget \u00ab\u00a0Equipements p\u00e9riscolaires\u00a0\u00bb\u00a0: D\u00e9cision Modificative N\u00b0 01<\/u><\/strong><\/li>\n<\/ul>\n<p>Monsieur Laurent Persehaie, Adjoint aux Finances, informe le conseil municipal que suite \u00e0 une demande de Mr le Percepteur, il va falloir voter une D\u00e9cision Modificative pour virement de comptes\u00a0:<\/p>\n<p>Il s\u2019agit des charges EDF \u2013 Eau, Combustibles et produits d\u2019entretien, pay\u00e9es sur le budget COMMUNE, et qui doivent imput\u00e9es partiellement au budget \u00ab\u00a0Equipements p\u00e9riscolaires\u00a0\u00bb.\u00a0Elles sont d\u2019un montant de 5\u00a0694.86 \u20ac.<\/p>\n<p>Donc\u00a0: D\u00e9cision Modificative\u00a0:<\/p>\n<ul>\n<li>C\/658\u00a0: charges diverses = &#8211; 6\u00a0000 \u20ac (BP 2017)<\/li>\n<li>C\/62871\u00a0: charges transf\u00e9r\u00e9es\u00a0 = + 6\u00a0000 \u20ac<\/li>\n<\/ul>\n<p>Apr\u00e8s en avoir d\u00e9lib\u00e9r\u00e9, le conseil municipal d\u00e9cide\u00a0\u00e0 l\u2019unanimit\u00e9\u00a0:<\/p>\n<ul>\n<li>De voter la D\u00e9cision Modificative N\u00b0 01 du budget \u00ab\u00a0Equipements p\u00e9riscolaires\u00a0\u00bb de la fa\u00e7on suivante\u00a0:<\/li>\n<li>C\/658\u00a0: charges diverses =\u00a0 &#8211; 6\u00a0000 \u20ac<\/li>\n<li>C\/62871\u00a0: charges transf\u00e9r\u00e9es =\u00a0 + 6\u00a0000 \u20ac<\/li>\n<\/ul>\n<p><strong><u>\u00a0<\/u><\/strong><\/p>\n<h1>V \u2013 VOIRIE\u00a0:<\/h1>\n<ul>\n<li><strong><u>Programme de r\u00e9fection de la voirie en campagne\u00a0: r\u00e9vision des priorit\u00e9s <\/u><\/strong><\/li>\n<\/ul>\n<p>Monsieur Pierre Persehaie, Conseiller municipal d\u00e9l\u00e9gu\u00e9 \u00e0 la voirie, rappelle au conseil municipal les priorit\u00e9s qui avaient \u00e9t\u00e9 d\u00e9cid\u00e9es lors de la s\u00e9ance du 20 d\u00e9cembre 2017\u00a0:<\/p>\n<ul>\n<li><u>priorit\u00e9 1\u00a0:\u00a0<\/u>Route du \u00ab\u00a0Gravier\u00a0\u00bb\u00a0: Voie Communale N\u00b0 102 sur une longueur de 2 km 500<\/li>\n<\/ul>\n<ul>\n<li><u>priorit\u00e9 2<\/u>: Route du \u00ab\u00a0Terrain de Foot-ball\u00a0\u00bb\u00a0: Voie Communale N\u00b0 112 sur une longueur de 1 km et\u00a0 Route du \u00ab\u00a0Tr\u00e9sor\u00a0\u00bb\u00a0: Voie Communale N\u00b0 110 sur une longueur de 431 ml<\/li>\n<\/ul>\n<ul>\n<li><u>Priorit\u00e9 3\u00a0:\u00a0<\/u>Route du Bas-bourg\u00a0: Voie Communale N\u00b0 113 sur une longueur de 687 ml et Route de la Ruelle\u00a0: Voie Communale N\u00b0 128 sur une longueur de 822 ml.<\/li>\n<\/ul>\n<ul>\n<li><u>Priorit\u00e9 4\u00a0:\u00a0<\/u>Route des Gressi\u00e8res\u00a0: Voie Communale N\u00b0 109 sur une longueur de 400 ml et Route du Coudray\u00a0: Voie Communale N\u00b0 130 sur une longueur de 450 ml.<\/li>\n<\/ul>\n<p>Or, un projet de r\u00e9fection du r\u00e9seau \u00ab\u00a0Eau Potable\u00a0\u00bb sur la route du gravier va \u00eatre r\u00e9alis\u00e9 en 2018.\u00a0Aussi, il est\u00a0propos\u00e9 de d\u00e9caler ces travaux sur l\u2019ann\u00e9e 2019. De ce fait, les priorit\u00e9s 2018 doivent \u00eatre red\u00e9finies.<\/p>\n<p>D\u2019autre part, une r\u00e9union est programm\u00e9e le 29 janvier prochain avec le Syndicat des Eaux, ce sera donc l\u2019occasion de s\u2019assurer qu\u2019aucun autres travaux de r\u00e9fection de conduites d\u2019eau potable ne sont pr\u00e9vus en 2018 et ann\u00e9es suivantes sur les routes de campagne o\u00f9 il est pr\u00e9vu de r\u00e9aliser des travaux (priorit\u00e9 1 \u00e0 4).<\/p>\n<p>Le conseil municipal s\u2019oriente donc vers les voies suivantes pour travaux de r\u00e9fection de voirie pour 2018 et selon les capacit\u00e9s financi\u00e8res du budget primitif\u00a0:<\/p>\n<ul>\n<li>Route du \u00ab\u00a0Terrain de Foot-ball\u00a0\u00bb\u00a0: Voie Communale N\u00b0 112 sur une longueur de 1 km,<\/li>\n<li>Route du \u00ab\u00a0Tr\u00e9sor\u00a0\u00bb\u00a0: Voie Communale N\u00b0 110 sur une longueur de 431 ml,<\/li>\n<li>Route du Bas-bourg\u00a0: Voie Communale N\u00b0 113 sur une longueur de 687 ml.<\/li>\n<\/ul>\n<h1>QUESTIONS DIVERSES :<\/h1>\n<p><strong><u>POUR INFORMATION\u00a0:<\/u><\/strong><\/p>\n<p>Consommation d\u2019eau du terrain de foot-ball suite \u00e0 l\u2019arrosage\u00a0: 60 m3 ;\u00a0Co\u00fbt du m3 = 3.05 \u20ac x 60 m3 = 184 \u20ac<\/p>\n<p><strong><u>Service Technique\u00a0:<\/u><\/strong><\/p>\n<p>Une \u00e9lue souhaite conna\u00eetre l\u2019avanc\u00e9e du dossier de remplacement de l\u2019agent de ma\u00eetrise au service technique. Il est r\u00e9pondu qu\u2019actuellement, le remplacement est momentan\u00e9ment assur\u00e9 par un agent du service \u00ab\u00a0Eur\u00e9ka emplois services\u00a0\u00bb de Montfort-sur-Meu et ce jusqu\u2019au 28 f\u00e9vrier 2018 (contrat int\u00e9rim). Les Adjoints se r\u00e9unissent semaine prochaine afin de revoir ce dossier.<\/p>\n<p><strong><u>Visite de la cantine de Chartres-de-Bretagne\u00a0:<\/u><\/strong><\/p>\n<p>Mme Chantal Le Rossignol et Mr Hervault Bernard ont visit\u00e9 les locaux de la cantine de Chartres-de-Bretagne afin de visualiser l<strong>e syst\u00e8me \u00ab\u00a0d\u2019oreille lumineuse\u00a0\u00bb dont la couleur varie selon le volume sonore (vert-orange-rouge). Ils ont pu constater que le repas \u00e9tait beaucoup moins bruyant qu\u2019\u00e0 Treffendel. Cependant, on ne peut comparer les deux cantines, \u00e0 Chartres de Bretagne les locaux sont plus grands pour un nombre identique d\u2019enfants par service et les tables ont un rev\u00eatement sp\u00e9cifique. Il y a, en plus des agents qui font le service, deux animateurs qui \u00e9changent avec les enfants pour maintenir un volume sonore acceptable.<\/strong><\/p>\n<p>A voir avec Inter\u2019Val et le CNFPT pour des formations\u00a0: animations sur le temps du repas.<\/p>\n<p>Revoir \u00e9galement un acousticien afin de mesurer le niveau sonore.<\/p>\n<h1>PROCHAINS CONSEILS MUNICIPAUX\u00a0:<\/h1>\n<ul>\n<li>jeudi 08 f\u00e9vrier 2018 : r\u00e9union Adjoints\u00a0: mercredi 31 janvier 2018<\/li>\n<li>jeudi 15 mars 2018 : r\u00e9union Adjoints\u00a0: mercredi 28 f\u00e9vrier 2018<\/li>\n<li>Jeudi 29 mars 2018 \u00e0 18 h 30 : vote du Budget Primitif en pr\u00e9sence de Mr le Percepteur<\/li>\n<\/ul>\n<h1>PROCHAINES COMMISSIONS\u00a0:<\/h1>\n<ul>\n<li>\u00a0Samedi 20 janvier 2018 \u00e0 9 h 00 : Commission \u00ab\u00a0Finances\u00a0\u00bb<\/li>\n<li>\u00a0Jeudi 25 janvier 2018 \u00e0 20 h 30 : Commission \u00ab\u00a0Communication\u00a0\u00bb<\/li>\n<li>\u00a0Lundi 05 f\u00e9vrier 2018 \u00e0 20 h 30 : Commission \u00ab\u00a0Assainissement\u00a0\u00bb<\/li>\n<\/ul>\n<h1>PROCHAINES MANIFESTATIONS\u00a0:<\/h1>\n<ul>\n<li>\u00a0Samedi 20 janvier \u00e0 20 h 00 : LOTO \u2013 Comit\u00e9 des f\u00eates<\/li>\n<li>\u00a0Samedi 27 janvier \u00e0 19 h 00 : Repas APEL \u2013 Ecole St-Malo<\/li>\n<li>\u00a0Dimanche 28 janvier \u00e0 13 h 00 : R\u00e9cital Piano \u2013 Treff-Fa-Si-La<\/li>\n<li>Th\u00e9\u00e2tre \u00ab\u00a0le lever de Rideau\u00a0\u00bb\u00a0: s\u00e9ances\u00a0: vendredi 02 f\u00e9vrier, Samedi 03 f\u00e9vrier, Dimanche 04 f\u00e9vrier,\u00a0vendredi 09 f\u00e9vrier, Samedi 10 f\u00e9vrier, Dimanche 11 f\u00e9vrier, dimanche 18 f\u00e9vrier<\/li>\n<\/ul>\n","protected":false},"excerpt":{"rendered":"<p>Pr\u00e9sents\u00a0: F. KERGUELEN, L. PERSEHAIE, C. LE ROSSIGNOL, P. PERSEHAIE, C. BANCHEREAU, M. RAULLINE, P. RAFFEGEAU, S. GRANDAIS, P. BAUDAIS Excus\u00e9s\u00a0: B. HERVAULT (Procuration \u00e0 P. PERSEHAIE)- G. ROBIN (Procuration \u00e0 L. PERSEHAIE) , C. WEBER (Procuration \u00e0 F. KERGUELEN)- F. SAUVAGE (Procuration \u00e0 P. RAFEGEAU) Absent\u00a0: R. MORENO. ORDRE DU JOUR\u00a0: D\u00e9signation d\u2019un secr\u00e9taire [&hellip;]<\/p>\n","protected":false},"author":1,"featured_media":0,"parent":17,"menu_order":0,"comment_status":"closed","ping_status":"closed","template":"","meta":[],"_links":{"self":[{"href":"https:\/\/www.treffendel.fr\/index.php?rest_route=\/wp\/v2\/pages\/1615"}],"collection":[{"href":"https:\/\/www.treffendel.fr\/index.php?rest_route=\/wp\/v2\/pages"}],"about":[{"href":"https:\/\/www.treffendel.fr\/index.php?rest_route=\/wp\/v2\/types\/page"}],"author":[{"embeddable":true,"href":"https:\/\/www.treffendel.fr\/index.php?rest_route=\/wp\/v2\/users\/1"}],"replies":[{"embeddable":true,"href":"https:\/\/www.treffendel.fr\/index.php?rest_route=%2Fwp%2Fv2%2Fcomments&post=1615"}],"version-history":[{"count":2,"href":"https:\/\/www.treffendel.fr\/index.php?rest_route=\/wp\/v2\/pages\/1615\/revisions"}],"predecessor-version":[{"id":1621,"href":"https:\/\/www.treffendel.fr\/index.php?rest_route=\/wp\/v2\/pages\/1615\/revisions\/1621"}],"up":[{"embeddable":true,"href":"https:\/\/www.treffendel.fr\/index.php?rest_route=\/wp\/v2\/pages\/17"}],"wp:attachment":[{"href":"https:\/\/www.treffendel.fr\/index.php?rest_route=%2Fwp%2Fv2%2Fmedia&parent=1615"}],"curies":[{"name":"wp","href":"https:\/\/api.w.org\/{rel}","templated":true}]}}