{"id":162,"date":"2016-11-28T12:07:40","date_gmt":"2016-11-28T11:07:40","guid":{"rendered":"http:\/\/2016.treffendel.fr\/?page_id=162"},"modified":"2025-09-09T14:43:02","modified_gmt":"2025-09-09T12:43:02","slug":"services","status":"publish","type":"page","link":"https:\/\/www.treffendel.fr\/?page_id=162","title":{"rendered":"Services"},"content":{"rendered":"<ul>\n<li><a href=\"https:\/\/www.cc-broceliande.bzh\/les-services\/lespace-france-services\/\" target=\"_blank\" rel=\"noopener noreferrer\">France Services<\/a><\/li>\n<li><a href=\"https:\/\/www.treffendel.fr\/?page_id=1310\">La Mairie<\/a><\/li>\n<li><a href=\"https:\/\/www.treffendel.fr\/?page_id=6656\">Point Conseil Budget<\/a><\/li>\n<li>Logement social : <a href=\"https:\/\/www.demandelogement35.fr\/imhowebGP35\/\" target=\"_blank\" rel=\"noopener noreferrer\">demande \u00e0 faire en ligne<\/a><\/li>\n<li><a href=\"https:\/\/www.treffendel.fr\/?page_id=167\">La Poste<\/a><\/li>\n<li><a href=\"https:\/\/www.treffendel.fr\/?page_id=506\">La collecte des ordures m\u00e9nag\u00e8res<\/a><\/li>\n<li><a href=\"https:\/\/www.treffendel.fr\/?page_id=2316\">Les d\u00e9chets professionnels<\/a><\/li>\n<li><a href=\"https:\/\/www.treffendel.fr\/?page_id=506\">Les\u00a0d\u00e9chetteries<\/a><\/li>\n<li><a href=\"https:\/\/www.treffendel.fr\/wp-content\/uploads\/2023\/11\/Bien-amenager-son-jardin_SmictomCO.pdf\">l&rsquo;am\u00e9nagement du jardin<\/a>\u00a0<\/li>\n<li><a href=\"https:\/\/www.treffendel.fr\/?page_id=388\">Les horaires de bus<\/a><\/li>\n<li><a href=\"http:\/\/www.admr35.org\/association\/admr-plelan\/deplacements-solidaires-a -la-demande\/\" target=\"_blank\" rel=\"noopener noreferrer\">Les d\u00e9placements solidaires \u00e0 la demande<\/a><\/li>\n<li><a href=\"https:\/\/www.treffendel.fr\/?page_id=582\">Animaux<\/a><\/li>\n<li><a href=\"https:\/\/www.treffendel.fr\/?page_id=232\">la m\u00e9diath\u00e8que<\/a><\/li>\n<li><a href=\"https:\/\/www.treffendel.fr\/?page_id=1592\">le cimeti\u00e8re<\/a><\/li>\n<li><a href=\"https:\/\/www.treffendel.fr\/wp-content\/uploads\/2022\/05\/no94_lettre_de_l_accar_du_2_mai_2022.pdf\" target=\"_blank\" rel=\"noopener noreferrer\">conciliateur de justice<\/a> : permanences \u00e0 la mairie de Pl\u00e9lan le Grand<\/li>\n<li><a href=\"https:\/\/vigilance.meteofrance.fr\/fr\" target=\"_blank\" rel=\"noopener noreferrer\">vigilance M\u00e9t\u00e9o France<\/a><\/li>\n<li>Urgence D\u00e9pannage Electricit\u00e9 Enedis : 09.72.67.50.35 (24 h \/ 24)<br \/><span style=\"color: #ffffff;\"><a href=\"https:\/\/www.treffendel.fr\/wp-content\/uploads\/2021\/06\/Enedis-infos.pdf\" target=\"_blank\" rel=\"noopener noreferrer\"><span style=\"color: #333333;\">lignes \u00e9l\u00e9ctriques : les conseils de s\u00e9curit\u00e9 <\/span><\/a><\/span><span style=\"color: #ffffff;\">ielectricite \u00e9lectricit\u00e9v<\/span><\/li>\n<\/ul>\n<ul>\n<li><a href=\"https:\/\/www.treffendel.fr\/?p=3265\" rel=\"noopener noreferrer\">L&rsquo;interval (flash infos)<\/a><\/li>\n<li><a href=\"http:\/\/2016.treffendel.fr\/?page_id=224\">La salle polyvalente<\/a><\/li>\n<li><a href=\"https:\/\/www.treffendel.fr\/?p=3784\" rel=\"noopener noreferrer\"><strong>Voir aussi\u00a0la liste des activit\u00e9s propos\u00e9es<\/strong><\/a>\u00a0dans la commune<\/li>\n<li><a href=\"https:\/\/www.ille-et-vilaine.fr\/cdas\" target=\"_blank\" rel=\"noopener noreferrer\">Service social<\/a> : Centre D\u00e9partemental d&rsquo;Action Sociale <span style=\"color: #ffffff;\">assistante sociale<\/span><\/li>\n<\/ul>\n<h3>Habitat<\/h3>\n<ul>\n<li>Aide \u00e0 l&rsquo;am\u00e9lioration de l&rsquo;habitat :<br \/><a href=\"https:\/\/www.treffendel.fr\/?page_id=1569\">Communaut\u00e9 de Broc\u00e9liande : \u00ab\u00a0Mieux vivre chez soi\u00a0\u00bb<\/a><br \/><a href=\"https:\/\/www.treffendel.fr\/?page_id=4846\">R\u00e9gion Bretagne : ANAH (Agence Nationale de l&rsquo;habitat)<\/a><\/li>\n<li>R\u00e9novation \u00e9nerg\u00e9tique : <a href=\"https:\/\/pays-broceliande.bzh\/ouverture-du-service-conseil-renovenergie\/\" target=\"_blank\" rel=\"noopener noreferrer\">guichet unique du Pays de Broc\u00e9liande (Conseil R\u00e9nov&rsquo;Energie)<\/a><\/li>\n<li>Travaux : <a href=\"https:\/\/gnau.megalis.bretagne.bzh\/pb\/gnau\/?ref=BROCELIANDE&amp;fbclid=IwAR0r06KI0SP7JREHaRluA4GEXJnlfMThMoDm1ECTs6O1i0Ba8vYao9X8ufA#\/\" target=\"_blank\" rel=\"noopener noreferrer\">faire les d\u00e9marches en ligne (permis de construire, certificat d&rsquo;urbanisme,&#8230;<\/a><\/li>\n<li><a href=\"https:\/\/www.treffendel.fr\/?page_id=4104\">liste des permis de construire de Treffendel<\/a><\/li>\n<li><a href=\"https:\/\/comparateur-ade.com\/\" target=\"_blank\" rel=\"noopener noreferrer\">Toutes les aides au logement<\/a><\/li>\n<\/ul>\n\n","protected":false},"excerpt":{"rendered":"<p>France Services La Mairie Point Conseil Budget Logement social : demande \u00e0 faire en ligne La Poste La collecte des ordures m\u00e9nag\u00e8res Les d\u00e9chets professionnels Les\u00a0d\u00e9chetteries l&rsquo;am\u00e9nagement du jardin\u00a0 Les horaires de bus Les d\u00e9placements solidaires \u00e0 la demande Animaux la m\u00e9diath\u00e8que le cimeti\u00e8re conciliateur de justice : permanences \u00e0 la mairie de Pl\u00e9lan le [&hellip;]<\/p>\n","protected":false},"author":1,"featured_media":0,"parent":47,"menu_order":1,"comment_status":"closed","ping_status":"closed","template":"","meta":[],"_links":{"self":[{"href":"https:\/\/www.treffendel.fr\/index.php?rest_route=\/wp\/v2\/pages\/162"}],"collection":[{"href":"https:\/\/www.treffendel.fr\/index.php?rest_route=\/wp\/v2\/pages"}],"about":[{"href":"https:\/\/www.treffendel.fr\/index.php?rest_route=\/wp\/v2\/types\/page"}],"author":[{"embeddable":true,"href":"https:\/\/www.treffendel.fr\/index.php?rest_route=\/wp\/v2\/users\/1"}],"replies":[{"embeddable":true,"href":"https:\/\/www.treffendel.fr\/index.php?rest_route=%2Fwp%2Fv2%2Fcomments&post=162"}],"version-history":[{"count":47,"href":"https:\/\/www.treffendel.fr\/index.php?rest_route=\/wp\/v2\/pages\/162\/revisions"}],"predecessor-version":[{"id":6667,"href":"https:\/\/www.treffendel.fr\/index.php?rest_route=\/wp\/v2\/pages\/162\/revisions\/6667"}],"up":[{"embeddable":true,"href":"https:\/\/www.treffendel.fr\/index.php?rest_route=\/wp\/v2\/pages\/47"}],"wp:attachment":[{"href":"https:\/\/www.treffendel.fr\/index.php?rest_route=%2Fwp%2Fv2%2Fmedia&parent=162"}],"curies":[{"name":"wp","href":"https:\/\/api.w.org\/{rel}","templated":true}]}}