{"id":167,"date":"2016-11-28T12:44:06","date_gmt":"2016-11-28T11:44:06","guid":{"rendered":"http:\/\/2016.treffendel.fr\/?page_id=167"},"modified":"2020-10-20T19:27:19","modified_gmt":"2020-10-20T17:27:19","slug":"la-poste","status":"publish","type":"page","link":"https:\/\/www.treffendel.fr\/?page_id=167","title":{"rendered":"La Poste"},"content":{"rendered":"<h2>Agence postale Communale<\/h2>\n<p>Dans les locaux de la mairie<\/p>\n<ul>\n<li>vente de timbres<\/li>\n<li>remise de lettres recommand\u00e9es et colis<\/li>\n<li>envoi de colis<\/li>\n<li>envoi de lettres recommand\u00e9es<\/li>\n<li>service financier<\/li>\n<\/ul>\n<p><strong>Ouverture au public<\/strong><\/p>\n<ul>\n<li>du mardi au vendredi de\u00a008 h 00 \u00e0 12\u00a0h 00<\/li>\n<li>le samedi de 09 h 00 \u00e0 12 h 00<\/li>\n<li>les horaires et services peuvent \u00eatre modifi\u00e9s ponctuellement (cong\u00e9s de l&rsquo;agent)<\/li>\n<\/ul>\n<p><strong>Lev\u00e9e du courrier :<\/strong><\/p>\n<ul>\n<li>\n<div>Du lundi au vendredi \u00e0 15 h 45<\/div>\n<\/li>\n<li>\n<div>Samedi \u00e0\u00a012\u00a0h 00<\/div>\n<\/li>\n<\/ul>\n","protected":false},"excerpt":{"rendered":"<p>Agence postale Communale Dans les locaux de la mairie vente de timbres remise de lettres recommand\u00e9es et colis envoi de colis envoi de lettres recommand\u00e9es service financier Ouverture au public du mardi au vendredi de\u00a008 h 00 \u00e0 12\u00a0h 00 le samedi de 09 h 00 \u00e0 12 h 00 les horaires et services peuvent [&hellip;]<\/p>\n","protected":false},"author":1,"featured_media":0,"parent":162,"menu_order":0,"comment_status":"closed","ping_status":"closed","template":"","meta":[],"_links":{"self":[{"href":"https:\/\/www.treffendel.fr\/index.php?rest_route=\/wp\/v2\/pages\/167"}],"collection":[{"href":"https:\/\/www.treffendel.fr\/index.php?rest_route=\/wp\/v2\/pages"}],"about":[{"href":"https:\/\/www.treffendel.fr\/index.php?rest_route=\/wp\/v2\/types\/page"}],"author":[{"embeddable":true,"href":"https:\/\/www.treffendel.fr\/index.php?rest_route=\/wp\/v2\/users\/1"}],"replies":[{"embeddable":true,"href":"https:\/\/www.treffendel.fr\/index.php?rest_route=%2Fwp%2Fv2%2Fcomments&post=167"}],"version-history":[{"count":6,"href":"https:\/\/www.treffendel.fr\/index.php?rest_route=\/wp\/v2\/pages\/167\/revisions"}],"predecessor-version":[{"id":3121,"href":"https:\/\/www.treffendel.fr\/index.php?rest_route=\/wp\/v2\/pages\/167\/revisions\/3121"}],"up":[{"embeddable":true,"href":"https:\/\/www.treffendel.fr\/index.php?rest_route=\/wp\/v2\/pages\/162"}],"wp:attachment":[{"href":"https:\/\/www.treffendel.fr\/index.php?rest_route=%2Fwp%2Fv2%2Fmedia&parent=167"}],"curies":[{"name":"wp","href":"https:\/\/api.w.org\/{rel}","templated":true}]}}