{"id":17,"date":"2016-11-16T21:36:31","date_gmt":"2016-11-16T20:36:31","guid":{"rendered":"http:\/\/2016.treffendel.fr\/?page_id=17"},"modified":"2026-04-15T18:18:06","modified_gmt":"2026-04-15T16:18:06","slug":"compte-rendus-des-reunions-du-conseil-municipal","status":"publish","type":"page","link":"https:\/\/www.treffendel.fr\/?page_id=17","title":{"rendered":"R\u00e9unions du Conseil Municipal"},"content":{"rendered":"<p>Ordre du jour de la prochaine r\u00e9union : <a href=\"https:\/\/www.treffendel.fr\/wp-content\/uploads\/2026\/04\/OJ_prochainCM.pdf\" target=\"_blank\" rel=\"noopener noreferrer\">cliquer ici<\/a><\/p>\n<p><strong>Attention, le compte-rendu de la derni\u00e8re r\u00e9union du conseil municipal n&rsquo;est approuv\u00e9 que lors de la s\u00e9ance suivante\u00a0<\/strong><\/p>\n<h2>\u00e0 partir de mars 2026<\/h2>\n<ul>\n<li><a href=\"https:\/\/www.treffendel.fr\/?page_id=7002\">r\u00e9union du 9 avril 2026<\/a><\/li>\n<li><a href=\"https:\/\/www.treffendel.fr\/?page_id=6960\">r\u00e9union du 20 mars 2026<\/a> : \u00e9lections du maire et des adjoints<\/li>\n<\/ul>\n<h2>2026<\/h2>\n<ul>\n<li><a href=\"https:\/\/www.treffendel.fr\/?page_id=6930\">r\u00e9union du 5 mars 2026<\/a><\/li>\n<li><a href=\"https:\/\/www.treffendel.fr\/?page_id=6909\">r\u00e9union du 12 f\u00e9vrier 2026<\/a><\/li>\n<li><a href=\"https:\/\/www.treffendel.fr\/?page_id=6861\">r\u00e9union du 13 janvier 2026<\/a><\/li>\n<\/ul>\n<h2>2025<\/h2>\n<ul>\n<li><a href=\"https:\/\/www.treffendel.fr\/?page_id=6820\">r\u00e9union du 9 d\u00e9cembre 2025<\/a><\/li>\n<li><a href=\"https:\/\/www.treffendel.fr\/?page_id=6784\">r\u00e9union du 13 novembre 2025<\/a><\/li>\n<li><a href=\"https:\/\/www.treffendel.fr\/?page_id=6736\">r\u00e9union du 16 octobre 2025<\/a><\/li>\n<li><a href=\"https:\/\/www.treffendel.fr\/?page_id=6693\">r\u00e9union du 11 septembre 2025<\/a><\/li>\n<li><a href=\"https:\/\/www.treffendel.fr\/?page_id=6599\">r\u00e9union du 17 juillet 2025<\/a><\/li>\n<li><a href=\"https:\/\/www.treffendel.fr\/?page_id=6586\">r\u00e9union du 12 juin 2025<\/a><\/li>\n<li><a href=\"https:\/\/www.treffendel.fr\/?page_id=6546\">r\u00e9union du 15 mai 2025<\/a><\/li>\n<li><a href=\"https:\/\/www.treffendel.fr\/?page_id=6495\">r\u00e9union du 23 avril 2025<\/a><\/li>\n<li><a href=\"https:\/\/www.treffendel.fr\/?page_id=6474\">r\u00e9union du 27 mars 2025<\/a><\/li>\n<li><a href=\"https:\/\/www.treffendel.fr\/?page_id=6449\">r\u00e9union du 13 mars 2025<\/a><\/li>\n<li><a href=\"https:\/\/www.treffendel.fr\/?page_id=6423\">r\u00e9union du 20 f\u00e9vrier 2025<\/a><\/li>\n<li><a href=\"https:\/\/www.treffendel.fr\/?page_id=6328\">r\u00e9union du 16 janvier 2025<\/a><\/li>\n<\/ul>\n<h2>2024<\/h2>\n<ul>\n<li><a href=\"https:\/\/www.treffendel.fr\/?page_id=6295\">r\u00e9union du 12 d\u00e9cembre 2024<\/a><\/li>\n<li><a href=\"https:\/\/www.treffendel.fr\/?page_id=6221\">r\u00e9union du 14 novembre 2024<\/a><\/li>\n<li><a href=\"https:\/\/www.treffendel.fr\/?page_id=6192\">r\u00e9union du 10 octobre 2024<\/a><\/li>\n<li><a href=\"https:\/\/www.treffendel.fr\/?page_id=6126\">r\u00e9union du 12 septembre 2024<\/a><\/li>\n<li><a href=\"https:\/\/www.treffendel.fr\/?page_id=6034\">r\u00e9union du 17 juillet 2024<\/a><\/li>\n<li><a href=\"https:\/\/www.treffendel.fr\/?page_id=6012\">r\u00e9union du 13 juin 2024<\/a><\/li>\n<li><a href=\"https:\/\/www.treffendel.fr\/?page_id=5963\">r\u00e9union du 16 mai 2024<\/a><\/li>\n<li><a href=\"https:\/\/www.treffendel.fr\/?page_id=5937\">r\u00e9union du 18 avril 2024<\/a><\/li>\n<li><a href=\"https:\/\/www.treffendel.fr\/?page_id=5868\">r\u00e9union du 26 mars 2024<\/a><\/li>\n<li><a href=\"https:\/\/www.treffendel.fr\/?page_id=5823\">r\u00e9union du 7 mars 2024<\/a><\/li>\n<li><a href=\"https:\/\/www.treffendel.fr\/?page_id=5783\">r\u00e9union du 15 f\u00e9vrier 2024<\/a><\/li>\n<li><a href=\"https:\/\/www.treffendel.fr\/?page_id=5718\">r\u00e9union du 18 janvier 2024<\/a><\/li>\n<\/ul>\n<h2>2023<\/h2>\n<ul>\n<li style=\"list-style-type: none;\">\n<ul>\n<li><a href=\"https:\/\/www.treffendel.fr\/?page_id=5641\">r\u00e9union du 14 d\u00e9cembre 2023<\/a><\/li>\n<li><a href=\"https:\/\/www.treffendel.fr\/?page_id=5546\">r\u00e9union du 16 novembre 2023<\/a><\/li>\n<li><a href=\"https:\/\/www.treffendel.fr\/?page_id=5444\">r\u00e9union du 18 octobre 2023<\/a><\/li>\n<li><a href=\"https:\/\/www.treffendel.fr\/?page_id=5318\">r\u00e9union du 7 septembre 2023<\/a><\/li>\n<li><a href=\"https:\/\/www.treffendel.fr\/?page_id=5283\">r\u00e9union du 20 juillet 2023<\/a><\/li>\n<li><a href=\"https:\/\/www.treffendel.fr\/?page_id=5249\">r\u00e9union du 15 juin 2023<\/a><\/li>\n<li><a href=\"https:\/\/www.treffendel.fr\/?page_id=5166\">r\u00e9union du 10 mai 2023<\/a><\/li>\n<li><a href=\"https:\/\/www.treffendel.fr\/?page_id=5103\">r\u00e9union du 13 avril 2023<\/a><\/li>\n<li><a href=\"https:\/\/www.treffendel.fr\/?page_id=5068\">r\u00e9unin du 28 mars 2023<\/a><\/li>\n<li><a href=\"https:\/\/www.treffendel.fr\/?page_id=5005\">r\u00e9union du 9 mars 2023<\/a><\/li>\n<li><a href=\"https:\/\/www.treffendel.fr\/?page_id=4914\">r\u00e9union du 16 f\u00e9vrier 2023<\/a><\/li>\n<li><a href=\"https:\/\/www.treffendel.fr\/?page_id=4830\">r\u00e9union du 19 janvier 2023<\/a><\/li>\n<\/ul>\n<\/li>\n<\/ul>\n<h2>2022<\/h2>\n<ul>\n<li style=\"list-style-type: none;\">\n<ul>\n<li><a href=\"https:\/\/www.treffendel.fr\/?page_id=4769\">r\u00e9union du 19 d\u00e9cembre 2022<\/a><\/li>\n<li><a href=\"https:\/\/www.treffendel.fr\/?page_id=4702\">r\u00e9union du 17 novembre 2022<\/a><\/li>\n<li><a href=\"https:\/\/www.treffendel.fr\/?page_id=4622\">r\u00e9union du 13 octobre<\/a><\/li>\n<li><a href=\"https:\/\/www.treffendel.fr\/?page_id=4627\">r\u00e9union du\u00a0 8 septembre 2022<\/a><\/li>\n<li><a href=\"https:\/\/www.treffendel.fr\/?page_id=4435\">r\u00e9union du 21 juillet 2022<\/a><\/li>\n<li><a href=\"https:\/\/www.treffendel.fr\/?page_id=4395\">r\u00e9union du 16 juin 2022<\/a><\/li>\n<li><a href=\"https:\/\/www.treffendel.fr\/?page_id=4287\" target=\"_blank\" rel=\"noopener noreferrer\">r\u00e9union du 12 mai 2022<\/a><\/li>\n<li><a href=\"https:\/\/www.treffendel.fr\/?page_id=4240\">r\u00e9union du 14 avril 2022\u00a0<\/a><\/li>\n<li><a href=\"https:\/\/www.treffendel.fr\/?page_id=4211\">r\u00e9union du 29 mars 2022<\/a><\/li>\n<li><a href=\"https:\/\/www.treffendel.fr\/?page_id=4218\">r\u00e9union du 17 mars 2022<\/a><\/li>\n<li><a href=\"https:\/\/www.treffendel.fr\/?page_id=4113\">r\u00e9union du 17 f\u00e9vrier 2022<\/a><\/li>\n<li><a href=\"https:\/\/www.treffendel.fr\/?page_id=4014\">r\u00e9union du 13 janvier 2022<\/a><\/li>\n<\/ul>\n<\/li>\n<\/ul>\n<h2>2021<\/h2>\n<ul>\n<li style=\"list-style-type: none;\">\n<ul>\n<li><a href=\"https:\/\/www.treffendel.fr\/?page_id=3937\">r\u00e9union du 16 d\u00e9cembre 2021<\/a><\/li>\n<li><a href=\"https:\/\/www.treffendel.fr\/?page_id=3879\">r\u00e9union du 18 novembre 2021<\/a><\/li>\n<li><a href=\"https:\/\/www.treffendel.fr\/?page_id=3833\">r\u00e9union du 14 octobre 2021<\/a><\/li>\n<li><a href=\"https:\/\/www.treffendel.fr\/?page_id=3803\">r\u00e9union du 16 septembre 2021<\/a><\/li>\n<li><a href=\"https:\/\/www.treffendel.fr\/?page_id=3705\">r\u00e9union du 15 juillet 2021<\/a><\/li>\n<li><a href=\"https:\/\/www.treffendel.fr\/?page_id=3669\">r\u00e9union du 17 juin 2021<\/a><\/li>\n<li><a href=\"https:\/\/www.treffendel.fr\/?page_id=3626\">r\u00e9union du 20 mai 2021<\/a><\/li>\n<li><a href=\"https:\/\/www.treffendel.fr\/?page_id=3563\">r\u00e9union du 15 avril 2021<\/a><\/li>\n<li><a href=\"https:\/\/www.treffendel.fr\/?page_id=3528\">r\u00e9union du 30 mars 2021<\/a><\/li>\n<li><a href=\"https:\/\/www.treffendel.fr\/?page_id=3487\" target=\"_blank\" rel=\"noopener noreferrer\">r\u00e9union du 11 mars 2021<\/a><\/li>\n<li><a href=\"https:\/\/www.treffendel.fr\/?page_id=3441\">r\u00e9union du 17 f\u00e9vrier 2021<\/a><\/li>\n<li><a href=\"https:\/\/www.treffendel.fr\/?page_id=3363\">r\u00e9union du 14 janvier 2021<\/a><\/li>\n<\/ul>\n<\/li>\n<\/ul>\n<h2>2020<\/h2>\n<ul>\n<li style=\"list-style-type: none;\">\n<ul>\n<li><a href=\"https:\/\/www.treffendel.fr\/?page_id=3278\">r\u00e9union du 10 d\u00e9cembre 2020<\/a><\/li>\n<li><a href=\"https:\/\/www.treffendel.fr\/?page_id=3205\">r\u00e9union du 12 novembre 2020<\/a><\/li>\n<li><a href=\"https:\/\/www.treffendel.fr\/?p=3125\">r\u00e9union du 15 octobre 2020<\/a><\/li>\n<li><a href=\"https:\/\/www.treffendel.fr\/?p=3038\">r\u00e9union du 10 septembre 2020<\/a><\/li>\n<li><a href=\"https:\/\/www.treffendel.fr\/?p=2963\">r\u00e9union du 9 juillet 2020<\/a><\/li>\n<li><a href=\"https:\/\/www.treffendel.fr\/?p=2884\">r\u00e9union du 11 juin 2020<\/a><\/li>\n<li><a href=\"http:\/\/2016.treffendel.fr\/?page_id=2862\" data-slimstat=\"5\">r\u00e9union du 26 mai 2020<\/a><\/li>\n<li><a href=\"https:\/\/www.treffendel.fr\/?page_id=2766\" data-slimstat=\"5\">r\u00e9union du 5 mars 2020<\/a><\/li>\n<\/ul>\n<\/li>\n<\/ul>\n<h4><a href=\"https:\/\/www.treffendel.fr\/?page_id=2774\">r\u00e9unions du conseil municipal en\u00a0r\u00e9unions du conseil municipal entre janvier 2016 et mars 2020<\/a><\/h4>\n\n","protected":false},"excerpt":{"rendered":"<p>Ordre du jour de la prochaine r\u00e9union : cliquer ici Attention, le compte-rendu de la derni\u00e8re r\u00e9union du conseil municipal n&rsquo;est approuv\u00e9 que lors de la s\u00e9ance suivante\u00a0 \u00e0 partir de mars 2026 r\u00e9union du 9 avril 2026 r\u00e9union du 20 mars 2026 : \u00e9lections du maire et des adjoints 2026 r\u00e9union du 5 mars [&hellip;]<\/p>\n","protected":false},"author":1,"featured_media":0,"parent":2,"menu_order":1,"comment_status":"closed","ping_status":"closed","template":"","meta":[],"_links":{"self":[{"href":"https:\/\/www.treffendel.fr\/index.php?rest_route=\/wp\/v2\/pages\/17"}],"collection":[{"href":"https:\/\/www.treffendel.fr\/index.php?rest_route=\/wp\/v2\/pages"}],"about":[{"href":"https:\/\/www.treffendel.fr\/index.php?rest_route=\/wp\/v2\/types\/page"}],"author":[{"embeddable":true,"href":"https:\/\/www.treffendel.fr\/index.php?rest_route=\/wp\/v2\/users\/1"}],"replies":[{"embeddable":true,"href":"https:\/\/www.treffendel.fr\/index.php?rest_route=%2Fwp%2Fv2%2Fcomments&post=17"}],"version-history":[{"count":269,"href":"https:\/\/www.treffendel.fr\/index.php?rest_route=\/wp\/v2\/pages\/17\/revisions"}],"predecessor-version":[{"id":7007,"href":"https:\/\/www.treffendel.fr\/index.php?rest_route=\/wp\/v2\/pages\/17\/revisions\/7007"}],"up":[{"embeddable":true,"href":"https:\/\/www.treffendel.fr\/index.php?rest_route=\/wp\/v2\/pages\/2"}],"wp:attachment":[{"href":"https:\/\/www.treffendel.fr\/index.php?rest_route=%2Fwp%2Fv2%2Fmedia&parent=17"}],"curies":[{"name":"wp","href":"https:\/\/api.w.org\/{rel}","templated":true}]}}