{"id":179,"date":"2016-11-28T14:37:57","date_gmt":"2016-11-28T13:37:57","guid":{"rendered":"http:\/\/2016.treffendel.fr\/?page_id=179"},"modified":"2021-05-05T11:18:27","modified_gmt":"2021-05-05T09:18:27","slug":"le-centre-social","status":"publish","type":"page","link":"https:\/\/www.treffendel.fr\/?page_id=179","title":{"rendered":"Le centre social"},"content":{"rendered":"<p>Il est situ\u00e9 \u00e0 Pl\u00e9lan le Grand, 2 rue du centre social et g\u00e9r\u00e9 par l&rsquo;Inter&rsquo;Val.<\/p>\n<p><a href=\"https:\/\/www.google.fr\/maps\/place\/Rue+du+Ctre+social,+35380+Pl%C3%A9lan-le-Grand\/@48.0029412,-2.0970985,17z\/data=!3m1!4b1!4m5!3m4!1s0x480fabbf4c92ec2b:0x1eee8216973389ae!8m2!3d48.0029412!4d-2.0949098?hl=fr\" target=\"_blank\" rel=\"noopener noreferrer\">voir le plan<\/a><\/p>\n<p>voir son site Internet :\u00a0<a href=\"https:\/\/www.linterval.org\/\" target=\"_blank\" rel=\"noopener noreferrer\">www.linterval.org<\/a><\/p>\n<p>\u00a0<\/p>\n\n","protected":false},"excerpt":{"rendered":"<p>Il est situ\u00e9 \u00e0 Pl\u00e9lan le Grand, 2 rue du centre social et g\u00e9r\u00e9 par l&rsquo;Inter&rsquo;Val. voir le plan voir son site Internet :\u00a0www.linterval.org \u00a0<\/p>\n","protected":false},"author":1,"featured_media":0,"parent":61,"menu_order":0,"comment_status":"closed","ping_status":"closed","template":"","meta":[],"_links":{"self":[{"href":"https:\/\/www.treffendel.fr\/index.php?rest_route=\/wp\/v2\/pages\/179"}],"collection":[{"href":"https:\/\/www.treffendel.fr\/index.php?rest_route=\/wp\/v2\/pages"}],"about":[{"href":"https:\/\/www.treffendel.fr\/index.php?rest_route=\/wp\/v2\/types\/page"}],"author":[{"embeddable":true,"href":"https:\/\/www.treffendel.fr\/index.php?rest_route=\/wp\/v2\/users\/1"}],"replies":[{"embeddable":true,"href":"https:\/\/www.treffendel.fr\/index.php?rest_route=%2Fwp%2Fv2%2Fcomments&post=179"}],"version-history":[{"count":21,"href":"https:\/\/www.treffendel.fr\/index.php?rest_route=\/wp\/v2\/pages\/179\/revisions"}],"predecessor-version":[{"id":3580,"href":"https:\/\/www.treffendel.fr\/index.php?rest_route=\/wp\/v2\/pages\/179\/revisions\/3580"}],"up":[{"embeddable":true,"href":"https:\/\/www.treffendel.fr\/index.php?rest_route=\/wp\/v2\/pages\/61"}],"wp:attachment":[{"href":"https:\/\/www.treffendel.fr\/index.php?rest_route=%2Fwp%2Fv2%2Fmedia&parent=179"}],"curies":[{"name":"wp","href":"https:\/\/api.w.org\/{rel}","templated":true}]}}