{"id":185,"date":"2016-11-28T14:40:38","date_gmt":"2016-11-28T13:40:38","guid":{"rendered":"http:\/\/2016.treffendel.fr\/?page_id=185"},"modified":"2017-11-22T20:00:46","modified_gmt":"2017-11-22T19:00:46","slug":"les-restos-du-coeur","status":"publish","type":"page","link":"https:\/\/www.treffendel.fr\/?page_id=185","title":{"rendered":"Les Restos du Coeur"},"content":{"rendered":"<p>L&rsquo;association bas\u00e9e \u00e0 Montfort sur Meu, assure une pr\u00e9sence au centre social de Pl\u00e9lan.<\/p>\n<p><a href=\"http:\/\/ad35.restosducoeur.org\/?page_id=69\" target=\"_blank\" rel=\"noopener\">Plus d&rsquo;infos<\/a><\/p>\n","protected":false},"excerpt":{"rendered":"<p>L&rsquo;association bas\u00e9e \u00e0 Montfort sur Meu, assure une pr\u00e9sence au centre social de Pl\u00e9lan. Plus d&rsquo;infos<\/p>\n","protected":false},"author":1,"featured_media":0,"parent":61,"menu_order":0,"comment_status":"closed","ping_status":"closed","template":"","meta":[],"_links":{"self":[{"href":"https:\/\/www.treffendel.fr\/index.php?rest_route=\/wp\/v2\/pages\/185"}],"collection":[{"href":"https:\/\/www.treffendel.fr\/index.php?rest_route=\/wp\/v2\/pages"}],"about":[{"href":"https:\/\/www.treffendel.fr\/index.php?rest_route=\/wp\/v2\/types\/page"}],"author":[{"embeddable":true,"href":"https:\/\/www.treffendel.fr\/index.php?rest_route=\/wp\/v2\/users\/1"}],"replies":[{"embeddable":true,"href":"https:\/\/www.treffendel.fr\/index.php?rest_route=%2Fwp%2Fv2%2Fcomments&post=185"}],"version-history":[{"count":2,"href":"https:\/\/www.treffendel.fr\/index.php?rest_route=\/wp\/v2\/pages\/185\/revisions"}],"predecessor-version":[{"id":1495,"href":"https:\/\/www.treffendel.fr\/index.php?rest_route=\/wp\/v2\/pages\/185\/revisions\/1495"}],"up":[{"embeddable":true,"href":"https:\/\/www.treffendel.fr\/index.php?rest_route=\/wp\/v2\/pages\/61"}],"wp:attachment":[{"href":"https:\/\/www.treffendel.fr\/index.php?rest_route=%2Fwp%2Fv2%2Fmedia&parent=185"}],"curies":[{"name":"wp","href":"https:\/\/api.w.org\/{rel}","templated":true}]}}