{"id":187,"date":"2016-11-28T14:41:29","date_gmt":"2016-11-28T13:41:29","guid":{"rendered":"http:\/\/2016.treffendel.fr\/?page_id=187"},"modified":"2024-02-07T18:58:17","modified_gmt":"2024-02-07T17:58:17","slug":"medical-et-para-medical","status":"publish","type":"page","link":"https:\/\/www.treffendel.fr\/?page_id=187","title":{"rendered":"M\u00e9dical et para-m\u00e9dical"},"content":{"rendered":"<h3><a href=\"https:\/\/cpts-de-broceliande-cloud.plexus-sante.fr\/s\/ddPxwJW29RKgQXy\" target=\"_blank\" rel=\"noopener noreferrer\">La Communaut\u00e9 Professionnelle Territoriale de Sant\u00e9 de Broc\u00e9liande<\/a>\u00a0<\/h3>\n<h3>Les professionnels de sant\u00e9<\/h3>\n<ul>\n<li>La maison de sant\u00e9 de Pl\u00e9lan le Grand (<strong>m\u00e9decins<\/strong>)<br \/><a href=\"https:\/\/www.google.fr\/maps\/place\/Maison+De+La+Sante\/@48.0072159,-2.0896661,18z\/data=!4m15!1m8!3m7!1s0x480fabb7498d6a6b:0xd38e2256d202c30a!2sRue+des+Korrigans,+35380+Pl%C3%A9lan-le-Grand!3b1!8m2!3d48.0066856!4d-2.0892071!16s%2Fg%2F1thp7d4p!3m5!1s0x480fabb0ceaaf3d5:0xbcfa108c9b2afa5b!8m2!3d48.0071863!4d-2.0886791!16s%2Fg%2F11cs4jq7db?hl=fr&amp;entry=ttu\" target=\"_blank\" rel=\"noopener noreferrer\">3 rue de la licorne &#8211; Pl\u00e9lan le Grand<\/a><br \/><strong class=\"num\" title=\"02 99 06 81 56\">02 99 06 81 56\u00a0<\/strong><\/li>\n<li>les <strong>dentistes<\/strong><br \/><a href=\"https:\/\/www.google.fr\/maps\/place\/Rue+des+Korrigans,+35380+Pl%C3%A9lan-le-Grand\/@48.0072159,-2.0896661,18z\/data=!4m13!1m7!3m6!1s0x480fabb7498d6a6b:0xd38e2256d202c30a!2sRue+des+Korrigans,+35380+Pl%C3%A9lan-le-Grand!3b1!8m2!3d48.0066383!4d-2.0893212!3m4!1s0x480fabb7498d6a6b:0xd38e2256d202c30a!8m2!3d48.0066383!4d-2.0893212?hl=fr\" target=\"_blank\" rel=\"noopener noreferrer\">2 rue de la licorne &#8211; Pl\u00e9lan le Grand<\/a><br \/><strong class=\"num\" title=\"02 99 06 98 55\">02 99 06 98 55\u00a0<\/strong><\/li>\n<li>les <strong>ambulances<\/strong><br \/>Tizon-Detoc<br \/>ZA Les Grand Ch\u00eanes &#8211; Pl\u00e9lan le Grand<br \/><strong class=\"num\" title=\"02 99 06 82 73\">02 99 06 82 73<\/strong><\/li>\n<\/ul>\n<h3>kinesitherapeutes, ost\u00e9opathe..<\/h3>\n<ul>\n<li><a href=\"https:\/\/www.google.fr\/maps\/place\/Rue+des+Korrigans,+35380+Pl%C3%A9lan-le-Grand\/@48.0072159,-2.0896661,18z\/data=!4m13!1m7!3m6!1s0x480fabb7498d6a6b:0xd38e2256d202c30a!2sRue+des+Korrigans,+35380+Pl%C3%A9lan-le-Grand!3b1!8m2!3d48.0066383!4d-2.0893212!3m4!1s0x480fabb7498d6a6b:0xd38e2256d202c30a!8m2!3d48.0066383!4d-2.0893212?hl=fr\" target=\"_blank\" rel=\"noopener noreferrer\">2 rue de la licorne &#8211; Pl\u00e9lan le Grand <\/a>\u00a0: 02 99 06 84 57<\/li>\n<li>parc d&rsquo;activit\u00e9s \u00ab\u00a0les grands ch\u00e8nes\u00a0\u00bb : 02 99 06 81 58 (<a href=\"https:\/\/www.pagesjaunes.fr\/carte\/50142511?code_localite=L03522300&amp;code_rubrique=508400\" target=\"_blank\" rel=\"noopener noreferrer\">plus d&rsquo;infos<\/a>)<\/li>\n<\/ul>\n<h3>les <strong>infirmier.e.s<\/strong>\u00a0<span style=\"color: #ffffff;\">\u00a0 \u00a0infirmi\u00e8re infirmier<\/span><\/h3>\n<ul>\n<li>Cabinet infirmier (9 rue de la Mairie &#8211; MONTERFIL)\u00a0<strong>02 99 07 90 94<\/strong><\/li>\n<li>Cabinet infirmier\u00a0(PLELAN LE GRAND) <strong>02.99.06.87.02<\/strong><\/li>\n<li>Guillaume Reuz\u00e9 (PLELAN LE GRAND) <strong>06 49 41 93 25<\/strong><\/li>\n<li>Yohann LACIRE (MAXENT ) <strong>07 78 26 50 07<\/strong><\/li>\n<\/ul>\n<p>La politique de promotion de la sant\u00e9 d\u00e9velopp\u00e9e par <a href=\"http:\/\/www.pays-broceliande.bzh\/accueil\/le_pays_en_action\/sante\" target=\"_blank\" rel=\"noopener noreferrer\">le Pays de Broc\u00e9liande<\/a><\/p>\n<table style=\"width: 100%;\">\n<tbody>\n<tr>\n<td style=\"width: 100%;\">\n<table>\n<tbody>\n<tr>\n<td><strong>URGENCES <\/strong>\n<p>num\u00e9ro europ\u00e9en<\/p>\n<\/td>\n<td><strong>112<\/strong><\/td>\n<\/tr>\n<tr>\n<td><strong>SAMU<\/strong><\/td>\n<td><strong>15<\/strong><\/td>\n<\/tr>\n<tr>\n<td><strong>POMPIERS<\/strong><\/td>\n<td><strong>18<\/strong><\/td>\n<\/tr>\n<tr>\n<td><strong>M\u00e9decin de garde<\/strong><\/td>\n<td><strong>02 99 60 41 49 ou le 15<\/strong><\/td>\n<\/tr>\n<tr>\n<td><strong>Pharmacie de garde<\/strong><\/td>\n<td><strong>Se renseigner au 3237<\/strong><\/td>\n<\/tr>\n<tr>\n<td><strong>Centre Anti-Poisons<\/strong><\/td>\n<td><strong>02 99 59 22 22<\/strong><\/td>\n<\/tr>\n<tr>\n<td><strong>CHU Pontchaillou<\/strong>\n<p>Urgences<\/p>\n<\/td>\n<td><strong>02 99 28 37 02<\/strong><\/td>\n<\/tr>\n<tr>\n<td><strong>CHU Pontchaillou<\/strong>\n<p>Urgences cardiologiques<\/p>\n<\/td>\n<td><strong>02 99 28 25 28<\/strong><\/td>\n<\/tr>\n<tr>\n<td><strong>CHU H\u00f4pital Sud<\/strong>\n<p>Urgences p\u00e9diatriques<\/p>\n<\/td>\n<td><strong>02 99 26 67 57<\/strong><\/td>\n<\/tr>\n<tr>\n<td><strong>Canicule info-service<\/strong><\/td>\n<td><strong>08 00 06 66 66 <\/strong>(0,15\u20ac\/mn)<\/td>\n<\/tr>\n<\/tbody>\n<\/table>\n<\/td>\n<\/tr>\n<\/tbody>\n<\/table>\n\n\n<p>\u00a0<\/p>\n<h4><em>La CPAM d\u00e9veloppe une offre de service sur rendez-vous t\u00e9l\u00e9phonique<\/em><\/h4>\n<p><em>Depuis le 1er mars, pour toute question sur leur dossier d&rsquo;Assurance Maladie, les assur\u00e9s n&rsquo;ont plus besoin de se d\u00e9placer, ni de patienter dans les files d&rsquo;attente.<\/em><\/p>\n<p><em>Ils peuvent prendre un rendez-vous t\u00e9l\u00e9phonique depuis leur compte Ameli ou en appelant le 36 46.<\/em><\/p>\n<p><em>Le jour du rendez-vous, c&rsquo;est le conseiller de l&rsquo;Assurance Maladie qui appelle \u00e0 l&rsquo;heure fix\u00e9e, sur le num\u00e9ro de t\u00e9l\u00e9phone renseign\u00e9 dans le compte ameli, pour faire le point sur\u00a0<\/em><em>le dossier.<\/em><\/p>\n<p><em>Tout savoir sur les RDV t\u00e9l\u00e9phoniques de l&rsquo;Assurance Maladie\u00a0:\u00a0<a href=\"http:\/\/links.dmc.sfr-sh.fr\/AAA2A0WA6sjskA6A4zRjzsjRWzskkskjkA6EWsWjEEjA5EA4EA6WsjRsA5A5RA2\" target=\"_blank\" rel=\"noopener noreferrer\">ICI<\/a><\/em><\/p>\n<p>\u00a0<\/p>\n","protected":false},"excerpt":{"rendered":"<p>La Communaut\u00e9 Professionnelle Territoriale de Sant\u00e9 de Broc\u00e9liande\u00a0 Les professionnels de sant\u00e9 La maison de sant\u00e9 de Pl\u00e9lan le Grand (m\u00e9decins)3 rue de la licorne &#8211; Pl\u00e9lan le Grand02 99 06 81 56\u00a0 les dentistes2 rue de la licorne &#8211; Pl\u00e9lan le Grand02 99 06 98 55\u00a0 les ambulancesTizon-DetocZA Les Grand Ch\u00eanes &#8211; Pl\u00e9lan le [&hellip;]<\/p>\n","protected":false},"author":1,"featured_media":0,"parent":68,"menu_order":0,"comment_status":"closed","ping_status":"closed","template":"","meta":[],"_links":{"self":[{"href":"https:\/\/www.treffendel.fr\/index.php?rest_route=\/wp\/v2\/pages\/187"}],"collection":[{"href":"https:\/\/www.treffendel.fr\/index.php?rest_route=\/wp\/v2\/pages"}],"about":[{"href":"https:\/\/www.treffendel.fr\/index.php?rest_route=\/wp\/v2\/types\/page"}],"author":[{"embeddable":true,"href":"https:\/\/www.treffendel.fr\/index.php?rest_route=\/wp\/v2\/users\/1"}],"replies":[{"embeddable":true,"href":"https:\/\/www.treffendel.fr\/index.php?rest_route=%2Fwp%2Fv2%2Fcomments&post=187"}],"version-history":[{"count":20,"href":"https:\/\/www.treffendel.fr\/index.php?rest_route=\/wp\/v2\/pages\/187\/revisions"}],"predecessor-version":[{"id":5717,"href":"https:\/\/www.treffendel.fr\/index.php?rest_route=\/wp\/v2\/pages\/187\/revisions\/5717"}],"up":[{"embeddable":true,"href":"https:\/\/www.treffendel.fr\/index.php?rest_route=\/wp\/v2\/pages\/68"}],"wp:attachment":[{"href":"https:\/\/www.treffendel.fr\/index.php?rest_route=%2Fwp%2Fv2%2Fmedia&parent=187"}],"curies":[{"name":"wp","href":"https:\/\/api.w.org\/{rel}","templated":true}]}}