{"id":189,"date":"2016-11-28T14:42:56","date_gmt":"2016-11-28T13:42:56","guid":{"rendered":"http:\/\/2016.treffendel.fr\/?page_id=189"},"modified":"2025-03-11T09:58:03","modified_gmt":"2025-03-11T08:58:03","slug":"admr","status":"publish","type":"page","link":"https:\/\/www.treffendel.fr\/?page_id=189","title":{"rendered":"ADMR pour tous, toute la vie, partout"},"content":{"rendered":"<p><img loading=\"lazy\" class=\"size-medium wp-image-1106 alignright\" src=\"http:\/\/2016.treffendel.fr\/wp-content\/uploads\/2017\/04\/logoADMR-300x179.jpg\" alt=\"\" width=\"300\" height=\"179\" srcset=\"https:\/\/www.treffendel.fr\/wp-content\/uploads\/2017\/04\/logoADMR-300x179.jpg 300w, https:\/\/www.treffendel.fr\/wp-content\/uploads\/2017\/04\/logoADMR.jpg 431w\" sizes=\"(max-width: 300px) 100vw, 300px\" \/>L\u2019ADMR dispense ses services \u00e0 Treffendel et dans les 7 autres communes de la<br \/>\nCommunaut\u00e9 de Communes de Broc\u00e9liande. Elle exerce son action sur :<\/p>\n<p>&#8211; Entretien du logement, repassage, courses et pr\u00e9paration des repas<br \/>\n&#8211; Garde d&rsquo;enfant, accompagnement sortie \u00e9cole<br \/>\n&#8211; Aide \u00e0 la sortie d&rsquo;hospitalisation<br \/>\n&#8211; Aide au lever, au coucher \u00e0 la toilette et \u00e0 la prise de repas<br \/>\n&#8211; Accompagnement de personnes \u00e2g\u00e9es<br \/>\n&#8211; Portage de repas \u00e0 domicile<\/p>\n<table>\n<tbody>\n<tr>\n<td>ADMR Pl\u00e9lan :<br \/>\n<span data-olk-copy-source=\"MessageBody\">La Canop\u00e9e, 2 rue Simone Veil<\/span>, \u00e0 Pl\u00e9lan-le-Grand<br \/>\nT\u00e9l. 02 99 06 96 97<br \/>\n<a href=\"mailto:plelan.asso@admr35.org\">plelan.asso@admr35.org<\/a><br \/>\n<a href=\"http:\/\/www.admr35.org\/admr\/plelan-le-grand\/\">www.admr35.org\/admr\/plelan-le-grand\/<\/a><\/p>\n<p>Les bureaux de l&rsquo;Association sont ouverts de 9h00 \u00e0 12h00 tous les jours et sur rendez-vous.<\/td>\n<td><iframe style=\"border: 0;\" src=\"https:\/\/www.google.com\/maps\/embed?pb=!1m18!1m12!1m3!1d793.6861468616348!2d-2.0967634829026243!3d48.001511289821316!2m3!1f0!2f0!3f0!3m2!1i1024!2i768!4f13.1!3m3!1m2!1s0x0%3A0x4697474115033122!2sA.d.m.r.!5e0!3m2!1sfr!2sfr!4v1486115488570\" width=\"600\" height=\"450\" frameborder=\"0\" allowfullscreen=\"allowfullscreen\"><\/iframe><\/td>\n<\/tr>\n<\/tbody>\n<\/table>\n","protected":false},"excerpt":{"rendered":"<p>L\u2019ADMR dispense ses services \u00e0 Treffendel et dans les 7 autres communes de la Communaut\u00e9 de Communes de Broc\u00e9liande. Elle exerce son action sur : &#8211; Entretien du logement, repassage, courses et pr\u00e9paration des repas &#8211; Garde d&rsquo;enfant, accompagnement sortie \u00e9cole &#8211; Aide \u00e0 la sortie d&rsquo;hospitalisation &#8211; Aide au lever, au coucher \u00e0 la [&hellip;]<\/p>\n","protected":false},"author":1,"featured_media":0,"parent":75,"menu_order":0,"comment_status":"closed","ping_status":"closed","template":"","meta":[],"_links":{"self":[{"href":"https:\/\/www.treffendel.fr\/index.php?rest_route=\/wp\/v2\/pages\/189"}],"collection":[{"href":"https:\/\/www.treffendel.fr\/index.php?rest_route=\/wp\/v2\/pages"}],"about":[{"href":"https:\/\/www.treffendel.fr\/index.php?rest_route=\/wp\/v2\/types\/page"}],"author":[{"embeddable":true,"href":"https:\/\/www.treffendel.fr\/index.php?rest_route=\/wp\/v2\/users\/1"}],"replies":[{"embeddable":true,"href":"https:\/\/www.treffendel.fr\/index.php?rest_route=%2Fwp%2Fv2%2Fcomments&post=189"}],"version-history":[{"count":7,"href":"https:\/\/www.treffendel.fr\/index.php?rest_route=\/wp\/v2\/pages\/189\/revisions"}],"predecessor-version":[{"id":6444,"href":"https:\/\/www.treffendel.fr\/index.php?rest_route=\/wp\/v2\/pages\/189\/revisions\/6444"}],"up":[{"embeddable":true,"href":"https:\/\/www.treffendel.fr\/index.php?rest_route=\/wp\/v2\/pages\/75"}],"wp:attachment":[{"href":"https:\/\/www.treffendel.fr\/index.php?rest_route=%2Fwp%2Fv2%2Fmedia&parent=189"}],"curies":[{"name":"wp","href":"https:\/\/api.w.org\/{rel}","templated":true}]}}