{"id":193,"date":"2016-11-28T14:44:53","date_gmt":"2016-11-28T13:44:53","guid":{"rendered":"http:\/\/2016.treffendel.fr\/?page_id=193"},"modified":"2016-11-30T14:51:31","modified_gmt":"2016-11-30T13:51:31","slug":"clic","status":"publish","type":"page","link":"https:\/\/www.treffendel.fr\/?page_id=193","title":{"rendered":"CLIC"},"content":{"rendered":"<p><b>C<\/b><b>ENTRE <\/b><b>L<\/b><b>OCAL D<\/b><b>&lsquo;I<\/b><b>NFORMATION ET DE <\/b><b>C<\/b><b>OORDINATION<\/b><\/p>\n<p><b>QU&rsquo;EST\u2010CE QU&rsquo;UN CLIC ?<\/b><\/p>\n<p><span style=\"font-weight: 400;\">Le Centre Local d&rsquo;Information et de Coordination (CLIC) est un service gratuit d&rsquo;information, de conseil, d&rsquo;orientation et de soutien.<\/span><\/p>\n<p><b>Le CLIC est en lien \u00e9troit avec les acteurs du Pays de Broc\u00e9liande.<\/b><\/p>\n<p><b>Il oriente les personnes vers les diff\u00e9rents interlocuteurs concern\u00e9s par la situation pour r\u00e9pondre au mieux \u00e0 la demande.<\/b><\/p>\n<p><b>QUEL PUBLIC ?<\/b><\/p>\n<p><span style=\"font-weight: 400;\">Les personnes de plus de 60 ans et leur entourage<\/span><\/p>\n<p><span style=\"font-weight: 400;\">Les personnes en situation de handicap et leur entourage<\/span><\/p>\n<p><span style=\"font-weight: 400;\">Les professionnels du secteur social et de la sant\u00e9<\/span><\/p>\n<p><b>Pour plus d\u2019information<\/b><span style=\"font-weight: 400;\">\u00a0:<\/span><\/p>\n<p><span style=\"font-weight: 400;\">Syndicat mixte du Pays de Broc\u00e9liande<\/span><\/p>\n<p><span style=\"font-weight: 400;\">Manoir de la ville Cotterel<\/span><\/p>\n<p><span style=\"font-weight: 400;\">48 rue de Saint-Malo BP 86048<\/span><\/p>\n<p><span style=\"font-weight: 400;\">353860 Montauban-de-Bretagne<\/span><\/p>\n<p><span style=\"font-weight: 400;\">Tel\u00a0: 02.99.06.32.45<\/span><\/p>\n<p><span style=\"font-weight: 400;\">clic@pays-broceliande.fr <\/span><\/p>\n<p><a href=\"http:\/\/www.pays-broceliande.com\"><span style=\"font-weight: 400;\">www.pays-broceliande.com<\/span><\/a><\/p>\n","protected":false},"excerpt":{"rendered":"<p>CENTRE LOCAL D&lsquo;INFORMATION ET DE COORDINATION QU&rsquo;EST\u2010CE QU&rsquo;UN CLIC ? Le Centre Local d&rsquo;Information et de Coordination (CLIC) est un service gratuit d&rsquo;information, de conseil, d&rsquo;orientation et de soutien. Le CLIC est en lien \u00e9troit avec les acteurs du Pays de Broc\u00e9liande. Il oriente les personnes vers les diff\u00e9rents interlocuteurs concern\u00e9s par la situation pour [&hellip;]<\/p>\n","protected":false},"author":1,"featured_media":0,"parent":75,"menu_order":0,"comment_status":"closed","ping_status":"closed","template":"","meta":[],"_links":{"self":[{"href":"https:\/\/www.treffendel.fr\/index.php?rest_route=\/wp\/v2\/pages\/193"}],"collection":[{"href":"https:\/\/www.treffendel.fr\/index.php?rest_route=\/wp\/v2\/pages"}],"about":[{"href":"https:\/\/www.treffendel.fr\/index.php?rest_route=\/wp\/v2\/types\/page"}],"author":[{"embeddable":true,"href":"https:\/\/www.treffendel.fr\/index.php?rest_route=\/wp\/v2\/users\/1"}],"replies":[{"embeddable":true,"href":"https:\/\/www.treffendel.fr\/index.php?rest_route=%2Fwp%2Fv2%2Fcomments&post=193"}],"version-history":[{"count":2,"href":"https:\/\/www.treffendel.fr\/index.php?rest_route=\/wp\/v2\/pages\/193\/revisions"}],"predecessor-version":[{"id":286,"href":"https:\/\/www.treffendel.fr\/index.php?rest_route=\/wp\/v2\/pages\/193\/revisions\/286"}],"up":[{"embeddable":true,"href":"https:\/\/www.treffendel.fr\/index.php?rest_route=\/wp\/v2\/pages\/75"}],"wp:attachment":[{"href":"https:\/\/www.treffendel.fr\/index.php?rest_route=%2Fwp%2Fv2%2Fmedia&parent=193"}],"curies":[{"name":"wp","href":"https:\/\/api.w.org\/{rel}","templated":true}]}}