{"id":2,"date":"2016-11-16T18:18:25","date_gmt":"2016-11-16T17:18:25","guid":{"rendered":"http:\/\/2016.treffendel.fr\/?page_id=2"},"modified":"2020-03-16T11:39:49","modified_gmt":"2020-03-16T10:39:49","slug":"vie_municipale","status":"publish","type":"page","link":"https:\/\/www.treffendel.fr\/?page_id=2","title":{"rendered":"Vie municipale"},"content":{"rendered":"<p><a href=\"http:\/\/2016.treffendel.fr\/?page_id=17\">Compte-rendus des r\u00e9unions du Conseil Municipal \u00e0 partir de mars 2020<\/a><\/p>\n<p><a href=\"http:\/\/2016.treffendel.fr\/?page_id=17\">Compte-rendus des r\u00e9unions du Conseil Municipal de janvier 2016 \u00e0 mars 2020<\/a><\/p>\n<p><a href=\"http:\/\/2016.treffendel.fr\/?page_id=19\">Publications<\/a><\/p>\n<p><a href=\"http:\/\/2016.treffendel.fr\/?page_id=21\">Plan Local d&rsquo;Urbanisme (PLU)<\/a><\/p>\n<p><a href=\"http:\/\/2016.treffendel.fr\/?page_id=23\">Intercommunalit\u00e9<\/a><\/p>\n","protected":false},"excerpt":{"rendered":"<p>Compte-rendus des r\u00e9unions du Conseil Municipal \u00e0 partir de mars 2020 Compte-rendus des r\u00e9unions du Conseil Municipal de janvier 2016 \u00e0 mars 2020 Publications Plan Local d&rsquo;Urbanisme (PLU) Intercommunalit\u00e9<\/p>\n","protected":false},"author":1,"featured_media":0,"parent":0,"menu_order":0,"comment_status":"closed","ping_status":"closed","template":"","meta":[],"_links":{"self":[{"href":"https:\/\/www.treffendel.fr\/index.php?rest_route=\/wp\/v2\/pages\/2"}],"collection":[{"href":"https:\/\/www.treffendel.fr\/index.php?rest_route=\/wp\/v2\/pages"}],"about":[{"href":"https:\/\/www.treffendel.fr\/index.php?rest_route=\/wp\/v2\/types\/page"}],"author":[{"embeddable":true,"href":"https:\/\/www.treffendel.fr\/index.php?rest_route=\/wp\/v2\/users\/1"}],"replies":[{"embeddable":true,"href":"https:\/\/www.treffendel.fr\/index.php?rest_route=%2Fwp%2Fv2%2Fcomments&post=2"}],"version-history":[{"count":5,"href":"https:\/\/www.treffendel.fr\/index.php?rest_route=\/wp\/v2\/pages\/2\/revisions"}],"predecessor-version":[{"id":2776,"href":"https:\/\/www.treffendel.fr\/index.php?rest_route=\/wp\/v2\/pages\/2\/revisions\/2776"}],"wp:attachment":[{"href":"https:\/\/www.treffendel.fr\/index.php?rest_route=%2Fwp%2Fv2%2Fmedia&parent=2"}],"curies":[{"name":"wp","href":"https:\/\/api.w.org\/{rel}","templated":true}]}}