{"id":205,"date":"2016-11-28T15:58:43","date_gmt":"2016-11-28T14:58:43","guid":{"rendered":"http:\/\/2016.treffendel.fr\/?page_id=205"},"modified":"2022-01-14T20:29:28","modified_gmt":"2022-01-14T19:29:28","slug":"colleges","status":"publish","type":"page","link":"https:\/\/www.treffendel.fr\/?page_id=205","title":{"rendered":"Coll\u00e8ges"},"content":{"rendered":"<ul>\n<li>Publique : <a href=\"https:\/\/college-breal-sous-montfort.ac-rennes.fr\/\" target=\"_blank\" rel=\"noopener noreferrer\">Coll\u00e8ge Fran\u00e7oise Elie<\/a><br \/>8 rue de la Costardais &#8211; BREAL SOUS MONTFORT<\/li>\n<li>Priv\u00e9 : <a href=\"http:\/\/www.college-hermine.org\/\" target=\"blank\" rel=\"noopener noreferrer\">Coll\u00e8ge l&rsquo;Hermine, 35380 PLELAN LE GRAND<\/a><\/li>\n<li>Pour les <strong>transports scolaires<\/strong>, voir <a href=\"http:\/\/transports.bretagne.bzh\/circuits-scolaires\/\" target=\"_blank\" rel=\"noopener noreferrer\">le site du Conseil R\u00e9gional de Bretagne<\/a><\/li>\n<\/ul>\n\n","protected":false},"excerpt":{"rendered":"<p>Publique : Coll\u00e8ge Fran\u00e7oise Elie8 rue de la Costardais &#8211; BREAL SOUS MONTFORT Priv\u00e9 : Coll\u00e8ge l&rsquo;Hermine, 35380 PLELAN LE GRAND Pour les transports scolaires, voir le site du Conseil R\u00e9gional de Bretagne<\/p>\n","protected":false},"author":1,"featured_media":0,"parent":118,"menu_order":0,"comment_status":"closed","ping_status":"closed","template":"","meta":[],"_links":{"self":[{"href":"https:\/\/www.treffendel.fr\/index.php?rest_route=\/wp\/v2\/pages\/205"}],"collection":[{"href":"https:\/\/www.treffendel.fr\/index.php?rest_route=\/wp\/v2\/pages"}],"about":[{"href":"https:\/\/www.treffendel.fr\/index.php?rest_route=\/wp\/v2\/types\/page"}],"author":[{"embeddable":true,"href":"https:\/\/www.treffendel.fr\/index.php?rest_route=\/wp\/v2\/users\/1"}],"replies":[{"embeddable":true,"href":"https:\/\/www.treffendel.fr\/index.php?rest_route=%2Fwp%2Fv2%2Fcomments&post=205"}],"version-history":[{"count":9,"href":"https:\/\/www.treffendel.fr\/index.php?rest_route=\/wp\/v2\/pages\/205\/revisions"}],"predecessor-version":[{"id":3994,"href":"https:\/\/www.treffendel.fr\/index.php?rest_route=\/wp\/v2\/pages\/205\/revisions\/3994"}],"up":[{"embeddable":true,"href":"https:\/\/www.treffendel.fr\/index.php?rest_route=\/wp\/v2\/pages\/118"}],"wp:attachment":[{"href":"https:\/\/www.treffendel.fr\/index.php?rest_route=%2Fwp%2Fv2%2Fmedia&parent=205"}],"curies":[{"name":"wp","href":"https:\/\/api.w.org\/{rel}","templated":true}]}}