{"id":208,"date":"2016-11-28T16:24:50","date_gmt":"2016-11-28T15:24:50","guid":{"rendered":"http:\/\/2016.treffendel.fr\/?page_id=208"},"modified":"2025-03-04T09:54:55","modified_gmt":"2025-03-04T08:54:55","slug":"les-associations","status":"publish","type":"page","link":"https:\/\/www.treffendel.fr\/?page_id=208","title":{"rendered":"Les associations"},"content":{"rendered":"<ul>\n<li><a href=\"http:\/\/2016.treffendel.fr\/?page_id=341\">le sport<\/a><\/li>\n<li><a href=\"http:\/\/2016.treffendel.fr\/?page_id=343\">les loisirs et le bien-\u00eatre<\/a><\/li>\n<li><a href=\"http:\/\/2016.treffendel.fr\/?page_id=351\">autres associations<\/a><\/li>\n<\/ul>\n<p><a href=\"https:\/\/www.treffendel.fr\/wp-content\/uploads\/2025\/03\/livret-des-activites-sportives-et-culturelles-2025.pdf\" target=\"_blank\" rel=\"noopener noreferrer\">Guide des associations 2024 2025<\/a><\/p>\n<p><a href=\"https:\/\/express.adobe.com\/page\/0G57IY7wCGOy8\/\" target=\"_blank\" rel=\"noopener noreferrer\">Le lac de Tremelin<\/a><\/p>\n<p>le P\u00f4le ESS Pays de Broc\u00e9liande <a href=\"mailto:coordination@ess-broceliande.bzh\" rel=\"noreferrer\">(coordination@ess-broceliande.bzh<\/a><br \/>\nest \u00e0 la disposition des associations pour dynamiser les projets d&rsquo;utilit\u00e9 sociale sur le territoire de Broc\u00e9liande :\u00a0<a style=\"font-size: inherit;\" href=\"https:\/\/ess-broceliande.bzh\/\">https:\/\/ess-broceliande.bzh\/<\/a><\/p>\n","protected":false},"excerpt":{"rendered":"<p>le sport les loisirs et le bien-\u00eatre autres associations Guide des associations 2024 2025 Le lac de Tremelin le P\u00f4le ESS Pays de Broc\u00e9liande (coordination@ess-broceliande.bzh est \u00e0 la disposition des associations pour dynamiser les projets d&rsquo;utilit\u00e9 sociale sur le territoire de Broc\u00e9liande :\u00a0https:\/\/ess-broceliande.bzh\/<\/p>\n","protected":false},"author":1,"featured_media":0,"parent":0,"menu_order":0,"comment_status":"closed","ping_status":"closed","template":"","meta":[],"_links":{"self":[{"href":"https:\/\/www.treffendel.fr\/index.php?rest_route=\/wp\/v2\/pages\/208"}],"collection":[{"href":"https:\/\/www.treffendel.fr\/index.php?rest_route=\/wp\/v2\/pages"}],"about":[{"href":"https:\/\/www.treffendel.fr\/index.php?rest_route=\/wp\/v2\/types\/page"}],"author":[{"embeddable":true,"href":"https:\/\/www.treffendel.fr\/index.php?rest_route=\/wp\/v2\/users\/1"}],"replies":[{"embeddable":true,"href":"https:\/\/www.treffendel.fr\/index.php?rest_route=%2Fwp%2Fv2%2Fcomments&post=208"}],"version-history":[{"count":13,"href":"https:\/\/www.treffendel.fr\/index.php?rest_route=\/wp\/v2\/pages\/208\/revisions"}],"predecessor-version":[{"id":6416,"href":"https:\/\/www.treffendel.fr\/index.php?rest_route=\/wp\/v2\/pages\/208\/revisions\/6416"}],"wp:attachment":[{"href":"https:\/\/www.treffendel.fr\/index.php?rest_route=%2Fwp%2Fv2%2Fmedia&parent=208"}],"curies":[{"name":"wp","href":"https:\/\/api.w.org\/{rel}","templated":true}]}}