{"id":21,"date":"2016-11-16T21:37:12","date_gmt":"2016-11-16T20:37:12","guid":{"rendered":"http:\/\/2016.treffendel.fr\/?page_id=21"},"modified":"2026-01-09T09:44:55","modified_gmt":"2026-01-09T08:44:55","slug":"plu","status":"publish","type":"page","link":"https:\/\/www.treffendel.fr\/?page_id=21","title":{"rendered":"Urbanisme &#8211; PLUi"},"content":{"rendered":"<p>Le Plan local d&rsquo;urbanisme Intercommunal (PLUi) a \u00e9t\u00e9 approuv\u00e9 par le Conseil communautaire le 21 juin 2021.\u00a0C&rsquo;est donc d\u00e9sormais lui qui est opposable pour toutes les demandes d&rsquo;urbanisme.<\/p>\n<p>Il fixe des r\u00e8gles d\u2019utilisation du sol par des zones d\u00e9di\u00e9es :<\/p>\n<ul>\n<li>\u00e0 l\u2019habitat \u00e0 plus ou moins long terme. Les zones ouvertes\u00a0 au d\u00e9veloppement urbain sont not\u00e9es, \u00a0dans le Projet d\u2019Am\u00e9nagement et de d\u00e9veloppement Durables (P.A.D.D), qui explique les orientations d\u2019am\u00e9nagement.<\/li>\n<li>au d\u00e9veloppement \u00e9conomique dont la comp\u00e9tence rel\u00e8ve de la Communaut\u00e9 de Communes de Broc\u00e9liande.<\/li>\n<li>\u00e0 l\u2019agriculture.<\/li>\n<li>\u00e0 la pr\u00e9servation des espaces naturels<\/li>\n<\/ul>\n<h2>R\u00e8glement :<\/h2>\n<p><a href=\"https:\/\/www.geoportail-urbanisme.gouv.fr\/map\/#tile=1&amp;lon=-2.0059340000000003&amp;lat=48.03782100000001&amp;zoom=13&amp;mlon=-2.005934&amp;mlat=48.037821\" target=\"_blank\" rel=\"noopener noreferrer\">le plan de la commune et des diff\u00e9rentes zones est consultable ici<\/a>.<\/p>\n<p>\u00ab\u00a0<a href=\"http:\/\/geo.cc-broceliande.bzh\/plui\/index.html\" target=\"_blank\" rel=\"noopener noreferrer\">Mon PLUi en ligne<\/a>\u00a0\u00bb<\/p>\n<p><span data-olk-copy-source=\"MessageBody\">Modifications simplifi\u00e9es sur le PLUI :<\/span><\/p>\n<ul type=\"disc\">\n<li>N\u00b02\u00a0:\u00a0<a title=\"https:\/\/mibc-fr-11.mailinblack.com\/securelink\/?url=https:\/\/www.cc-broceliande.bzh&amp;key=eyJsYW5nIjoiRlIiLCJ1cmwiOiJodHRwczovL3d3dy5jYy1icm9jZWxpYW5kZS5iemgvYmxvZy9hY3R1YWxpdGVzL3BsYW4tbG9jYWwtZHVyYmFuaXNtZS1pbnRlcmNvbW11bmFsLW1vZGlmaWNhdGlvbi1zaW1wbGlmaWVlLW4yLyIsInRva2VuIjoiZ0FBQUFBQnBYVVpQcUlmMmN0aVR5RHZYa0piUmJJbGphakRqLUVjd3BfV0RHRU9pM012WnZZLXE4TjRGVnZGMklxVFU0eVQwOF8ydGJFYWowM040WmpxVTg5VWhHNHQyV0tSYmtrcWRqNU42Z2E0M1RESW80MzRlamh1QVdVa0F0aG4xX1NabWZyZUYydVFRdjhKelJaQ1FMYzNmaHU4VXgxaE9qZjZtMVE5X2FCQW9tU2NSNGNlbkFxQms1Zjk3WWtjbmlzczNUdDNTQk9fS0djLVN5ZFAzVWhtYU5YbFgzU1V0TjB1b3c3X2FYdEtfdXBUc0ExNmVDall3MFJLcFAzVUdHY0dPdTZDS0cyMnFTYktVSjN0aV9KSVlMejhVeU9xNlM5cDRLX3NtcHV4a255TzkwTlNEVFRLd0Vydzg2LTZpVEQyREtEbWcifQ==\" href=\"https:\/\/mibc-fr-11.mailinblack.com\/securelink\/?url=https:\/\/www.cc-broceliande.bzh&amp;key=eyJsYW5nIjoiRlIiLCJ1cmwiOiJodHRwczovL3d3dy5jYy1icm9jZWxpYW5kZS5iemgvYmxvZy9hY3R1YWxpdGVzL3BsYW4tbG9jYWwtZHVyYmFuaXNtZS1pbnRlcmNvbW11bmFsLW1vZGlmaWNhdGlvbi1zaW1wbGlmaWVlLW4yLyIsInRva2VuIjoiZ0FBQUFBQnBYVVpQcUlmMmN0aVR5RHZYa0piUmJJbGphakRqLUVjd3BfV0RHRU9pM012WnZZLXE4TjRGVnZGMklxVFU0eVQwOF8ydGJFYWowM040WmpxVTg5VWhHNHQyV0tSYmtrcWRqNU42Z2E0M1RESW80MzRlamh1QVdVa0F0aG4xX1NabWZyZUYydVFRdjhKelJaQ1FMYzNmaHU4VXgxaE9qZjZtMVE5X2FCQW9tU2NSNGNlbkFxQms1Zjk3WWtjbmlzczNUdDNTQk9fS0djLVN5ZFAzVWhtYU5YbFgzU1V0TjB1b3c3X2FYdEtfdXBUc0ExNmVDall3MFJLcFAzVUdHY0dPdTZDS0cyMnFTYktVSjN0aV9KSVlMejhVeU9xNlM5cDRLX3NtcHV4a255TzkwTlNEVFRLd0Vydzg2LTZpVEQyREtEbWcifQ==\" target=\"_blank\" rel=\"noopener noreferrer\" data-auth=\"NotApplicable\" data-linkindex=\"10\">https:\/\/www.cc-broceliande.bzh\/blog\/actualites\/plan-local-durbanisme-intercommunal-modification-simplifiee-n2\/<\/a><\/li>\n<li>N\u00b03\u00a0:\u00a0<a title=\"https:\/\/mibc-fr-11.mailinblack.com\/securelink\/?url=https:\/\/www.cc-broceliande.bzh&amp;key=eyJsYW5nIjoiRlIiLCJ1cmwiOiJodHRwczovL3d3dy5jYy1icm9jZWxpYW5kZS5iemgvYmxvZy9hY3R1YWxpdGVzL3BsYW4tbG9jYWwtZHVyYmFuaXNtZS1pbnRlcmNvbW11bmFsLW1vZGlmaWNhdGlvbi1zaW1wbGlmaWVlLW4zLyIsInRva2VuIjoiZ0FBQUFBQnBYVVpQMXkybnJ1a2VxUi0tcW54QlE0V3BWd0s3YTdIUjNxRUViM09YZWJ2ekxud3hnR2FlRjQxNDNsYmUtSnF4Nlo3RlJwUGcwaWozd09JRWhCM2k4dDItSC1uY0czcHdleWtyRC1xaTgtQS16RHNuanRNQnVFWE5aZkJ4RjFaU0NQVUVJNzZoLWxRVGJDcjNmaXdDbUtZVVlaVC1jclIzU1kwVm9sc2RrdzQ4WkZvUUFvOG9FMGhiWnlxVzBMX3d5TWF0MGpZWE1ud0x5TlBIdFhlaVV5dXg5dmI3S19JTmhaRXptMTlnYUxMaGxhbklrLVRFWUdIV3JaQ1FoQzZ3ODIwVzZEcTVTclB1UWdFTVRBYjdJZTZ4Y1JzYUNtb3ZPNEpmeW5uempTZVJ5eXJwektDbThvSHU5TTFXbzhIXzE0RHUifQ==\" href=\"https:\/\/mibc-fr-11.mailinblack.com\/securelink\/?url=https:\/\/www.cc-broceliande.bzh&amp;key=eyJsYW5nIjoiRlIiLCJ1cmwiOiJodHRwczovL3d3dy5jYy1icm9jZWxpYW5kZS5iemgvYmxvZy9hY3R1YWxpdGVzL3BsYW4tbG9jYWwtZHVyYmFuaXNtZS1pbnRlcmNvbW11bmFsLW1vZGlmaWNhdGlvbi1zaW1wbGlmaWVlLW4zLyIsInRva2VuIjoiZ0FBQUFBQnBYVVpQMXkybnJ1a2VxUi0tcW54QlE0V3BWd0s3YTdIUjNxRUViM09YZWJ2ekxud3hnR2FlRjQxNDNsYmUtSnF4Nlo3RlJwUGcwaWozd09JRWhCM2k4dDItSC1uY0czcHdleWtyRC1xaTgtQS16RHNuanRNQnVFWE5aZkJ4RjFaU0NQVUVJNzZoLWxRVGJDcjNmaXdDbUtZVVlaVC1jclIzU1kwVm9sc2RrdzQ4WkZvUUFvOG9FMGhiWnlxVzBMX3d5TWF0MGpZWE1ud0x5TlBIdFhlaVV5dXg5dmI3S19JTmhaRXptMTlnYUxMaGxhbklrLVRFWUdIV3JaQ1FoQzZ3ODIwVzZEcTVTclB1UWdFTVRBYjdJZTZ4Y1JzYUNtb3ZPNEpmeW5uempTZVJ5eXJwektDbThvSHU5TTFXbzhIXzE0RHUifQ==\" target=\"_blank\" rel=\"noopener noreferrer\" data-auth=\"NotApplicable\" data-linkindex=\"11\">https:\/\/www.cc-broceliande.bzh\/blog\/actualites\/plan-local-durbanisme-intercommunal-modification-simplifiee-n3\/<\/a><\/li>\n<\/ul>\n<p><span style=\"color: inherit; font-size: 1.25em; font-weight: 600;\">R\u00e8glement par zone :<\/span><\/p>\n<ul>\n<li><a href=\"https:\/\/wxs-gpu.mongeoportail.ign.fr\/externe\/documents\/DU_243500618\/7bc13d93ee9b19091af9236a4b376eba\/243500618_reglement_20210621.pdf\" target=\"_blank\" rel=\"noopener noreferrer\">r\u00e8glement g\u00e9n\u00e9ral<\/a><\/li>\n<li><a href=\"https:\/\/wxs-gpu.mongeoportail.ign.fr\/externe\/documents\/DU_243500618\/7bc13d93ee9b19091af9236a4b376eba\/243500618_padd_20210621.pdf\" target=\"_blank\" rel=\"noopener noreferrer\">P.A.D.D.<\/a><\/li>\n<\/ul>\n<h4><a href=\"http:\/\/2016.treffendel.fr\/wp-content\/uploads\/2016\/11\/35340_treffendel_orientations-d-amenagement_20140606.pdf\" target=\"_blank\" rel=\"noopener noreferrer\">Orientations d\u2019am\u00e9nagement de la zone de la mairie<\/a><\/h4>\n<h4><a href=\"http:\/\/2016.treffendel.fr\/wp-content\/uploads\/2016\/11\/35340_treffendel_zones_humides_20140606.pdf\" target=\"_blank\" rel=\"noopener noreferrer\">Zones humides<\/a><\/h4>\n<h4><a href=\"http:\/\/2016.treffendel.fr\/wp-content\/uploads\/2016\/12\/35340_treffendel_liste-er_20140606.pdf\" target=\"_blank\" rel=\"noopener noreferrer\">Liste des emplacements r\u00e9serv\u00e9s<\/a><\/h4>\n<h2><strong>D\u00e9claration de travaux ou permis de construire\u00a0: <\/strong><\/h2>\n<ul>\n<li><strong>imprim\u00e9s disponibles en mairie ou <a href=\"https:\/\/www.service-public.fr\/particuliers\/vosdroits\/F1986\" target=\"_blank\" rel=\"noopener noreferrer\">t\u00e9l\u00e9chargeables ici<\/a><\/strong><\/li>\n<\/ul>\n<p>Ils sont n\u00e9cessaires dans les cas suivants :<\/p>\n<h4>D\u00e9claration pr\u00e9alable de travaux :<\/h4>\n<ul>\n<li>Construction (garage, appentis, abri de <img loading=\"lazy\" class=\" wp-image-371 alignright\" src=\"http:\/\/2016.treffendel.fr\/wp-content\/uploads\/2016\/12\/declaration-prealable.jpg\" alt=\"declaration-prealable\" width=\"196\" height=\"147\" \/>jardin\u2026) ou \u00a0r\u00e9alisation de travaux, sur une construction existante, qui a pour r\u00e9sultat une l\u00e9g\u00e8re modification de surface.<\/li>\n<li>Pose de panneaux photovolta\u00efques.<\/li>\n<li>Travaux modifiant l\u2019aspect initial ext\u00e9rieur d\u2019une construction (pose d\u2019une cl\u00f4ture, percement d\u2019une nouvelle fen\u00eatre, changement de peinture pour la fa\u00e7ade)<\/li>\n<li>Changement de destination d\u2019un local (commercial en habitation par exemple)<\/li>\n<\/ul>\n<h4>Permis de construire :<img loading=\"lazy\" class=\" wp-image-372 alignright\" src=\"http:\/\/2016.treffendel.fr\/wp-content\/uploads\/2016\/12\/permis-de-construire-300x217.jpg\" alt=\"permis-de-construire\" width=\"212\" height=\"153\" srcset=\"https:\/\/www.treffendel.fr\/wp-content\/uploads\/2016\/12\/permis-de-construire-300x217.jpg 300w, https:\/\/www.treffendel.fr\/wp-content\/uploads\/2016\/12\/permis-de-construire.jpg 384w\" sizes=\"(max-width: 212px) 100vw, 212px\" \/><\/h4>\n<ul>\n<li>La cr\u00e9ation d\u2019une nouvelle construction.<\/li>\n<li>Agrandissement d\u2019une construction existante avec ajout de surface de plancher ou emprise au sol (CF. r\u00e8glement P.L.U.)<\/li>\n<\/ul>\n<p><strong>Imprim\u00e9s et renseignements disponibles en mairie <\/strong><\/p>\n<p><strong>Permis de construire\u00a0: <\/strong><a href=\"https:\/\/www.service-public.fr\/particuliers\/vosdroits\/R11637\">https:\/\/www.service-public.fr\/particuliers\/vosdroits\/R11637<\/a><\/p>\n<p><strong>D\u00e9claration pr\u00e9alable\u00a0: <\/strong><a href=\"https:\/\/www.service-public.fr\/particuliers\/vosdroits\/R2028\">https:\/\/www.service-public.fr\/particuliers\/vosdroits\/R2028<\/a><\/p>\n<h5><a href=\"https:\/\/www.treffendel.fr\/?page_id=4104\"><strong>Liste des permis de construire<\/strong><\/a><\/h5>\n<h2>Cadastre<\/h2>\n<p>Il r\u00e9pertorie toutes les parcelles de la commune et est consultable \u00e0 la mairie ainsi que par internet par le lien : <a href=\"http:\/\/www.cadastre.gouv.fr\" target=\"_blank\" rel=\"noopener noreferrer\">www.cadastre.gouv.fr<\/a> (<a href=\"http:\/\/cadastre.gouv.fr\/scpc\/afficherCarteCommune.do?CSRF_TOKEN=2I6D-NVL5-SZ2B-W10C-7R10-O173-S0IX-83F3&amp;c=FK340&amp;dontSaveLastForward&amp;keepVolatileSession=\" target=\"_blank\" rel=\"noopener noreferrer\">plan de la commune<\/a>)<\/p>\n<h2>SCoT<\/h2>\n<p>Un SCoT, c\u2019est un projet de territoire.<\/p>\n<p>D\u00e9fini a\u0300 l\u2019\u00e9chelle de l\u2019ensemble du Pays de Broc\u00e9liande, le Sch\u00e9ma de Coh\u00e9rence Territoriale (SCoT) est un document qui exprime le projet d\u2019am\u00e9nagement du territoire pour les 20 ans a\u0300 venir. Il pose les questions sur son futur<br \/>\npuis en fixe les objectifs de d\u00e9veloppement.<\/p>\n<p><a href=\"https:\/\/pays-broceliande.bzh\/agir\/amenager-le-territoire-scot\/\" target=\"_blank\" rel=\"noopener noreferrer\">plus d&rsquo;infos<\/a><\/p>\n","protected":false},"excerpt":{"rendered":"<p>Le Plan local d&rsquo;urbanisme Intercommunal (PLUi) a \u00e9t\u00e9 approuv\u00e9 par le Conseil communautaire le 21 juin 2021.\u00a0C&rsquo;est donc d\u00e9sormais lui qui est opposable pour toutes les demandes d&rsquo;urbanisme. Il fixe des r\u00e8gles d\u2019utilisation du sol par des zones d\u00e9di\u00e9es : \u00e0 l\u2019habitat \u00e0 plus ou moins long terme. Les zones ouvertes\u00a0 au d\u00e9veloppement urbain sont [&hellip;]<\/p>\n","protected":false},"author":1,"featured_media":0,"parent":2,"menu_order":0,"comment_status":"closed","ping_status":"closed","template":"","meta":[],"_links":{"self":[{"href":"https:\/\/www.treffendel.fr\/index.php?rest_route=\/wp\/v2\/pages\/21"}],"collection":[{"href":"https:\/\/www.treffendel.fr\/index.php?rest_route=\/wp\/v2\/pages"}],"about":[{"href":"https:\/\/www.treffendel.fr\/index.php?rest_route=\/wp\/v2\/types\/page"}],"author":[{"embeddable":true,"href":"https:\/\/www.treffendel.fr\/index.php?rest_route=\/wp\/v2\/users\/1"}],"replies":[{"embeddable":true,"href":"https:\/\/www.treffendel.fr\/index.php?rest_route=%2Fwp%2Fv2%2Fcomments&post=21"}],"version-history":[{"count":28,"href":"https:\/\/www.treffendel.fr\/index.php?rest_route=\/wp\/v2\/pages\/21\/revisions"}],"predecessor-version":[{"id":6843,"href":"https:\/\/www.treffendel.fr\/index.php?rest_route=\/wp\/v2\/pages\/21\/revisions\/6843"}],"up":[{"embeddable":true,"href":"https:\/\/www.treffendel.fr\/index.php?rest_route=\/wp\/v2\/pages\/2"}],"wp:attachment":[{"href":"https:\/\/www.treffendel.fr\/index.php?rest_route=%2Fwp%2Fv2%2Fmedia&parent=21"}],"curies":[{"name":"wp","href":"https:\/\/api.w.org\/{rel}","templated":true}]}}