{"id":2230,"date":"2019-01-24T21:44:57","date_gmt":"2019-01-24T20:44:57","guid":{"rendered":"http:\/\/2016.treffendel.fr\/?page_id=2230"},"modified":"2019-01-24T21:44:57","modified_gmt":"2019-01-24T20:44:57","slug":"compte-rendu-du-conseil-municipal-du-17-janvier-2019-a-20-h-30","status":"publish","type":"page","link":"https:\/\/www.treffendel.fr\/?page_id=2230","title":{"rendered":"Compte-rendu du conseil municipal du 17 janvier 2019 \u00e0 20 h 30"},"content":{"rendered":"<p><strong><u>Pr\u00e9sents\u00a0<\/u><\/strong><strong>: <\/strong><strong>F. KERGUELEN, L. PERSEHAIE, C. LE ROSSIGNOL, B. HERVAULT, P. BAUDAIS, P. PERSEHAIE, C.\u00a0<\/strong><strong>BANCHEREAU, M. RAULLINE, P. RAFFEGEAU, S. GRANDAIS, C. WEBER, G. ROBIN, F. SAUVAGE,<\/strong><\/p>\n<p><strong><u>Excus\u00e9e<\/u><\/strong><strong>\u00a0: M. RAULLINE (Procuration \u00e0 F. KERGUELEN)<\/strong><\/p>\n<p><strong><u>Absent<\/u><\/strong><strong>\u00a0: R. MORENO<\/strong><\/p>\n<p>D\u00e9signation d\u2019un secr\u00e9taire de s\u00e9ance\u00a0:<\/p>\n<p>Conform\u00e9ment \u00e0 l\u2019article L.2121-15 du Code G\u00e9n\u00e9ral des Collectivit\u00e9s Locales, Mme Chantal LE ROSSIGNOL est nomm\u00e9e secr\u00e9taire de s\u00e9ance.<\/p>\n<h4>Approbation du compte-rendu du conseil municipal du 26 d\u00e9cembre 2018\u00a0:<\/h4>\n<p>Le compte-rendu du 26 d\u00e9cembre 2018 est approuv\u00e9 \u00e0 l\u2019unanimit\u00e9 des membres pr\u00e9sents moins une opposition\u00a0:\u00a0Franck SAUVAGE.<\/p>\n<h1><strong><u>1<sup>\u00e8re<\/sup> partie de la r\u00e9union<\/u><\/strong><\/h1>\n<p><strong><u>I \u2013 ENVIRONNEMENT\u00a0:<\/u><\/strong><\/p>\n<p><strong><u>Pr\u00e9sentation du projet \u00e9olien de Monterfil par la Soci\u00e9t\u00e9 ABO WIND<\/u><\/strong><\/p>\n<p>Mr Ga\u00ebl MILLET de la Soci\u00e9t\u00e9 ABO WIND pr\u00e9sente le projet \u00e9olien de Monterfil \u00e0 l\u2019aide d\u2019un diaporama\u00a0:<\/p>\n<p>La Soci\u00e9t\u00e9 ABO WIND est internationale, surtout en Europe Allemagne et en France, ayant un savoir-faire de l\u2019investigation, la prospection, la construction et enfin \u00e0 l\u2019exploitation de parcs \u00e9oliens.<\/p>\n<p>Le projet de Monterfil r\u00e9pond au contexte r\u00e9glementaire du Grenelle II de l\u2019environnement dans le cadre des \u00ab\u00a0Installations class\u00e9es pour la protection de l\u2019environnement\u00a0\u00bb.<\/p>\n<p>Le projet dispose de crit\u00e8res favorables\u00a0: gisement \u00e9olien suffisant, \u00e9loignement possible de 500 m\u00e8tres de l\u2019habitat, acceptation locale (conseil municipal D\u00e9lib\u00e9rations 2015 et 2017 et riverains) foncier\u00a0: signature d\u2019accords de principe\u00a0 et consultation des services de l\u2019Etat. Le projet sera raccord\u00e9 au poste source de Montfort qui dispose des capacit\u00e9s suffisantes pour accepter l\u2019\u00e9nergie produite.<\/p>\n<p>Aujourd\u2019hui\u00a0(d\u00e9c 2018) le projet a re\u00e7u un avis de l\u2019autorit\u00e9 environnementale et est valid\u00e9 par des bureaux d\u2019\u00e9tudes\u00a0: \u00e9tude des milieux naturels, \u00e9tude du paysage et du patrimoine, \u00e9tude du bruit, de la sant\u00e9 et de la s\u00e9curit\u00e9<\/p>\n<p>Projet retenu\u00a0: 3 \u00e9oliennes de 120 m de hauteur avec une production de 10.8 MW (3 x 3.6 MW) \u2013 dur\u00e9e de fonctionnement\u00a0: 20 \u00e0 25 ans<\/p>\n<p>L&rsquo;\u00e9nergie produite correspondra \u00e0 la consommation moyenne\u00a0 de 5\u00a0000 foyers<\/p>\n<p>Mesures propos\u00e9e par le paysagiste\u00a0:<\/p>\n<p>Plantation d\u2019une couronne bocag\u00e8re, long\u00e9e d\u2019un cheminement pi\u00e9tonnier en limite du futur lotissement (le champ du bois) = budget de 20\u00a0000 \u20ac. Il est demand\u00e9 de contacter d\u00e8s \u00e0 pr\u00e9sent le propri\u00e9taire et l\u2019exploitant de fa\u00e7on \u00e0 convenir de la mise en place de cette haie bocag\u00e8re et de l\u2019emprise du chemin pi\u00e9tonnier et \u00e9galement obtenir l\u2019autorisation de cr\u00e9er un passage pi\u00e9ton sur la Route D\u00e9partementale en sortie de bourg<\/p>\n<p>Les essences pressenties\u00a0: cornouiller, sureau noir, charme, tro\u00e8ne commun, noisetier<\/p>\n<p>Des mesures de bruit sur les habitations de Treffendel\u00a0(le Bignon, la Besnardais et la Ruelle) ont \u00e9t\u00e9 r\u00e9alis\u00e9es et\u00a0non r\u00e9pertori\u00e9es comme sensibles.<\/p>\n<p>Le cheminement des installations par camion se fera par la sortie \u00ab\u00a0Monterfil\u00a0\u00bb le long de 2&#215;2 voies en venant de Rennes. Il est possible de prendre un arr\u00eat\u00e9 municipal interdisant le passage dans le centre-bourg de Treffendel.<\/p>\n<p>Il existe \u00e9galement une \u00e9tude des dangers (par ex. projections de glace d\u00e9pos\u00e9e sur les pales des \u00e9oliennes\u2026.).<\/p>\n<p>Les prochaines \u00e9ch\u00e9ances\u00a0:<\/p>\n<ul>\n<li>Enqu\u00eate publique en mars \u2013 avril 2019<\/li>\n<li>Instruction CNDPS\u00a0: mai 2019<\/li>\n<li>Autorisation pr\u00e9fectorale\u00a0: juillet 2019<\/li>\n<\/ul>\n<p>Le portage financier n\u2019est pas encore d\u00e9fini.<\/p>\n<p>&nbsp;<\/p>\n<p>&nbsp;<\/p>\n<h1><strong><u>2<sup>\u00e8me<\/sup> partie de la r\u00e9union\u00a0:<\/u><\/strong><\/h1>\n<h1>II &#8211; INTERCOMMUNALITE\u00a0:<\/h1>\n<h4>Pr\u00e9sentation des actions du 2<sup>\u00e8me<\/sup> semestre 2018<\/h4>\n<p>Madame le Maire pr\u00e9sente au conseil municipal le compte-rendu des actions men\u00e9es au cours du 2<sup>\u00e8me<\/sup> semestre 2018, selon diff\u00e9rents th\u00e8mes\u00a0:<\/p>\n<ul>\n<li>Finances<\/li>\n<li>Gouvernance<\/li>\n<li>March\u00e9s publics<\/li>\n<li>Economie<\/li>\n<li>Emploi<\/li>\n<li>P\u00f4le technique<\/li>\n<li>Am\u00e9nagement du territoire<\/li>\n<li>Habitat<\/li>\n<li>D\u00e9veloppement durable<\/li>\n<li>Tourisme<\/li>\n<li>Culture<\/li>\n<li>Sport \u2013 Vie associative<\/li>\n<li>Services \u00e0 la population<\/li>\n<li>Action sociale<\/li>\n<li>Communication\u00a0: revoir s\u2019il pourrait \u00eatre donn\u00e9 la possibilit\u00e9 aux associations du territoire de figurer sur le site de la Communaut\u00e9 de Communes de Broc\u00e9liande sous forme d\u2019un lien\u00a0?<\/li>\n<li>Personnel<\/li>\n<\/ul>\n<p>Le conseil municipal prend acte de ces diff\u00e9rentes actions du 2<sup>\u00e8me<\/sup> semestre 2018.<\/p>\n<h1>III \u2013 B\u00c2TIMENTS COMMUNAUX\u00a0:<\/h1>\n<h4>1\u00b0 &#8211; Salle de sports\u00a0: proposition d\u2019un r\u00e8glement int\u00e9rieur<\/h4>\n<p>Madame Patricia Baudais, Adjointe \u00e0 la vie associative, pr\u00e9sente un projet de r\u00e8glement d\u2019utilisation de la salle de<\/p>\n<p>sports suite \u00e0 la r\u00e9fection du sol sportif, travail collectif avec les associations utilisatrices de la salle de sports.<\/p>\n<p>Le conseil municipal en prend connaissance. Il est apport\u00e9 deux modifications\u00a0:<\/p>\n<p>Article 4\u00a0: ajouter\u00a0: \u00ab\u00a0libre acc\u00e8s aux extincteurs\u00a0\u00bb<\/p>\n<p>Article 12\u00a0: ajouter \u00ab\u00a0En cas d\u2019intrusion, la mairie alertera les associations\u00a0\u00bb<\/p>\n<p>Revoir \u00e0 cr\u00e9er\u00a0:<\/p>\n<ul>\n<li>une note succincte d\u2019utilisation de la salle de sports remise \u00e0 chaque particulier utilisateur<\/li>\n<li>panneau explicatif d\u2019entretien simple<\/li>\n<li>planning d\u2019occupation de la salle de sports<\/li>\n<\/ul>\n<p>pour affichage dans les locaux.<\/p>\n<p>Apr\u00e8s en avoir d\u00e9lib\u00e9r\u00e9, le conseil municipal d\u00e9cide, \u00e0 l\u2019unanimit\u00e9 d\u2019approuver le r\u00e8glement int\u00e9rieur de la salle de sports, tel que r\u00e9dig\u00e9 dans le document ci-joint.<\/p>\n<h4><u>2\u00b0 &#8211; Projet \u00ab\u00a0Boulangerie\u00a0\u00bb\u00a0: choix de l\u2019architecte<\/u><\/h4>\n<p>Madame le Maire rappelle au conseil municipal que lors de la s\u00e9ance du 15 novembre 2018, il avait \u00e9t\u00e9 d\u00e9cid\u00e9 d\u2019autoriser Madame le Maire \u00e0 lancer un appel d\u2019offre pour la mission de ma\u00eetrise d\u2019\u0153uvre pour la r\u00e9habilitation-extension d\u2019une maison d\u2019habitation en boulangerie<\/p>\n<p>L\u2019avis d\u2019appel public \u00e0 la concurrence a \u00e9t\u00e9 mis en ligne sur la plateforme e-M\u00e9galis le 30 novembre 2018.<\/p>\n<p>La date de r\u00e9ception des offres \u00e9tait fix\u00e9e au 21 d\u00e9cembre 2018 \u00e0 12 h 00.<\/p>\n<p>L\u2019ouverture des plis a eu lieu le 07 janvier 2019 \u00e0 10 h 00.<\/p>\n<p>Madame le Maire pr\u00e9sente donc le r\u00e9sultat de l\u2019appel d\u2019offres, en rappelant les crit\u00e8res de jugement des offres<\/p>\n<ol>\n<li>Valeur technique = 60 %<\/li>\n<li>Prix des prestations = 40 %.<\/li>\n<\/ol>\n<p>5 offres ont \u00e9t\u00e9 valid\u00e9es.<\/p>\n<p>Il est propos\u00e9 de retenir l\u2019offre de base et variante exig\u00e9e ESQ du groupement Eon Architecture \u2013 EXOCETH pour un montant H.T. de 26\u00a0595 \u20ac.<\/p>\n<p>Apr\u00e8s en avoir d\u00e9lib\u00e9r\u00e9, le conseil municipal d\u00e9cide, \u00e0 l\u2019unanimit\u00e9 moins deux abstentions (Patricia Baudais et Franck Sauvage)\u00a0:<\/p>\n<ul>\n<li>De retenir l\u2019offre du Groupement Eon Architecture \u2013 EXOCETH pour la mission de ma\u00eetrise d\u2019\u0153uvre pour la r\u00e9habilitation-extension d\u2019une maison d\u2019habitation en boulangerie \u00e0 raison de 26\u00a0595 \u20ac HT,<\/li>\n<li>D\u2019autoriser Madame le Maire \u00e0 signer le march\u00e9 et tous documents relatifs \u00e0 cette mission de ma\u00eetrise d\u2019\u0153uvre.<\/li>\n<\/ul>\n<h1>IV &#8211; URBANISME :<\/h1>\n<h4>Droit de Pr\u00e9emption Urbain\u00a0: parcelle B N\u00b0 1471<\/h4>\n<p>Il est demand\u00e9 \u00e0 Mme Gu\u00e9na\u00eblle ROBIN, conseill\u00e8re municipale, de quitter la salle car l\u2019affaire la concerne.<\/p>\n<p>Mr Laurent PERSEHAIE, Adjoint \u00e0 l\u2019Urbanisme, informe le conseil municipal de la r\u00e9ception d\u2019une D\u00e9claration d\u2019Intention d\u2019Ali\u00e9ner concernant la parcelle b\u00e2tie cadastr\u00e9e section B N\u00b0 1471 d\u2019une surface de 516 m\u00b2.<\/p>\n<p>Il est propos\u00e9 de ne pas faire valoir le Droit de Pr\u00e9emption Urbain, cette parcelle b\u00e2tie n\u2019ayant pas d\u2019int\u00e9r\u00eat public.<\/p>\n<p>Apr\u00e8s en avoir d\u00e9lib\u00e9r\u00e9, le conseil municipal d\u00e9cide, \u00e0 l\u2019unanimit\u00e9\u00a0:<\/p>\n<ul>\n<li>De ne pas faire valoir son droit de pr\u00e9emption urbain sur la parcelle b\u00e2tie cadastr\u00e9e section B N\u00b0 1471.<\/li>\n<\/ul>\n<h1>V \u2013 FINANCES\u00a0:<\/h1>\n<h4>Suppression de la r\u00e9gie \u00a0\u00bb garderie \u2013 cantine (petites factures) \u00ab\u00a0<\/h4>\n<p>Par d\u00e9lib\u00e9ration en date du 1<sup>er<\/sup> octobre 2015, il avait \u00e9t\u00e9 d\u00e9cid\u00e9 de maintenir la r\u00e9gie \u00abfacturation garderie \u2013 cantine\u00a0\u00bb pour les factures annuelles inf\u00e9rieures \u00e0 5.00 \u20ac\u00a0\u00bb.<\/p>\n<p>Or, le montant inf\u00e9rieur est pass\u00e9 \u00e0 15.00 \u20ac. Ainsi, toutes les factures inf\u00e9rieures \u00e0 15 \u20ac sont regroup\u00e9es \u00ab\u00a0en attente\u00a0\u00bb et mises en appel de paiement \u00e0 la fin de l\u2019ann\u00e9e scolaire sur la facturation de juin-juillet de chaque ann\u00e9e.<\/p>\n<p>Par cons\u00e9quent, Mr le Percepteur nous indique que la r\u00e9gie n\u2019a plus lieu d\u2019\u00eatre et qu\u2019il convient de la supprimer.<\/p>\n<p>Apr\u00e8s en avoir d\u00e9lib\u00e9r\u00e9, le conseil municipal d\u00e9cide, \u00e0 l\u2019unanimit\u00e9\u00a0:<\/p>\n<ul>\n<li>De supprimer la r\u00e9gie \u00ab\u00a0facturation garderie-cantine (petites factures)\u00a0\u00bb<\/li>\n<li>De maintenir le syst\u00e8me de facturation regroup\u00e9e en fin de chaque ann\u00e9e scolaire (facturation de juin \u2013 juillet) permettant de cumuler toutes les factures inf\u00e9rieures \u00e0 15 \u20ac tout au long de l\u2019ann\u00e9e pour les familles concern\u00e9es.<\/li>\n<\/ul>\n<h4>Vote de la subvention communale d\u2019\u00e9quilibre pour le budget \u00ab\u00a0Equipements p\u00e9riscolaires\u00a0\u00bb<\/h4>\n<p>Monsieur Laurent Persehaie, Adjoint aux Finances, informe le conseil municipal que la commission \u00ab\u00a0Finances\u00a0\u00bb propose de voter une subvention communale d\u2019un montant de 19\u00a0593.43 \u20ac afin d\u2019\u00e9quilibrer le budget \u00ab\u00a0Equipements p\u00e9riscolaires\u00a0\u00bb de l\u2019ann\u00e9e 2018.<\/p>\n<p>Pour m\u00e9moire\u00a0:<\/p>\n<ul>\n<li>Budget Primitif 2018\u00a0: il avait \u00e9t\u00e9 inscrit une somme de 24\u00a0600 \u20ac<\/li>\n<li>Montant d\u00e9finitif de la subvention communale 2017\u00a0: 20\u00a0984.68 \u20ac<\/li>\n<\/ul>\n<p>Apr\u00e8s en avoir d\u00e9lib\u00e9r\u00e9, le conseil municipal d\u00e9cide, \u00e0 l\u2019unanimit\u00e9\u00a0:<\/p>\n<ul>\n<li>De voter une subvention communale d\u2019un montant de 19\u00a0593.43 \u20ac pour \u00e9quilibrer le budget 2018 \u00ab\u00a0Equipements p\u00e9riscolaires\u00a0\u00bb.<\/li>\n<\/ul>\n<h1>VII \u2013 Equipement sportif\u00a0:<\/h1>\n<p><strong><u>*Terrain de football synth\u00e9tique\u00a0: r\u00e9gularisation de l\u2019\u00e9change Boucard\u00a0\/ Commune<\/u><\/strong><\/p>\n<p>Par d\u00e9lib\u00e9ration en date du 11 octobre 2018, il avait \u00e9t\u00e9 not\u00e9 \u00e9change Boucard Andr\u00e9 \/ Commune. Or, Mr Andr\u00e9 Boucard \u00e9tant d\u00e9c\u00e9d\u00e9, il faut indiquer \u00ab\u00a0Consorts Boucard\u00a0\u00bb au lieu de Boucard Andr\u00e9.\u00a0 De plus, il avait \u00e9t\u00e9 oubli\u00e9 de stipuler que les frais notari\u00e9s ainsi que tous les frais n\u00e9cessaires \u00e0 la r\u00e9alisation de l\u2019\u00e9change seront \u00e0 la charge de la Commune.<\/p>\n<p>Apr\u00e8s en avoir d\u00e9lib\u00e9r\u00e9, le conseil municipal d\u00e9cide, \u00e0 l\u2019unanimit\u00e9\u00a0de r\u00e9gulariser la d\u00e9lib\u00e9ration en date du 11 octobre 2018, de la fa\u00e7on suivante\u00a0:<\/p>\n<p>L\u2019\u00e9change des deux parcelles se fait entre la commune de Treffendel et \u00ab\u00a0les Consorts Boucard\u00a0\u00bb\u00a0:<\/p>\n<ul>\n<li>parcelle ZC 257 devient propri\u00e9t\u00e9 de la Commune de Treffendel pour une surface de 690 m\u00b2<\/li>\n<li>parcelle ZC 260 devient propri\u00e9t\u00e9 des \u00ab\u00a0Consorts Boucard\u00a0\u00bb pour une surface de 979 m\u00b2.<\/li>\n<\/ul>\n<p>Les frais notari\u00e9s ainsi que tous les frais n\u00e9cessaires \u00e0 la r\u00e9alisation de l\u2019\u00e9change seront \u00e0 la charge de la Commune.<\/p>\n<p>POUR INFORMATION\u00a0:<\/p>\n<p>Madame le Maire rappelle que la construction du terrain de football synth\u00e9tique n\u00e9cessite une r\u00e9vision all\u00e9g\u00e9e du PLU de Treffendel. Mr Michel RADOUL a \u00e9t\u00e9 nomm\u00e9 commissaire-enqu\u00eateur le 04 janvier dernier par le Tribunal Administratif de Rennes. Compte-tenu de la simplicit\u00e9 de la proc\u00e9dure, l\u2019enqu\u00eate publique sera limit\u00e9e sur une dur\u00e9e de 15 jours, programm\u00e9e du mercredi 06 f\u00e9vrier 2019 au mercredi 20 f\u00e9vrier 2019.<\/p>\n<p>Lieu de l\u2019enqu\u00eate publique\u00a0: Mairie de Treffendel<\/p>\n<p>Date des deux permanences du commissaire-enqu\u00eateur\u00a0:<\/p>\n<ul>\n<li>Le mercredi 06 f\u00e9vrier 2019 de 09 h 00 \u00e0 12 h 00<\/li>\n<li>Le mercredi 20 f\u00e9vrier 2019 de 14 h 00 \u00e0 17 h 00.<\/li>\n<\/ul>\n<h1>VIII\u2013 Affaires scolaires\u00a0:<\/h1>\n<h4>Point sur la r\u00e9union du comit\u00e9 de pilotage \u00ab\u00a0R\u00e9forme des rythmes scolaires\u00a0\u00bb du mardi 15 janvier<\/h4>\n<p>Apr\u00e8s d\u00e9bat avec les membres du COPIL (Enseignants des 2 \u00e9coles, parents d\u2019\u00e9l\u00e8ves \u00e9lus au conseil d\u2019\u00e9cole, repr\u00e9sentants des deux associations de parents d\u2019\u00e9l\u00e8ves,\u00a0\u00e9lue commune de St-P\u00e9ran, \u00e9lus commune de Treffendel) il est propos\u00e9 de ne pas continuer les TAP et de revenir \u00e0 une semaine de 4 jours \u00e0 compter de la rentr\u00e9e scolaire de septembre 2019.<\/p>\n<p>Les principaux constats\u00a0sont\u00a0:<\/p>\n<ul>\n<li>Fatigue des enfants surtout les maternelles<\/li>\n<li>Difficult\u00e9 de trouver des intervenants car les jours de TAP des deux \u00e9coles sont diff\u00e9rents (mardi et jeudi)<\/li>\n<li>Treffendel est la seule commune \u00e0 maintenir la semaine des 4 jours \u00bd sur le territoire de la CCB, en 2018-2019 avec des TAP l\u2019apr\u00e8s-midi (la commune de Pl\u00e9lan organise des TAP le mercredi matin)<\/li>\n<li>Risque de reprise des activit\u00e9s extrascolaires le mercredi matin.<\/li>\n<\/ul>\n<p>Apr\u00e8s en avoir d\u00e9lib\u00e9r\u00e9, le conseil municipal d\u00e9cide\u00a0\u00e0 l\u2019unanimit\u00e9 moins une abstention\u00a0(Claudine WEBER) de revenir \u00e0 la semaine des 4 jours \u00e0 la rentr\u00e9e scolaire de septembre 2019.<\/p>\n<p>Ensuite, sera revue la question de l\u2019ouverture ou pas du centre de loisirs le mercredi.<\/p>\n<h4>Point sur le personnel des services p\u00e9riscolaires (cantine et garderie)<\/h4>\n<p>Mme Anne-Marie Lancelot, recrut\u00e9e \u00e0 compter du 1<sup>er<\/sup> septembre 2018, stagiaire, au grade d\u2019Adjoint technique \u00e0 raison de 10.10 \/35<sup>\u00e8me<\/sup>, a pr\u00e9sent\u00e9 sa d\u00e9mission \u00e0 la date du 31 d\u00e9cembre 2018.<\/p>\n<p>Elle a \u00e9t\u00e9 remplac\u00e9e par Mme Annick Chaurin (candidate \u00e0 ce poste en juillet 2018) aux m\u00eames conditions de contrat.<\/p>\n<h1>QUESTIONS DIVERSES :<\/h1>\n<p><u>R\u00e9ception d\u2019une carte de v\u0153ux<\/u> de Mme Anne-Fran\u00e7oise Courteille, 1<sup>\u00e8re<\/sup> Vice-Pr\u00e9sidence du Conseil D\u00e9partemental d\u2019Ille-et-Vilaine.<\/p>\n<p><u>Am\u00e9nagement du bourg<\/u>\u00a0:<\/p>\n<p>Les plantations effectu\u00e9es le long de la rue de Haute-Bretagne, en direction de Maxent ont \u00e9t\u00e9 r\u00e9alis\u00e9es par Leroy Paysages et correspondaient \u00e0 la fin de chantier. Il est indiqu\u00e9 que le sapin \u00ab\u00a0Iff\u00a0\u00bb \u00a0situ\u00e9 \u00e0 c\u00f4t\u00e9 du monument aux morts pourrait \u00e0 terme masquer la visibilit\u00e9. Il est r\u00e9pondu que cette vari\u00e9t\u00e9 de sapin est \u00e0 \u00ab\u00a0pousse lente\u00a0\u00bb. Toutefois, si le manque de visibilit\u00e9 s\u2019av\u00e8re reconnu, il pourra \u00eatre envisag\u00e9 la pose d\u2019un miroir.<\/p>\n<p><u>Ecole publique\u00a0: Monument situ\u00e9 \u00e0 c\u00f4t\u00e9 du parking<\/u>\u00a0: l\u2019\u00e9t\u00e9 dernier\u00a0: la croix \u00e9tait tomb\u00e9e. Elle va \u00eatre consolid\u00e9e.<\/p>\n<p><u>Rue de la cour D\u00e9toc<\/u>\u00a0: \u00a0revoir \u00e0 positionner une fl\u00e8che de priorit\u00e9.<\/p>\n<p><u>Eclairage public<\/u>\u00a0: revoir avec la Santerne pour obtenir un horaire identique sur tout le r\u00e9seau.<\/p>\n<h1>VI \u2013 Instance du Conseil municipal :<\/h1>\n<ul>\n<li><u>D\u00e9mission de Mme Patricia BAUDAIS, 4<sup>\u00e8me<\/sup> Adjointe<\/u><\/li>\n<\/ul>\n<p>Madame le Maire informe le conseil municipal du souhait de Mme Patricia Baudais, 4<sup>\u00e8me<\/sup> adjointe, de d\u00e9missionner de son poste d\u2019Adjointe mais \u00e9galement de son poste de Conseill\u00e8re Municipale \u00e0 la date du 31 janvier 2019. Elle a donc adress\u00e9 un courrier dans ce sens \u00e0 Mme La Pr\u00e9f\u00e8te d\u2019Ille-et-Vilaine. La d\u00e9mission ne sera effective qu\u2019apr\u00e8s acceptation de Mme la Pr\u00e9f\u00e8te. Pour l\u2019instant, nous n\u2019avons pas re\u00e7u de Mme le Pr\u00e9f\u00e8te son accord pour cette d\u00e9mission.<\/p>\n<p>Toutefois, Madame le Maire remercie Patricia pour son action et son travail sur le poste de 4<sup>\u00e8me<\/sup> adjointe\u00a0: vie associative (pr\u00e9sence aupr\u00e8s de chaque association), et surtout sur le domaine de la \u00ab\u00a0communication\u00a0\u00bb (refonte du site Internet, livret des associations, bulletin municipal,<\/p>\n<p>Mme Patricia Baudais s\u2019exprime sur son souhait et remercie le conseil municipal pour cette \u00ab\u00a0belle aventure\u00a0\u00bb.<\/p>\n<p>PROCHAINS CONSEILS MUNICIPAUX\u00a0:<\/p>\n<ul>\n<li>Jeudi 21 f\u00e9vrier 2019 \u00e0 20 h 30 : R\u00e9union Adjoints\u00a0: mardi 05\u00a0 f\u00e9vrier 2019 \u00e0 20 h 30<\/li>\n<li>Jeudi 14 mars 2019 \u00e0 20 h 30 : R\u00e9union Adjoints\u00a0: mardi 05 mars 2019 \u00e0 20 h 30<\/li>\n<li>Jeudi 28 mars 2019 \u00e0 18 h 30 : vote du BP 2019<\/li>\n<li>Jeudi 11 avril 2019 \u00e0 20 h 30 : R\u00e9union Adjoints\u00a0: mardi 02 avril 2019 \u00e0 20 h 30<\/li>\n<li>Jeudi 16 mai 2019 : R\u00e9union Adjoints\u00a0: mardi 07 mai 2019 \u00e0 20 h 30<\/li>\n<li>Jeudi 13 juin 2019 \u00e0 20 h 30 : R\u00e9union Adjoints\u00a0: mardi 04 juin 2019 \u00e0 20 h 30<\/li>\n<li>Jeudi 11 juillet 2019 \u00e0 20 h 30 : R\u00e9union Adjoints\u00a0: mardi 02 juillet 2019 \u00e0 20 h 30<\/li>\n<\/ul>\n<p>PROCHAINES MANIFESTATIONS\u00a0:<\/p>\n<ul>\n<li>Samedi 19 janvier 2019 : LOTO du Comit\u00e9 des f\u00eates<\/li>\n<li>Samedi 27 janvier 2019 : Th\u00e9 dansant Club de l\u2019\u00e2ge d\u2019Or<\/li>\n<\/ul>\n","protected":false},"excerpt":{"rendered":"<p>Pr\u00e9sents\u00a0: F. KERGUELEN, L. PERSEHAIE, C. LE ROSSIGNOL, B. HERVAULT, P. BAUDAIS, P. PERSEHAIE, C.\u00a0BANCHEREAU, M. RAULLINE, P. RAFFEGEAU, S. GRANDAIS, C. WEBER, G. ROBIN, F. SAUVAGE, Excus\u00e9e\u00a0: M. RAULLINE (Procuration \u00e0 F. KERGUELEN) Absent\u00a0: R. MORENO D\u00e9signation d\u2019un secr\u00e9taire de s\u00e9ance\u00a0: Conform\u00e9ment \u00e0 l\u2019article L.2121-15 du Code G\u00e9n\u00e9ral des Collectivit\u00e9s Locales, Mme Chantal LE [&hellip;]<\/p>\n","protected":false},"author":1,"featured_media":0,"parent":17,"menu_order":0,"comment_status":"closed","ping_status":"closed","template":"","meta":[],"_links":{"self":[{"href":"https:\/\/www.treffendel.fr\/index.php?rest_route=\/wp\/v2\/pages\/2230"}],"collection":[{"href":"https:\/\/www.treffendel.fr\/index.php?rest_route=\/wp\/v2\/pages"}],"about":[{"href":"https:\/\/www.treffendel.fr\/index.php?rest_route=\/wp\/v2\/types\/page"}],"author":[{"embeddable":true,"href":"https:\/\/www.treffendel.fr\/index.php?rest_route=\/wp\/v2\/users\/1"}],"replies":[{"embeddable":true,"href":"https:\/\/www.treffendel.fr\/index.php?rest_route=%2Fwp%2Fv2%2Fcomments&post=2230"}],"version-history":[{"count":1,"href":"https:\/\/www.treffendel.fr\/index.php?rest_route=\/wp\/v2\/pages\/2230\/revisions"}],"predecessor-version":[{"id":2231,"href":"https:\/\/www.treffendel.fr\/index.php?rest_route=\/wp\/v2\/pages\/2230\/revisions\/2231"}],"up":[{"embeddable":true,"href":"https:\/\/www.treffendel.fr\/index.php?rest_route=\/wp\/v2\/pages\/17"}],"wp:attachment":[{"href":"https:\/\/www.treffendel.fr\/index.php?rest_route=%2Fwp%2Fv2%2Fmedia&parent=2230"}],"curies":[{"name":"wp","href":"https:\/\/api.w.org\/{rel}","templated":true}]}}