{"id":224,"date":"2016-11-28T16:29:01","date_gmt":"2016-11-28T15:29:01","guid":{"rendered":"http:\/\/2016.treffendel.fr\/?page_id=224"},"modified":"2019-06-03T16:26:04","modified_gmt":"2019-06-03T14:26:04","slug":"la-salle-polyvalente","status":"publish","type":"page","link":"https:\/\/www.treffendel.fr\/?page_id=224","title":{"rendered":"La salle polyvalente"},"content":{"rendered":"<h2>Salle polyvalente <span style=\"color: #ffffff;\">salles location<\/span><\/h2>\n<p>Rue de la Mairie (02.99.61.01.54)<\/p>\n<p><img loading=\"lazy\" class=\"alignnone wp-image-2446 size-full\" src=\"http:\/\/2016.treffendel.fr\/wp-content\/uploads\/2019\/06\/capture20190603162038171.png\" alt=\"\" width=\"1287\" height=\"496\" srcset=\"https:\/\/www.treffendel.fr\/wp-content\/uploads\/2019\/06\/capture20190603162038171.png 1287w, https:\/\/www.treffendel.fr\/wp-content\/uploads\/2019\/06\/capture20190603162038171-300x116.png 300w, https:\/\/www.treffendel.fr\/wp-content\/uploads\/2019\/06\/capture20190603162038171-768x296.png 768w, https:\/\/www.treffendel.fr\/wp-content\/uploads\/2019\/06\/capture20190603162038171-1024x395.png 1024w, https:\/\/www.treffendel.fr\/wp-content\/uploads\/2019\/06\/capture20190603162038171-500x193.png 500w, https:\/\/www.treffendel.fr\/wp-content\/uploads\/2019\/06\/capture20190603162038171-900x347.png 900w, https:\/\/www.treffendel.fr\/wp-content\/uploads\/2019\/06\/capture20190603162038171-1280x493.png 1280w\" sizes=\"(max-width: 1287px) 100vw, 1287px\" \/><\/p>\n<p>Salle de 150 m\u00b2, \u00e9quip\u00e9e d&rsquo;une cuisine et une salle annexe.<\/p>\n<p><a href=\"http:\/\/2016.treffendel.fr\/?p=549\">Tarifs (cliquer ici)<\/a> et r\u00e9servations en mairie (02.99.61.00.71)<\/p>\n<p><iframe style=\"border: 0;\" src=\"https:\/\/www.google.com\/maps\/embed?pb=!1m18!1m12!1m3!1d666.9375587863765!2d-2.0063650040977303!3d48.03785049862374!2m3!1f0!2f0!3f0!3m2!1i1024!2i768!4f13.1!3m3!1m2!1s0x480f0045ff3faac7%3A0x91053bbf14e937d6!2s2+Rue+de+la+Mairie%2C+35380+Treffendel!5e0!3m2!1sfr!2sfr!4v1559571900911!5m2!1sfr!2sfr\" width=\"600\" height=\"450\" frameborder=\"0\" allowfullscreen=\"allowfullscreen\"><\/iframe><\/p>\n","protected":false},"excerpt":{"rendered":"<p>Salle polyvalente salles location Rue de la Mairie (02.99.61.01.54) Salle de 150 m\u00b2, \u00e9quip\u00e9e d&rsquo;une cuisine et une salle annexe. Tarifs (cliquer ici) et r\u00e9servations en mairie (02.99.61.00.71)<\/p>\n","protected":false},"author":1,"featured_media":0,"parent":217,"menu_order":0,"comment_status":"closed","ping_status":"closed","template":"","meta":[],"_links":{"self":[{"href":"https:\/\/www.treffendel.fr\/index.php?rest_route=\/wp\/v2\/pages\/224"}],"collection":[{"href":"https:\/\/www.treffendel.fr\/index.php?rest_route=\/wp\/v2\/pages"}],"about":[{"href":"https:\/\/www.treffendel.fr\/index.php?rest_route=\/wp\/v2\/types\/page"}],"author":[{"embeddable":true,"href":"https:\/\/www.treffendel.fr\/index.php?rest_route=\/wp\/v2\/users\/1"}],"replies":[{"embeddable":true,"href":"https:\/\/www.treffendel.fr\/index.php?rest_route=%2Fwp%2Fv2%2Fcomments&post=224"}],"version-history":[{"count":6,"href":"https:\/\/www.treffendel.fr\/index.php?rest_route=\/wp\/v2\/pages\/224\/revisions"}],"predecessor-version":[{"id":2451,"href":"https:\/\/www.treffendel.fr\/index.php?rest_route=\/wp\/v2\/pages\/224\/revisions\/2451"}],"up":[{"embeddable":true,"href":"https:\/\/www.treffendel.fr\/index.php?rest_route=\/wp\/v2\/pages\/217"}],"wp:attachment":[{"href":"https:\/\/www.treffendel.fr\/index.php?rest_route=%2Fwp%2Fv2%2Fmedia&parent=224"}],"curies":[{"name":"wp","href":"https:\/\/api.w.org\/{rel}","templated":true}]}}