{"id":226,"date":"2016-11-28T16:29:37","date_gmt":"2016-11-28T15:29:37","guid":{"rendered":"http:\/\/2016.treffendel.fr\/?page_id=226"},"modified":"2019-06-03T16:41:20","modified_gmt":"2019-06-03T14:41:20","slug":"la-salle-de-sport","status":"publish","type":"page","link":"https:\/\/www.treffendel.fr\/?page_id=226","title":{"rendered":"installations sportives"},"content":{"rendered":"<h3>salle de sports<img loading=\"lazy\" class=\"wp-image-2431 size-medium alignright\" src=\"http:\/\/2016.treffendel.fr\/wp-content\/uploads\/2019\/06\/salle_sport-279x300.jpg\" alt=\"\" width=\"279\" height=\"300\" srcset=\"https:\/\/www.treffendel.fr\/wp-content\/uploads\/2019\/06\/salle_sport-279x300.jpg 279w, https:\/\/www.treffendel.fr\/wp-content\/uploads\/2019\/06\/salle_sport-500x538.jpg 500w, https:\/\/www.treffendel.fr\/wp-content\/uploads\/2019\/06\/salle_sport.jpg 670w\" sizes=\"(max-width: 279px) 100vw, 279px\" \/><\/h3>\n<p>Situ\u00e9e dans le centre-bourg, rue de Haute Bretagne (pr\u00e8s de la mairie)<\/p>\n<p><img loading=\"lazy\" class=\"alignnone size-medium wp-image-2453\" src=\"http:\/\/2016.treffendel.fr\/wp-content\/uploads\/2019\/06\/Equipements-Treffendel-006-300x225.jpg\" alt=\"\" width=\"300\" height=\"225\" srcset=\"https:\/\/www.treffendel.fr\/wp-content\/uploads\/2019\/06\/Equipements-Treffendel-006-300x225.jpg 300w, https:\/\/www.treffendel.fr\/wp-content\/uploads\/2019\/06\/Equipements-Treffendel-006-768x576.jpg 768w, https:\/\/www.treffendel.fr\/wp-content\/uploads\/2019\/06\/Equipements-Treffendel-006.jpg 1024w, https:\/\/www.treffendel.fr\/wp-content\/uploads\/2019\/06\/Equipements-Treffendel-006-500x375.jpg 500w, https:\/\/www.treffendel.fr\/wp-content\/uploads\/2019\/06\/Equipements-Treffendel-006-900x675.jpg 900w\" sizes=\"(max-width: 300px) 100vw, 300px\" \/><\/p>\n<p><iframe style=\"border: 0;\" src=\"https:\/\/www.google.com\/maps\/embed?pb=!1m18!1m12!1m3!1d666.9358694609298!2d-2.004932170754631!3d48.03798099870095!2m3!1f0!2f0!3f0!3m2!1i1024!2i768!4f13.1!3m3!1m2!1s0x0%3A0x0!2zNDjCsDAyJzE2LjciTiAywrAwMCcxNS44Ilc!5e0!3m2!1sfr!2sfr!4v1559572013385!5m2!1sfr!2sfr\" width=\"400\" height=\"300\" frameborder=\"0\" allowfullscreen=\"allowfullscreen\"><\/iframe><\/p>\n<p>&nbsp;<\/p>\n<h3>Terrain de football<\/h3>\n<p>Il est situ\u00e9 \u00e0 La Rue es Chollet : 1 terrain en herbe + 1 terrain synth\u00e9tique (livraison septembre 2019)<\/p>\n<p><iframe style=\"border: 0;\" src=\"https:\/\/www.google.com\/maps\/embed?pb=!1m18!1m12!1m3!1d1121.6238430507794!2d-2.0190892684702804!3d48.03908892057682!2m3!1f0!2f0!3f0!3m2!1i1024!2i768!4f13.1!3m3!1m2!1s0x0%3A0xbcfc83ca1c9f62a0!2sTerrain+de+Football!5e0!3m2!1sfr!2sfr!4v1559572168959!5m2!1sfr!2sfr\" width=\"300\" height=\"225\" frameborder=\"0\" allowfullscreen=\"allowfullscreen\"><\/iframe><img loading=\"lazy\" class=\"alignnone size-medium wp-image-2454\" src=\"http:\/\/2016.treffendel.fr\/wp-content\/uploads\/2019\/06\/Equipements-Treffendel-011-300x225.jpg\" alt=\"\" width=\"300\" height=\"225\" srcset=\"https:\/\/www.treffendel.fr\/wp-content\/uploads\/2019\/06\/Equipements-Treffendel-011-300x225.jpg 300w, https:\/\/www.treffendel.fr\/wp-content\/uploads\/2019\/06\/Equipements-Treffendel-011-768x576.jpg 768w, https:\/\/www.treffendel.fr\/wp-content\/uploads\/2019\/06\/Equipements-Treffendel-011.jpg 1024w, https:\/\/www.treffendel.fr\/wp-content\/uploads\/2019\/06\/Equipements-Treffendel-011-500x375.jpg 500w, https:\/\/www.treffendel.fr\/wp-content\/uploads\/2019\/06\/Equipements-Treffendel-011-900x675.jpg 900w\" sizes=\"(max-width: 300px) 100vw, 300px\" \/><\/p>\n<p>&nbsp;<\/p>\n","protected":false},"excerpt":{"rendered":"<p>salle de sports Situ\u00e9e dans le centre-bourg, rue de Haute Bretagne (pr\u00e8s de la mairie) &nbsp; Terrain de football Il est situ\u00e9 \u00e0 La Rue es Chollet : 1 terrain en herbe + 1 terrain synth\u00e9tique (livraison septembre 2019) &nbsp;<\/p>\n","protected":false},"author":1,"featured_media":0,"parent":217,"menu_order":0,"comment_status":"closed","ping_status":"closed","template":"","meta":[],"_links":{"self":[{"href":"https:\/\/www.treffendel.fr\/index.php?rest_route=\/wp\/v2\/pages\/226"}],"collection":[{"href":"https:\/\/www.treffendel.fr\/index.php?rest_route=\/wp\/v2\/pages"}],"about":[{"href":"https:\/\/www.treffendel.fr\/index.php?rest_route=\/wp\/v2\/types\/page"}],"author":[{"embeddable":true,"href":"https:\/\/www.treffendel.fr\/index.php?rest_route=\/wp\/v2\/users\/1"}],"replies":[{"embeddable":true,"href":"https:\/\/www.treffendel.fr\/index.php?rest_route=%2Fwp%2Fv2%2Fcomments&post=226"}],"version-history":[{"count":5,"href":"https:\/\/www.treffendel.fr\/index.php?rest_route=\/wp\/v2\/pages\/226\/revisions"}],"predecessor-version":[{"id":2455,"href":"https:\/\/www.treffendel.fr\/index.php?rest_route=\/wp\/v2\/pages\/226\/revisions\/2455"}],"up":[{"embeddable":true,"href":"https:\/\/www.treffendel.fr\/index.php?rest_route=\/wp\/v2\/pages\/217"}],"wp:attachment":[{"href":"https:\/\/www.treffendel.fr\/index.php?rest_route=%2Fwp%2Fv2%2Fmedia&parent=226"}],"curies":[{"name":"wp","href":"https:\/\/api.w.org\/{rel}","templated":true}]}}