{"id":228,"date":"2016-11-28T16:30:37","date_gmt":"2016-11-28T15:30:37","guid":{"rendered":"http:\/\/2016.treffendel.fr\/?page_id=228"},"modified":"2016-11-28T16:30:37","modified_gmt":"2016-11-28T15:30:37","slug":"les-salles-associatives","status":"publish","type":"page","link":"https:\/\/www.treffendel.fr\/?page_id=228","title":{"rendered":"Les salles associatives"},"content":{"rendered":"<p>Ces salles sont r\u00e9serv\u00e9es aux associations locales.<\/p>\n<p>Elles sont situ\u00e9es rue de Broc\u00e9liande (entr\u00e9e par la cour derri\u00e8re la m\u00e9diath\u00e8que)<\/p>\n","protected":false},"excerpt":{"rendered":"<p>Ces salles sont r\u00e9serv\u00e9es aux associations locales. Elles sont situ\u00e9es rue de Broc\u00e9liande (entr\u00e9e par la cour derri\u00e8re la m\u00e9diath\u00e8que)<\/p>\n","protected":false},"author":1,"featured_media":0,"parent":217,"menu_order":0,"comment_status":"closed","ping_status":"closed","template":"","meta":[],"_links":{"self":[{"href":"https:\/\/www.treffendel.fr\/index.php?rest_route=\/wp\/v2\/pages\/228"}],"collection":[{"href":"https:\/\/www.treffendel.fr\/index.php?rest_route=\/wp\/v2\/pages"}],"about":[{"href":"https:\/\/www.treffendel.fr\/index.php?rest_route=\/wp\/v2\/types\/page"}],"author":[{"embeddable":true,"href":"https:\/\/www.treffendel.fr\/index.php?rest_route=\/wp\/v2\/users\/1"}],"replies":[{"embeddable":true,"href":"https:\/\/www.treffendel.fr\/index.php?rest_route=%2Fwp%2Fv2%2Fcomments&post=228"}],"version-history":[{"count":1,"href":"https:\/\/www.treffendel.fr\/index.php?rest_route=\/wp\/v2\/pages\/228\/revisions"}],"predecessor-version":[{"id":229,"href":"https:\/\/www.treffendel.fr\/index.php?rest_route=\/wp\/v2\/pages\/228\/revisions\/229"}],"up":[{"embeddable":true,"href":"https:\/\/www.treffendel.fr\/index.php?rest_route=\/wp\/v2\/pages\/217"}],"wp:attachment":[{"href":"https:\/\/www.treffendel.fr\/index.php?rest_route=%2Fwp%2Fv2%2Fmedia&parent=228"}],"curies":[{"name":"wp","href":"https:\/\/api.w.org\/{rel}","templated":true}]}}