{"id":2290,"date":"2019-03-04T11:07:08","date_gmt":"2019-03-04T10:07:08","guid":{"rendered":"http:\/\/2016.treffendel.fr\/?page_id=2290"},"modified":"2019-03-04T11:07:57","modified_gmt":"2019-03-04T10:07:57","slug":"2290-2","status":"publish","type":"page","link":"https:\/\/www.treffendel.fr\/?page_id=2290","title":{"rendered":"Compte-rendu du conseil municipal du 26 f\u00e9vrier 2019 \u00e0 20 h 00"},"content":{"rendered":"<p><strong><u>Pr\u00e9sents\u00a0<\/u><\/strong><strong>: <\/strong><strong>F. KERGUELEN, L. PERSEHAIEL, P. PERSEHAIE, B. HERVAULT, C. BANCHEREAU, P.\u00a0<\/strong><strong>RAFFEGEAU, C. WEBER, S. GRANDAIS, M. RAULLINE,<\/strong><\/p>\n<p><strong><u>Excus\u00e9s<\/u><\/strong><strong>\u00a0: F. SAUVAGE (Procuration\u00a0 \u00e0 P. RAFFEGEAU) LE ROSSIGNOL C, <\/strong><\/p>\n<p><strong><u>Absents<\/u><\/strong><strong>\u00a0: R. MORENO \u2013 G. ROBIN<\/strong><\/p>\n<p>D\u00e9signation d\u2019un secr\u00e9taire de s\u00e9ance\u00a0:<\/p>\n<p>Conform\u00e9ment \u00e0 l\u2019article L.2121-15 du Code G\u00e9n\u00e9ral des Collectivit\u00e9s Locales, Mr S\u00e9bastien GRANDAIS est nomm\u00e9 secr\u00e9taire de s\u00e9ance.<\/p>\n<p>L\u2019approbation du compte-rendu du conseil municipal du 21 f\u00e9vrier 2019 sera vue lors de la s\u00e9ance du 13 mars prochain.<\/p>\n<p><strong><u>ORDRE DU JOUR\u00a0:<\/u><\/strong><\/p>\n<h1>I \u2013 \u00a0PROJET \u00ab\u00a0Boulangerie\u00a0\u00bb: Validation de l\u2019Avant-Projet D\u00e9finitif\u00a0\u00bb<\/h1>\n<p>Mme le Maire pr\u00e9sente au conseil municipal l\u2019Avant-Projet D\u00e9finitif du projet \u00ab\u00a0boulangerie\u00a0\u00bb\u00a0:<\/p>\n<ul>\n<li>plans de situations, de masse et photos de l\u2019existant,<\/li>\n<li>insertion du projet dans le paysage,<\/li>\n<li>plans du projet\u00a0:\n<ul>\n<li>Rez-de-chauss\u00e9e\u00a0: Espace de vente, sandwicherie, fournil, p\u00e2tisserie,<\/li>\n<li>annexes\u00a0: local de stockage,<\/li>\n<li>Etage\u00a0: Rangements et studio<\/li>\n<li>plans des fa\u00e7ades.<\/li>\n<\/ul>\n<\/li>\n<\/ul>\n<p>Elle indique que le porteur de projet a \u00e9t\u00e9 associ\u00e9 \u00e0 la r\u00e9alisation de l\u2019APD. Elle pr\u00e9cise \u00e9galement que ce projet est une volont\u00e9 politique de r\u00e9introduire un commerce de proximit\u00e9 (de type \u00ab\u00a0bouche\u00a0\u00bb) pour r\u00e9pondre \u00e0 l\u2019attente de la population, ce qui cr\u00e9e une dynamique de centre-bourg afin d\u2019\u00e9viter une \u00ab\u00a0commune dortoir\u00a0\u00bb.<\/p>\n<p>Ensuite, il est pr\u00e9sent\u00e9<\/p>\n<ul>\n<li>l\u2019estimation financi\u00e8re du projet qui s\u2019\u00e9l\u00e8ve \u00e0 365\u00a0291.83 \u20ac HT,<\/li>\n<li>le tableau des surfaces du projet,<\/li>\n<li>le descriptif sommaire des travaux,<\/li>\n<li>le calendrier pr\u00e9visionnel des travaux.<\/li>\n<\/ul>\n<p>Apr\u00e8s en avoir d\u00e9lib\u00e9r\u00e9, le conseil municipal, \u00e0 l\u2019unanimit\u00e9\u00a0 moins une opposition (Franck Sauvage)\u00a0valide l\u2019Avant-Projet D\u00e9finitif du projet \u00ab\u00a0Boulangerie\u00a0\u00bb, tel que d\u00e9fini dans les pi\u00e8ces ci-jointes \u00e0 la pr\u00e9sente d\u00e9lib\u00e9ration.<\/p>\n<h4>Diverses \u00e9tudes\u00a0:<\/h4>\n<p>Madame le Maire pr\u00e9sente au conseil municipal un tableau reprenant les diverses \u00e9tudes \u00e0 pr\u00e9voir pour le projet de r\u00e9habilitation et extension d\u2019un b\u00e2timent existant en boulangerie\u00a0:<\/p>\n<ul>\n<li>Bureau de contr\u00f4le technique<\/li>\n<li>Mission SPS<\/li>\n<li>Etudes g\u00e9otechniques\u00a0et reconnaissance des fondations<\/li>\n<li>Etude \u00ab\u00a0Structure\u00a0\u00bb<\/li>\n<li>Diagnostic Amiante-Plomb et parasitaires.<\/li>\n<\/ul>\n<p>Apr\u00e8s en avoir d\u00e9lib\u00e9r\u00e9, le conseil municipal d\u00e9cide, \u00e0 l\u2019unanimit\u00e9, moins une opposition (Franck Sauvage) de retenir les bureaux d\u2019\u00e9tudes suivants\u00a0:<\/p>\n<ul>\n<li>Bureau de contr\u00f4le technique\u00a0: BTP Consultants Chartres de Bretagne = 3\u00a0550 \u20ac HT<\/li>\n<li>Mission SPS\u00a0:\u00a0 Contr\u00f4le G de Bruz = 2\u00a0695 \u20ac (mieux disant\u00a0: au vu du nombre d\u2019heures de prestation pendant la phase r\u00e9alisation)<\/li>\n<li>Etudes g\u00e9otechniques\u00a0 et reconnaissance des fondations\u00a0: ECR Environnement \u2013 La Chapelle des Fougeretz = 1\u00a0900 \u20ac HT<\/li>\n<li>Etude \u00ab\u00a0Structure\u00a0\u00bb\u00a0: Ouest-Structures de Rennes = 1\u00a0200 \u20ac HT<\/li>\n<li>Diagnostic Amiante-plomb et parasitaires\u00a0: Qualiconsult de St-Gr\u00e9goire = 1\u00a0480 \u20ac HT<\/li>\n<\/ul>\n<ul>\n<li>Subventions D.E.T.R (Dotation d\u2019Equipement des Territoires Ruraux) et D.S.I.L. (Dotation de Soutien \u00e0 l\u2019Investissement Local)\u00a0:<\/li>\n<\/ul>\n<p>Madame le Maire informe le conseil municipal que par d\u00e9lib\u00e9ration en date du 15 novembre 2018, il \u00e9tait sollicit\u00e9 deux subventions pour le projet \u00ab\u00a0Boulangerie\u00a0\u00bb\u00a0:<\/p>\n<ul>\n<li>au titre de DETR<\/li>\n<li>au titre de DSIL (contrat de ruralit\u00e9 en partenariat avec la Communaut\u00e9 de Communes de Broc\u00e9liande).<\/li>\n<\/ul>\n<p>En janvier 2019, la Pr\u00e9fecture nous informait que le projet devait \u00eatre au stade d\u2019Avant-Projet D\u00e9finitif, \u00e0 la fin du mois de f\u00e9vrier 2019, pour pouvoir pr\u00e9tendre \u00e0 la programmation des cr\u00e9dits DETR pr\u00e9vue \u00e0 la mi-mars.<\/p>\n<p>Il convient donc de compl\u00e9ter le dossier de demande de subvention\u00a0avec la validation de l\u2019APD\u00a0comprenant le descriptif sommaire des travaux, le d\u00e9tail des surfaces des locaux, le calendrier d\u00e9taill\u00e9 des travaux (planning mensuel) et les plans de masse.<\/p>\n<p>Apr\u00e8s en avoir d\u00e9lib\u00e9r\u00e9, le conseil municipal, \u00e0 l\u2019unanimit\u00e9, moins une opposition (Franck Sauvage)\u00a0:<\/p>\n<p>-d\u00e9cide de compl\u00e9ter le dossier de demande de subvention D.E.T.R. et D.S.I.L. avec les documents suivants\u00a0:<\/p>\n<ul>\n<li>par l\u2019approbation du dossier APD\u00a0: descriptif sommaire des travaux, le d\u00e9tail des surfaces des locaux, le calendrier d\u00e9taill\u00e9 des travaux (planning mensuel) et les plans de masse<\/li>\n<li>l\u2019\u00e9tat des d\u00e9penses des travaux \u00e9tabli par le ma\u00eetre d\u2019\u0153uvre au stade APD<\/li>\n<li>le justificatif des d\u00e9penses de ma\u00eetrise d\u2019\u0153uvre (acte d\u2019engagement avec montant des honoraires)<\/li>\n<li>le justificatif des frais annexes\u00a0: \u00e9tudes de sol, diagnostic amiante, contr\u00f4le technique et mission SPS<\/li>\n<li>le plan de financement actualis\u00e9<\/li>\n<\/ul>\n<p>-d\u2019adresser tous ces documents au service de la Pr\u00e9fecture<\/p>\n<p>D\u2019autre part, il est d\u00e9cid\u00e9 de contacter les services du Pays de Broc\u00e9liande afin de solliciter une subvention au titre des fonds europ\u00e9ens \u00ab\u00a0FEDER\u00a0\u00bb dans la th\u00e9matique \u00ab\u00a0habitat et services \u00e0 la personne (dernier commerce de bouche pour la population plus \u00e2g\u00e9e).<\/p>\n<h1>QUESTIONS DIVERSES :<\/h1>\n<p><strong><u>Pour INFORMATION\u00a0:<\/u><\/strong><\/p>\n<p>L\u2019acc\u00e8s \u00ab\u00a0handicap\u00e9s\u00a0\u00bb des toilettes publiques\u00a0de la place de l\u2019\u00e9glise\u00a0est \u00e0 la charge de la commune.<\/p>\n<p>Revoir avec la Santerne pour programmer des horaires identiques sur toutes les horloges des diff\u00e9rentes rues comme cela avait \u00e9t\u00e9 indiqu\u00e9 lors du conseil municipal du 17 janvier 2019.<\/p>\n<p>Le choix du sol du terrain de football synth\u00e9tique a \u00e9t\u00e9 retenu par la Communaut\u00e9 de Communes de Broc\u00e9liande\u00a0: ce sera une mati\u00e8re synth\u00e9tique de type EPDM.<\/p>\n<p>Revoir avec l\u2019association du volley pour l\u2019utilisation de la salle de sports\u00a0: ne pas ouvrir les issues de secours (convocation du bureau + courrier).<\/p>\n<h4>PROCHAINS CONSEILS MUNICIPAUX\u00a0:<\/h4>\n<ul>\n<li>Mercredi 13 mars 2019 \u00e0 20 h 30 : R\u00e9union Adjoints\u00a0: mardi 05 mars 2019 \u00e0 20 h 30<\/li>\n<li>Jeudi 28 mars 2019 \u00e0 18 h 30 : vote du BP 2019<\/li>\n<li>Jeudi 11 avril 2019 \u00e0 20 h 30 : R\u00e9union Adjoints\u00a0: mardi 02 avril 2019 \u00e0 20 h 30<\/li>\n<li>Jeudi 16 mai 2019 : R\u00e9union Adjoints\u00a0: mardi 07 mai 2019 \u00e0 20 h 30<\/li>\n<li>Jeudi 13 juin 2019 \u00e0 20 h 30 : R\u00e9union Adjoints\u00a0: mardi 04 juin 2019 \u00e0 20 h 30<\/li>\n<li>Jeudi 11 juillet 2019 \u00e0 20 h 30 \u00a0\u00a0\u00a0: R\u00e9union Adjoints\u00a0: mardi 02 juillet 2019 \u00e0 20 h 30<\/li>\n<\/ul>\n<h4>PROCHAINES MANIFESTATIONS\u00a0:<\/h4>\n<ul>\n<li>Vendredi 22 mars \u00e0 partir de 16 h 30 : Porte Ouverte de l\u2019Ecole priv\u00e9e \u00ab\u00a0Saint-Malo\u00a0\u00bb<\/li>\n<\/ul>\n<p>&nbsp;<\/p>\n","protected":false},"excerpt":{"rendered":"<p>Pr\u00e9sents\u00a0: F. KERGUELEN, L. PERSEHAIEL, P. PERSEHAIE, B. HERVAULT, C. BANCHEREAU, P.\u00a0RAFFEGEAU, C. WEBER, S. GRANDAIS, M. RAULLINE, Excus\u00e9s\u00a0: F. SAUVAGE (Procuration\u00a0 \u00e0 P. RAFFEGEAU) LE ROSSIGNOL C, Absents\u00a0: R. MORENO \u2013 G. ROBIN D\u00e9signation d\u2019un secr\u00e9taire de s\u00e9ance\u00a0: Conform\u00e9ment \u00e0 l\u2019article L.2121-15 du Code G\u00e9n\u00e9ral des Collectivit\u00e9s Locales, Mr S\u00e9bastien GRANDAIS est nomm\u00e9 secr\u00e9taire [&hellip;]<\/p>\n","protected":false},"author":1,"featured_media":0,"parent":17,"menu_order":0,"comment_status":"closed","ping_status":"closed","template":"","meta":[],"_links":{"self":[{"href":"https:\/\/www.treffendel.fr\/index.php?rest_route=\/wp\/v2\/pages\/2290"}],"collection":[{"href":"https:\/\/www.treffendel.fr\/index.php?rest_route=\/wp\/v2\/pages"}],"about":[{"href":"https:\/\/www.treffendel.fr\/index.php?rest_route=\/wp\/v2\/types\/page"}],"author":[{"embeddable":true,"href":"https:\/\/www.treffendel.fr\/index.php?rest_route=\/wp\/v2\/users\/1"}],"replies":[{"embeddable":true,"href":"https:\/\/www.treffendel.fr\/index.php?rest_route=%2Fwp%2Fv2%2Fcomments&post=2290"}],"version-history":[{"count":2,"href":"https:\/\/www.treffendel.fr\/index.php?rest_route=\/wp\/v2\/pages\/2290\/revisions"}],"predecessor-version":[{"id":2296,"href":"https:\/\/www.treffendel.fr\/index.php?rest_route=\/wp\/v2\/pages\/2290\/revisions\/2296"}],"up":[{"embeddable":true,"href":"https:\/\/www.treffendel.fr\/index.php?rest_route=\/wp\/v2\/pages\/17"}],"wp:attachment":[{"href":"https:\/\/www.treffendel.fr\/index.php?rest_route=%2Fwp%2Fv2%2Fmedia&parent=2290"}],"curies":[{"name":"wp","href":"https:\/\/api.w.org\/{rel}","templated":true}]}}