{"id":23,"date":"2016-11-16T21:37:34","date_gmt":"2016-11-16T20:37:34","guid":{"rendered":"http:\/\/2016.treffendel.fr\/?page_id=23"},"modified":"2024-11-04T17:47:08","modified_gmt":"2024-11-04T16:47:08","slug":"intercommunalite","status":"publish","type":"page","link":"https:\/\/www.treffendel.fr\/?page_id=23","title":{"rendered":"Intercommunalit\u00e9 et Pays de Broc\u00e9liande"},"content":{"rendered":"<h2>Broc\u00e9liande\u00a0communaut\u00e9<\/h2>\n<p>Proche de l&rsquo;agglom\u00e9ration rennaise, <a href=\"http:\/\/www.cc-broceliande.bzh\/\">Broc\u00e9liande Communaut\u00e9<\/a>\u00a0se distingue par un environnement \u00e0 taille humaine, un patrimoine rural, des espaces naturels, des commerces et des services de proximit\u00e9.<\/p>\n<p>La Communaut\u00e9 de Communes regroupe <a href=\"http:\/\/www.brealsousmontfort.fr\/\" target=\"_blank\" rel=\"noopener noreferrer\">Br\u00e9al-sous-Montfort<\/a>, <a href=\"http:\/\/www.plelan-le-grand.fr\/\" target=\"_blank\" rel=\"noopener noreferrer\">Pl\u00e9lan-le-Grand<\/a>, <a href=\"http:\/\/www.maxent.fr\/\" target=\"_blank\" rel=\"noopener noreferrer\">Maxent<\/a>, <a href=\"http:\/\/www.monterfil.fr\/\" target=\"_blank\" rel=\"noopener noreferrer\">Monterfil<\/a>, <a href=\"http:\/\/www.paimpont.fr\/\" target=\"_blank\" rel=\"noopener noreferrer\">Paimpont<\/a>, <a href=\"http:\/\/www.saint-thurial.com\/\" target=\"_blank\" rel=\"noopener noreferrer\">Saint-Thurial<\/a>, Treffendel et <a href=\"http:\/\/www.saint-peran.fr\/\" target=\"_blank\" rel=\"noopener noreferrer\">Saint-P\u00e9ran<\/a>, soit au total <strong>17\u00a0106 habitants au 1er janvier 2015 (Source INSEE)<\/strong>.<\/p>\n<p>Ces huit communes mettent en commun leurs comp\u00e9tences et leurs moyens afin de conduire des projets intercommunaux.<\/p>\n<p>La Communaut\u00e9 de Communes intervient principalement dans les domaines suivants :<\/p>\n<ul>\n<li>d\u00e9veloppement \u00e9conomique et emploi,<\/li>\n<li>am\u00e9nagement de l&rsquo;espace communautaire,<\/li>\n<li>environnement et cadre de vie,<\/li>\n<li>tourisme,<\/li>\n<li>enfance, jeunesse,<\/li>\n<li>culture, sports et loisirs,<\/li>\n<li>d\u00e9veloppement num\u00e9rique.<\/li>\n<\/ul>\n<p><strong><u>Pour plus d\u2019information<\/u><\/strong>\u00a0:<\/p>\n<p><a href=\"https:\/\/www.cc-broceliande.bzh\/\" target=\"_blank\" rel=\"noopener noreferrer\">Broc\u00e9liande Communaut\u00e9 : <\/a><a href=\"http:\/\/www.cc-broceliande.bzh\/\" target=\"_blank\" rel=\"noopener noreferrer\">www.cc-broceliande.bzh<\/a><\/p>\n<p>1 rue des Korrigans<\/p>\n<p>35380 PLELAN LE GRAND<\/p>\n<p>Tel\u00a0: 02.99.06.84.45<\/p>\n<h2>Le pays de Broc\u00e9liande<\/h2>\n<p><a href=\"https:\/\/pays-broceliande.bzh\/\" target=\"_blank\" rel=\"noopener noreferrer\">site Internet<\/a><\/p>\n\n","protected":false},"excerpt":{"rendered":"<p>Broc\u00e9liande\u00a0communaut\u00e9 Proche de l&rsquo;agglom\u00e9ration rennaise, Broc\u00e9liande Communaut\u00e9\u00a0se distingue par un environnement \u00e0 taille humaine, un patrimoine rural, des espaces naturels, des commerces et des services de proximit\u00e9. La Communaut\u00e9 de Communes regroupe Br\u00e9al-sous-Montfort, Pl\u00e9lan-le-Grand, Maxent, Monterfil, Paimpont, Saint-Thurial, Treffendel et Saint-P\u00e9ran, soit au total 17\u00a0106 habitants au 1er janvier 2015 (Source INSEE). Ces huit communes [&hellip;]<\/p>\n","protected":false},"author":1,"featured_media":0,"parent":2,"menu_order":2,"comment_status":"closed","ping_status":"closed","template":"","meta":[],"_links":{"self":[{"href":"https:\/\/www.treffendel.fr\/index.php?rest_route=\/wp\/v2\/pages\/23"}],"collection":[{"href":"https:\/\/www.treffendel.fr\/index.php?rest_route=\/wp\/v2\/pages"}],"about":[{"href":"https:\/\/www.treffendel.fr\/index.php?rest_route=\/wp\/v2\/types\/page"}],"author":[{"embeddable":true,"href":"https:\/\/www.treffendel.fr\/index.php?rest_route=\/wp\/v2\/users\/1"}],"replies":[{"embeddable":true,"href":"https:\/\/www.treffendel.fr\/index.php?rest_route=%2Fwp%2Fv2%2Fcomments&post=23"}],"version-history":[{"count":11,"href":"https:\/\/www.treffendel.fr\/index.php?rest_route=\/wp\/v2\/pages\/23\/revisions"}],"predecessor-version":[{"id":6205,"href":"https:\/\/www.treffendel.fr\/index.php?rest_route=\/wp\/v2\/pages\/23\/revisions\/6205"}],"up":[{"embeddable":true,"href":"https:\/\/www.treffendel.fr\/index.php?rest_route=\/wp\/v2\/pages\/2"}],"wp:attachment":[{"href":"https:\/\/www.treffendel.fr\/index.php?rest_route=%2Fwp%2Fv2%2Fmedia&parent=23"}],"curies":[{"name":"wp","href":"https:\/\/api.w.org\/{rel}","templated":true}]}}