{"id":2693,"date":"2020-01-21T21:51:18","date_gmt":"2020-01-21T20:51:18","guid":{"rendered":"http:\/\/2016.treffendel.fr\/?page_id=2693"},"modified":"2020-01-21T21:51:18","modified_gmt":"2020-01-21T20:51:18","slug":"compte-rendu-du-conseil-municipal-du-16-janvier-2020-a-20-h-30","status":"publish","type":"page","link":"https:\/\/www.treffendel.fr\/?page_id=2693","title":{"rendered":"Compte-rendu du conseil municipal du 16 janvier 2020 \u00e0 20 h 30"},"content":{"rendered":"<p><strong><u>Pr\u00e9sents\u00a0<\/u><\/strong><strong>: <\/strong><strong>F. KERGUELEN, L. PERSEHAIE, B. HERVAULT, C. LE ROSSIGNOL, C. BANCHEREAU, P.\u00a0<\/strong><strong>RAFFEGEAU, G. ROBIN, S. GRANDAIS, C. WEBER, P. PERSEHAIE.<\/strong><\/p>\n<p><strong><u>Excus\u00e9e<\/u><\/strong><strong><u>\u00a0<\/u><\/strong><strong>: M. RAULLINE<\/strong><\/p>\n<p><strong><u>Absents<\/u><\/strong><strong>\u00a0: <\/strong><strong>N. LE TIEC \u2013 R. MORENO<\/strong><\/p>\n<p><strong><u>D\u00e9signation d\u2019un secr\u00e9taire de s\u00e9ance\u00a0: <\/u><\/strong><\/p>\n<p>Conform\u00e9ment \u00e0 l\u2019article L.2121-15 du Code G\u00e9n\u00e9ral des Collectivit\u00e9s Locales, Mme Claudine WEBER est nomm\u00e9e secr\u00e9taire de s\u00e9ance.<\/p>\n<h4><strong><u>Approbation du compte-rendu du conseil municipal du 12 d\u00e9cembre 2019\u00a0:<\/u><\/strong><\/h4>\n<p>Le compte-rendu du 12 d\u00e9cembre 2019 est approuv\u00e9 \u00e0 l\u2019unanimit\u00e9 des membres pr\u00e9sents.<\/p>\n<h4><strong><u>Approbation du compte-rendu du conseil municipal du 17 d\u00e9cembre 2019\u00a0:<\/u><\/strong><\/h4>\n<p>Le compte-rendu du 17 d\u00e9cembre 2019 est approuv\u00e9 \u00e0 l\u2019unanimit\u00e9 des membres pr\u00e9sents.<\/p>\n<p><strong><u>ORDRE DU JOUR\u00a0:<\/u><\/strong><\/p>\n<h1>I \u2013 \u00a0ENVIRONNEMENT :<\/h1>\n<p><em><u>1\u00b0 &#8211; Restructuration d\u2019un \u00e9levage de porcs + actualisation d\u2019un plan d\u2019\u00e9pandage sur la commune de Br\u00e9al-sous-Montfort <\/u><\/em><\/p>\n<p>Mr Pierre PERSEHAIE, 4<sup>\u00e8me<\/sup> Adjoint, rappelle au conseil municipal qu\u2019il avait \u00e9t\u00e9 \u00e9voqu\u00e9, lors de la s\u00e9ance du 12 d\u00e9cembre 2019, le projet de restructuration d\u2019un \u00e9levage de porcs, situ\u00e9 au lieu-dit \u00ab\u00a0la Tremblais\u00a0\u00bb \u00e0 Br\u00e9al-sous-Montfort ainsi que l\u2019actualisation du plan d\u2019\u00e9pandage. L\u2019enqu\u00eate publique se d\u00e9roule du 12 d\u00e9cembre 2019 au 17 janvier 2020. Le dossier est consultable \u00e0 la mairie de Br\u00e9al-sous-Montfort ou sur le site internet de la pr\u00e9fecture \u00e0 l\u2019adresse suivante\u00a0: <a href=\"http:\/\/www.ille-et-vilaine.gouv.fr\/icpe\">http:\/\/www.ille-et-vilaine.gouv.fr\/icpe<\/a><\/p>\n<p>Aussi, il convient d\u2019\u00e9mettre un avis.<\/p>\n<p>Apr\u00e8s en avoir d\u00e9lib\u00e9r\u00e9, le conseil municipal d\u00e9cide, \u00e0 l\u2019unanimit\u00e9\u00a0d\u2019\u00e9mettre un avis favorable au projet de restructuration d\u2019un \u00e9levage de porcs situ\u00e9 au lieu-dit \u00ab\u00a0la Tremblais\u00a0\u00bb \u00e0 Br\u00e9al-sous-Montfort ainsi qu\u2019\u00e0 l\u2019actualisation du plan d\u2019\u00e9pandage.<\/p>\n<h1>II\u2013 FINANCES\u00a0:<\/h1>\n<p><em><u>1\u00b0 &#8211; <\/u><\/em><u>Vote de la subvention communale d\u2019\u00e9quilibre pour le budget \u00ab\u00a0Equipements p\u00e9riscolaires\u00a0\u00bb :<\/u><\/p>\n<p>Mr Laurent PERSEHAIE, Adjoint aux finances, rappelle au conseil municipal qu\u2019il avait \u00e9t\u00e9 vot\u00e9 26\u00a0220 \u20ac au moment du Budget Primitif (mars 2019) au titre de la subvention communale d\u2019\u00e9quilibre du budget \u00ab\u00a0Equipements p\u00e9riscolaires\u00a0\u00bb. Or, au vu des r\u00e9sultats au 31 d\u00e9cembre 2019, il manque 3\u00a0457.47 \u20ac pour \u00e9quilibrer le budget \u00ab\u00a0Equipements p\u00e9riscolaires regroupant la cantine \u2013 la garderie et les TAP\u00a0\u00bb, d\u00fb \u00e0 une diminution de recettes\u00a0 qui s\u2019explique\u00a0par la baisse des effectifs\u00a0 (Moins 1\u00a0100 repas) et moins d\u2019enfants en garderie p\u00e9riscolaire.<\/p>\n<p>Pour m\u00e9moire\u00a0: subvention d\u2019\u00e9quilibre (minimis\u00e9e du fait des subventions per\u00e7ues pour la r\u00e9forme des rythmes scolaires\u00a0: TAP)<\/p>\n<ul>\n<li>2018 = 19\u00a0593.43 \u20ac<\/li>\n<li>2017 = 20\u00a0984.68 \u20ac<\/li>\n<li>2016 = 14\u00a0754.27 \u20ac<\/li>\n<li>2015 =\u00a0\u00a0 7\u00a0908.64 \u20ac<\/li>\n<li>2014 = 26\u00a0934.34 \u20ac<\/li>\n<\/ul>\n<p>Il faut donc voter une D\u00e9cision Modificative sur le budget COMMUNE, afin de payer la subvention d\u2019\u00e9quilibre au budget \u00ab\u00a0Equipements p\u00e9riscolaires\u00a0\u00bb, de la fa\u00e7on suivante\u00a0:<\/p>\n<p>Fonctionnement\u00a0:<\/p>\n<ul>\n<li>D\u00e9pense\u00a0: C\/657363 = + 3\u00a0500 \u20ac<\/li>\n<li>Recette\u00a0\u00a0 : C\/74121 =\u00a0\u00a0 + 3\u00a0500 \u20ac (Dotation de Solidarit\u00e9 Rurale\u00a0: BP 2019 = 75 000 \u20ac<\/li>\n<li>+ DM 1\u00a0750 \u20ac = 76\u00a0750 \u20ac &#8211; recette r\u00e9ellement per\u00e7ue = 81\u00a0531 \u20ac (soit une marge de + 4\u00a0781 \u20ac).<\/li>\n<\/ul>\n<p>Apr\u00e8s en avoir d\u00e9lib\u00e9r\u00e9, le conseil municipal d\u00e9cide, \u00e0 l\u2019unanimit\u00e9\u00a0de voter la subvention finale d\u2019\u00e9quilibre du budget \u00ab\u00a0COMMUNE\u00a0\u00bb au budget \u00ab\u00a0Equipements p\u00e9riscolaires\u00a0\u00bb pour un montant de 29\u00a0678.68 \u20ac, et\u00a0de voter la D\u00e9cision Modificative N\u00b0 11, du budget de fonctionnement de la COMMUNE, de la fa\u00e7on suivante<\/p>\n<ul>\n<li>D\u00e9pense\u00a0: C\/657363 = + 3\u00a0500 \u20ac<\/li>\n<li>Recette\u00a0\u00a0 : C\/74121 \u00a0\u00a0= + 3\u00a0500 \u20ac.<\/li>\n<\/ul>\n<p><em><u>2\u00b0 &#8211; <\/u><\/em><u>Validation de la subvention communale d\u2019\u00e9quilibre pour le budget \u00ab\u00a0CCAS\u00a0\u00bb :<\/u><\/p>\n<p>Mr Laurent PERSEHAIE, Adjoint aux Finances, rappelle au conseil municipal qu\u2019au Budget Primitif 2019, il a \u00e9t\u00e9 vot\u00e9 une subvention de la commune pour \u00e9quilibrer le budget CCAS d\u2019un montant de 400 \u20ac. Au vu du r\u00e9sultat de la section de Fonctionnement de l\u2019ann\u00e9e 2019 du budget CCAS = d\u00e9ficit d\u2019un montant de 625.18 \u20ac, (moins le r\u00e9sultat de l\u2019ann\u00e9e ant\u00e9rieure 2018 \u2013 exc\u00e9dent de 652.37 \u20ac), il est propos\u00e9 d\u2019acter le versement de la subvention communale d\u2019un montant de 400 \u20ac\u00a0 ce qui permet d\u2019avoir une l\u00e9g\u00e8re \u00ab\u00a0marge de man\u0153uvre\u00a0\u00bb pour d\u2019\u00e9ventuelles aides ponctuelles.<\/p>\n<p>Apr\u00e8s en avoir d\u00e9lib\u00e9r\u00e9, le conseil municipal d\u00e9cide,\u00a0\u00e0 l\u2019unanimit\u00e9\u00a0de voter la subvention du budget \u00ab\u00a0COMMUNE\u00a0\u00bb au budget \u00ab\u00a0CCAS\u00a0\u00bb pour un montant de 400 \u20ac, pour l\u2019ann\u00e9e 2019.<\/p>\n<h1>III\u2013 Equipements Sportifs\u00a0:<\/h1>\n<h4>1\u00b0 &#8211; Terrain de football synth\u00e9tique\u00a0+ vestiaires\u00a0: actualisation de la convention Commune \/ Eskouadenn<\/h4>\n<p>Madame le Maire donne lecture au conseil municipal de la convention actualis\u00e9e entre la Commune et l\u2019association Eskouadenn au sujet de l\u2019utilisation du terrain de football synth\u00e9tique et des vestiaires. Il est fait \u00e9tat de quelques modifications.<\/p>\n<p><em>\u00a0<\/em>Apr\u00e8s en avoir d\u00e9lib\u00e9r\u00e9, le conseil municipal d\u00e9cide,\u00a0\u00e0 l\u2019unanimit\u00e9\u00a0d\u2019accepter la proposition de convention actualis\u00e9e entre la Commune et l\u2019association Eskouadenn au sujet de l\u2019utilisation du terrain de football synth\u00e9tique et des vestiaires, et\u00a0d\u2019autoriser Madame le Maire \u00e0 signer ladite convention.<\/p>\n<h4><span style=\"text-decoration: underline;\"><em>\u00a0<\/em><\/span>2\u00b0 &#8211; Renouvellement du contrat avec NORMETEC pour la v\u00e9rification des buts, des panneaux de basket et\u00a0aires de jeux<\/h4>\n<p>Madame le Maire rappelle au conseil municipal que la commune avait conclu un contrat avec NORMETEC pour la v\u00e9rification des buts, des panneaux de basket et des aires de jeux d\u2019une dur\u00e9e de 3 ans (2017 \u00e0 2019) \u00e0 raison de 20 \u20ac par buts et 80 \u20ac pour les aires de jeux.<\/p>\n<p>NORMETEC a adress\u00e9 une proposition\u00a0:\u00a0Contrat de 3 ans = 2020 \u00e0 2022 \u00e0 raison de 20 \u20ac par buts et 80 \u20ac pour les aires de jeux (tarifs identiques).<\/p>\n<p>Apr\u00e8s en avoir d\u00e9lib\u00e9r\u00e9, le conseil municipal d\u00e9cide, \u00e0 l\u2019unanimit\u00e9\u00a0d\u2019accepter la proposition de NORMETEC pour un contrat de v\u00e9rification des buts, des panneaux de basket \u00e0 raison de 20 \u20ac et des aires de jeux \u00e0 raison de 80 \u20ac, pour une dur\u00e9e de 3 ans (2020 \u00e0 2022) et\u00a0 d\u2019autoriser Madame le Maire \u00e0 signer ledit contrat.<\/p>\n<h1>IV- INTERCOMMUNALITE\u00a0:<\/h1>\n<h4>1\u00b0 -Communaut\u00e9 de Communes de Broc\u00e9liande\u00a0: Proposition d\u2019adh\u00e9rer \u00e0 un groupement de commandes pour la passation de march\u00e9s publics de v\u00e9rification, entretien et maintenance des parcs d\u2019extincteurs et \u00e9quipements fixes de lutte contre l\u2019incendie des b\u00e2timents<\/h4>\n<p><strong>VU<\/strong> le Code g\u00e9n\u00e9ral des collectivit\u00e9s territoriales ;<\/p>\n<p><strong>VU<\/strong> le Code de la Commande Publique et notamment les articles L. 2113-6 \u00e0 L. 2113-8 relatifs aux groupements de commandes\u00a0;<\/p>\n<p>La Communaut\u00e9 de communes de Broc\u00e9liande et ses communes membres envisagent la passation de march\u00e9s de v\u00e9rification, d\u2019entretien et de maintenance des parcs d\u2019extincteurs. En fonction des besoins exprim\u00e9s ces march\u00e9s pourront \u00e9galement concerner les \u00e9quipements fixes de lutte contre l\u2019incendie des b\u00e2timents (robinets d\u2019incendie arm\u00e9s, trappes de d\u00e9senfumage, alarme incendie\u2026)\u00a0;<\/p>\n<p>Afin de permettre l\u2019obtention des meilleures offres et la mutualisation de la proc\u00e9dure de passation des march\u00e9s, la Communaut\u00e9 de communes de Broc\u00e9liande et plusieurs de ses communes membres souhaitent passer un groupement de commandes en application des articles L. 2113-6 \u00e0 L. 2113-8 du code de la commande publique\u00a0;<\/p>\n<p>A cet effet, il est n\u00e9cessaire de conclure une convention constitutive de groupement.<\/p>\n<p>La mise en \u0153uvre de cette commande coordonn\u00e9e n\u00e9cessite la cr\u00e9ation d\u2019un groupement de commandes dont les modalit\u00e9s de fonctionnement sont d\u00e9finies par cette convention.<\/p>\n<p>Les march\u00e9s \u00e0 souscrire, pour lesquels le groupement est cr\u00e9\u00e9, est destin\u00e9 \u00e0 couvrir les besoins des membres susmentionn\u00e9s.<\/p>\n<p>La Communaut\u00e9 de communes de Broc\u00e9liande est charg\u00e9e de mener la proc\u00e9dure de passation du march\u00e9.<\/p>\n<p>Les frais de consultation (frais d\u2019insertion principalement) seront pris en charge par la Communaut\u00e9 de communes de Broc\u00e9liande.<\/p>\n<p>Chaque membre du groupement r\u00e8glera le paiement des prestations correspondant \u00e0 ses besoins propres dans le cadre des march\u00e9s qui seront pass\u00e9s.<\/p>\n<p>Il est pr\u00e9cis\u00e9 que la dur\u00e9e maximale retenue pour la dur\u00e9e de ces march\u00e9s est de 4 ans (une ann\u00e9e renouvelable 3 fois) et que chaque membre du groupement d\u00e9terminera la date de d\u00e9but des prestations de son march\u00e9.<\/p>\n<p><strong>Le Conseil Municipal apr\u00e8s en avoir d\u00e9lib\u00e9r\u00e9, \u00e0 l\u2019unanimit\u00e9,\u00a0<\/strong><strong>ACCEPTE <\/strong>d\u2019adh\u00e9rer \u00e0 un groupement de commandes pour la passation de march\u00e9s publics de v\u00e9rification, entretien et maintenance des parcs d\u2019extincteurs et \u00e9quipements fixes de lutte contre l\u2019incendie des b\u00e2timents et\u00a0<strong>\u00a0AUTORISE<\/strong> le Maire \u00e0 signer la convention aux conditions susmentionn\u00e9es.<\/p>\n<h4>2\u00b0 &#8211; Pr\u00e9sentation des activit\u00e9s de la CCB du 2<sup>\u00e8me<\/sup> semestre 2019<\/h4>\n<p>Madame le Maire pr\u00e9sente au conseil municipal le compte-rendu des actions men\u00e9es au cours du 2<sup>\u00e8me<\/sup> semestre 2019, concernant les diff\u00e9rents items suivants\u00a0:<\/p>\n<ul>\n<li>Finances,<\/li>\n<li>Personnel,<\/li>\n<li>March\u00e9s publics,<\/li>\n<li>Economie,<\/li>\n<li>Emploi,<\/li>\n<li>P\u00f4le technique,<\/li>\n<li>Am\u00e9nagement du territoire,<\/li>\n<li>Habitat,<\/li>\n<li>D\u00e9veloppement durable,<\/li>\n<li>Culture,<\/li>\n<li>Tourisme,<\/li>\n<li>Sport \u2013 Vie associative,<\/li>\n<li>Services \u00e0 la population,<\/li>\n<li>Action sociale,<\/li>\n<\/ul>\n<p>Le conseil municipal prend acte de ce compte-rendu.<\/p>\n<h1>V &#8211; URBANISME :<\/h1>\n<h4>1\u00b0 -Lotissement \u00ab\u00a0Au s\u00e9jour de Broc\u00e9liande\u00a0\u00bb\u00a0: r\u00e9trocession de la voirie et les r\u00e9seaux\u00a0 dans le domaine public<\/h4>\n<p>Monsieur Hervault Bernard quitte la s\u00e9ance car l\u2019affaire le concerne.<\/p>\n<p>Monsieur Laurent PERSEHAIE, Adjoint \u00e0 l\u2019urbanisme, informe le conseil municipal que les abords (voirie et espaces verts, et r\u00e9seaux) du lotissement \u00ab\u00a0Au s\u00e9jour de Broc\u00e9liande\u00a0\u00bb\u00a0\u00bb sont termin\u00e9s. Aussi, les porteurs du projet du lotissement \u00ab\u00a0Au s\u00e9jour de Broc\u00e9liande\u00a0\u00bb proposent que ces \u00e9quipements soient int\u00e9gr\u00e9s dans le domaine public.<\/p>\n<p>Les porteurs du projet ont r\u00e9alis\u00e9, sur un terrain situ\u00e9 rue des Hirondelles, suite \u00e0 une autorisation obtenue le\u00a011 juillet 2014, un lotissement de 13 lots destin\u00e9s \u00e0 l\u2019habitation.<\/p>\n<p>A ce jour, les travaux de voirie et d\u2019am\u00e9nagements sont achev\u00e9s. Il convient, d\u00e8s lors, de proc\u00e9der, conform\u00e9ment \u00e0 la convention de r\u00e9trocession valid\u00e9e par la d\u00e9lib\u00e9ration du 24 juillet 2014, dans le cadre de ce lotissement, \u00e0 l\u2019acquisition \u00e0 titre gratuit des \u00e9l\u00e9ments suivants\u00a0:\u00a0<em>Espaces Verts<\/em>, <em>Voirie<\/em>, <em>R\u00e9seaux eaux pluviales et eaux us\u00e9es,<\/em> <em>R\u00e9seau \u00e9lectrique, T\u00e9l\u00e9phone et adduction eau potable<\/em><\/p>\n<p><em>Sur les parcelles cadastr\u00e9es\u00a0:<\/em><\/p>\n<ul>\n<li>Section B N\u00b0 1615\u00a0d\u2019une surface de 260 m\u00b2,<\/li>\n<li>Section B N\u00b0 1120\u00a0d\u2019une surface de 320 m\u00b2,<\/li>\n<li>Section B N\u00b0 1594\u00a0d\u2019une surface de 525 m\u00b2,<\/li>\n<li>Section B N\u00b0 1619\u00a0d\u2019une surface de 347 m\u00b2,<\/li>\n<li>Section B N\u00b0 1608\u00a0d\u2019une surface de 270 m\u00b2,<\/li>\n<li>Section B N\u00b0 1601\u00a0d\u2019une surface de 157 m\u00b2,<\/li>\n<li>Section B N\u00b0 1603 d\u2019une surface de 1 m\u00b2.<\/li>\n<\/ul>\n<p>Soit un\u00a0 total de 1\u00a0880 m\u00b2.<\/p>\n<p>Cette acquisition ne faisant pas partie d\u2019une op\u00e9ration d\u2019ensemble, il n\u2019y a pas lieu de solliciter France Domaine.<\/p>\n<p>De plus, les porteurs du projet (Indivision Hervault Bernard\u2013 Fresnel Denis et Consorts Mac\u00e9) ont accept\u00e9 une participation financi\u00e8re d\u2019un montant de 1\u00a0750 \u20ac pour le co\u00fbt partiel de la mise en place du cheminement du sentier pi\u00e9tonnier reliant le lotissement \u00ab\u00a0Au s\u00e9jour de Broc\u00e9liande\u00a0\u00bb \u00e0 la rue de Haute-Bretagne.<\/p>\n<p>Apr\u00e8s en avoir d\u00e9lib\u00e9r\u00e9, le conseil municipal d\u00e9cide, \u00e0 l\u2019unanimit\u00e9<\/p>\n<ul>\n<li><strong>D\u2019ACCEPTER<\/strong> l\u2019acquisition gratuite des parcelles sus-r\u00e9f\u00e9renc\u00e9es, sachant que les frais d\u2019acquisition seront pris en charge par les porteurs de projet du lotissement \u00ab\u00a0Au S\u00e9jour de Broc\u00e9liande\u00a0\u00bb,<\/li>\n<li><strong>D\u2019AUTORISER<\/strong> Madame le Maire \u00e0 signer l\u2019acte authentique qui sera \u00e9tabli en l\u2019\u00e9tude de Ma\u00eetre DE POULPIQUET , notaire associ\u00e9 \u00e0 Guichen, et toutes les pi\u00e8ces relatives \u00e0 ce dossier,<\/li>\n<li><strong>DE CLASSER <\/strong>ces biens dans le domaine public communal apr\u00e8s acquisition.<\/li>\n<li><strong>DE PORTER <\/strong>la longueur de la voirie communale de 34 530 m\u00e8tres \u00e0 34 720 m\u00e8tres soit + 190 m\u00e8tres lin\u00e9aires.<\/li>\n<\/ul>\n<ul>\n<li><strong>D\u2019ACCEPTER<\/strong> la prise en charge par l\u2019indivision (Hervault Bernard, Fresnel Denis et Consorts Mac\u00e9) \u2013 porteurs du projet de lotissement \u00ab\u00a0Au s\u00e9jour de Broc\u00e9liande\u00a0\u00bb d\u2019un montant de 1\u00a0750 \u20ac pour la mise en place d\u2019un sentier pi\u00e9tonnier et d\u2019autoriser Madame le Maire \u00e0 \u00e9mettre un titre de recettes.<\/li>\n<\/ul>\n<h2>QUESTIONS DIVERSES\u00a0:<\/h2>\n<p>&#8211; Pour information\u00a0: courrier du SDIS 35 au sujet d\u2019un mouvement social.<\/p>\n<h2>PROCHAINS CONSEILS MUNICIPAUX\u00a0:<\/h2>\n<ul>\n<li>Jeudi 13 f\u00e9vrier 2020 \u00e0 20 h 30 : R\u00e9union Adjoints\u00a0: mardi 04 f\u00e9vrier 2020 \u00e0 20 h 30<\/li>\n<li>Jeudi 05 mars 2020 \u00e0 19 h 00\u00a0 : vote du BP 2020<\/li>\n<\/ul>\n<h4>PROCHAINES COMMISSIONS\u00a0: propositions de dates<\/h4>\n<p>Commissions \u00ab\u00a0Finances\u00a0\u00bb<\/p>\n<ul>\n<li>Samedi 18 janvier 2020 \u00e0 9 h 30<\/li>\n<li>Mardi 28 janvier 2020 \u00e0 20 h 00<\/li>\n<li>Mardi 11 f\u00e9vrier 2020 \u00e0 20 h 00<\/li>\n<li>Mardi 25 f\u00e9vrier 2020 \u00e0 20 h 00 (sous r\u00e9serve)<\/li>\n<\/ul>\n<p>Commission \u00ab\u00a0Voirie\u00a0\u00bb : Jeudi 06 f\u00e9vrier 2020 \u00e0 20 h 30<\/p>\n<p>Commission \u00ab\u00a0Urbanisme\u00a0\u00bb : Mardi 21 janvier \u00e0 20 h 30\u00a0: PLUi Patrimoine<\/p>\n<h4>PROCHAINES MANIFESTATIONS\u00a0:<\/h4>\n<p>Samedi 18 janvier 2020 \u00e0 18 h 30 : Loto du comit\u00e9 des f\u00eates<\/p>\n<p>Dimanche 26 janvier 2020 \u00e0 14 h 00 : Th\u00e9 dansant \u2013 Club de l\u2019\u00e2ge d\u2019or<\/p>\n<p>Th\u00e9\u00e2tre \u00ab\u00a0le lever de rideau\u00a0\u00bb :<\/p>\n<ul>\n<li>Samedi 1<sup>er<\/sup> f\u00e9vrier \u2013 Dimanche 02 f\u00e9vrier<\/li>\n<li>Vendredi 07 f\u00e9v \u2013 Samedi 08 F\u00e9v et Dimanche 09 f\u00e9vrier<\/li>\n<li>\u00a0Samedi 15 f\u00e9vrier et Dimanche 16 f\u00e9vrier<\/li>\n<\/ul>\n","protected":false},"excerpt":{"rendered":"<p>Pr\u00e9sents\u00a0: F. KERGUELEN, L. PERSEHAIE, B. HERVAULT, C. LE ROSSIGNOL, C. BANCHEREAU, P.\u00a0RAFFEGEAU, G. ROBIN, S. GRANDAIS, C. WEBER, P. PERSEHAIE. Excus\u00e9e\u00a0: M. RAULLINE Absents\u00a0: N. LE TIEC \u2013 R. MORENO D\u00e9signation d\u2019un secr\u00e9taire de s\u00e9ance\u00a0: Conform\u00e9ment \u00e0 l\u2019article L.2121-15 du Code G\u00e9n\u00e9ral des Collectivit\u00e9s Locales, Mme Claudine WEBER est nomm\u00e9e secr\u00e9taire de s\u00e9ance. Approbation [&hellip;]<\/p>\n","protected":false},"author":1,"featured_media":0,"parent":17,"menu_order":0,"comment_status":"closed","ping_status":"closed","template":"","meta":[],"_links":{"self":[{"href":"https:\/\/www.treffendel.fr\/index.php?rest_route=\/wp\/v2\/pages\/2693"}],"collection":[{"href":"https:\/\/www.treffendel.fr\/index.php?rest_route=\/wp\/v2\/pages"}],"about":[{"href":"https:\/\/www.treffendel.fr\/index.php?rest_route=\/wp\/v2\/types\/page"}],"author":[{"embeddable":true,"href":"https:\/\/www.treffendel.fr\/index.php?rest_route=\/wp\/v2\/users\/1"}],"replies":[{"embeddable":true,"href":"https:\/\/www.treffendel.fr\/index.php?rest_route=%2Fwp%2Fv2%2Fcomments&post=2693"}],"version-history":[{"count":1,"href":"https:\/\/www.treffendel.fr\/index.php?rest_route=\/wp\/v2\/pages\/2693\/revisions"}],"predecessor-version":[{"id":2694,"href":"https:\/\/www.treffendel.fr\/index.php?rest_route=\/wp\/v2\/pages\/2693\/revisions\/2694"}],"up":[{"embeddable":true,"href":"https:\/\/www.treffendel.fr\/index.php?rest_route=\/wp\/v2\/pages\/17"}],"wp:attachment":[{"href":"https:\/\/www.treffendel.fr\/index.php?rest_route=%2Fwp%2Fv2%2Fmedia&parent=2693"}],"curies":[{"name":"wp","href":"https:\/\/api.w.org\/{rel}","templated":true}]}}