{"id":2774,"date":"2020-03-16T11:37:57","date_gmt":"2020-03-16T10:37:57","guid":{"rendered":"http:\/\/2016.treffendel.fr\/?page_id=2774"},"modified":"2020-03-16T11:37:57","modified_gmt":"2020-03-16T10:37:57","slug":"reunions-cm-entre-janvier-2016-et-mars-2020","status":"publish","type":"page","link":"https:\/\/www.treffendel.fr\/?page_id=2774","title":{"rendered":"r\u00e9unions CM entre janvier 2016 et mars 2020"},"content":{"rendered":"<ul>\n<li><a href=\"http:\/\/2016.treffendel.fr\/?page_id=2766\" data-slimstat=\"5\">r\u00e9union du 5 mars 2020<\/a><\/li>\n<li><a href=\"http:\/\/2016.treffendel.fr\/?page_id=2727\">r\u00e9union du 13 f\u00e9vrier 2020<\/a><\/li>\n<li><a href=\"http:\/\/2016.treffendel.fr\/?page_id=2712\">r\u00e9union du 28 janvier 2020<\/a><\/li>\n<li><a href=\"http:\/\/2016.treffendel.fr\/?page_id=2693\">r\u00e9union du 16 janvier 2020<\/a><\/li>\n<li><a href=\"http:\/\/2016.treffendel.fr\/?page_id=2660\">r\u00e9union du 17 d\u00e9cembre 2019<\/a><\/li>\n<li><a href=\"http:\/\/2016.treffendel.fr\/?page_id=2628\">r\u00e9union du 14 novembre 2019<\/a><\/li>\n<li><a href=\"http:\/\/2016.treffendel.fr\/?page_id=2601\">r\u00e9union du 16 octobre 2019<\/a><\/li>\n<li><a href=\"http:\/\/2016.treffendel.fr\/?page_id=2586\">r\u00e9union du 12 septembre 2019<\/a><\/li>\n<li><a href=\"http:\/\/2016.treffendel.fr\/?page_id=2513\">r\u00e9union du 11 juillet 2019<\/a><\/li>\n<li><a href=\"http:\/\/2016.treffendel.fr\/?page_id=2473\">r\u00e9union du 13 juin 2019<\/a><\/li>\n<li><a href=\"http:\/\/2016.treffendel.fr\/?page_id=2396\">r\u00e9union du 16 mai 2019<\/a><\/li>\n<li><a href=\"http:\/\/2016.treffendel.fr\/?page_id=2373\">r\u00e9union du 11 avril 2019<\/a><\/li>\n<li><a href=\"http:\/\/2016.treffendel.fr\/?page_id=2350\">r\u00e9union du 28 mars 2019<\/a><\/li>\n<li><a href=\"http:\/\/2016.treffendel.fr\/?page_id=2328\">r\u00e9union du 13 mars 2019<\/a><\/li>\n<li><a href=\"http:\/\/2016.treffendel.fr\/?page_id=2290\">r\u00e9union du 26 f\u00e9vrier 2019<\/a><\/li>\n<li><a href=\"http:\/\/2016.treffendel.fr\/?page_id=2278\">r\u00e9union du 21 f\u00e9vrier 2019<\/a><\/li>\n<li><a href=\"http:\/\/2016.treffendel.fr\/?page_id=2241\">r\u00e9union du 6 f\u00e9vrier 2019<\/a><\/li>\n<li><a href=\"http:\/\/2016.treffendel.fr\/?page_id=2230\">r\u00e9union du 17 janvier 2019<\/a><\/li>\n<li><a href=\"http:\/\/2016.treffendel.fr\/?page_id=2193\">r\u00e9union du 26 d\u00e9cembre 2018<\/a><\/li>\n<li><a href=\"http:\/\/2016.treffendel.fr\/?page_id=2179\">r\u00e9union du 11 d\u00e9cembre 2018<\/a><\/li>\n<li><a href=\"http:\/\/2016.treffendel.fr\/?page_id=2128\">r\u00e9union du 15 novembre 2018<\/a><\/li>\n<li><a href=\"http:\/\/2016.treffendel.fr\/?page_id=2089\">r\u00e9union du 11 octobre 2018<\/a><\/li>\n<li><a href=\"http:\/\/2016.treffendel.fr\/?page_id=2051\">r\u00e9union du 13 septembre 2018<\/a><\/li>\n<li><a href=\"http:\/\/2016.treffendel.fr\/?page_id=1998\">r\u00e9union du 12 juillet 2018<\/a><\/li>\n<li><a href=\"http:\/\/2016.treffendel.fr\/?page_id=1977\">r\u00e9union du 14 juin 2018<\/a><\/li>\n<li><a href=\"http:\/\/2016.treffendel.fr\/?page_id=1937\">r\u00e9union du 17 mai 2018<\/a><\/li>\n<li><a href=\"http:\/\/2016.treffendel.fr\/?page_id=1981\">r\u00e9union du 12 avril 2018<\/a><\/li>\n<li><a href=\"http:\/\/2016.treffendel.fr\/?page_id=1725\">r\u00e9union du 29 mars 2018<\/a><\/li>\n<li><a href=\"http:\/\/2016.treffendel.fr\/?page_id=1696\">r\u00e9union du 28 f\u00e9vrier 2018<\/a><\/li>\n<li><a href=\"http:\/\/2016.treffendel.fr\/?page_id=1661\">r\u00e9union du 8 f\u00e9vrier 2018<\/a><\/li>\n<li><a href=\"http:\/\/2016.treffendel.fr\/?page_id=1615\">r\u00e9union du 10 janvier 2018<\/a><\/li>\n<li><a href=\"http:\/\/2016.treffendel.fr\/?page_id=1595\">r\u00e9union du 20 d\u00e9cembre 2017<\/a><\/li>\n<li><a href=\"http:\/\/2016.treffendel.fr\/?page_id=1463\">r\u00e9union du 9 novembre 2017<\/a><\/li>\n<li><a href=\"http:\/\/2016.treffendel.fr\/?page_id=1429\">r\u00e9union du 12 octobre 2017<\/a><\/li>\n<li><a href=\"http:\/\/2016.treffendel.fr\/?page_id=1398\">r\u00e9union du 7 septembre 2017<\/a><\/li>\n<li><a href=\"http:\/\/2016.treffendel.fr\/?page_id=1358\">r\u00e9union du 24 juillet 2017<\/a><\/li>\n<li><a href=\"http:\/\/2016.treffendel.fr\/?page_id=1345\">r\u00e9union du 11 juillet 2017<\/a><\/li>\n<li><a href=\"http:\/\/2016.treffendel.fr\/?page_id=1329\">r\u00e9union du 22 juin 2017<\/a><\/li>\n<li><a href=\"http:\/\/2016.treffendel.fr\/?page_id=1261\">r\u00e9union du 22 mai 2017<\/a><\/li>\n<li><a href=\"http:\/\/2016.treffendel.fr\/?page_id=1086\">r\u00e9union du 27 avril 2017<\/a><\/li>\n<li><a href=\"http:\/\/2016.treffendel.fr\/wp-content\/uploads\/2017\/04\/CR_2017-03-30.pdf\" target=\"_blank\" rel=\"noopener noreferrer\">r\u00e9union du 30 mars 2017<\/a><\/li>\n<li><a href=\"http:\/\/2016.treffendel.fr\/?page_id=1005\">r\u00e9union du 10 mars 2017<\/a><\/li>\n<li><a href=\"http:\/\/2016.treffendel.fr\/?page_id=866\">r\u00e9union du 9 f\u00e9vrier 2017<\/a><\/li>\n<li><a href=\"http:\/\/2016.treffendel.fr\/?page_id=538\">r\u00e9union du 12 janvier 2017<\/a><\/li>\n<li><a href=\"http:\/\/2016.treffendel.fr\/?page_id=496\">r\u00e9union du 9 d\u00e9cembre 2016<\/a><\/li>\n<li>r\u00e9union du <a href=\"http:\/\/treffendel.fr.alwaysdata.net\/CM_2016-11-24\" target=\"_blank\" rel=\"noopener noreferrer\">24 novembre 2016<\/a><\/li>\n<li>r\u00e9union du <a href=\"http:\/\/treffendel.fr.alwaysdata.net\/CM_2016-11-16\" target=\"_blank\" rel=\"noopener noreferrer\">16 novembre 2016<\/a><\/li>\n<li>r\u00e9union du <a href=\"http:\/\/treffendel.fr.alwaysdata.net\/CM_2016-10-19\" target=\"_blank\" rel=\"noopener noreferrer\">19 octobre 2016<\/a><\/li>\n<li>r\u00e9union du <a href=\"http:\/\/treffendel.fr.alwaysdata.net\/CM_2016-09-13\" target=\"_blank\" rel=\"noopener noreferrer\">13 septembre 2016<\/a><\/li>\n<li>r\u00e9union du <a href=\"http:\/\/treffendel.fr.alwaysdata.net\/CM_2016-07-19\" target=\"_blank\" rel=\"noopener noreferrer\">19 juillet 2016<\/a><\/li>\n<li>r\u00e9union du <a href=\"http:\/\/treffendel.fr.alwaysdata.net\/CM_2016-06-16\" target=\"_blank\" rel=\"noopener noreferrer\">16 juin 2016<\/a><\/li>\n<li>r\u00e9union du <a href=\"http:\/\/treffendel.fr.alwaysdata.net\/CM_2016-05-20\" target=\"_blank\" rel=\"noopener noreferrer\">20 mai 2016<\/a><\/li>\n<li>r\u00e9union du <a href=\"http:\/\/treffendel.fr.alwaysdata.net\/CM_2016-04-22\" target=\"_blank\" rel=\"noopener noreferrer\">22 avril 2016<\/a><\/li>\n<li>r\u00e9union du <a href=\"http:\/\/treffendel.fr.alwaysdata.net\/CM_2016-03-30\" target=\"_blank\" rel=\"noopener noreferrer\">30 mars 2016<\/a><\/li>\n<li>r\u00e9union du <a href=\"http:\/\/treffendel.fr.alwaysdata.net\/CM_2016-03-18\" target=\"_blank\" rel=\"noopener noreferrer\">18 mars 2016<\/a><\/li>\n<li>r\u00e9union du <a href=\"http:\/\/treffendel.fr.alwaysdata.net\/CM_2016-02-26\" target=\"_blank\" rel=\"noopener noreferrer\">26 f\u00e9vrier 2016<\/a><\/li>\n<li>r\u00e9union du <a href=\"http:\/\/treffendel.fr.alwaysdata.net\/CM_2016-01-18\" target=\"_blank\" rel=\"noopener noreferrer\">18 janvier 2016<\/a><\/li>\n<\/ul>\n","protected":false},"excerpt":{"rendered":"<p>r\u00e9union du 5 mars 2020 r\u00e9union du 13 f\u00e9vrier 2020 r\u00e9union du 28 janvier 2020 r\u00e9union du 16 janvier 2020 r\u00e9union du 17 d\u00e9cembre 2019 r\u00e9union du 14 novembre 2019 r\u00e9union du 16 octobre 2019 r\u00e9union du 12 septembre 2019 r\u00e9union du 11 juillet 2019 r\u00e9union du 13 juin 2019 r\u00e9union du 16 mai 2019 [&hellip;]<\/p>\n","protected":false},"author":1,"featured_media":0,"parent":17,"menu_order":0,"comment_status":"closed","ping_status":"closed","template":"","meta":[],"_links":{"self":[{"href":"https:\/\/www.treffendel.fr\/index.php?rest_route=\/wp\/v2\/pages\/2774"}],"collection":[{"href":"https:\/\/www.treffendel.fr\/index.php?rest_route=\/wp\/v2\/pages"}],"about":[{"href":"https:\/\/www.treffendel.fr\/index.php?rest_route=\/wp\/v2\/types\/page"}],"author":[{"embeddable":true,"href":"https:\/\/www.treffendel.fr\/index.php?rest_route=\/wp\/v2\/users\/1"}],"replies":[{"embeddable":true,"href":"https:\/\/www.treffendel.fr\/index.php?rest_route=%2Fwp%2Fv2%2Fcomments&post=2774"}],"version-history":[{"count":1,"href":"https:\/\/www.treffendel.fr\/index.php?rest_route=\/wp\/v2\/pages\/2774\/revisions"}],"predecessor-version":[{"id":2775,"href":"https:\/\/www.treffendel.fr\/index.php?rest_route=\/wp\/v2\/pages\/2774\/revisions\/2775"}],"up":[{"embeddable":true,"href":"https:\/\/www.treffendel.fr\/index.php?rest_route=\/wp\/v2\/pages\/17"}],"wp:attachment":[{"href":"https:\/\/www.treffendel.fr\/index.php?rest_route=%2Fwp%2Fv2%2Fmedia&parent=2774"}],"curies":[{"name":"wp","href":"https:\/\/api.w.org\/{rel}","templated":true}]}}