{"id":2846,"date":"2020-05-25T10:16:41","date_gmt":"2020-05-25T08:16:41","guid":{"rendered":"http:\/\/2016.treffendel.fr\/?page_id=2846"},"modified":"2020-05-25T10:35:11","modified_gmt":"2020-05-25T08:35:11","slug":"politique-de-confidentialite-donnees-personnelles-vie-privee","status":"publish","type":"page","link":"https:\/\/www.treffendel.fr\/?page_id=2846","title":{"rendered":"POLITIQUE DE CONFIDENTIALIT\u00c9\u00a0: Donn\u00e9es personnelles \u2013 Vie priv\u00e9e"},"content":{"rendered":"<p>La commune de TREFFENDEL met \u00e0 disposition du public un site Internet, v\u00e9ritable support de communication municipale \u00e0 destination des administr\u00e9s, et d\u2019accompagnement des \u00e9lus et agents dans l\u2019accomplissement de leurs missions de service public. Les utilisateurs du site http:\/\/www.treffendel.fr sont susceptibles de communiquer \u00e0 la commune de TREFFENDEL des donn\u00e9es \u00e0 caract\u00e8re personnel les concernant. Par cons\u00e9quent, la commune r\u00e9alise des traitements de donn\u00e9es.<\/p>\n<h4><u>Qu\u2019est-ce qu\u2019une donn\u00e9e personnelle\u00a0?<\/u><\/h4>\n<p>C\u2019est une information relative \u00e0 une personne physique identifi\u00e9e ou identifiable, directement (nom, pr\u00e9nom, adresse mail, etc.) ou indirectement (num\u00e9ro de t\u00e9l\u00e9phone, adresse IP, date de naissance, etc.).<\/p>\n<h4><u>Qu\u2019est-ce qu\u2019un traitement de donn\u00e9es\u00a0?<\/u><\/h4>\n<p>C\u2019est toute op\u00e9ration r\u00e9alis\u00e9e \u00e0 partir des donn\u00e9es personnelles, telle que la collecte, l\u2019enregistrement, l\u2019utilisation, la modification, la conservation, l\u2019effacement, etc.<\/p>\n<p>Ces traitements sont r\u00e9alis\u00e9s en conformit\u00e9 avec le R\u00e8glement G\u00e9n\u00e9ral sur la Protection des Donn\u00e9es (RGPD), entr\u00e9 en vigueur le 25 mai 2018, et la Loi Informatique et Libert\u00e9s du 6 janvier 1978 modifi\u00e9e. Le RGPD a comme objectif principal de permettre aux personnes concern\u00e9es par les traitements de mieux ma\u00eetriser leurs donn\u00e9es personnelles. Ainsi, cette politique de gestion et de protection des donn\u00e9es \u00e0 caract\u00e8re personnel a pour but de vous expliquer, en toute transparence, comment la commune de Treffendel g\u00e8re vos donn\u00e9es dans le cadre de ce site (quel type de traitement nous r\u00e9alisons, dans quel objectif, quels sont les destinataires des donn\u00e9es, quand supprimons-nous les donn\u00e9es, comment prot\u00e9geons-nous les donn\u00e9es, quels sont vos droits, etc.).<\/p>\n<h2>1 &#8211; IDENTIT\u00c9 ET COORDONN\u00c9ES DU RESPONSABLE DE TRAITEMENT ET DE SON D\u00c9L\u00c9GU\u00c9 A LA PROTECTION DES DONN\u00c9ES<\/h2>\n<p>Dans le cadre de l\u2019utilisation du site, les donn\u00e9es personnelles que vous communiquez sont collect\u00e9es et trait\u00e9es par la commune de Treffendel en sa qualit\u00e9 de responsable de traitement.<\/p>\n<p>Vous pouvez contacter la commune de Treffendel par\u00a0:<\/p>\n<ul>\n<li>Voie postale\u00a0: mairie \u2013 23 rue de Haute Bretagne \u2013 35380 TREFFENDEL<\/li>\n<li>T\u00e9l\u00e9phone\u00a0: 02.99.61.00.71<\/li>\n<li>Voie \u00e9lectronique\u00a0: communication@treffendel.fr<\/li>\n<\/ul>\n<p>La commune de Treffendel a nomm\u00e9 un d\u00e9l\u00e9gu\u00e9 \u00e0 la protection des donn\u00e9es conform\u00e9ment \u00e0 l\u2019article 37 du RGPD, qui est actuellement le Centre de Gestion d\u2019Ille-et-Vilaine. Pour toute question relative \u00e0 la protection des donn\u00e9es, vous pouvez contacter le d\u00e9l\u00e9gu\u00e9 \u00e0 la protection des donn\u00e9es \u00e0 l\u2019adresse suivante\u00a0: <a href=\"mailto:dpd@cdg35.fr\">dpd@cdg35.fr<\/a><\/p>\n<h2>2 &#8211; FINALIT\u00c9S, DESTINATAIRES ET BASES L\u00c9GALES<\/h2>\n<p>Lorsque vous acc\u00e9dez \u00e0 notre site Internet pour vous informer des \u00e9v\u00e8nements de la vie municipale et des services offerts, votre navigateur transmet des donn\u00e9es \u00e0 notre serveur Web (adresse IP, date et heure d\u2019acc\u00e8s, navigateur, param\u00e8tres de langue, fuseau horaire, etc.). Ces donn\u00e9es sont recueillies pour des raisons techniques en cas d\u2019acc\u00e8s ou de tentative d\u2019acc\u00e8s non autoris\u00e9 au serveur. Ces traitements sont n\u00e9cessaires \u00e0 l\u2019ex\u00e9cution d\u2019une mission d\u2019int\u00e9r\u00eat public dont est investi le responsable du traitement.<\/p>\n<h2>3 &#8211; EXERCICE DE VOS DROITS<\/h2>\n<p>Conform\u00e9ment au R\u00e8glement G\u00e9n\u00e9ral sur la Protection des Donn\u00e9es et \u00e0 la Loi Informatique et Libert\u00e9s modifi\u00e9e, vous disposez des droits suivants sur vos donn\u00e9es personnelles, et notamment\u00a0: le droit d\u2019acc\u00e9der, et de faire rectifier vos donn\u00e9es, le droit \u00e0 l\u2019effacement, \u00e0 la limitation du traitement, et le droit de vous opposer \u00e0 tout moment au traitement de vos donn\u00e9es pour des motifs tenant \u00e0 votre situation particuli\u00e8re.<\/p>\n<p>Pour exercer vos droits, merci d\u2019adresser votre demande accompagn\u00e9e d\u2019une copie d\u2019une pi\u00e8ce d\u2019identit\u00e9 \u00e0\u00a0: <a href=\"mailto:dpd@cdg35.fr\">dpd@cdg35.fr<\/a> ou de vous d\u00e9placer en mairie.<\/p>\n<h2>4 &#8211; DUR\u00c9ES DE CONSERVATION<\/h2>\n<p>Les donn\u00e9es personnelles sont conserv\u00e9es et trait\u00e9es pour la dur\u00e9e n\u00e9cessaire \u00e0 la r\u00e9alisation de la finalit\u00e9 poursuivie.<\/p>\n<p>Les donn\u00e9es d\u00e9pos\u00e9es lors de la navigation ne sont en aucun cas conserv\u00e9es par la commune.<\/p>\n<p>&nbsp;<\/p>\n<h2>5 &#8211; CONSERVATION EXCLUSIVE ET S\u00c9CURIS\u00c9E<\/h2>\n<p>La commune de Treffendel s\u2019engage \u00e0 mettre en \u0153uvre toutes les mesures techniques et organisationnelles appropri\u00e9es afin de garantir un niveau de s\u00e9curit\u00e9 adapt\u00e9 au regard des risques d\u2019acc\u00e8s accidents, non autoris\u00e9s ou ill\u00e9gaux, de divulgation, d\u2019alt\u00e9ration, de perte ou encore de destruction des donn\u00e9es personnelles vous concernant.<\/p>\n<p>En aucun cas, vos donn\u00e9es communiqu\u00e9es ne feront l\u2019objet d\u2019une vente, d\u2019un \u00e9change ou d\u2019une location \u00e0 des tiers, m\u00eame \u00e0 titre gratuit.<\/p>\n<h2>6 &#8211; INTRODUCTION D\u2019UNE R\u00c9CLAMATION<\/h2>\n<p>&nbsp;<\/p>\n<p>Sous r\u00e9serve d\u2019un manquement aux dispositions d\u00e9crites ci-dessus, vous avez le droit d\u2019introduire une r\u00e9clamation aupr\u00e8s de la CNIL (Commission Nationale de l\u2019informatique et des Libert\u00e9s).<\/p>\n<h2>7 &#8211; COOKIES<\/h2>\n<p>Ce sont des fichiers d\u2019information envoy\u00e9s sur votre navigateur et enregistr\u00e9s au sein de votre terminal (ordinateur, smartphone) lors de la consultation de notre site. Ces fichiers comprennent des informations telles que le nom de domaine de l\u2019utilisateur, votre fournisseur d\u2019acc\u00e8s Internet, votre syst\u00e8me d\u2019exploitation, ainsi que la date et l\u2019heure d\u2019acc\u00e8s. Les cookies sont conserv\u00e9s pendant une dur\u00e9e maximale de 13 mois.<\/p>\n<p>Les cookies ne risquent en aucun cas d\u2019endommager votre terminal. Ils permettent d\u2019optimiser votre navigation sur notre site Internet, d\u2019am\u00e9liorer le contenu du site, et de r\u00e9aliser des statistiques de visites.<\/p>\n<p>Nous sommes susceptibles d\u2019inclure sur notre site des cookies tiers ou applications informatiques \u00e9manant de tiers qui vous permettent de partager des contenus de notre site avec d\u2019autres personnes ou de faire conna\u00eetre \u00e0 ces autres personnes votre consultation ou votre opinion concernant un contenu de notre site. Tel est notamment le cas des boutons \u00ab\u00a0Partager\u00a0\u00bb et \u00ab\u00a0J\u2019aime\u00a0\u00bb issus des r\u00e9seaux sociaux. Ainsi, ces services propos\u00e9s par des sites tiers engendrent le d\u00e9p\u00f4t de cookies tiers.<\/p>\n<p>Votre navigateur peut \u00eatre param\u00e9tr\u00e9 pour vous signaler les cookies qui sont d\u00e9pos\u00e9s dans votre ordinateur et vous demander de les accepter ou pas. Vous pouvez accepter ou refuser les cookies au cas par cas ou bien les refuser syst\u00e9matiquement.<\/p>\n","protected":false},"excerpt":{"rendered":"<p>La commune de TREFFENDEL met \u00e0 disposition du public un site Internet, v\u00e9ritable support de communication municipale \u00e0 destination des administr\u00e9s, et d\u2019accompagnement des \u00e9lus et agents dans l\u2019accomplissement de leurs missions de service public. Les utilisateurs du site http:\/\/www.treffendel.fr sont susceptibles de communiquer \u00e0 la commune de TREFFENDEL des donn\u00e9es \u00e0 caract\u00e8re personnel les [&hellip;]<\/p>\n","protected":false},"author":1,"featured_media":0,"parent":2,"menu_order":0,"comment_status":"closed","ping_status":"closed","template":"","meta":[],"_links":{"self":[{"href":"https:\/\/www.treffendel.fr\/index.php?rest_route=\/wp\/v2\/pages\/2846"}],"collection":[{"href":"https:\/\/www.treffendel.fr\/index.php?rest_route=\/wp\/v2\/pages"}],"about":[{"href":"https:\/\/www.treffendel.fr\/index.php?rest_route=\/wp\/v2\/types\/page"}],"author":[{"embeddable":true,"href":"https:\/\/www.treffendel.fr\/index.php?rest_route=\/wp\/v2\/users\/1"}],"replies":[{"embeddable":true,"href":"https:\/\/www.treffendel.fr\/index.php?rest_route=%2Fwp%2Fv2%2Fcomments&post=2846"}],"version-history":[{"count":1,"href":"https:\/\/www.treffendel.fr\/index.php?rest_route=\/wp\/v2\/pages\/2846\/revisions"}],"predecessor-version":[{"id":2851,"href":"https:\/\/www.treffendel.fr\/index.php?rest_route=\/wp\/v2\/pages\/2846\/revisions\/2851"}],"up":[{"embeddable":true,"href":"https:\/\/www.treffendel.fr\/index.php?rest_route=\/wp\/v2\/pages\/2"}],"wp:attachment":[{"href":"https:\/\/www.treffendel.fr\/index.php?rest_route=%2Fwp%2Fv2%2Fmedia&parent=2846"}],"curies":[{"name":"wp","href":"https:\/\/api.w.org\/{rel}","templated":true}]}}