{"id":2862,"date":"2020-06-04T18:23:10","date_gmt":"2020-06-04T16:23:10","guid":{"rendered":"http:\/\/2016.treffendel.fr\/?page_id=2862"},"modified":"2020-06-05T14:48:24","modified_gmt":"2020-06-05T12:48:24","slug":"compte-rendu-du-conseil-municipal-du-26-mai-2020-a-20-h-00","status":"publish","type":"page","link":"https:\/\/www.treffendel.fr\/?page_id=2862","title":{"rendered":"Compte-rendu du conseil municipal du 26 mai 2020 \u00e0 20 h 00"},"content":{"rendered":"<p>Pr\u00e9sents\u00a0: F. KERGUELEN, P. PERSEHAIE, C. LE ROSSIGNOL, C. BANCHEREAU, M. RAULLINE, C. GODIN, N. FRO, C. THOMAS, M. LACAZE, A. LE NET, S. LONNOY, S. BERTIN, C. DUBOIS, L. BEAUGE, C. WEBER.<\/p>\n<p>Mme Fran\u00e7oise KERGUELEN, Maire sortant, rappelle aux membres du conseil municipal les r\u00e8gles de\u00a0s\u00e9curit\u00e9 sanitaire, li\u00e9es \u00e0 la pand\u00e9mie du Covid-19, \u00e0 savoir\u00a0:<\/p>\n<ul>\n<li>Les \u00e9lus doivent arriver avec un masque,<\/li>\n<li>Se laver les mains avec une solution hydro-alcoolique,<\/li>\n<li>Prendre place sur une table avec le respect des r\u00e8gles de distanciation physique, (4 m\u00b2)<\/li>\n<li>Utiliser un stylo personnel.<\/li>\n<li>Une fois install\u00e9, les \u00e9lus pourront retirer leur masque.<\/li>\n<\/ul>\n<p>S\u00e9ance \u00e0 huis clos<\/p>\n<p>Conform\u00e9ment aux circonstances exceptionnelles r\u00e9sultant de l\u2019\u00e9pid\u00e9mie de covid-19 et selon les conditions fix\u00e9es par l\u2019article L.2121-18 du CGCT, que le public ne peut \u00eatre accueilli et que la transmission en direct des d\u00e9bats ne peut \u00eatre techniquement r\u00e9alis\u00e9e, la tenue de la s\u00e9ance peut \u00eatre faite \u00e0 huis clos. Suite \u00e0 un vote \u00e0 mains lev\u00e9es, le conseil municipal a accept\u00e9 \u00e0 l\u2019unanimit\u00e9 la tenue de la s\u00e9ance \u00e0 huis clos.<\/p>\n<p>D\u00e9signation d\u2019un secr\u00e9taire de s\u00e9ance\u00a0:<\/p>\n<p>Conform\u00e9ment \u00e0 l\u2019article L.2121-15 du Code G\u00e9n\u00e9ral des Collectivit\u00e9s Locales,\u00a0Mme Chantal LE ROSSIGNOL est nomm\u00e9e secr\u00e9taire de s\u00e9ance.<\/p>\n<h2>I- Installation du conseil municipal<\/h2>\n<h4>a &#8211; Election du Maire et Adjoints\u00a0:<\/h4>\n<p>(<a href=\"http:\/\/2016.treffendel.fr\/wp-content\/uploads\/2020\/06\/PV-Elections_maire_adjoints_26-05-2020.pdf\" target=\"_blank\" rel=\"noopener\">voir Proc\u00e8s-Verbal<\/a>)<\/p>\n<h4>b- Lecture de la charte de l\u2019\u00e9lu local selon l\u2019article L. 1111-1-1 du CGCT<\/h4>\n<p>Madame le Maire donne lecture au conseil municipal de la charte de l\u2019\u00e9lu local selon l\u2019article L.1111-1-1 du CGCT et un exemplaire a \u00e9t\u00e9 remis \u00e0 chaque \u00e9lu.<\/p>\n<h4>c- Information sur les devoirs et les droits de l\u2019\u00e9lu local<\/h4>\n<p>Compte tenu de la n\u00e9cessit\u00e9 pour les \u00e9lus locaux, nouveaux comme renouvel\u00e9s, de bien conna\u00eetre leurs devoirs\u00a0mais aussi leurs droits, il a \u00e9t\u00e9 fourni, \u00e0 chaque conseiller municipal, la brochure \u00ab LE STATUT DE L\u2019ELU(E) LOCAL(E) \u00bb de fa\u00e7on d\u00e9mat\u00e9rialis\u00e9e, lors de l\u2019envoi d\u00e9mat\u00e9rialis\u00e9 de la convocation le 18 mai 2020.<\/p>\n<p>Elle comprend des indications concr\u00e8tes, \u00e0 jour, en particulier sur :<\/p>\n<ul>\n<li>les r\u00e8gles de d\u00e9claration de patrimoine et d\u2019int\u00e9r\u00eat<\/li>\n<li>les relations avec les employeurs<\/li>\n<li>les r\u00e8gles de la formation accessible aux \u00e9lus<\/li>\n<li>les modalit\u00e9s d\u2019indemnisation des fonctions \u00e9lectives, d\u2019affiliation \u00e0 la s\u00e9curit\u00e9 sociale<\/li>\n<li>les r\u00e8gles de fiscalisation des indemnit\u00e9s de fonction<\/li>\n<li>l\u2019attribution de remboursement de frais<\/li>\n<li>les modalit\u00e9s de protection des \u00e9lus en cas d\u2019accident<\/li>\n<li>les r\u00e9gimes de retraite sp\u00e9cifiques aux \u00e9lus.<\/li>\n<\/ul>\n<h4>d &#8211; D\u00e9l\u00e9gations consenties au Maire par le Conseil Municipal<\/h4>\n<p>Le Maire expose que les dispositions du code g\u00e9n\u00e9ral des collectivit\u00e9s territoriales (article L2122-22) permettent au conseil municipal de d\u00e9l\u00e9guer au maire un certain nombre de ses comp\u00e9tences.<\/p>\n<p>Dans un souci de favoriser une bonne administration communale et apr\u00e8s en avoir d\u00e9lib\u00e9r\u00e9, le Conseil municipal d\u00e9cide, \u00e0 l\u2019unanimit\u00e9, pour la dur\u00e9e du pr\u00e9sent mandat, de confier \u00e0 Madame le Maire les d\u00e9l\u00e9gations suivantes :<\/p>\n<ol>\n<li>d&rsquo;arr\u00eater et modifier l&rsquo;affectation des propri\u00e9t\u00e9s communales utilis\u00e9es par les services publics municipaux ou assimil\u00e9s ;<\/li>\n<li>de fixer, dans la limite de 150 \u20ac, les tarifs des droits de voirie, de stationnement, de d\u00e9p\u00f4t temporaire sur les voies et autres lieux publics et d&rsquo;une mani\u00e8re g\u00e9n\u00e9rale des droits au profit de la commune qui n&rsquo;ont pas un caract\u00e8re fiscal ;<\/li>\n<li>de proc\u00e9der, dans la limite de 200\u00a0000 \u20ac, \u00e0 la r\u00e9alisation des emprunts destin\u00e9s au financement des investissements pr\u00e9vus par le budget et aux op\u00e9rations financi\u00e8res utiles \u00e0 la gestion des emprunts y compris les op\u00e9rations de couverture des risques de taux et de change ainsi que prendre les d\u00e9cisions mentionn\u00e9es au III de l&rsquo;article L. 1618-2 et au \u00ab\u00a0a\u00a0\u00bb de l&rsquo;article L. 2221-5-1, sous r\u00e9serve des dispositions du \u00ab\u00a0c\u00a0\u00bb de ce m\u00eame article, et de passer \u00e0 cet effet les actes n\u00e9cessaires ;<\/li>\n<li>De prendre toute d\u00e9cision concernant la pr\u00e9paration, la passation, l\u2019ex\u00e9cution et le r\u00e8glement des march\u00e9s et des accords-cadres ainsi que toute d\u00e9cision concernant leurs avenants lorsque les cr\u00e9dits sont inscrits au budget, concernant tous les investissements et charges de fonctionnement du budget communal, dans limite d\u2019un montant de 20\u00a0000 \u20ac HT,<\/li>\n<li>de d\u00e9cider de la conclusion et de la r\u00e9vision du louage de choses pour une dur\u00e9e n&rsquo;exc\u00e9dant pas douze ans ;<\/li>\n<li>de passer les contrats d&rsquo;assurance ainsi que d\u2019accepter les indemnit\u00e9s de sinistre y aff\u00e9rentes\u00a0;<\/li>\n<li>de cr\u00e9er, modifier ou supprimer les r\u00e9gies comptables n\u00e9cessaires au fonctionnement des services municipaux ;<\/li>\n<li>de prononcer la d\u00e9livrance et la reprise des concessions dans les cimeti\u00e8res ;<\/li>\n<li>d&rsquo;accepter les dons et legs qui ne sont ni grev\u00e9s ni de conditions ni de charges ;<\/li>\n<li>de d\u00e9cider l&rsquo;ali\u00e9nation de gr\u00e9 \u00e0 gr\u00e9 de biens mobiliers jusqu&rsquo;\u00e0 4 600 euros ;<\/li>\n<li>de fixer les r\u00e9mun\u00e9rations et r\u00e9gler les frais d&rsquo;honoraires et des avocats, notaires, avou\u00e9s, huissiers de justice et experts ;<\/li>\n<li>de fixer dans les limites de l&rsquo;estimation des services fiscaux, le montant des offres de la commune \u00e0 notifier aux expropri\u00e9s et r\u00e9pondre \u00e0 leurs demandes ;<\/li>\n<li>de d\u00e9cider de la cr\u00e9ation de classes dans les \u00e9tablissements d&rsquo;enseignement ;<\/li>\n<li>de fixer les reprises d&rsquo;alignement en application des documents d&rsquo;urbanisme ;<\/li>\n<li>d&rsquo;exercer, au nom de la commune, les droits de pr\u00e9emption d\u00e9finis par le Code de l&rsquo;urbanisme que la commune en soit titulaire ou d\u00e9l\u00e9gataire, et de d\u00e9l\u00e9guer l&rsquo;exercice de ces droits \u00e0 la Communaut\u00e9 de Communes de Broc\u00e9liande \u00e0 l&rsquo;occasion de l&rsquo;ali\u00e9nation d&rsquo;un bien selon les dispositions pr\u00e9vues \u00e0 l\u2019article L 211-2 au premier alin\u00e9a de l&rsquo;article L. 213-3 de ce m\u00eame code dans les conditions que fixe le conseil municipal ;<\/li>\n<li>d&rsquo;intenter au nom de la commune toute action en justice ou d\u00e9fendre la commune dans des actions intent\u00e9es contre elle, quel que soit le type de juridiction et de niveau ;<\/li>\n<li>de r\u00e9gler les cons\u00e9quences dommageables des accidents dans lesquels sont impliqu\u00e9s les v\u00e9hicules municipaux dans la limite fix\u00e9e par le conseil municipal \u00e0 un montant de 5\u00a0000 \u20ac ;<\/li>\n<li>de donner, en application de l&rsquo;article L. 324-1 du Code de l&rsquo;urbanisme, l&rsquo;avis de la commune pr\u00e9alablement aux op\u00e9rations men\u00e9es par un \u00e9tablissement public foncier ;<\/li>\n<li>de r\u00e9aliser les lignes de tr\u00e9sorerie sur la base d&rsquo;un montant maximal de 200\u00a0000 \u20ac autoris\u00e9 par le conseil municipal ;<\/li>\n<li>d&rsquo;exercer ou de d\u00e9l\u00e9guer \u00e0 la Communaut\u00e9 de Communes de Broc\u00e9liande, en application de l&rsquo;article L. 214-1 du Code de l&rsquo;urbanisme, au nom de la commune et dans les conditions fix\u00e9es par le conseil municipal, le droit de pr\u00e9emption d\u00e9fini par l\u2019article L 214-1 du m\u00eame code ;<\/li>\n<li>d&rsquo;exercer au nom de la commune le droit de priorit\u00e9 d\u00e9fini aux articles L. 240-1 \u00e0 L. 240-3 du Code de l&rsquo;urbanisme ou de d\u00e9l\u00e9guer l\u2019exercice de ce droit en application des m\u00eames articles \u00e0 la Communaut\u00e9 de Communes de Broc\u00e9liande ;<\/li>\n<li>de prendre les d\u00e9cisions mentionn\u00e9es aux articles L. 523-4 et L. 523-5 du Code du patrimoine relatives \u00e0 la r\u00e9alisation de diagnostics d&rsquo;arch\u00e9ologie pr\u00e9ventive prescrits pour les op\u00e9rations d&rsquo;am\u00e9nagement ou de travaux sur le territoire de la commune ;<\/li>\n<li>d&rsquo;autoriser au nom de la commune, le renouvellement de l&rsquo;adh\u00e9sion aux associations dont elle est membre.<\/li>\n<li>De demander \u00e0 tout organisme financeur, l&rsquo;attribution de subventions pour tous les projets d\u2019investissements de la commune\u00a0;<\/li>\n<li>De proc\u00e9der, concernant l\u2019int\u00e9gralit\u00e9 des b\u00e2timents communaux, au d\u00e9p\u00f4t des demandes d&rsquo;autorisations d&rsquo;urbanisme relatives \u00e0 la d\u00e9molition, \u00e0 la transformation ou \u00e0 l&rsquo;\u00e9dification des biens municipaux<\/li>\n<li>D&rsquo;exercer, au nom de la commune, le droit pr\u00e9vu au I de <a href=\"https:\/\/www.legifrance.gouv.fr\/affichTexteArticle.do?cidTexte=JORFTEXT000000889243&amp;idArticle=LEGIARTI000006465237&amp;dateTexte=&amp;categorieLien=cid\">l&rsquo;article 10 de la loi n\u00b0 75-1351 du 31 d\u00e9cembre 1975 <\/a>relative \u00e0 la protection des occupants de locaux \u00e0 usage d&rsquo;habitation ;<\/li>\n<li>D&rsquo;ouvrir et d&rsquo;organiser la participation du public par voie \u00e9lectronique pr\u00e9vue au I de l&rsquo;article L. 123-19 du code de l&rsquo;environnement.<\/li>\n<\/ol>\n<h4>e- Vote des indemnit\u00e9s des \u00e9lus<\/h4>\n<p>Madame le Maire propose que cette question soit report\u00e9e \u00e0 la s\u00e9ance\u00a0du 11 juin prochain.<\/p>\n<h4>f- Propositions des commissions<\/h4>\n<p>Il a \u00e9t\u00e9 list\u00e9 toutes les commissions existantes, de fa\u00e7on \u00e0 permettre aux membres du conseil municipal de r\u00e9fl\u00e9chir \u00e0 l\u2019int\u00e9gration de telle ou telle commission dont le th\u00e8me int\u00e9resse.<\/p>\n<ul>\n<li>Commission \u00ab\u00a0B\u00e2timents\u00a0communaux\u00a0\u00bb,<\/li>\n<li>Commission \u00ab\u00a0Voirie \u2013 Assainissement\u00a0\u00bb,<\/li>\n<li>Commission \u00ab\u00a0Finances\u00a0\u00bb,<\/li>\n<li>Commission d\u2019Appel d\u2019Offres \u2013 CAO (pour tous les march\u00e9s publics)<\/li>\n<li>Commission \u00ab\u00a0Urbanisme\u00a0\u00bb,<\/li>\n<li>Commission \u00ab\u00a0Vie Associative, sportive et culturelle\u00a0\u00bb,<\/li>\n<li>Commission \u00ab\u00a0Communication \u2013 Bulletin municipal et site Internet\u00a0\u00bb<\/li>\n<li>Commission \u00ab\u00a0Affaires scolaires et p\u00e9riscolaires\u00a0\u00bb<\/li>\n<li>Commission \u00ab\u00a0Boulangerie\u00a0\u00bb<\/li>\n<li>Centre Communal d\u2019Action Sociale (CCAS) 5 membres du conseil municipal + 5 membres appartenant \u00e0 des associations \u00e0 caract\u00e8re social (Ex. UDAF, MSA, ADMR, Club des a\u00een\u00e9s, \u2026\u2026.)<\/li>\n<li>Groupe de travail \u00ab\u00a0f\u00eates et c\u00e9r\u00e9monies\u00a0\u00bb<\/li>\n<li>Groupe de travail \u00ab\u00a0Comit\u00e9 de suivi \u00e9olien\u00a0\u00bb<\/li>\n<li>Groupe de travail \u00ab\u00a0Gestion diff\u00e9renci\u00e9e des espaces verts\u00a0\u00bb<\/li>\n<\/ul>\n<p>Chaque commission est pr\u00e9sid\u00e9e par le Maire ou l\u2019Adjoint ayant la d\u00e9l\u00e9gation (Ex.\u00a0: Voirie, Finances, Urbanisme, Affaires scolaires\u2026\u2026\u2026\u2026..) et il est propos\u00e9 de limiter, au maximum, le nombre de membres \u00e0 7.<\/p>\n<p>La composition des commissions se fera lors de la s\u00e9ance du 11 juin 2020.<\/p>\n<h4>g \u2013 mise en place d\u2019un r\u00e8glement int\u00e9rieur<\/h4>\n<p>Dans les 6 mois suivants l\u2019installation du conseil municipal, il doit \u00eatre mise en place un r\u00e8glement int\u00e9rieur de fonctionnement du conseil municipal.\u00a0Un groupe de travail\u00a0sera constitu\u00e9 lors de la s\u00e9ance du 11 juin 2020<\/p>\n<h2>II \u2013\u00a0 VOIRIE :<\/h2>\n<h4>Travaux de Point-\u00e0-temps 2020\u00a0: choix de l\u2019entreprise<\/h4>\n<p>Il avait \u00e9t\u00e9 sollicit\u00e9 un appel d\u2019offres pour les travaux annuels de \u00ab\u00a0Point-\u00e0-temps\u00a0\u00bb (r\u00e9fection des voies communales par pose de goudron) aupr\u00e8s de 3 entreprises, avec une r\u00e9ponse pour le 15 mai 2020.<\/p>\n<p>Chaque ann\u00e9e, il est \u00e9tendu 25 tonnes d\u2019\u00e9mulsion.<\/p>\n<p>Pour m\u00e9moire\u00a0: 2018 = 654 \u20ac HT la tonne, 2019 = 700 \u20ac HT la tonne.<\/p>\n<p>Il est propos\u00e9 de retenir l\u2019entreprise EUROVIA Bretagne, de RENNES,\u00a0 pour 25 tonnes d\u2019\u00e9mulsion \u00e0 raison de 669 \u20ac HT la tonne, soit un montant TTC de 20 070 \u20ac. Au budget Primitif 2020, il a \u00e9t\u00e9 inscrit une somme de 21\u00a0000 \u20ac.<\/p>\n<p>Apr\u00e8s en avoir d\u00e9lib\u00e9r\u00e9, le conseil municipal d\u00e9cide, \u00e0 l\u2019unanimit\u00e9 de retenir l\u2019entreprise EUROVIA Bretagne de Rennes pour la fourniture de 25 tonnes d\u2019\u00e9mulsion \u00e0 raison de 669 \u20ac HT la tonne, et d\u2019autoriser Madame le Maire \u00e0 signer le devis et tous documents se rapportant \u00e0 cette affaire.<\/p>\n<h2>PROCHAINS CONSEILS MUNICIPAUX\u00a0:<\/h2>\n<p>Jeudi 11 juin 2020 \u00e0 20 h 30 : r\u00e9union Adjoints (mardi 02 juin 2020 \u00e0 20 h 30)<\/p>\n<p>Jeudi 09 juillet 2020 \u00e0 20 h 30\u00a0\u00a0\u00a0\u00a0\u00a0\u00a0\u00a0\u00a0\u00a0\u00a0\u00a0\u00a0\u00a0\u00a0\u00a0\u00a0\u00a0\u00a0\u00a0 : r\u00e9union Adjoints\u00a0(mardi 30 juin 2020 \u00e0 20 h 30)<\/p>\n<p>Jeudi 10 septembre 2020 \u00e0 20 h 30 : r\u00e9union Adjoints\u00a0(mardi 1er sept 2020 \u00e0 20 h 30)<\/p>\n<p>Jeudi 15 octobre 2020 \u00e0 20 h 30 : r\u00e9union Adjoints\u00a0(mardi 06 octobre 2020 \u00e0 20 h 30)<\/p>\n<p>Jeudi 12 novembre 2020 \u00e0 20 h 30 : r\u00e9union Adjoints\u00a0(mardi 03 novembre 2020 \u00e0 20 h 30)<\/p>\n<p>Jeudi 10 d\u00e9cembre 2020 \u00e0 20 h 30 : r\u00e9union Adjoints\u00a0(mardi 1er d\u00e9cembre 2020 \u00e0 20 h 30)<\/p>\n<p>Jeudi 14 janvier 2021 \u00e0 20 h 30 : r\u00e9union Adjoints (mardi 05 janvier 2020 \u00e0 20 h 30)<\/p>\n","protected":false},"excerpt":{"rendered":"<p>Pr\u00e9sents\u00a0: F. KERGUELEN, P. PERSEHAIE, C. LE ROSSIGNOL, C. BANCHEREAU, M. RAULLINE, C. GODIN, N. FRO, C. THOMAS, M. LACAZE, A. LE NET, S. LONNOY, S. BERTIN, C. DUBOIS, L. BEAUGE, C. WEBER. Mme Fran\u00e7oise KERGUELEN, Maire sortant, rappelle aux membres du conseil municipal les r\u00e8gles de\u00a0s\u00e9curit\u00e9 sanitaire, li\u00e9es \u00e0 la pand\u00e9mie du Covid-19, \u00e0 [&hellip;]<\/p>\n","protected":false},"author":1,"featured_media":0,"parent":17,"menu_order":0,"comment_status":"closed","ping_status":"closed","template":"","meta":[],"_links":{"self":[{"href":"https:\/\/www.treffendel.fr\/index.php?rest_route=\/wp\/v2\/pages\/2862"}],"collection":[{"href":"https:\/\/www.treffendel.fr\/index.php?rest_route=\/wp\/v2\/pages"}],"about":[{"href":"https:\/\/www.treffendel.fr\/index.php?rest_route=\/wp\/v2\/types\/page"}],"author":[{"embeddable":true,"href":"https:\/\/www.treffendel.fr\/index.php?rest_route=\/wp\/v2\/users\/1"}],"replies":[{"embeddable":true,"href":"https:\/\/www.treffendel.fr\/index.php?rest_route=%2Fwp%2Fv2%2Fcomments&post=2862"}],"version-history":[{"count":2,"href":"https:\/\/www.treffendel.fr\/index.php?rest_route=\/wp\/v2\/pages\/2862\/revisions"}],"predecessor-version":[{"id":2872,"href":"https:\/\/www.treffendel.fr\/index.php?rest_route=\/wp\/v2\/pages\/2862\/revisions\/2872"}],"up":[{"embeddable":true,"href":"https:\/\/www.treffendel.fr\/index.php?rest_route=\/wp\/v2\/pages\/17"}],"wp:attachment":[{"href":"https:\/\/www.treffendel.fr\/index.php?rest_route=%2Fwp%2Fv2%2Fmedia&parent=2862"}],"curies":[{"name":"wp","href":"https:\/\/api.w.org\/{rel}","templated":true}]}}