{"id":341,"date":"2016-12-01T14:00:46","date_gmt":"2016-12-01T13:00:46","guid":{"rendered":"http:\/\/2016.treffendel.fr\/?page_id=341"},"modified":"2025-09-15T11:38:37","modified_gmt":"2025-09-15T09:38:37","slug":"les-associations-de-sport","status":"publish","type":"page","link":"https:\/\/www.treffendel.fr\/?page_id=341","title":{"rendered":"Sport"},"content":{"rendered":"<table style=\"width: 113.517%; height: 339px;\">\n<tbody>\n<tr style=\"height: 45px;\">\n<td style=\"width: 127px; height: 45px;\">Badminton<\/td>\n<td style=\"width: 184px; height: 45px;\"><a href=\"https:\/\/www.treffendel.fr\/wp-content\/uploads\/2025\/09\/volants-treffendellois-2025.jpg\" target=\"_blank\" rel=\"noopener noreferrer\">Les Volants Treffendellois<\/a><\/td>\n<td style=\"width: 352px; height: 45px;\">pratique du badminton en loisir<\/td>\n<\/tr>\n<tr style=\"height: 66px;\">\n<td style=\"width: 127px; height: 66px;\">Football<\/td>\n<td style=\"width: 184px; height: 66px;\"><a href=\"https:\/\/www.facebook.com\/Eskouadenn.de.Broceliande?__cft__[0]=AZXUPUZVjJQ7u8s-mRGmCLQMzk04jDBz2zTAAzh708ANZ41kZTS21KoldjpVD3xx0nENS65ObJBdLHmdM7kA0btv0vBtGPgkAXidcxKNKwE3___e1s3CN9VnZfIYUtclECne3KunbApb2Qgx59CZ0B-gf0mcwzSCS4yrS8g8DFAEUq1lCRmXwd9omrTg_uVJO9s-ZqI9cGCwMacS5RTT7_RE&amp;__tn__=-]K-R\" target=\"_blank\" rel=\"noopener noreferrer\">Eskouadenn de Broc\u00e9liande<\/a><\/td>\n<td style=\"width: 352px; height: 66px;\">Entra\u00eenements et comp\u00e9titions pour tout \u00e2ge et tout niveaux + animations diverses + <a href=\"http:\/\/www.broceliandecup.org\/\" target=\"_blank\" rel=\"noopener noreferrer\">Broc\u00e9liande Cup<\/a><\/td>\n<\/tr>\n<tr style=\"height: 45px;\">\n<td style=\"width: 127px; height: 45px;\">Gymnastique<\/td>\n<td style=\"width: 184px; height: 45px;\"><a href=\"http:\/\/www.treffendel.fr\/?page_id=713\">Gymnastique Volontaire Treffendel<\/a><\/td>\n<td style=\"width: 352px; height: 45px;\">gymnastique d&rsquo;entretien.<\/td>\n<\/tr>\n<tr style=\"height: 45px;\">\n<td style=\"width: 127px; height: 45px;\">Tennis<\/td>\n<td style=\"width: 184px; height: 45px;\"><a href=\"https:\/\/www.facebook.com\/people\/TC-ATP\/100063023782362\/\" target=\"_blank\" rel=\"noopener noreferrer\">Tennis-Club Treffendel Pl\u00e9lan<\/a><\/td>\n<td style=\"width: 352px; height: 45px;\">entra\u00eenements et comp\u00e9titions pour tout \u00e2ge et tout niveaux<\/td>\n<\/tr>\n<tr style=\"height: 24px;\">\n<td style=\"width: 127px; height: 24px;\">Sport sant\u00e9<\/td>\n<td style=\"width: 184px; height: 24px;\"><a href=\"https:\/\/www.treffendel.fr\/?page_id=4611\">sport sant\u00e9<\/a><\/td>\n<td style=\"width: 352px; height: 24px;\">par les Educateurs sportifs d\u00e9partementaux<\/td>\n<\/tr>\n<tr style=\"height: 45px;\">\n<td style=\"width: 127px; height: 45px;\">Volley-ball<\/td>\n<td style=\"width: 184px; height: 45px;\"><a href=\"https:\/\/broceliandevolley.org\" target=\"_blank\" rel=\"noopener noreferrer\">Broc\u00e9liande Volley<\/a><\/td>\n<td style=\"width: 352px; height: 45px;\">entra\u00eenements et comp\u00e9titions pour tout \u00e2ge et tout niveaux<\/td>\n<\/tr>\n<tr style=\"height: 45px;\">\n<td style=\"width: 127px; height: 45px;\">VTT, randonn\u00e9e<\/td>\n<td style=\"width: 184px; height: 45px;\"><a href=\"https:\/\/www.treffendel.fr\/wp-content\/uploads\/2025\/09\/VTT-2025.jpg\" target=\"_blank\" rel=\"noopener noreferrer\">VTT, V\u00e9lo Passion<\/a><\/td>\n<td style=\"width: 352px; height: 45px;\">organisation de la randonn\u00e9e annuelle VTT et p\u00e9destre<\/td>\n<\/tr>\n<tr style=\"height: 24px;\">\n<td style=\"width: 127px; height: 24px;\">Yoga<\/td>\n<td style=\"width: 184px; height: 24px;\"><a href=\"http:\/\/institut.yoga.free.fr\/\" target=\"_blank\" rel=\"noopener noreferrer\">Institut<\/a><\/td>\n<td style=\"width: 352px; height: 24px;\">cours de yoga<\/td>\n<\/tr>\n<\/tbody>\n<\/table>\n<div class=\"wrapper section\">\n<div class=\"section-inner\">\n<div class=\"content\">\n<div id=\"post-208\" class=\"post single post-208 page type-page status-publish hentry\">\n<div class=\"post-inner\">\n<div class=\"post-content\">\n<p><a href=\"https:\/\/www.treffendel.fr\/wp-content\/uploads\/2025\/09\/Bulletin-dactivite-sportives-et-culturelles-2025.pdf\" data-slimstat=\"3\">Liste des activit\u00e9s propos\u00e9es \u00e0 Treffendel<\/a><\/p>\n<p><a href=\"https:\/\/4ncag.r.a.d.sendibm1.com\/mk\/mr\/sh\/6rqJ8GoudeITQXsN6mjsb3WhQY6\/VcmMgIuwZlD6\" target=\"_blank\" rel=\"noopener noreferrer\">Activit\u00e9s sportives propos\u00e9es par l&rsquo;Interval<\/a><\/p>\n<\/div>\n<\/div>\n<\/div>\n<\/div>\n<\/div>\n<\/div>\n\n","protected":false},"excerpt":{"rendered":"<p>Badminton Les Volants Treffendellois pratique du badminton en loisir Football Eskouadenn de Broc\u00e9liande Entra\u00eenements et comp\u00e9titions pour tout \u00e2ge et tout niveaux + animations diverses + Broc\u00e9liande Cup Gymnastique Gymnastique Volontaire Treffendel gymnastique d&rsquo;entretien. Tennis Tennis-Club Treffendel Pl\u00e9lan entra\u00eenements et comp\u00e9titions pour tout \u00e2ge et tout niveaux Sport sant\u00e9 sport sant\u00e9 par les Educateurs sportifs [&hellip;]<\/p>\n","protected":false},"author":1,"featured_media":0,"parent":208,"menu_order":0,"comment_status":"closed","ping_status":"closed","template":"","meta":[],"_links":{"self":[{"href":"https:\/\/www.treffendel.fr\/index.php?rest_route=\/wp\/v2\/pages\/341"}],"collection":[{"href":"https:\/\/www.treffendel.fr\/index.php?rest_route=\/wp\/v2\/pages"}],"about":[{"href":"https:\/\/www.treffendel.fr\/index.php?rest_route=\/wp\/v2\/types\/page"}],"author":[{"embeddable":true,"href":"https:\/\/www.treffendel.fr\/index.php?rest_route=\/wp\/v2\/users\/1"}],"replies":[{"embeddable":true,"href":"https:\/\/www.treffendel.fr\/index.php?rest_route=%2Fwp%2Fv2%2Fcomments&post=341"}],"version-history":[{"count":30,"href":"https:\/\/www.treffendel.fr\/index.php?rest_route=\/wp\/v2\/pages\/341\/revisions"}],"predecessor-version":[{"id":6685,"href":"https:\/\/www.treffendel.fr\/index.php?rest_route=\/wp\/v2\/pages\/341\/revisions\/6685"}],"up":[{"embeddable":true,"href":"https:\/\/www.treffendel.fr\/index.php?rest_route=\/wp\/v2\/pages\/208"}],"wp:attachment":[{"href":"https:\/\/www.treffendel.fr\/index.php?rest_route=%2Fwp%2Fv2%2Fmedia&parent=341"}],"curies":[{"name":"wp","href":"https:\/\/api.w.org\/{rel}","templated":true}]}}