{"id":343,"date":"2016-12-01T14:29:02","date_gmt":"2016-12-01T13:29:02","guid":{"rendered":"http:\/\/2016.treffendel.fr\/?page_id=343"},"modified":"2025-09-15T11:41:58","modified_gmt":"2025-09-15T09:41:58","slug":"les-associations-de-loisir-et-de-bien-etre","status":"publish","type":"page","link":"https:\/\/www.treffendel.fr\/?page_id=343","title":{"rendered":"Loisirs"},"content":{"rendered":"<table style=\"width: 98.2759%;\">\n<tbody>\n<tr style=\"height: 79px;\">\n<td style=\"height: 79px; width: 177px;\"><a href=\"https:\/\/www.linterval.org\/\" target=\"_blank\" rel=\"noopener noreferrer\">Inter&rsquo;Val.<\/a><\/td>\n<td style=\"height: 79px; width: 389px;\"><span style=\"font-size: small;\">association de gestion du centre social de Pl\u00e9lan<\/span><\/td>\n<td style=\"width: 4px;\"><\/td>\n<\/tr>\n<tr style=\"height: 79px;\">\n<td style=\"height: 79px; width: 177px;\"><a href=\"https:\/\/www.treffendel.fr\/?page_id=5401\" target=\"_blank\" rel=\"noopener noreferrer\">Association Communale de Chasse Agr\u00e9\u00e9e<\/a><\/td>\n<td style=\"height: 79px; width: 389px;\">organisation de la chasse (gibier, r\u00e8glement&#8230;)<\/td>\n<td style=\"width: 4px;\">contact : Daniel Picard (06.76.34.15.58)<\/td>\n<\/tr>\n<tr>\n<td style=\"width: 177px;\"><a href=\"https:\/\/www.treffendel.fr\/?page_id=3536\">AAPPMA Ch\u00e8ze et Canut<\/a><\/td>\n<td style=\"width: 389px;\">organisation de la p\u00eache dans les ruisseaux de la Ch\u00e8ze et du Canut<\/td>\n<td style=\"width: 4px;\">contact : <a href=\"mailto:yoann.brulard@laposte.net\">yoann.brulard@laposte.net<\/a><\/td>\n<\/tr>\n<tr style=\"height: 43px;\">\n<td style=\"height: 43px; width: 177px;\"><a href=\"https:\/\/www.treffendel.fr\/wp-content\/uploads\/2023\/09\/club_l_age_d_or.jpg\" target=\"_blank\" rel=\"noopener noreferrer\">Club de l&rsquo;Age d&rsquo;Or<\/a><\/td>\n<td style=\"height: 43px; width: 389px;\">association de retrait\u00e9s (rencontres, animations, remue-m\u00e9ninges&#8230;)<\/td>\n<td style=\"width: 4px;\">Elisabeth Le Gall (06.80.91.63.70)<\/td>\n<\/tr>\n<tr style=\"height: 43px;\">\n<td style=\"height: 43px; width: 177px;\"><a href=\"https:\/\/sites.google.com\/site\/braderietreffendel\/\" target=\"_blank\" rel=\"noopener noreferrer\">Comit\u00e9 des F\u00eates<\/a><\/td>\n<td style=\"height: 43px; width: 389px;\">organisation de moments festifs (loto, f\u00eate, braderie, bal&#8230;.)<\/td>\n<td style=\"width: 4px;\"><\/td>\n<\/tr>\n<tr style=\"height: 43px;\">\n<td style=\"height: 43px; width: 177px;\">\u00a0<a href=\"https:\/\/www.facebook.com\/treffendel.troupedetheatre.7\" target=\"_blank\" rel=\"noopener noreferrer\">Le lever de rideau<\/a><\/td>\n<td style=\"height: 43px; width: 389px;\">troupe de th\u00e9\u00e2tre amateur<\/td>\n<td style=\"width: 4px;\">Nicolas Ryo (06.73.78.73.01)<br \/>\n<a href=\"mailto:nicolasryo@orange.fr\">leleverderideau@gmail.com<\/a><\/td>\n<\/tr>\n<tr style=\"height: 97px;\">\n<td style=\"height: 97px; width: 177px;\"><a href=\"http:\/\/www.trefffasila.fr\/\" target=\"blank\" rel=\"noopener noreferrer\">Treff fa si la<\/a><\/td>\n<td style=\"height: 97px; width: 389px;\">\n<div class=\"page\" title=\"Page 2\">\n<div class=\"layoutArea\">\n<div class=\"column\">\n<p>de\u0301veloppement des motivations musicales, axe\u0301 sur la repre\u0301sentation sce\u0301nique et la pratique de la musique vivante<\/p>\n<\/div>\n<\/div>\n<\/div>\n<\/td>\n<td style=\"width: 4px;\">\n<div class=\"page\" title=\"Page 2\">\n<div class=\"layoutArea\">\n<div class=\"column\"><\/div>\n<\/div>\n<\/div>\n<\/td>\n<\/tr>\n<tr style=\"height: 66px;\">\n<td style=\"height: 66px; width: 177px;\"><a href=\"http:\/\/www.triolet24.fr\/\" target=\"_blank\" rel=\"noopener noreferrer\">Triolet 24<\/a><\/td>\n<td style=\"height: 66px; width: 389px;\">\n<div class=\"page\" title=\"Page 2\">\n<div class=\"layoutArea\">\n<div class=\"column\">\n<p>\u00e9cole de musique intercommunale<\/p>\n<\/div>\n<\/div>\n<\/div>\n<\/td>\n<td style=\"width: 4px;\">\n<div class=\"page\" title=\"Page 2\">\n<div class=\"layoutArea\">\n<div class=\"column\"><\/div>\n<\/div>\n<\/div>\n<\/td>\n<\/tr>\n<tr>\n<td style=\"width: 177px;\"><a href=\"https:\/\/amis-sentiers-broceliande.fr\/\" target=\"_blank\" rel=\"noopener noreferrer\">Les amis des sentiers de Broc\u00e9liande<\/a><\/td>\n<td style=\"width: 389px;\" colspan=\"2\">\n<div class=\"page\" title=\"Page 2\">\n<div class=\"layoutArea\">\n<div class=\"column\">\n<p>promouvoir l\u2019int\u00e9r\u00eat du sentier et son attractivit\u00e9 culturelle\u00a0pour dynamiser la pratique du tourisme de randonn\u00e9e en Broc\u00e9liande.<\/p>\n<p>Elle s\u2019est fix\u00e9e pour objectif\u00a0le maintien, l\u2019entretien, la gestion des itin\u00e9raires<\/p>\n<\/div>\n<\/div>\n<\/div>\n<\/td>\n<\/tr>\n<\/tbody>\n<\/table>\n<div class=\"wrapper section\">\n<div class=\"section-inner\">\n<div class=\"content\">\n<div id=\"post-208\" class=\"post single post-208 page type-page status-publish hentry\">\n<div class=\"post-inner\">\n<div class=\"post-content\">\n<p><a href=\"https:\/\/www.treffendel.fr\/wp-content\/uploads\/2025\/09\/Bulletin-dactivite-sportives-et-culturelles-2025.pdf\" data-slimstat=\"3\">Liste des activit\u00e9s propos\u00e9es \u00e0 Treffendel<\/a><\/p>\n<\/div>\n<\/div>\n<\/div>\n<\/div>\n<\/div>\n<\/div>\n","protected":false},"excerpt":{"rendered":"<p>Inter&rsquo;Val. association de gestion du centre social de Pl\u00e9lan Association Communale de Chasse Agr\u00e9\u00e9e organisation de la chasse (gibier, r\u00e8glement&#8230;) contact : Daniel Picard (06.76.34.15.58) AAPPMA Ch\u00e8ze et Canut organisation de la p\u00eache dans les ruisseaux de la Ch\u00e8ze et du Canut contact : yoann.brulard@laposte.net Club de l&rsquo;Age d&rsquo;Or association de retrait\u00e9s (rencontres, animations, remue-m\u00e9ninges&#8230;) [&hellip;]<\/p>\n","protected":false},"author":1,"featured_media":0,"parent":208,"menu_order":0,"comment_status":"closed","ping_status":"closed","template":"","meta":[],"_links":{"self":[{"href":"https:\/\/www.treffendel.fr\/index.php?rest_route=\/wp\/v2\/pages\/343"}],"collection":[{"href":"https:\/\/www.treffendel.fr\/index.php?rest_route=\/wp\/v2\/pages"}],"about":[{"href":"https:\/\/www.treffendel.fr\/index.php?rest_route=\/wp\/v2\/types\/page"}],"author":[{"embeddable":true,"href":"https:\/\/www.treffendel.fr\/index.php?rest_route=\/wp\/v2\/users\/1"}],"replies":[{"embeddable":true,"href":"https:\/\/www.treffendel.fr\/index.php?rest_route=%2Fwp%2Fv2%2Fcomments&post=343"}],"version-history":[{"count":32,"href":"https:\/\/www.treffendel.fr\/index.php?rest_route=\/wp\/v2\/pages\/343\/revisions"}],"predecessor-version":[{"id":6687,"href":"https:\/\/www.treffendel.fr\/index.php?rest_route=\/wp\/v2\/pages\/343\/revisions\/6687"}],"up":[{"embeddable":true,"href":"https:\/\/www.treffendel.fr\/index.php?rest_route=\/wp\/v2\/pages\/208"}],"wp:attachment":[{"href":"https:\/\/www.treffendel.fr\/index.php?rest_route=%2Fwp%2Fv2%2Fmedia&parent=343"}],"curies":[{"name":"wp","href":"https:\/\/api.w.org\/{rel}","templated":true}]}}