{"id":351,"date":"2016-12-01T14:43:15","date_gmt":"2016-12-01T13:43:15","guid":{"rendered":"http:\/\/2016.treffendel.fr\/?page_id=351"},"modified":"2025-09-15T11:42:51","modified_gmt":"2025-09-15T09:42:51","slug":"les-autres-associations","status":"publish","type":"page","link":"https:\/\/www.treffendel.fr\/?page_id=351","title":{"rendered":"Autres"},"content":{"rendered":"<h2>Les associations de parents d&rsquo;\u00e9l\u00e8ves<img class=\"alignright\" src=\"http:\/\/treffendel.fr.alwaysdata.net\/files\/parents_eleves.jpg\" \/><\/h2>\n<ul>\n<li><span style=\"font-size: small;\"><a href=\"http:\/\/www.ecolestmalo.org\/spip.php?rubrique31\" target=\"_blank\" rel=\"noopener noreferrer\">O.G.E.C.<\/a> (association de gestion de l&rsquo;\u00e9cole St Malo)<\/span><\/li>\n<li><span style=\"font-size: small;\"><a href=\"http:\/\/www.ecolestmalo.org\/spip.php?rubrique32\" target=\"_blank\" rel=\"noopener noreferrer\">A.P.E.L.<\/a>(association de parents d&rsquo;\u00e9l\u00e8ves de l&rsquo;\u00e9cole St Malo)<\/span><\/li>\n<li><span style=\"font-size: small;\"><a href=\"https:\/\/www.treffendel.fr\/?page_id=4824\">A.L.E.P.T.<\/a> (association de parents d&rsquo;\u00e9l\u00e8ves de l&rsquo;\u00e9cole publique)<\/span><\/li>\n<\/ul>\n<h2>Autres associations<\/h2>\n<ul>\n<li><span style=\"font-size: 12pt;\"><a href=\"http:\/\/2016.treffendel.fr\/?page_id=1058\" target=\"_blank\" rel=\"noopener noreferrer\">E.TRE.S<\/a>\u00a0 \u00ab\u00a0Environnement Treffendel Solidaire\u00a0\u00bb (\u00e9picerie coop\u00e9rative, \u00e9nergie, habitat, jardin&#8230;)\u00a0\u00a0<span style=\"color: #ffffff;\">etre&rsquo;s environnement co-voiturage solidarite solidarit\u00e9<\/span>\u00a0\u00a0<span style=\"color: #ffffff;\">covoiturage<\/span><\/span><\/li>\n<li><span style=\"font-size: 12pt;\"><a href=\"https:\/\/www.treffendel.fr\/wp-content\/uploads\/2023\/09\/unc.jpg\" target=\"_blank\" rel=\"noopener noreferrer\">Union Nationale des Combattants<\/a>\u00a0: participation au devoir de m\u00e9moire<\/span><\/li>\n<li><a href=\"http:\/\/www.admr35.org\/association\/admr-plelan\/\" target=\"_blank\" rel=\"noopener noreferrer\">ADMR. \u00ab\u00a0Pour tous, toute la vie, partout\u00a0\u00bb<\/a>\u00a0: Services \u00e0 la personne et aux familles.<br \/>\n9 A rue du March\u00e9 &#8211; 35380\u00a0 Pl\u00e9lan le Grand. Tel : 02.99.06.96.97\u00a0 \u00a0et\u00a0\u00a0Mail : <a href=\"mailto:plelan.asso@admr35.org\">plelan.asso@admr35.org<\/a><\/li>\n<li><span style=\"font-size: 12pt;\">Les Bouchons d&rsquo;amour : Anne-Marie Robin<\/span><\/li>\n<\/ul>\n<div class=\"wrapper section\">\n<div class=\"section-inner\">\n<div class=\"content\">\n<div id=\"post-208\" class=\"post single post-208 page type-page status-publish hentry\">\n<div class=\"post-inner\">\n<div class=\"post-content\">\n<p><a href=\"https:\/\/www.treffendel.fr\/wp-content\/uploads\/2025\/09\/Bulletin-dactivite-sportives-et-culturelles-2025.pdf\" data-slimstat=\"3\">Liste des activit\u00e9s propos\u00e9es \u00e0 Treffendel<\/a><\/p>\n<p><a style=\"font-family: 'Playfair Display', Georgia, serif; font-size: 1.5em; font-weight: bold;\" href=\"http:\/\/broceliande-richesses-associatives.org\/\" target=\"_blank\" rel=\"noopener noreferrer\">le B.R.A.S. : une aide aux associations<\/a><\/p>\n<\/div>\n<\/div>\n<\/div>\n<\/div>\n<\/div>\n<\/div>\n","protected":false},"excerpt":{"rendered":"<p>Les associations de parents d&rsquo;\u00e9l\u00e8ves O.G.E.C. (association de gestion de l&rsquo;\u00e9cole St Malo) A.P.E.L.(association de parents d&rsquo;\u00e9l\u00e8ves de l&rsquo;\u00e9cole St Malo) A.L.E.P.T. (association de parents d&rsquo;\u00e9l\u00e8ves de l&rsquo;\u00e9cole publique) Autres associations E.TRE.S\u00a0 \u00ab\u00a0Environnement Treffendel Solidaire\u00a0\u00bb (\u00e9picerie coop\u00e9rative, \u00e9nergie, habitat, jardin&#8230;)\u00a0\u00a0etre&rsquo;s environnement co-voiturage solidarite solidarit\u00e9\u00a0\u00a0covoiturage Union Nationale des Combattants\u00a0: participation au devoir de m\u00e9moire ADMR. \u00ab\u00a0Pour [&hellip;]<\/p>\n","protected":false},"author":1,"featured_media":0,"parent":208,"menu_order":0,"comment_status":"closed","ping_status":"closed","template":"","meta":[],"_links":{"self":[{"href":"https:\/\/www.treffendel.fr\/index.php?rest_route=\/wp\/v2\/pages\/351"}],"collection":[{"href":"https:\/\/www.treffendel.fr\/index.php?rest_route=\/wp\/v2\/pages"}],"about":[{"href":"https:\/\/www.treffendel.fr\/index.php?rest_route=\/wp\/v2\/types\/page"}],"author":[{"embeddable":true,"href":"https:\/\/www.treffendel.fr\/index.php?rest_route=\/wp\/v2\/users\/1"}],"replies":[{"embeddable":true,"href":"https:\/\/www.treffendel.fr\/index.php?rest_route=%2Fwp%2Fv2%2Fcomments&post=351"}],"version-history":[{"count":23,"href":"https:\/\/www.treffendel.fr\/index.php?rest_route=\/wp\/v2\/pages\/351\/revisions"}],"predecessor-version":[{"id":6688,"href":"https:\/\/www.treffendel.fr\/index.php?rest_route=\/wp\/v2\/pages\/351\/revisions\/6688"}],"up":[{"embeddable":true,"href":"https:\/\/www.treffendel.fr\/index.php?rest_route=\/wp\/v2\/pages\/208"}],"wp:attachment":[{"href":"https:\/\/www.treffendel.fr\/index.php?rest_route=%2Fwp%2Fv2%2Fmedia&parent=351"}],"curies":[{"name":"wp","href":"https:\/\/api.w.org\/{rel}","templated":true}]}}