{"id":3528,"date":"2021-04-06T17:25:18","date_gmt":"2021-04-06T15:25:18","guid":{"rendered":"https:\/\/www.treffendel.fr\/?page_id=3528"},"modified":"2021-04-09T14:36:38","modified_gmt":"2021-04-09T12:36:38","slug":"compte-rendu-du-conseil-municipal-du-30-mars-2021-a-18-h-00","status":"publish","type":"page","link":"https:\/\/www.treffendel.fr\/?page_id=3528","title":{"rendered":"Compte-rendu du conseil municipal du 30 mars 2021 \u00e0 18 h 00"},"content":{"rendered":"\n<p><strong>Pr\u00e9sents\u00a0<\/strong><strong>: <\/strong><strong>F. KERGUELEN, P. PERSEHAIE, C. LE ROSSIGNOL, C. BANCHEREAU, M. RAULLINE, \u00a0C. GODIN, N. <\/strong><strong>FRO, L. BEAUG\u00e9, C. THOMAS,<\/strong><\/p>\n<p><strong>Excus\u00e9e<\/strong>\u00a0: S. LONNOY (Procuration \u00e0 C. GODIN), M. LACAZE (Procuration \u00e0 P. PERSEHAIE), S. BERTIN (Procuration \u00e0 L. BEAUG\u00e9)<\/p>\n<p><strong>Absents\u00a0<\/strong>: A. LE NET, C. DUBOIS<\/p>\n<p>Mme le Maire informe le conseil municipal que selon l\u2019article 9 de la loi du 22 juin 2020 qui pr\u00e9cisait que \u00ab\u00a0<em>le maire peut d\u00e9cider de r\u00e9unir le conseil municipal en tout lieu afin de satisfaire aux r\u00e8gles sanitaires li\u00e9es au COVID-19\u00a0\u00bb <\/em>\u00e9tait applicable jusqu\u2019au 30 ao\u00fbt 2020. Par cons\u00e9quent, \u00e0 partir du 31 ao\u00fbt 2020, les s\u00e9ances du conseil municipal doivent \u00eatre organis\u00e9es dans le lieu habituel dans le respect des mesures barri\u00e8res et le port du masque, \u00e0 savoir\u00a0:<\/p>\n<ul>\n<li>Les \u00e9lus doivent arriver avec un masque,<\/li>\n<li>Se laver les mains avec une solution hydro-alcoolique,<\/li>\n<li>Utiliser un stylo personnel.<\/li>\n<li>Une fois install\u00e9, les \u00e9lus devront garder leur masque pendant la dur\u00e9e de la s\u00e9ance, afin de respecter les r\u00e8gles sanitaires du fait de la non-possibilit\u00e9 de la distanciation sociale (moins d\u2019un m\u00e8tre).<\/li>\n<\/ul>\n<p><strong>S\u00e9ance \u00e0 huis clos\u00a0:<\/strong><\/p>\n<p>Conform\u00e9ment aux circonstances exceptionnelles r\u00e9sultant de l\u2019\u00e9pid\u00e9mie de covid-19 et selon\u00a0les conditions fix\u00e9es par l\u2019article L.2121-18 du CGCT, que le public ne peut \u00eatre accueilli et que la transmission en direct des d\u00e9bats ne peut \u00eatre techniquement r\u00e9alis\u00e9e, la tenue de la s\u00e9ance peut \u00eatre faite \u00e0 huis clos.<\/p>\n<p>Suite \u00e0 un vote \u00e0 mains lev\u00e9es, le conseil municipal a accept\u00e9 \u00e0 l\u2019unanimit\u00e9 la tenue de la s\u00e9ance \u00e0 huis clos.<\/p>\n<p><strong>Approbation du compte rendu du conseil municipal du 11 mars 2021\u00a0:<\/strong><\/p>\n<p>Le compte rendu du 11 mars 2021 est approuv\u00e9 \u00e0 l\u2019unanimit\u00e9 des membres pr\u00e9sents.<\/p>\n<p><strong>D\u00e9signation d\u2019un secr\u00e9taire de s\u00e9ance\u00a0: <\/strong><\/p>\n<p>Conform\u00e9ment \u00e0 l\u2019article L.2121-15 du Code G\u00e9n\u00e9ral des Collectivit\u00e9s Locales, Mme Mich\u00e8le RAULLINE est\u00a0nomm\u00e9e secr\u00e9taire de s\u00e9ance.<\/p>\n<h1>I \u2013 \u00a0FINANCES<\/h1>\n<h4><strong><em>1\u00b0 &#8211; Vote des Comptes Administratifs 2020<\/em><\/strong><\/h4>\n<p>Pr\u00e9sent\u00e9s par Mme Mich\u00e8le RAULLINE, Adjointe aux Finances<\/p>\n<p><strong><em>Budget principal COMMUNE\u00a0<\/em><\/strong><\/p>\n<p>Fonctionnement<\/p>\n<ul>\n<li>D\u00e9penses r\u00e9alis\u00e9es\u00a0: 908\u00a0534.21<\/li>\n<li>Recettes r\u00e9alis\u00e9es\u00a0: 1\u00a0051\u00a0569.39<\/li>\n<li>R\u00e9sultat\u00a0=Exc\u00e9dent 2020\u00a0: 143\u00a0035.18 \u20ac<\/li>\n<li>+ R\u00e9sultat ant\u00e9rieur 2019\u00a0: 0.00 \u20ac<\/li>\n<li>soit r\u00e9sultat de cl\u00f4ture\u00a0: + 143\u00a0035.18 \u20ac<\/li>\n<\/ul>\n<p>Investissement<\/p>\n<ul>\n<li>D\u00e9penses r\u00e9alis\u00e9es\u00a0: 559\u00a0499.50<\/li>\n<li>Recettes r\u00e9alis\u00e9es : 709\u00a0253.53<\/li>\n<li>R\u00e9sultat\u00a0= Exc\u00e9dent 2020\u00a0: 149\u00a0754.03 \u20ac<\/li>\n<li>+ Exc\u00e9dent ant\u00e9rieur 2019 : 143 861.14 \u20ac<\/li>\n<li>r\u00e9sultat de cl\u00f4ture : Exc\u00e9dent de 293 615.17 \u20ac<strong style=\"font-size: inherit;\">\u00a0<\/strong><\/li>\n<\/ul>\n<p><strong>AFFECTATION DU RESULTAT\u00a0:<\/strong><\/p>\n<p>La commission \u00ab\u00a0Finances\u00a0\u00bb propose d\u2019affecter l\u2019int\u00e9gralit\u00e9 du r\u00e9sultat de fonctionnement 2020, soit la somme de 143\u00a0035.18 \u20ac \u00e0 l\u2019investissement pour financer les programmes d\u2019investissement engag\u00e9s en 2020.<\/p>\n<p>Apr\u00e8s en avoir d\u00e9lib\u00e9r\u00e9, le conseil municipal d\u00e9cide, \u00e0 l\u2019unanimit\u00e9\u00a0 d\u2019affecter l\u2019int\u00e9gralit\u00e9 du r\u00e9sultat de fonctionnement 2020 soit la somme de 143 035.18 \u20ac \u00e0\u00a0l\u2019investissement au C\/1068.<\/p>\n<p><strong><em>Budget annexe ASSAINISSEMENT \u2013 STATION (DSP) en H.T.<\/em><\/strong><\/p>\n<p>Fonctionnement<\/p>\n<ul>\n<li>D\u00e9penses r\u00e9alis\u00e9es\u00a0: \u00a032\u00a0379.29<\/li>\n<li>Recettes r\u00e9alis\u00e9es\u00a0: 18\u00a0181.00<\/li>\n<li>R\u00e9sultat\u00a0: D\u00e9ficit 2020\u00a0: &#8211; 14\u00a0198.29 \u20ac<\/li>\n<li>+ D\u00e9ficit 2019\u00a0: &#8211;\u00a0\u00a0\u00a0 5\u00a0398.23 \u20ac<\/li>\n<li>soit r\u00e9sultat de cl\u00f4ture : D\u00e9ficit de 19 596.52 \u20ac<\/li>\n<\/ul>\n<p>Investissement<\/p>\n<ul>\n<li>D\u00e9penses r\u00e9alis\u00e9es\u00a0: 14\u00a0744.52<\/li>\n<li>Recettes r\u00e9alis\u00e9es :\u00a0\u00a0\u00a0\u00a0\u00a0\u00a0\u00a0\u00a0 93\u00a0579.00\u00a0<\/li>\n<li>R\u00e9sultat\u00a0: Exc\u00e9dent 2020 : 78\u00a0834.48 \u20ac<\/li>\n<li>D\u00e9ficit ant\u00e9rieur 2019 : &#8211; 70 286.78 \u20ac<\/li>\n<li>r\u00e9sultat de cl\u00f4ture : Exc\u00e9dent de 8 547.70 \u20ac<\/li>\n<\/ul>\n<p><strong>AFFECTATION DU RESULTAT\u00a0:<\/strong><\/p>\n<p>La section de fonctionnement d\u00e9gageant un d\u00e9ficit de cl\u00f4ture en 2020 d\u2019un montant de\u00a019\u00a0596.52 \u20ac, il n\u2019y a donc pas de possibilit\u00e9 d\u2019affectation de r\u00e9sultat pour l\u2019ann\u00e9e 2021.<\/p>\n<p><strong><em>Budget annexe Lotissement de la Mairie\u00a0: <\/em><\/strong><\/p>\n<p>Fonctionnement<\/p>\n<ul>\n<li>D\u00e9penses r\u00e9alis\u00e9es\u00a0: 00<\/li>\n<li>Recettes r\u00e9alis\u00e9es\u00a0: 00<\/li>\n<li>R\u00e9sultat\u00a0 2020 : 00 \u20ac<\/li>\n<li>+ R\u00e9sultat ant\u00e9rieur 2019\u00a0: Exc\u00e9dent de 0.35 \u20ac<\/li>\n<li>soit r\u00e9sultat de cl\u00f4ture : Exc\u00e9dent de 0.35 \u20ac<\/li>\n<\/ul>\n<p>Investissement<\/p>\n<ul>\n<li>D\u00e9penses r\u00e9alis\u00e9es\u00a0: 00<\/li>\n<li>Recettes r\u00e9alis\u00e9es :\u00a0\u00a0\u00a0\u00a0\u00a0\u00a0\u00a0\u00a0\u00a0\u00a0\u00a0\u00a0\u00a0\u00a0\u00a0\u00a0\u00a0\u00a0 00<\/li>\n<li>R\u00e9sultat\u00a0 2020 :\u00a0\u00a0\u00a0\u00a0\u00a0\u00a0\u00a0\u00a0\u00a0\u00a0\u00a0\u00a0\u00a0\u00a0\u00a0\u00a0\u00a0\u00a0\u00a0\u00a0\u00a0\u00a0\u00a0\u00a0 00\u00a0 \u20ac<\/li>\n<li>+ R\u00e9sultat D\u00e9ficit 2019\u00a0: 49\u00a0420.20 \u20ac<\/li>\n<li>soit r\u00e9sultat de cl\u00f4ture\u00a0: D\u00e9ficit de 49\u00a0420.20 \u20ac<\/li>\n<\/ul>\n<p><strong><em>Budget annexe Lotissement de l\u2019\u00e9glise\u00a0:<\/em><\/strong><\/p>\n<p>Fonctionnement<\/p>\n<ul>\n<li>D\u00e9penses r\u00e9alis\u00e9es : 0<\/li>\n<li>Recettes r\u00e9alis\u00e9es : 0<\/li>\n<li>R\u00e9sultat\u00a0 2020 : 0 \u20ac<\/li>\n<li>+ R\u00e9sultat ant\u00e9rieur 2019 : 0 \u20ac<\/li>\n<li>soit r\u00e9sultat de cl\u00f4ture : 0 \u20ac<\/li>\n<\/ul>\n<p>Investissement<\/p>\n<ul>\n<li>D\u00e9penses r\u00e9alis\u00e9es\u00a0: 00<\/li>\n<li>Recettes r\u00e9alis\u00e9es :\u00a0\u00a0\u00a0\u00a0\u00a0\u00a0\u00a0\u00a0\u00a0\u00a0\u00a0\u00a0\u00a0\u00a0\u00a0\u00a0\u00a0\u00a0 00<\/li>\n<li>R\u00e9sultat\u00a0 2020 : 00 \u20ac<\/li>\n<li>+ R\u00e9sultat d\u00e9ficit 2019 &#8211;\u00a0\u00a0\u00a0\u00a0 83\u00a0296.66 \u20ac<\/li>\n<li>soit r\u00e9sultat de cl\u00f4ture\u00a0: d\u00e9ficit de 83\u00a0296.66 \u20ac<\/li>\n<\/ul>\n<p>Madame le Maire se retire de la salle.<\/p>\n<p>Ensuite, le conseil municipal approuve, \u00e0 l\u2019unanimit\u00e9, \u00a0dans un premier temps les comptes de gestion du Receveur municipal et ensuite les 4 Comptes Administratifs 2020 de Madame le Maire.<\/p>\n<h4><strong>2\u00b0 &#8211; Vote des Budgets Primitifs 2021<\/strong><\/h4>\n<p>pr\u00e9sent\u00e9s par Mme Mich\u00e8le RAULLINE, Adjointe aux Finances.<\/p>\n<p><strong>Budget principal \u00ab\u00a0COMMUNE\u00a0\u00bb <\/strong><\/p>\n<ul>\n<li>Fonctionnement\u00a0: D\u00e9penses = Recettes=: 980\u00a0559.00<\/li>\n<li>Investissement : D\u00e9penses = Recettes=:636\u00a0100.35<\/li>\n<\/ul>\n<p><strong>Budget annexe \u00ab Assainissement collectif \u00bb Station d\u2019\u00e9puration \u2013 DSP (cr\u00e9\u00e9 par d\u00e9lib\u00e9ration du\u00a0<\/strong><strong>28 janvier 2020) <\/strong><\/p>\n<ul>\n<li>Fonctionnement : D\u00e9penses = Recettes= 90 100.00<\/li>\n<li>Investissement : D\u00e9penses = Recettes= 1 406 601.18<\/li>\n<\/ul>\n<p><strong>Budget annexe \u00ab\u00a0Lotissement de la Mairie\u00a0\u00bb<\/strong><\/p>\n<p>Ce budget est vot\u00e9 en Hors Taxe.<\/p>\n<ul>\n<li>Fonctionnement : D\u00e9penses = Recettes = 148 631.00<\/li>\n<li>Investissement : D\u00e9penses = Recettes = 194 042.00<\/li>\n<\/ul>\n<p><strong>Budget annexe \u00ab\u00a0Lotissement de l\u2019\u00e9glise\u00a0\u00bb <\/strong><\/p>\n<p>Ce budget est vot\u00e9 en Hors Taxe.<\/p>\n<ul>\n<li>Fonctionnement : D\u00e9penses = Recettes = 203 307.00<\/li>\n<li>Investissement : D\u00e9penses = Recettes = 286 594.00<\/li>\n<\/ul>\n<p><strong>Budget annexe \u00ab\u00a0Lotissement de l\u2019Etunel\u00a0\u00bb &#8211; cr\u00e9\u00e9 par d\u00e9lib\u00e9ration le 10 d\u00e9cembre 2020<\/strong><\/p>\n<p>Ce budget est vot\u00e9 en Hors Taxe.<\/p>\n<ul>\n<li>Fonctionnement : D\u00e9penses = Recettes= 226 100.00<\/li>\n<li>Investissement : D\u00e9penses = Recettes= 226 100.00<\/li>\n<\/ul>\n<p>Le conseil municipal approuve ces cinq budgets primitifs 2021, \u00e0 l\u2019unanimit\u00e9.<\/p>\n<p>Mr Libouban, Conseiller Local des Finances, pr\u00e9sente au conseil municipal la valorisation financi\u00e8re et fiscale<\/p>\n<p>de la commune pour l\u2019ann\u00e9e 2020. En conclusion, la commune dispose d\u2019une CAF (Capacit\u00e9 d\u2019Auto-Financement) Nette d\u2019environ 100\u00a0000 \u20ac par an. C\u2019est un indicateur de gestion qui mesure, exercice apr\u00e8s exercice, la capacit\u00e9 de la collectivit\u00e9 \u00e0 d\u00e9gager au niveau de son fonctionnement des ressources propres pour financer des d\u00e9penses d\u2019\u00e9quipement, une fois la dette (capital et int\u00e9r\u00eats des emprunts) rembours\u00e9e.<\/p>\n<p><strong>Pour Information :\u00a0<\/strong>Il est pr\u00e9sent\u00e9 au conseil municipal un tableau recensant les co\u00fbts li\u00e9s \u00e0 la COVID-19 pour l\u2019ann\u00e9e 2020, soit une somme de 23\u00a0866 \u20ac.<\/p>\n<h1>II\u2013 PERSONNEL COMMUNAL\u00a0:<\/h1>\n<p><strong>Cr\u00e9ation de trois diff\u00e9rents postes suite \u00e0 avancement de grade<\/strong><\/p>\n<p>Selon le nouveau dispositif \u00ab Lignes Directrices de Gestion \u00bb (L.D.G.) pr\u00e9sent\u00e9 en conseil municipal le 17 f\u00e9vrier 2021, trois agents ont la possibilit\u00e9 de b\u00e9n\u00e9ficier d\u2019un avancement de grade par promotion ;\u00a0Madame le Maire valide ces trois avancements de grade.<\/p>\n<p>Il est donc demand\u00e9 de proc\u00e9der \u00e0 la cr\u00e9ation de ces nouveaux postes\u00a0:<\/p>\n<ul>\n<li>Adjoint technique Principal 1<sup>\u00e8re<\/sup> Classe, date d\u2019effet au 1<sup>er<\/sup> avril 2021,<\/li>\n<li>ASEM 1<sup>\u00e8re<\/sup> classe, date d\u2019effet au 1<sup>er<\/sup> avril 2021,<\/li>\n<li>Adjoint territorial du patrimoine principal 1<sup>\u00e8re<\/sup> classe, date d\u2019effet au 1<sup>er<\/sup> mai 2021, pour \u00eatre en concordance avec la Communaut\u00e9 de Communes de Broc\u00e9liande (agent pluri-communal).<\/li>\n<\/ul>\n<p>Apr\u00e8s en avoir d\u00e9lib\u00e9r\u00e9, le conseil municipal d\u00e9cide, \u00e0 l\u2019unanimit\u00e9, de cr\u00e9er les postes :<\/p>\n<ul>\n<li>Adjoint technique Principal, 1<sup>\u00e8re<\/sup> classe, au 1<sup>er<\/sup> avril 2021,<\/li>\n<li>Agent des Services des Ecoles Maternelles, 1<sup>\u00e8re<\/sup> classe, au 1<sup>er<\/sup> avril 2021,<\/li>\n<li>Adjoint territorial du patrimoine principal, 1<sup>\u00e8re<\/sup> classe, au 1<sup>er<\/sup> mai 2021.<\/li>\n<\/ul>\n<h1>III \u2013 URBANISME :<\/h1>\n<h4><strong>1\u00b0 Lotissement l\u2019Etunel\u00a0:<\/strong><\/h4>\n<p>Mr Charl\u00e9ric BANCHEREAU, Adjoint \u00e0 l\u2019Urbanisme, rappelle au conseil municipal que la commune a acquis des terrains afin de cr\u00e9er 3 \u00e0 5 lots pour un lotissement \u00e0 usage d\u2019habitations d\u00e9nomm\u00e9 \u00ab\u00a0Lotissement l\u2019Etunel\u00a0\u00bb. Aussi, il faut d\u00e8s \u00e0 pr\u00e9sent pr\u00e9voir les travaux de viabilit\u00e9 (R\u00e9seaux Eaux Us\u00e9es et Eaux Pluviales) et voirie.<\/p>\n<p>Deux devis ont \u00e9t\u00e9 re\u00e7us en mairie le 09 mars dernier et ils ont \u00e9t\u00e9 analys\u00e9s par le cabinet INFRA Structures.<\/p>\n<p>Apr\u00e8s en avoir d\u00e9lib\u00e9r\u00e9, le conseil municipal d\u00e9cide, \u00e0 l\u2019unanimit\u00e9 de retenir la proposition de\u00a0PEROTIN : 60 896.50 \u20ac H.T. + SANTERNE : 13 833.80 \u20ac H.T. = 74 730.30 \u20ac H.T. \u2013 89 676.36 \u20ac TTC, pour les travaux de viabilit\u00e9 du lotissement l\u2019Etunel (r\u00e9seau Eaux Us\u00e9es, Eaux Pluviales, Eau Potable, Electricit\u00e9, T\u00e9l\u00e9phone et \u00e9clairage public).<\/p>\n<p><strong>2\u00b0 &#8211; Droits de Pr\u00e9emption Urbaine<\/strong><\/p>\n<p><strong>-parcelle AB N\u00b0 119<\/strong><\/p>\n<p>Monsieur Charl\u00e9ric Banchereau, Adjoint \u00e0 l\u2019Urbanisme, pr\u00e9sente au conseil municipal un Droit de Pr\u00e9emption Urbain concernant la parcelle b\u00e2tie cadastr\u00e9e section AB N\u00b0 119, sise \u00e0 8 rue du Bas-Bourg, d\u2019une surface de 759 m\u00b2.<\/p>\n<p>Le conseil municipal, \u00e0 l\u2019unanimit\u00e9, ne souhaite pas faire valoir son Droit de Pr\u00e9emption Urbain sur cette parcelle b\u00e2tie.<\/p>\n<p><strong>-parcelle AB 28 <\/strong><\/p>\n<p>Monsieur Charl\u00e9ric Banchereau, Adjoint \u00e0 l\u2019Urbanisme, pr\u00e9sente au conseil municipal un Droit de Pr\u00e9emption Urbain pour la parcelle cadastr\u00e9e section AB 28\u00a0 = 594\u00a0m\u00b2\u00a0 situ\u00e9e \u00e0 15 rue d\u2019Armorique.<\/p>\n<p>Il est propos\u00e9 de ne pas faire valoir le Droit de Pr\u00e9emption Urbain sur cette parcelle. Le conseil municipal, \u00e0 l\u2019unanimit\u00e9, ne souhaite pas faire valoir son Droit de Pr\u00e9emption Urbain sur cette parcelle.<\/p>\n<p><strong>POUR INFORMATION\u00a0: lotissement \u00ab\u00a0le Champ du bois\u00a0\u00bb<\/strong><\/p>\n<ul>\n<li><strong>Droit de Pr\u00e9emption Urbain\u00a0: parcelle AB 218 <\/strong><\/li>\n<\/ul>\n<p>Il a \u00e9t\u00e9 re\u00e7u en mairie Une D\u00e9claration d\u2019Intention d\u2019Ali\u00e9ner pour la parcelle cadastr\u00e9e section\u00a0AB 218\u00a0\u00a0 = 450 m\u00b2\u00a0 situ\u00e9e \u00e0 6 rue des Chevreuils (lotis le Champ du bois \u2013 lot 15).<\/p>\n<h1>IV \u2013 VOIRIE :<\/h1>\n<p><strong>1\u00b0 &#8211; Travaux de Point-\u00e0-Temps\u00a0: programme 2021 \u00e0 2023<\/strong><\/p>\n<p>Mr Pierre PERSEHAIE, Adjoint \u00e0 la voirie, pr\u00e9sente au conseil municipal la proposition de la commission \u00ab\u00a0Voirie\u00a0\u00bb de retenir l\u2019entreprise EUROVIA de Bruz pour les travaux de \u00ab\u00a0Point-\u00e0-Temps\u00a0\u00bb d\u2019une quantit\u00e9 de 25 tonnes d\u2019\u00e9mulsion, \u00e0 raison de 714.00 \u20ac HT la tonne, pour 2021, et d\u2019accepter le march\u00e9 \u00e0 commandes pour les ann\u00e9es 2022 et 2023 pour le m\u00eame tonnage, avec des prix r\u00e9visables selon le TP 08.<\/p>\n<p>Apr\u00e8s en avoir d\u00e9lib\u00e9r\u00e9, le conseil municipal d\u00e9cide, \u00e0 l\u2019unanimit\u00e9 d\u2019accepter le march\u00e9 \u00e0 commandes pour 3 ann\u00e9es (2021 \u2013 2022 et 2023) pour les travaux de point-\u00e0-temps \u00e0 raison de 25 tonnes d\u2019\u00e9mulsion par an, aupr\u00e8s de l\u2019entreprises EUROVIA de Bruz, soit<\/p>\n<ul>\n<li>2021 = 714.00 \u20ac HT la tonne,<\/li>\n<li>2022 et 2023 = prix r\u00e9visable selon le TP 08.<\/li>\n<\/ul>\n<h4><strong>2\u00b0 &#8211; Cr\u00e9ation de nom de voie pour la fibre optique<\/strong><\/h4>\n<p>Mr Pierre PERSEHAIE, Adjoint \u00e0 la voirie, indique au conseil municipal que selon l\u2019article L2213-28 du CGCT, il est souhaitable d\u2019identifier les noms de voie pour \u00eatre inscrites au SNA (Service National des Adresses) et tout particuli\u00e8rement pour le raccordement au r\u00e9seau fibre optique.<\/p>\n<p>Il est propos\u00e9 d\u2019identifier la voie\u00a0: la lande du Foutainiou \u2013 R\u00e9f\u00e9rence cadastrale 350340000ZX0040.<\/p>\n<p>Apr\u00e8s en avoir d\u00e9lib\u00e9r\u00e9, le conseil municipal d\u00e9cide, \u00e0 l\u2019unanimit\u00e9 :<\/p>\n<ul>\n<li>de cr\u00e9er la voie suivante : la lande de Foutainiou,<\/li>\n<li>de cr\u00e9er le N\u00b0 7 de cette voie pour la r\u00e9f\u00e9rence cadastrale 350340000ZX0040<\/li>\n<\/ul>\n<p>\u00a0<\/p>\n<p><strong>QUESTIONS DIVERSES (<\/strong><strong>POUR INFORMATION) : <\/strong>Courrier de Mme Anne SEVESTRE\u00a0:<\/p>\n<p>Madame le Maire donne lecture au conseil municipal du courrier re\u00e7u de Mme Anne SEVESTRE, le 23 mars 2021, au sujet du devenir de son Bar Tabac. En effet, Madame Sevestre souhaiterait conna\u00eetre l\u2019engagement de la commune \u00e0 acqu\u00e9rir son activit\u00e9 et ceci courant de l\u2019ann\u00e9e 2021.<\/p>\n<p>Apr\u00e8s discussions, le conseil municipal va r\u00e9pondre qu\u2019une \u00e9tude financi\u00e8re prospective de la commune a \u00e9t\u00e9 sollicit\u00e9e aupr\u00e8s des services de la Tr\u00e9sorerie de Montfort-sur-Meu. Ceux-ci doivent \u00e9tudier les diff\u00e9rentes possibilit\u00e9s financi\u00e8res de la commune pour les 3 ann\u00e9es futures et apporter une r\u00e9ponse pour le mois de mai-juin 2021. Au vu de ces conclusions, le conseil municipal sera amen\u00e9 \u00e0 lancer une r\u00e9flexion pour ensuite prendre une d\u00e9cision.<\/p>\n<p>PROCHAINES COMMISSIONS\u00a0\u00e0 PROGRAMMER\u00a0:<\/p>\n<ul>\n<li>Commission communale des imp\u00f4ts\u00a0: vendredi 02 avril \u00e0 15 h 00<\/li>\n<li>Commission \u00ab\u00a0B\u00e2timents\u00a0\u00bb\u00a0: mercredi 07 avril \u00e0 20 h 00<\/li>\n<\/ul>\n<p>PROCHAINS CONSEILS MUNICIPAUX\u00a0:<\/p>\n<ul>\n<li>Mardi 30 mars 2021 \u00e0 18 h 00 : vote du Budget Primitif 2021 en pr\u00e9sence de Mr LIBOUBAN, \u00a0\u00a0\u00a0\u00a0\u00a0\u00a0\u00a0\u00a0\u00a0\u00a0\u00a0\u00a0\u00a0\u00a0\u00a0\u00a0\u00a0\u00a0\u00a0 \u00a0\u00a0\u00a0\u00a0\u00a0\u00a0\u00a0\u00a0\u00a0\u00a0\u00a0\u00a0\u00a0\u00a0\u00a0\u00a0\u00a0\u00a0\u00a0\u00a0\u00a0\u00a0\u00a0\u00a0\u00a0\u00a0\u00a0\u00a0\u00a0\u00a0\u00a0\u00a0\u00a0\u00a0\u00a0\u00a0\u00a0\u00a0\u00a0\u00a0\u00a0\u00a0\u00a0\u00a0\u00a0\u00a0\u00a0\u00a0\u00a0\u00a0\u00a0\u00a0\u00a0\u00a0\u00a0\u00a0\u00a0\u00a0\u00a0\u00a0\u00a0\u00a0 Percepteur)<\/li>\n<li>Jeudi 15 avril 2021 \u00e0 20 h 00 : r\u00e9union Adjoints (mardi 06 avril 2021 \u00e0 20 h 00)<\/li>\n<li>Jeudi 20 mai 2021 \u00e0 20 h 00 : r\u00e9union Adjoints (mardi 11 mai 2021 \u00e0 20 h 00)<\/li>\n<li>Jeudi 17 juin 2021 \u00e0 20 h 00 : r\u00e9union Adjoints (mardi 08 juin 2021 \u00e0 20 h 00)<\/li>\n<li>Jeudi 15 juillet 2021 \u00e0 20 h 00 : r\u00e9union Adjoints (mardi 06 juillet 2021 \u00e0 20 h 00)<\/li>\n<li>Jeudi 09 septembre 2021 \u00e0 20 h 00 : r\u00e9union Adjoints (mardi 31 Ao\u00fbt 2021 \u00e0 20 h 00)<\/li>\n<li>Jeudi 14 octobre 2021 \u00e0 20 h 00 : r\u00e9union Adjoints (mardi 05 octobre 2021 \u00e0 20 h 00)<\/li>\n<li>Jeudi 18 novembre 2021 \u00e0 20 h 00 : r\u00e9union Adjoints (mardi 09 novembre 2021 \u00e0 20 h 00)<\/li>\n<li>Jeudi 16 d\u00e9cembre 2021 \u00e0 20 h 00 : r\u00e9union Adjoints (mardi 07 d\u00e9cembre 2021 \u00e0 20 h 00)<strong style=\"font-size: inherit;\">\u00a0<\/strong><\/li>\n<\/ul>\n<p><strong>\u00a0<\/strong><\/p>\n","protected":false},"excerpt":{"rendered":"<p>Pr\u00e9sents\u00a0: F. KERGUELEN, P. PERSEHAIE, C. LE ROSSIGNOL, C. BANCHEREAU, M. RAULLINE, \u00a0C. GODIN, N. FRO, L. BEAUG\u00e9, C. THOMAS, Excus\u00e9e\u00a0: S. LONNOY (Procuration \u00e0 C. GODIN), M. LACAZE (Procuration \u00e0 P. PERSEHAIE), S. BERTIN (Procuration \u00e0 L. BEAUG\u00e9) Absents\u00a0: A. LE NET, C. DUBOIS Mme le Maire informe le conseil municipal que selon l\u2019article [&hellip;]<\/p>\n","protected":false},"author":1,"featured_media":0,"parent":17,"menu_order":0,"comment_status":"closed","ping_status":"closed","template":"","meta":[],"_links":{"self":[{"href":"https:\/\/www.treffendel.fr\/index.php?rest_route=\/wp\/v2\/pages\/3528"}],"collection":[{"href":"https:\/\/www.treffendel.fr\/index.php?rest_route=\/wp\/v2\/pages"}],"about":[{"href":"https:\/\/www.treffendel.fr\/index.php?rest_route=\/wp\/v2\/types\/page"}],"author":[{"embeddable":true,"href":"https:\/\/www.treffendel.fr\/index.php?rest_route=\/wp\/v2\/users\/1"}],"replies":[{"embeddable":true,"href":"https:\/\/www.treffendel.fr\/index.php?rest_route=%2Fwp%2Fv2%2Fcomments&post=3528"}],"version-history":[{"count":2,"href":"https:\/\/www.treffendel.fr\/index.php?rest_route=\/wp\/v2\/pages\/3528\/revisions"}],"predecessor-version":[{"id":3553,"href":"https:\/\/www.treffendel.fr\/index.php?rest_route=\/wp\/v2\/pages\/3528\/revisions\/3553"}],"up":[{"embeddable":true,"href":"https:\/\/www.treffendel.fr\/index.php?rest_route=\/wp\/v2\/pages\/17"}],"wp:attachment":[{"href":"https:\/\/www.treffendel.fr\/index.php?rest_route=%2Fwp%2Fv2%2Fmedia&parent=3528"}],"curies":[{"name":"wp","href":"https:\/\/api.w.org\/{rel}","templated":true}]}}