{"id":3536,"date":"2021-04-07T11:04:39","date_gmt":"2021-04-07T09:04:39","guid":{"rendered":"https:\/\/www.treffendel.fr\/?page_id=3536"},"modified":"2023-02-07T14:25:11","modified_gmt":"2023-02-07T13:25:11","slug":"peche","status":"publish","type":"page","link":"https:\/\/www.treffendel.fr\/?page_id=3536","title":{"rendered":"P\u00eache"},"content":{"rendered":"\n<h2>Le ruisseau du Serein<\/h2>\n<p>g\u00e9r\u00e9 par la Gaule d&rsquo;Iffendic : <a href=\"https:\/\/aappma-lagaulediffendic.fr\/index.php\/nos-parcours\/nos-rivieres-et-leurs-affluents\/le-serein\" target=\"_blank\" rel=\"noopener noreferrer\">consulter son site<\/a><\/p>\n<h2>L&rsquo;\u00e9tang de l&rsquo;Etunel<\/h2>\n<p>g\u00e9r\u00e9 par la Gaule Mordellaise : <a href=\"http:\/\/lagaulemordellaise.fr\/\" target=\"_blank\" rel=\"noopener noreferrer\">consulter son site<\/a><\/p>\n<h2>La retenue de la Ch\u00e8ze<\/h2>\n<p>(entre Treffendel et Maxent) est g\u00e9r\u00e9e par l&rsquo;AAPPMA Ch\u00e8ze et Canut.<\/p>\n<p>Les permis sont disponibles :<\/p>\n<ul>\n<li>Le coin fleuriste \u00e0 Baulon<\/li>\n<li>Bar \u00e9picerie la vall\u00e9e \u00e0 St Thurial<\/li>\n<li>en ligne <a href=\"http:\/\/www.cartedepeche.fr\" target=\"_blank\" rel=\"noopener noreferrer\">www.cartedepeche.fr<\/a><\/li>\n<\/ul>\n<p>Les prix de l&rsquo;adh\u00e9sion annuelle fix\u00e9s par la f\u00e9d\u00e9ration de p\u00eache 35 vont de 6 euros pour un jeune enfant \u00e0 78 euros pour un adulte. Il est aussi possible de prendre des cartes journali\u00e8res, hebdomadaires&#8230;<\/p>\n<p>L&rsquo;assembl\u00e9e g\u00e9n\u00e9rale aura lieu le dimanche 12 f\u00e9vrier 2023 : <a href=\"https:\/\/www.treffendel.fr\/wp-content\/uploads\/2023\/02\/AAPPMA-ag-2023.pdf\">AAPPMA ag 2023<\/a><\/p>\n","protected":false},"excerpt":{"rendered":"<p>Le ruisseau du Serein g\u00e9r\u00e9 par la Gaule d&rsquo;Iffendic : consulter son site L&rsquo;\u00e9tang de l&rsquo;Etunel g\u00e9r\u00e9 par la Gaule Mordellaise : consulter son site La retenue de la Ch\u00e8ze (entre Treffendel et Maxent) est g\u00e9r\u00e9e par l&rsquo;AAPPMA Ch\u00e8ze et Canut. Les permis sont disponibles : Le coin fleuriste \u00e0 Baulon Bar \u00e9picerie la vall\u00e9e [&hellip;]<\/p>\n","protected":false},"author":1,"featured_media":0,"parent":240,"menu_order":5,"comment_status":"closed","ping_status":"closed","template":"","meta":[],"_links":{"self":[{"href":"https:\/\/www.treffendel.fr\/index.php?rest_route=\/wp\/v2\/pages\/3536"}],"collection":[{"href":"https:\/\/www.treffendel.fr\/index.php?rest_route=\/wp\/v2\/pages"}],"about":[{"href":"https:\/\/www.treffendel.fr\/index.php?rest_route=\/wp\/v2\/types\/page"}],"author":[{"embeddable":true,"href":"https:\/\/www.treffendel.fr\/index.php?rest_route=\/wp\/v2\/users\/1"}],"replies":[{"embeddable":true,"href":"https:\/\/www.treffendel.fr\/index.php?rest_route=%2Fwp%2Fv2%2Fcomments&post=3536"}],"version-history":[{"count":6,"href":"https:\/\/www.treffendel.fr\/index.php?rest_route=\/wp\/v2\/pages\/3536\/revisions"}],"predecessor-version":[{"id":4884,"href":"https:\/\/www.treffendel.fr\/index.php?rest_route=\/wp\/v2\/pages\/3536\/revisions\/4884"}],"up":[{"embeddable":true,"href":"https:\/\/www.treffendel.fr\/index.php?rest_route=\/wp\/v2\/pages\/240"}],"wp:attachment":[{"href":"https:\/\/www.treffendel.fr\/index.php?rest_route=%2Fwp%2Fv2%2Fmedia&parent=3536"}],"curies":[{"name":"wp","href":"https:\/\/api.w.org\/{rel}","templated":true}]}}