{"id":359,"date":"2016-12-01T14:55:30","date_gmt":"2016-12-01T13:55:30","guid":{"rendered":"http:\/\/2016.treffendel.fr\/?page_id=359"},"modified":"2017-11-22T20:45:45","modified_gmt":"2017-11-22T19:45:45","slug":"le-parc-de-treffendel-2","status":"publish","type":"page","link":"https:\/\/www.treffendel.fr\/?page_id=359","title":{"rendered":"Le Parc de Treffendel"},"content":{"rendered":"<p><strong><span style=\"font-size: 14pt;\"><a href=\"http:\/\/cirquemetropole.com\/\" target=\"_blank\" rel=\"noopener\">cirquemetropole.com<\/a><\/span><\/strong><\/p>\n<p align=\"justify\"><em>Le\u00a0<strong>Cirque M\u00e9tropole<\/strong>\u00a0et ses Artistes vous proposent diff\u00e9rentes animations \u00e0 la journ\u00e9e sur\u00a0le site du Parc de Treffendel, rue du Serein<\/em><\/p>\n<p align=\"justify\"><a href=\"https:\/\/www.google.fr\/maps\/place\/Parc+de+Treffendel\/@48.0470938,-2.005771,18.75z\/data=!4m5!3m4!1s0x0:0x568a831240ac78d5!8m2!3d48.0472584!4d-2.0054086?hl=fr\" target=\"_blank\" rel=\"noopener\"><em><img loading=\"lazy\" class=\"alignnone size-medium wp-image-360\" src=\"http:\/\/2016.treffendel.fr\/wp-content\/uploads\/2016\/12\/Parc-de-Treffendel-300x184.jpg\" alt=\"parc-de-treffendel\" width=\"300\" height=\"184\" srcset=\"https:\/\/www.treffendel.fr\/wp-content\/uploads\/2016\/12\/Parc-de-Treffendel-300x184.jpg 300w, https:\/\/www.treffendel.fr\/wp-content\/uploads\/2016\/12\/Parc-de-Treffendel-768x471.jpg 768w, https:\/\/www.treffendel.fr\/wp-content\/uploads\/2016\/12\/Parc-de-Treffendel-1024x628.jpg 1024w, https:\/\/www.treffendel.fr\/wp-content\/uploads\/2016\/12\/Parc-de-Treffendel.jpg 1072w\" sizes=\"(max-width: 300px) 100vw, 300px\" \/><\/em><\/a><\/p>\n<p><em>Install\u00e9 dans un parc de 10 ha \u00e0 Treffendel (Ille et Vilaine), le chapiteau peut recevoir<br \/>\n1 100 spectateurs. Un autre chapiteau ambulant permet de pr\u00e9senter des spectacles dans d&rsquo;autres lieux, comme prochainement au Parc des expositions de Rennes.\u00a0<\/em><\/p>\n","protected":false},"excerpt":{"rendered":"<p>cirquemetropole.com Le\u00a0Cirque M\u00e9tropole\u00a0et ses Artistes vous proposent diff\u00e9rentes animations \u00e0 la journ\u00e9e sur\u00a0le site du Parc de Treffendel, rue du Serein Install\u00e9 dans un parc de 10 ha \u00e0 Treffendel (Ille et Vilaine), le chapiteau peut recevoir 1 100 spectateurs. Un autre chapiteau ambulant permet de pr\u00e9senter des spectacles dans d&rsquo;autres lieux, comme prochainement au [&hellip;]<\/p>\n","protected":false},"author":1,"featured_media":0,"parent":240,"menu_order":0,"comment_status":"closed","ping_status":"closed","template":"","meta":[],"_links":{"self":[{"href":"https:\/\/www.treffendel.fr\/index.php?rest_route=\/wp\/v2\/pages\/359"}],"collection":[{"href":"https:\/\/www.treffendel.fr\/index.php?rest_route=\/wp\/v2\/pages"}],"about":[{"href":"https:\/\/www.treffendel.fr\/index.php?rest_route=\/wp\/v2\/types\/page"}],"author":[{"embeddable":true,"href":"https:\/\/www.treffendel.fr\/index.php?rest_route=\/wp\/v2\/users\/1"}],"replies":[{"embeddable":true,"href":"https:\/\/www.treffendel.fr\/index.php?rest_route=%2Fwp%2Fv2%2Fcomments&post=359"}],"version-history":[{"count":2,"href":"https:\/\/www.treffendel.fr\/index.php?rest_route=\/wp\/v2\/pages\/359\/revisions"}],"predecessor-version":[{"id":1513,"href":"https:\/\/www.treffendel.fr\/index.php?rest_route=\/wp\/v2\/pages\/359\/revisions\/1513"}],"up":[{"embeddable":true,"href":"https:\/\/www.treffendel.fr\/index.php?rest_route=\/wp\/v2\/pages\/240"}],"wp:attachment":[{"href":"https:\/\/www.treffendel.fr\/index.php?rest_route=%2Fwp%2Fv2%2Fmedia&parent=359"}],"curies":[{"name":"wp","href":"https:\/\/api.w.org\/{rel}","templated":true}]}}