{"id":3626,"date":"2021-05-31T10:09:59","date_gmt":"2021-05-31T08:09:59","guid":{"rendered":"https:\/\/www.treffendel.fr\/?page_id=3626"},"modified":"2021-05-31T10:39:09","modified_gmt":"2021-05-31T08:39:09","slug":"compte-rendu-du-conseil-municipal-du-20-mai-2021-a-20-h-00","status":"publish","type":"page","link":"https:\/\/www.treffendel.fr\/?page_id=3626","title":{"rendered":"Compte-rendu du conseil municipal du 20 mai 2021 \u00e0 20 h 00"},"content":{"rendered":"\n<p>Pr\u00e9sents\u00a0: F. KERGUELEN, P. PERSEHAIE, C. LE ROSSIGNOL, C. BANCHEREAU, M. RAULLINE, C. GODIN, L. BEAUG\u00e9, M. LACAZE, S. BERTIN, S. LONNOY, A. LE NET, N. FRO.<\/p>\n<p>Excus\u00e9s\u00a0: C. DUBOIS (Procuration \u00e0 L. BEAUG\u00e9) C. THOMAS (Procuration \u00e0 F. KERGUELEN)<\/p>\n<p>Mme le Maire informe le conseil municipal que selon l\u2019article 9 de la loi du 22 juin 2020 qui pr\u00e9cisait que \u00ab\u00a0le maire peut d\u00e9cider de r\u00e9unir le conseil municipal en tout lieu afin de satisfaire aux r\u00e8gles sanitaires li\u00e9es au COVID-19\u00a0\u00bb \u00e9tait applicable jusqu\u2019au 30 ao\u00fbt 2020. Par cons\u00e9quent, \u00e0 partir du 31 ao\u00fbt 2020, les s\u00e9ances du conseil municipal doivent \u00eatre organis\u00e9es dans le lieu habituel dans le respect des mesures barri\u00e8res et le port du masque, \u00e0 savoir\u00a0:<\/p>\n<ul>\n<li>Les \u00e9lus doivent arriver avec un masque,<\/li>\n<li>Se laver les mains avec une solution hydro-alcoolique,<\/li>\n<li>Utiliser un stylo personnel.<\/li>\n<li>Une fois install\u00e9, les \u00e9lus devront garder leur masque pendant la dur\u00e9e de la s\u00e9ance, afin de respecter les r\u00e8gles sanitaires du fait de la non-possibilit\u00e9 de la distanciation sociale (moins d\u2019un m\u00e8tre).<\/li>\n<\/ul>\n<p>S\u00e9ance \u00e0 huis clos\u00a0:<\/p>\n<p>Conform\u00e9ment aux circonstances exceptionnelles r\u00e9sultant de l\u2019\u00e9pid\u00e9mie de covid-19 et selon les conditions fix\u00e9es par l\u2019article L.2121-18 du CGCT, que le public ne peut \u00eatre accueilli et que la transmission en direct des d\u00e9bats ne peut \u00eatre techniquement r\u00e9alis\u00e9e, la tenue de la s\u00e9ance peut \u00eatre faite \u00e0 huis clos.<\/p>\n<p>Suite \u00e0 un vote \u00e0 mains lev\u00e9es, le conseil municipal a accept\u00e9 \u00e0 l\u2019unanimit\u00e9 la tenue de la s\u00e9ance \u00e0 huis clos.<\/p>\n<h4>Approbation du compte rendu du conseil municipal du 15 avril 2021\u00a0:<\/h4>\n<p>Le compte rendu du 15 avril 2021 est approuv\u00e9 \u00e0 l\u2019unanimit\u00e9 des membres pr\u00e9sents.<\/p>\n<h4>D\u00e9signation d\u2019un secr\u00e9taire de s\u00e9ance\u00a0:<\/h4>\n<p>Conform\u00e9ment \u00e0 l\u2019article L.2121-15 du Code G\u00e9n\u00e9ral des Collectivit\u00e9s Locales, Mr Pierre PERSEHAIE est nomm\u00e9 secr\u00e9taire de s\u00e9ance.<\/p>\n<h2>I \u2013 \u00a0M\u00e9diath\u00e8que :<\/h2>\n<p>Pr\u00e9sentation du fonctionnement de la m\u00e9diath\u00e8que de Treffendel et du r\u00e9seau intercommunal par Mme Anne Debray : Adjoint du Patrimoine Principal.<\/p>\n<p>Pr\u00e9sentation de la m\u00e9diath\u00e8que o\u00f9 il est constat\u00e9 que les t\u00e2ches effectu\u00e9es sont en continuelle \u00e9volution avec une priorit\u00e9 de d\u00e9velopper le lien social.<\/p>\n<p>3 grandes phases\u00a0:<\/p>\n<ul>\n<li>informatisation du fonds des livres : catalogage des livres &#8211;<\/li>\n<li>professionnalisation des t\u00e2ches : formations 2004 \u00e0 2006,<\/li>\n<li>l\u2019officialisation du travail en r\u00e9seau :<\/li>\n<\/ul>\n<p>Travail en commun avec les 7 biblioth\u00e9caires du territoire avec l\u2019embauche d\u2019un coordinateur \u00e0 la CCB<\/p>\n<p>Janvier 2020\u00a0: Mise en\u00a0 place d\u2019une navette intercommunale\u00a0qui permet la circulation des documents entre les 7 m\u00e9diath\u00e8ques ce qui g\u00e9n\u00e8re une augmentation des t\u00e2ches (janvier 2020 = 46 r\u00e9servations, pendant le COVID-19<\/p>\n<p>Janvier 2021 = 5\u00a0913 r\u00e9servations sur une ann\u00e9e). Dispositif qui donne la possibilit\u00e9 d\u2019avoir un panel d\u2019ouvrages tr\u00e8s important.<\/p>\n<p>La m\u00e9diath\u00e8que, c\u2019est une \u00e9quipe\u00a0: 1 agent + 13 b\u00e9n\u00e9voles<\/p>\n<ul>\n<li>Gestion des collections\u00a0: achats, catalogage, \u00e9quipement, r\u00e9paration, d\u00e9sherbage, gestion des dons, rotation, suivi budget \u2013 navette r\u00e9seau<\/li>\n<li>Gestion des adh\u00e9rents\u00a0: suivi des comptes, r\u00e9servations, \u00e9coute, m\u00e9diation<\/li>\n<li>Les permanences\u00a0: pr\u00e9paration, pr\u00eat\/retour, rangement, conseil \/ information, \u00e9coute, statistiques<\/li>\n<li>Gestion des animations\u00a0: programmation, recherche intervenants, suivi du budget, pr\u00e9paration, gestion de la communication,<\/li>\n<li>Le territoire \/ le r\u00e9seau\u00a0: un catalogage commun, des r\u00e9unions, des animations et une navette<\/li>\n<li>Des partenaires\u00a0: accueils de classes (2 \u00e9coles), valises th\u00e9matiques, animations\u00a0: associations \u2013 intervenants \u2013 services communaux \u2013 organismes.<\/li>\n<\/ul>\n<p>Ensuite, il et pr\u00e9sent\u00e9 sous forme d\u2019un calendrier mensuel les animations sur l\u2019ann\u00e9e (2019) en partenariat, en partie, de certaines animations avec la Communaut\u00e9 de Communes de Broc\u00e9liande.<\/p>\n<p>Il est \u00e9galement \u00e9voqu\u00e9\u00a0: \u00ab\u00a0les Anim\u2019 du mercredi\u00a0\u00bb et \u00ab\u00a0les b\u00e9b\u00e9s lecteurs\u00a0\u00bb : enfants de 0 \u00e0 3 ans, en partenariat avec le Relais Parents Assistants Maternels RPAM\u00a0(CCB)<\/p>\n<p>Pour finir, il est projet\u00e9 un tableau comparatif du nombre d\u2019heures des agents des m\u00e9diath\u00e8ques de Maxent \u2013 Monterfil et Treffendel (3 structures sensiblement identiques au vue de la fr\u00e9quentation et du nombre de pr\u00eats).<\/p>\n<p>Conclusion\u00a0: le r\u00f4le de la m\u00e9diath\u00e8que\u00a0est un endroit convivial pour les amoureux des livres et un lieu d\u2019\u00e9changes et de convivialit\u00e9 pour tous autour de la culture de proximit\u00e9<\/p>\n<p>Madame le Maire remercie Mme Anne DEBRAY, pour sa pr\u00e9sentation.<\/p>\n<p>Un d\u00e9bat s\u2019instaure<\/p>\n<p>La biblioth\u00e8que a beaucoup \u00e9volu\u00e9 avec des t\u00e2ches de plus en plus importantes\u00a0: cr\u00e9ation du lien social,<\/p>\n<p>Biblioth\u00e8que au c\u0153ur des communes. La mise en r\u00e9seau \u00e0 l\u2019\u00e9chelle communautaire n\u00e9cessite aussi des temps de pr\u00e9paration suppl\u00e9mentaire et contr\u00f4le des navettes, etc\u2026.. Les t\u00e2ches de base sont \u00e9gales \u00e0 chaque m\u00e9diath\u00e8que. Ensuite, il reste \u00e0 d\u00e9finir les sp\u00e9cificit\u00e9s de chaque m\u00e9diath\u00e8que selon les orientations politiques d\u2019animations.<\/p>\n<p>Le conseil municipal se donne le temps de la r\u00e9flexion concernant l\u2019\u00e9volution du temps de travail du poste d\u2019adjoint du patrimoine.<\/p>\n<h2>II\u2013 RESEAUX\u00a0:<\/h2>\n<p>Poste de transformation d\u2019\u00e9lectricit\u00e9\u00a0: le Bignon\u00a0: convention COMMUNE \/ ENEDIS<\/p>\n<p>Madame le Maire informe le conseil municipal qu\u2019il a \u00e9t\u00e9 re\u00e7u en mairie, le 22 avril dernier, un courrier de Ma\u00eetres PIRIOUX, MEVEL, l\u2019OLLIVIER et GUINET, notaires \u00e0 Rennes, par lequel ils ont \u00e9t\u00e9 sollicit\u00e9s par ENEDIS pour r\u00e9gulariser administrativement et juridiquement par acte notari\u00e9 la mise en place d\u2019un poste de transformation d\u2019\u00e9lectricit\u00e9 sur la parcelle du domaine priv\u00e9 de la commune cadastr\u00e9e\u00a0:<\/p>\n<ul>\n<li>section B N\u00b0 1571 \u2013 Ancienne r\u00e9f\u00e9rence cadastrale \u2013<\/li>\n<li>section AC 57 \u2013 nouvelle r\u00e9f\u00e9rence cadastrale.<\/li>\n<\/ul>\n<p>Il est projet\u00e9 le plan ainsi que la convention.<\/p>\n<p>Apr\u00e8s en avoir d\u00e9lib\u00e9r\u00e9, le conseil municipal d\u00e9cide, \u00e0 l\u2019unanimit\u00e9 d\u2019accepter les termes de la convention ENEDIS concernant la mise en place d\u2019un poste de transformation d\u2019\u00e9lectricit\u00e9 la parcelle AC N\u00b0 57 (anciennement B N\u00b0 1571) appartenant au domaine priv\u00e9 de la commune, et d\u2019autoriser Madame le Maire, d\u00fbment habilit\u00e9e, \u00e0 signer l\u2019acte authentique qui sera r\u00e9dig\u00e9 par le cabinet \u00ab\u00a0Notaires de la Visitation\u00a0\u00bb 7 rue de la visitation \u00e0 RENNES,<\/p>\n<p>Les frais seront exclusivement \u00e0 la charge d\u2019ENEDIS.<\/p>\n<h2>III \u2013 URBANISME<\/h2>\n<h4>1\u00b0 &#8211; Lotissement \u00ab\u00a0le Closel\u00a0\u00bb\u00a0: r\u00e9trocession voirie \u2013 r\u00e9seaux et espaces verts dans le domaine public<\/h4>\n<p>Le document n\u2019\u00e9tant pas \u00e9t\u00e9 re\u00e7u, ce point sera vu lors de la prochaine s\u00e9ance du conseil municipal du jeudi 17 juin 2021.<\/p>\n<h4>2\u00b0 &#8211; Droit de Pr\u00e9emption Urbain\u00a0: parcelle ZB N\u00b0 141<\/h4>\n<p>Mr Charl\u00e9ric BANCHEREAU, Adjoint \u00e0 l\u2019urbanisme, indique au conseil municipal qu\u2019il a \u00e9t\u00e9 re\u00e7u en mairie un Droit de Pr\u00e9emption Urbain sur la parcelle ZB N\u00b0 141, 3 rue des cordeliers, pour une surface de 2\u00a0257 m\u00b2 (situ\u00e9e dans le parc d\u2019Activit\u00e9s \u00ab\u00a0Le Breil). L\u2019acqu\u00e9reur est MAPHI IMMO de Br\u00e9al-sous-Montfort.<\/p>\n<p>Apr\u00e8s en avoir d\u00e9lib\u00e9r\u00e9,\u00a0 Le conseil municipal d\u00e9cide, \u00e0 l\u2019unanimit\u00e9 de ne pas faire valoir son Droit de Pr\u00e9emption Urbain sur la parcelle ZB N\u00b0 141.<\/p>\n<h2>IV \u2013 BATIMENTS COMMUNAUX :<\/h2>\n<h4>1\u00b0 &#8211; Cantine\u00a0: am\u00e9nagement d\u2019un local pour \u00ab\u00a0chambre froide\u00a0\u00bb\u00a0: ma\u00eetrise d\u2019\u0153uvre<\/h4>\n<p>Mr Christian GODIN, conseiller d\u00e9l\u00e9gu\u00e9 aux b\u00e2timents, informe le conseil municipal qu\u2019il a \u00e9t\u00e9 re\u00e7u en mairie une proposition d\u2019honoraires pour la r\u00e9alisation d\u2019une esquisse, Avant Projet Sommaire et Avant Projet D\u00e9finitif, par le cabinet EON Architecture de Pl\u00e9lan-le-Grand, concernant le projet de construction d\u2019un local \u00ab\u00a0Chambre froide\u00a0\u00bb \u00e0 la cantine. L\u2019offre s\u2019\u00e9l\u00e8ve \u00e0 700 \u20ac H.T.<\/p>\n<p>Apr\u00e8s en avoir d\u00e9lib\u00e9r\u00e9,\u00a0 Le conseil municipal d\u00e9cide, \u00e0 l\u2019unanimit\u00e9 de retenir l\u2019offre de ma\u00eetrise d\u2019\u0153uvre (Esquisse, APS et APD) du cabinet \u00ab EON \u2013 Architecture \u00bb de Pl\u00e9lan-le-Grand, concernant la construction d\u2019un local \u00ab chambre froide \u00bb \u00e0 la cantine, \u00e0 raison de 700 \u20ac H.T., et d\u2019autoriser Madame le Maire \u00e0 signer le devis et tous documents s\u2019y rapportant.<\/p>\n<h4>2\u00b0 &#8211; Commissions \u00ab\u00a0B\u00e2timents communaux\u00a0\u00bb + \u00ab\u00a0P\u00e9riscolaire\u00a0\u00bb \u00e0 pr\u00e9voir\u00a0: jeudi 03 juin \u00e0 20 h 00 (en mairie)<\/h4>\n<p>Ordre du jour\u00a0:<\/p>\n<ul>\n<li>Point sur l\u2019avanc\u00e9e du dossier de cr\u00e9ation d\u2019un local \u00ab\u00a0chambre froide\u00a0\u00bb pour cantine + Pr\u00e9sentation de l\u2019esquisse du cabinet Eon Architecte<\/li>\n<li>Pr\u00e9au cantine\u00a0: cr\u00e9ation d\u2019un point d\u2019eau\u00a0: devis Hervault S\u00e9bastien<\/li>\n<li>Pr\u00e9au salle de sports\u00a0: nouveau devis Ent Mauny \u00e0 valider, Ent CANEVET\u00a0: mise en conformit\u00e9 du local stockage<\/li>\n<\/ul>\n<h2>QUESTIONS DIVERSES :<\/h2>\n<p>POUR INFORMATION\u00a0:<\/p>\n<p>Giratoire \u00ab\u00a0l\u2019Ancienne Gare\u00a0\u00bb\u00a0: D\u00e9but du chantier\u00a0: lundi 13 septembre 2021. Dur\u00e9e des travaux\u00a0: 3 semaines \u00e0 1 mois<\/p>\n<p>Accord du devis de GABAMOUSSE pour l\u2019acquisition d\u2019un si\u00e8ge WC pour l\u2019accueil d\u2019un enfant en situation de Handicap \u00e0 raison de 645.58 \u20ac TTC (BP 2021 = 2 500 \u20ac)<\/p>\n<p>Accord du devis de Label Table de Rennes pour l\u2019acquisition d\u2019une fontaine \u00e0 eau pour la cantine \u00e0 raison de 1 552.20 \u20ac H.T. \u2013 1 862.64 \u20ac TTC (en remplacement de la fontaine \u00e0 eau actuelle qui avait \u00e9t\u00e9 acquise en 2007 \u2013 remise en charge impossible car le compresseur \u00e9tait Hors Service) &#8211; BP 2021 = 2\u00a0500 \u20ac (pour achats divers de mat\u00e9riels).<\/p>\n<p>Plannings des tours de garde\u00a0: Elections D\u00e9partementales et R\u00e9gionales (20 et 27 juin 2021) + organisation de la mise en place de la salle polyvalente (Dispositif de mutualisation des fonctions de Pr\u00e9sident et secr\u00e9taire des 2 bureaux de vote). Il est projet\u00e9 un plan de la salle polyvalente.<\/p>\n<h4>PROCHAINES COMMISSIONS\u00a0\u00e0 PROGRAMMER\u00a0:<\/h4>\n<ul>\n<li>R\u00e9union commission \u00ab\u00a0Finances\u00a0\u00bb\u00a0: jeudi 27 mai \u00e0 18 h 00\u00a0: (dur\u00e9e 1 heure)<\/li>\n<li>R\u00e9union commissions \u00ab\u00a0B\u00e2timents\u00bb et \u00ab\u00a0P\u00e9riscolaire\u00a0\u00bb\u00a0: jeudi 03 juin \u00e0 20 h 00<\/li>\n<\/ul>\n<h4>PROCHAINS CONSEILS MUNICIPAUX\u00a0:<\/h4>\n<ul>\n<li>Jeudi 17 juin 2021 \u00e0 20 h 00 (r\u00e9union Adjoints : mardi 08 juin 2021 \u00e0 20 h 00)<\/li>\n<li>Jeudi 15 juillet 2021 \u00e0 20 h 00 (r\u00e9union Adjoints : mardi 06 juillet 2021 \u00e0 20 h 00)<\/li>\n<li>Jeudi 09 septembre 2021 \u00e0 20 h 00 (r\u00e9union Adjoints : mardi 31 Ao\u00fbt 2021 \u00e0 20 h 00)<\/li>\n<li>Jeudi 14 octobre 2021 \u00e0 20 h 00 (r\u00e9union Adjoints : mardi 05 octobre 2021 \u00e0 20 h 00)<\/li>\n<li>Jeudi 18 novembre 2021 \u00e0 20 h 00 (r\u00e9union Adjoints : mardi 09 novembre 2021 \u00e0 20 h 00)<\/li>\n<li>Jeudi 16 d\u00e9cembre 2021 \u00e0 20 h 00 (r\u00e9union Adjoints : mardi 07 d\u00e9cembre 2021 \u00e0 20 h 00)<\/li>\n<\/ul>\n","protected":false},"excerpt":{"rendered":"<p>Pr\u00e9sents\u00a0: F. KERGUELEN, P. PERSEHAIE, C. LE ROSSIGNOL, C. BANCHEREAU, M. RAULLINE, C. GODIN, L. BEAUG\u00e9, M. LACAZE, S. BERTIN, S. LONNOY, A. LE NET, N. FRO. Excus\u00e9s\u00a0: C. DUBOIS (Procuration \u00e0 L. BEAUG\u00e9) C. THOMAS (Procuration \u00e0 F. KERGUELEN) Mme le Maire informe le conseil municipal que selon l\u2019article 9 de la loi du [&hellip;]<\/p>\n","protected":false},"author":1,"featured_media":0,"parent":17,"menu_order":0,"comment_status":"closed","ping_status":"closed","template":"","meta":[],"_links":{"self":[{"href":"https:\/\/www.treffendel.fr\/index.php?rest_route=\/wp\/v2\/pages\/3626"}],"collection":[{"href":"https:\/\/www.treffendel.fr\/index.php?rest_route=\/wp\/v2\/pages"}],"about":[{"href":"https:\/\/www.treffendel.fr\/index.php?rest_route=\/wp\/v2\/types\/page"}],"author":[{"embeddable":true,"href":"https:\/\/www.treffendel.fr\/index.php?rest_route=\/wp\/v2\/users\/1"}],"replies":[{"embeddable":true,"href":"https:\/\/www.treffendel.fr\/index.php?rest_route=%2Fwp%2Fv2%2Fcomments&post=3626"}],"version-history":[{"count":2,"href":"https:\/\/www.treffendel.fr\/index.php?rest_route=\/wp\/v2\/pages\/3626\/revisions"}],"predecessor-version":[{"id":3632,"href":"https:\/\/www.treffendel.fr\/index.php?rest_route=\/wp\/v2\/pages\/3626\/revisions\/3632"}],"up":[{"embeddable":true,"href":"https:\/\/www.treffendel.fr\/index.php?rest_route=\/wp\/v2\/pages\/17"}],"wp:attachment":[{"href":"https:\/\/www.treffendel.fr\/index.php?rest_route=%2Fwp%2Fv2%2Fmedia&parent=3626"}],"curies":[{"name":"wp","href":"https:\/\/api.w.org\/{rel}","templated":true}]}}