{"id":388,"date":"2016-12-12T09:29:18","date_gmt":"2016-12-12T08:29:18","guid":{"rendered":"http:\/\/2016.treffendel.fr\/?page_id=388"},"modified":"2026-03-31T15:28:45","modified_gmt":"2026-03-31T13:28:45","slug":"transports","status":"publish","type":"page","link":"https:\/\/www.treffendel.fr\/?page_id=388","title":{"rendered":"Transports &#8211; Bus"},"content":{"rendered":"<h3>Novembre 2025 : Donnez votre avis sur les lignes de car BreizhGo en Ille-et-Vilaine !<\/h3>\n<p><a href=\"https:\/\/form.typeform.com\/to\/u37ooESP\" target=\"_blank\" rel=\"noopener noreferrer\">Questionnaire ici<\/a><\/p>\n<h4><span style=\"color: #ff0000;\"><strong>Site Internet :<\/strong><\/span><span style=\"color: #ff0000;\"><strong><a href=\"https:\/\/www.breizhgo.bzh\/se-deplacer-en-bretagne\/se-deplacer-en-car\/ille-et-vilaine\" target=\"_blank\" rel=\"noopener noreferrer\">\u00a0www.breizhgo.bzh\/<\/a><\/strong><\/span><\/h4>\n<ul>\n<li><strong>A Treffendel, la ligne 500<\/strong><strong>\u00a0PAIMPONT-RENNES : 2 arr\u00eats (place de la mairie + aire de co-voiturage Z.A. de la gare)<\/strong><\/li>\n<li><strong>Ligne 612 : Pl\u00e9lan-Le-Grand &#8211; Guer &#8211; La Gacilly et Redon (choisir Morbihan) : <a href=\"https:\/\/www.breizhgo.bzh\/itineraires-et-horaires\/horaires#9.63\/47.8333\/-2.1075\" target=\"_blank\" rel=\"noopener noreferrer\">horaires<\/a><\/strong><\/li>\n<li>tarif pr\u00e9f\u00e9rentiel : carte BreizhGo solidaire (<a href=\"https:\/\/www.breizhgo.bzh\/solidaire\">les infos sont ici<\/a>)<\/li>\n<li><a href=\"https:\/\/www.treffendel.fr\/wp-content\/uploads\/2025\/06\/LE-GUIDE-PRATIQUE-SENIOR.pdf\" target=\"_blank\" rel=\"noopener noreferrer\"><span data-olk-copy-source=\"MessageBody\">d\u00e9placements des personnes \u00e2g\u00e9es accessible \u00e0 tous.<\/span><\/a><\/li>\n<\/ul>\n<h1>Horaires \u00e0 compter du 1er septembre 25<\/h1>\n<h3>Horaires des cars vers RENNES<\/h3>\n<h3><span style=\"font-size: 12pt;\">du 1er septembre 2025 au 3 juillet 2026 &#8211; \u00e0 titre indicatif<\/span><\/h3>\n<table style=\"width: 101.768%; height: 265px;\">\n<tbody>\n<tr style=\"height: 66px;\">\n<td style=\"width: 20.8%; height: 66px;\"><span style=\"font-size: 8pt; font-family: georgia, palatino, serif;\">D\u00e9part de<br style=\"margin-bottom: 0px;\" \/>TREFFENDEL\u00a0<\/span><br style=\"font-size: 15.3px;\" \/><span style=\"font-size: 8pt; font-family: georgia, palatino, serif;\">(mairie)<\/span><\/td>\n<td style=\"width: 6.6%; text-align: center; height: 66px;\"><span style=\"font-size: 7pt;\">6:35<\/span><\/td>\n<td style=\"width: 6.6%; text-align: center; height: 66px;\"><span style=\"font-size: 7pt;\">6:51<\/span><\/td>\n<td style=\"width: 6.6%; text-align: center; height: 66px;\"><span style=\"font-size: 7pt;\">7:04<\/span><\/td>\n<td style=\"width: 6.6%; text-align: center; height: 66px;\"><span style=\"font-size: 7pt;\">7:30<\/span><\/td>\n<td style=\"width: 6.6%; text-align: center; height: 66px;\"><span style=\"font-size: 7pt;\">7:54<\/span><\/td>\n<td style=\"width: 6.6%; text-align: center; height: 66px;\"><span style=\"font-size: 7pt;\">9:16<\/span><\/td>\n<td style=\"width: 6.6%; text-align: center; height: 66px;\"><span style=\"font-size: 7pt;\">11:06<\/span><\/td>\n<td style=\"width: 6.6%; text-align: center; height: 66px;\"><span style=\"font-size: 7pt;\">13:17<\/span><\/td>\n<td style=\"width: 6.6%; text-align: center; height: 66px;\"><span style=\"font-size: 7pt;\">14:16<\/span><\/td>\n<td style=\"width: 6.6%; text-align: center; height: 66px;\"><span style=\"font-size: 7pt;\">17:14<\/span><\/td>\n<td style=\"width: 6.6%; text-align: center; height: 66px;\"><span style=\"font-size: 7pt;\">18:49<\/span><\/td>\n<td style=\"width: 6.6%; background-color: #64fa32; text-align: center; height: 66px;\"><span style=\"font-size: 7pt;\">18:04<\/span><\/td>\n<\/tr>\n<tr style=\"height: 45px;\">\n<td style=\"width: 20.8%; height: 45px;\"><span style=\"font-family: georgia, palatino, serif; font-size: 10.6667px;\">Arriv\u00e9e \u00e0\u00a0RENNES (gare routi\u00e8re)<\/span><\/td>\n<td style=\"width: 6.6%; text-align: center; height: 45px;\"><span style=\"font-size: 7pt;\">7:15<\/span><\/td>\n<td style=\"width: 6.6%; text-align: center; height: 45px;\"><span style=\"font-size: 7pt;\">7:35<\/span><\/td>\n<td style=\"width: 6.6%; text-align: center; height: 45px;\"><span style=\"font-size: 7pt;\">7:55<\/span><\/td>\n<td style=\"width: 6.6%; text-align: center; height: 45px;\"><span style=\"font-size: 7pt;\">8:20<\/span><\/td>\n<td style=\"width: 6.6%; text-align: center; height: 45px;\"><span style=\"font-size: 7pt;\">8:45<\/span><\/td>\n<td style=\"width: 6.6%; text-align: center; height: 45px;\"><span style=\"font-size: 7pt;\">10:00<\/span><\/td>\n<td style=\"width: 6.6%; text-align: center; height: 45px;\"><span style=\"font-size: 7pt;\">11:50<\/span><\/td>\n<td style=\"width: 6.6%; text-align: center; height: 45px;\"><span style=\"font-size: 7pt;\">14:00<\/span><\/td>\n<td style=\"width: 6.6%; text-align: center; height: 45px;\"><span style=\"font-size: 7pt;\">15:00<\/span><\/td>\n<td style=\"width: 6.6%; text-align: center; height: 45px;\"><span style=\"font-size: 7pt;\">18:00<\/span><\/td>\n<td style=\"width: 6.6%; text-align: center; height: 45px;\"><span style=\"font-size: 7pt;\">19:30<\/span><\/td>\n<td style=\"width: 6.6%; background-color: #64fa32; text-align: center; height: 45px;\"><span style=\"font-size: 7pt;\">18:45<\/span><\/td>\n<\/tr>\n<tr style=\"height: 88px;\">\n<td style=\"width: 100%; text-align: center; height: 45px;\" colspan=\"13\"><em><strong><span style=\"font-size: 10.6667px;\">arriv\u00e9es retard\u00e9es de 2 minutes <span style=\"color: #ff0000;\">\u00e0 compter du 13 avril<\/span> (d\u00e9viation par \u00ab\u00a0Mabilais\u00a0\u00bb)<\/span><\/strong><\/em><span style=\"font-size: 10.6667px;\"><br \/>\n<\/span><\/td>\n<\/tr>\n<tr style=\"height: 66px;\">\n<td style=\"width: 20.8%; height: 66px;\"><span style=\"font-size: 10.6667px;\">Sp\u00e9cifications<\/span><\/td>\n<td style=\"width: 6.6%; height: 66px;\"><span style=\"font-size: 8pt;\">Lu<\/span><br style=\"font-size: 15.3px;\" \/><span style=\"font-size: 8pt;\">\u00e0 Ve<\/span><\/td>\n<td style=\"width: 6.6%; height: 66px;\"><span style=\"font-size: 8pt;\">Lu<\/span><br style=\"font-size: 15.3px;\" \/><span style=\"font-size: 8pt;\">\u00e0 Ve<\/span><\/td>\n<td style=\"width: 6.6%; height: 66px;\"><span style=\"font-size: 8pt;\">Lu<\/span><br style=\"font-size: 15.3px;\" \/><span style=\"font-size: 8pt;\">\u00e0 Sa<\/span><\/td>\n<td style=\"width: 6.6%; height: 66px;\"><span style=\"font-size: 10.6667px;\">Lu<\/span><br style=\"margin-bottom: 0px; font-size: 10.6667px;\" \/><span style=\"font-size: 10.6667px;\">\u00e0 Ve<\/span><\/td>\n<td style=\"width: 6.6%; height: 66px;\"><span style=\"font-size: 8pt;\">Lu<\/span><br style=\"font-size: 15.3px;\" \/><span style=\"font-size: 8pt;\">\u00e0 Ve<\/span><\/td>\n<td style=\"width: 6.6%; height: 66px;\"><span style=\"font-size: 8pt;\">Lu<\/span><br style=\"font-size: 15.3px;\" \/><span style=\"font-size: 8pt;\">\u00e0 Sa<\/span><\/td>\n<td style=\"width: 6.6%; height: 66px;\"><span style=\"font-size: 8pt;\">Lu<\/span><br style=\"font-size: 15.3px;\" \/><span style=\"font-size: 8pt;\">\u00e0 Ve<\/span><\/td>\n<td style=\"width: 6.6%; height: 66px;\"><span style=\"font-size: 8pt;\">Lu<\/span><br style=\"font-size: 15.3px;\" \/><span style=\"font-size: 8pt;\">\u00e0 Sa<\/span><\/td>\n<td style=\"width: 6.6%; height: 66px;\"><span style=\"font-size: 10.6667px;\">Lu \u00e0 Sa<\/span><\/td>\n<td style=\"width: 6.6%; height: 66px;\"><span style=\"font-size: 10.6667px;\">Lu \u00e0 Ve<\/span><\/td>\n<td style=\"width: 6.6%; height: 66px;\"><span style=\"font-size: 10.6667px;\">Lu \u00e0 Sa<\/span><\/td>\n<td style=\"width: 6.6%; background-color: #64fa32; height: 66px;\"><em style=\"margin-bottom: 0px; font-size: 10.6667px;\">Dim. et f\u00e9ri\u00e9s<\/em><\/td>\n<\/tr>\n<\/tbody>\n<\/table>\n<h3>Horaires des cars en provenance de RENNES<\/h3>\n<h3><span style=\"font-size: 12pt;\">d<\/span><span style=\"font-size: 12pt;\">u 1er septembre 2025 au 3 juillet 2026 &#8211; \u00e0 titre indicatif<\/span><\/h3>\n<table style=\"border-collapse: collapse; width: 102.241%; height: 89px;\">\n<tbody>\n<tr style=\"height: 23px;\">\n<td style=\"width: 20.8%; height: 23px;\"><span style=\"font-size: 8pt; font-family: georgia, palatino, serif;\">D\u00e9part de<br style=\"margin-bottom: 0px;\" \/>RENNES<\/span><br style=\"font-size: 15.3px;\" \/><span style=\"font-size: 8pt; font-family: georgia, palatino, serif;\">(gare routi\u00e8re)<\/span><\/td>\n<td style=\"width: 6.6%; height: 23px; text-align: center;\"><span style=\"font-size: 7pt;\">7:40<\/span><\/td>\n<td style=\"width: 6.6%; height: 23px; background-color: #64fa32; text-align: center;\"><span style=\"font-size: 7pt;\"><em>10:45<\/em><\/span><\/td>\n<td style=\"width: 6.6%; height: 23px; text-align: center;\"><span style=\"font-size: 7pt;\">11:40<\/span><\/td>\n<td style=\"width: 6.6%; height: 23px; text-align: center;\"><span style=\"font-size: 7pt;\">12:40<\/span><\/td>\n<td style=\"width: 6.6%; height: 23px; text-align: center;\"><span style=\"font-size: 7pt;\">15:05<\/span><\/td>\n<td style=\"width: 6.6%; height: 23px; text-align: center;\"><span style=\"font-size: 7pt;\">16:05<\/span><\/td>\n<td style=\"width: 6.6%; text-align: center;\"><span style=\"font-size: 7pt;\">16:30<\/span><\/td>\n<td style=\"width: 6.6%; height: 23px; text-align: center;\"><span style=\"font-size: 7pt;\">17:00<\/span><\/td>\n<td style=\"width: 6.6%; height: 23px; text-align: center;\"><span style=\"font-size: 7pt;\">17:20<\/span><\/td>\n<td style=\"width: 6.6%; height: 23px; text-align: center;\"><span style=\"font-size: 7pt;\">18:10<\/span><\/td>\n<td style=\"width: 6.6%; height: 23px; text-align: center;\"><span style=\"font-size: 7pt;\">19:05<\/span><\/td>\n<td style=\"width: 6.6%; height: 23px; text-align: center;\"><span style=\"font-size: 7pt;\">19:45<\/span><\/td>\n<\/tr>\n<tr style=\"height: 23px;\">\n<td style=\"width: 20.8%; height: 23px;\"><span style=\"font-size: 8pt; font-family: georgia, palatino, serif;\">Arriv\u00e9e \u00e0<br style=\"margin-bottom: 0px;\" \/>TREFFENDEL\u00a0<\/span><br style=\"font-size: 15.3px;\" \/><span style=\"font-size: 8pt; font-family: georgia, palatino, serif;\">(mairie)<\/span><\/td>\n<td style=\"width: 6.6%; height: 23px; text-align: center;\"><span style=\"font-size: 7pt;\">8:25<\/span><\/td>\n<td style=\"width: 6.6%; height: 23px; background-color: #64fa32; text-align: center;\"><span style=\"font-size: 7pt;\"><em>11:24<\/em><\/span><\/td>\n<td style=\"width: 6.6%; height: 23px; text-align: center;\"><span style=\"font-size: 7pt;\">12:22<\/span><\/td>\n<td style=\"width: 6.6%; height: 23px; text-align: center;\"><span style=\"font-size: 7pt;\">13:25<\/span><\/td>\n<td style=\"width: 6.6%; height: 23px; text-align: center;\"><span style=\"font-size: 7pt;\">15:51<\/span><\/td>\n<td style=\"width: 6.6%; height: 23px; text-align: center;\"><span style=\"font-size: 7pt;\">16:49<\/span><\/td>\n<td style=\"width: 6.6%; text-align: center;\"><span style=\"font-size: 7pt;\">17:19<\/span><\/td>\n<td style=\"width: 5.73807%; height: 23px; text-align: center;\"><span style=\"font-size: 7pt;\">17:50<\/span><\/td>\n<td style=\"width: 6.6%; height: 23px; text-align: center;\"><span style=\"font-size: 7pt;\">18:14<\/span><\/td>\n<td style=\"width: 6.6%; height: 23px; text-align: center;\"><span style=\"font-size: 7pt;\">18:58<\/span><\/td>\n<td style=\"width: 6.6%; height: 23px; text-align: center;\"><span style=\"font-size: 7pt;\">19:41<\/span><\/td>\n<td style=\"width: 6.6%; height: 23px; text-align: center;\"><span style=\"font-size: 7pt;\">20:43<\/span><\/td>\n<\/tr>\n<tr style=\"height: 43px;\">\n<td style=\"width: 20.8%; height: 43px;\"><span style=\"font-size: 10.6667px;\">Sp\u00e9cifications<\/span><\/td>\n<td style=\"width: 6.6%; height: 43px;\"><span style=\"font-size: 8pt;\">Lu<\/span><br \/>\n<span style=\"font-size: 8pt;\"> \u00e0 Ve<\/span><\/td>\n<td style=\"width: 6.6%; height: 43px; background-color: #64fa32;\"><span style=\"font-size: 8pt;\"><em>Dim.<br \/>\net f\u00e9ri\u00e9s<\/em><\/span><\/td>\n<td style=\"width: 6.6%; height: 43px;\"><span style=\"font-size: 8pt;\">Lu<\/span><br \/>\n<span style=\"font-size: 8pt;\"> \u00e0 Sa<\/span><\/td>\n<td style=\"width: 6.6%; height: 43px;\"><span style=\"font-size: 8pt;\">Lu<\/span><br \/>\n<span style=\"font-size: 8pt;\"> \u00e0 Sa<\/span><\/td>\n<td style=\"width: 6.6%; height: 43px;\"><span style=\"font-size: 8pt;\">Lu<\/span><br \/>\n<span style=\"font-size: 8pt;\"> \u00e0 Sa<\/span><\/td>\n<td style=\"width: 6.6%; height: 43px;\"><span style=\"font-size: 8pt;\">Lu<\/span><br \/>\n<span style=\"font-size: 8pt;\"> \u00e0 Sa<\/span><\/td>\n<td style=\"width: 6.6%;\"><span style=\"font-size: 8pt;\">Lu<br \/>\n\u00e0 Ve<\/span><\/td>\n<td style=\"width: 6.6%; height: 43px;\"><span style=\"font-size: 8pt;\">Lu<\/span><br \/>\n<span style=\"font-size: 8pt;\"> \u00e0 Ve<\/span><\/td>\n<td style=\"width: 6.6%; height: 43px;\"><span style=\"font-size: 8pt;\">Lu<\/span><br \/>\n<span style=\"font-size: 8pt;\"> \u00e0 Sa<\/span><\/td>\n<td style=\"width: 6.6%; height: 43px;\"><span style=\"font-size: 8pt;\">Lu<br \/>\n\u00e0 Sa<\/span><\/td>\n<td style=\"width: 6.6%; height: 43px;\"><span style=\"font-size: 8pt;\">Lu<br \/>\n\u00e0 Sa<\/span><\/td>\n<td style=\"width: 6.6%; height: 43px;\"><span style=\"font-size: 8pt;\">Lu \u00e0 Sa<\/span><\/td>\n<\/tr>\n<\/tbody>\n<\/table>\n<p><a href=\"https:\/\/media.breizhgo.bzh\/breizhgo\/media\/2026-01\/horaires-ille-et-vilaine-ligne500.pdf\" target=\"_blank\" rel=\"noopener noreferrer\">Horaires complets (Ligne n\u00b0500)<\/a><\/p>\n<h2>Tarifs du trajet TREFFENDEL-RENNES (septembre 2025)<\/h2>\n<ul>\n<li>ticket \u00e0 l&rsquo;unit\u00e9 : 2,50\u00a0 euros<\/li>\n<li style=\"line-height: 28.9px;\">carte de 10 voyages : 20,00 euros<\/li>\n<li>ticket \u00e0 l&rsquo;unit\u00e9 avec\u00a0r\u00e9duction \u00ab\u00a0<em><strong>jeune de moins de 26 ans\u00a0\u00bb<\/strong><\/em> : 2,00 euros<\/li>\n<li>carte de 10 voyages avec\u00a0r\u00e9duction \u00ab\u00a0<em><strong>jeune de moins de 26 ans\u00a0\u00bb<\/strong><\/em> : 15,00 euros<\/li>\n<li style=\"line-height: 28.9px;\">gratuit\u00e9 pour les enfants jusqu&rsquo;\u00e0 12 ans (accompagn\u00e9 d&rsquo;un adulte)<\/li>\n<li>ticket 1 voyage solidaire : 1 euro (<a href=\"https:\/\/www.breizhgo.bzh\/solidaire\" target=\"_blank\" rel=\"noopener noreferrer\">conditions d&rsquo;acc\u00e8s<\/a>)<\/li>\n<li>autres r\u00e9ductions \u00e0 voir avec le <a href=\"https:\/\/www.breizhgo.bzh\/solidaire\" target=\"_blank\" rel=\"noopener noreferrer\">site Breizhgo<\/a>\u00a0(invalidit\u00e9&#8230;)<\/li>\n<li><a href=\"https:\/\/www.breizhgo.bzh\/tarifs-cars\" target=\"_blank\" rel=\"noopener noreferrer\">tarifs complets<\/a><\/li>\n<\/ul>\n<h4>abonnements (26 ans et plus)<span style=\"font-family: Georgia, serif; font-size: 17px;\">\u00a0<\/span><\/h4>\n<ul>\n<li>mensuel : 50,00 euros<\/li>\n<li>mensuel + bus et m\u00e9tro rennais: 76,50 euros<\/li>\n<li>annuel : 500 euros<\/li>\n<\/ul>\n<h4>abonnements (moins de 26 ans)<\/h4>\n<ul>\n<li>mensuel : 25,00 euros<\/li>\n<li>mensuel + bus et m\u00e9tro rennais: 37,60 euros<\/li>\n<li>annuel : 250 euros<\/li>\n<\/ul>\n<h4>Transports scolaires : <a href=\"https:\/\/www.breizhgo.bzh\/transports-scolaires\/ille-et-vilaine\" target=\"_blank\" rel=\"noopener noreferrer\">infos sur Breizhgo<\/a><\/h4>\n<p>Depuis votre commune, profitez des avantages qu&rsquo;offre le transport en commun :<\/p>\n<ul>\n<li><strong>+ \u00e9cologique<\/strong> : jusqu&rsquo;\u00e0 3 fois moins de CO2 rejet\u00e9 par an**<\/li>\n<li><strong>+ \u00e9conomique<\/strong> : r\u00e9alisez jusqu&rsquo;\u00e0 1 300 \u20ac d&rsquo;\u00e9conomie par an**<\/li>\n<li>&#8211; anxiog\u00e8ne, + serein, + confortable, + s\u00e9curisant&#8230; <strong>Laissez-vous conduire et profitez !<\/strong><\/li>\n<\/ul>\n<p><span style=\"color: #ff0000;\"><strong>Bons plans BreizhGo<\/strong><\/span><\/p>\n<ul style=\"list-style-type: square;\">\n<li><strong>Vous \u00eates salari\u00e9<\/strong>, la loi sur la prime transport vous permet de vous faire rembourser 50% de votre abonnement en transport en commun par votre employeur.<\/li>\n<li><strong>vous avez besoin de vous d\u00e9placer sur Rennes avec le r\u00e9seau STAR<\/strong> (m\u00e9tro ou bus), l&rsquo;abonnement + (hebdo ou mensuel) est \u00e0 votre disposition dans les points de vente Illenoo (Bar-Tabac-Presse, rue de Haute Bretagne \u00e0 Treffendel)<\/li>\n<\/ul>\n<p><span style=\"font-weight: 400;\">Vous pouvez acheter votre titre de transport au Bar-Tabac-Presse \u00a05, rue de haute Bretagne ou \u00e0 bord du car.<\/span><\/p>\n<p>Les horaires sont affich\u00e9s au niveau des arr\u00eats Treffendel mairie et Treffendel Gare.<\/p>\n<p>Vous trouverez en mairie les d\u00e9pliants.<\/p>\n<p><b>Renseignements\u00a0: <\/b><\/p>\n<ul>\n<li><b><a href=\"https:\/\/www.breizhgo.bzh\/\" target=\"_blank\" rel=\"noopener noreferrer\">https:\/\/www.breizhgo.bzh\/<\/a><\/b><\/li>\n<li>02.99.300.300<\/li>\n<li><span style=\"font-weight: 400;\">BreizhGo &#8211; gare routi\u00e8re &#8211; <\/span><span style=\"font-weight: 400;\">16 place de la gare 35000 Rennes<\/span><\/li>\n<\/ul>\n<p><a href=\"https:\/\/www.breizhgo.bzh\/nous-contacter\" target=\"_blank\" rel=\"noopener noreferrer\"><b>Demandes et r\u00e9clamations<\/b><\/a><\/p>\n<p>** : comparatif sur un trajet quotidien annuel A\/R par rapport \u00e0 l&rsquo;utilisation d&rsquo;une voiture individuelle<\/p>\n","protected":false},"excerpt":{"rendered":"<p>Novembre 2025 : Donnez votre avis sur les lignes de car BreizhGo en Ille-et-Vilaine ! Questionnaire ici Site Internet :\u00a0www.breizhgo.bzh\/ A Treffendel, la ligne 500\u00a0PAIMPONT-RENNES : 2 arr\u00eats (place de la mairie + aire de co-voiturage Z.A. de la gare) Ligne 612 : Pl\u00e9lan-Le-Grand &#8211; Guer &#8211; La Gacilly et Redon (choisir Morbihan) : horaires [&hellip;]<\/p>\n","protected":false},"author":1,"featured_media":0,"parent":0,"menu_order":0,"comment_status":"closed","ping_status":"closed","template":"","meta":[],"_links":{"self":[{"href":"https:\/\/www.treffendel.fr\/index.php?rest_route=\/wp\/v2\/pages\/388"}],"collection":[{"href":"https:\/\/www.treffendel.fr\/index.php?rest_route=\/wp\/v2\/pages"}],"about":[{"href":"https:\/\/www.treffendel.fr\/index.php?rest_route=\/wp\/v2\/types\/page"}],"author":[{"embeddable":true,"href":"https:\/\/www.treffendel.fr\/index.php?rest_route=\/wp\/v2\/users\/1"}],"replies":[{"embeddable":true,"href":"https:\/\/www.treffendel.fr\/index.php?rest_route=%2Fwp%2Fv2%2Fcomments&post=388"}],"version-history":[{"count":109,"href":"https:\/\/www.treffendel.fr\/index.php?rest_route=\/wp\/v2\/pages\/388\/revisions"}],"predecessor-version":[{"id":6967,"href":"https:\/\/www.treffendel.fr\/index.php?rest_route=\/wp\/v2\/pages\/388\/revisions\/6967"}],"wp:attachment":[{"href":"https:\/\/www.treffendel.fr\/index.php?rest_route=%2Fwp%2Fv2%2Fmedia&parent=388"}],"curies":[{"name":"wp","href":"https:\/\/api.w.org\/{rel}","templated":true}]}}