{"id":3997,"date":"2022-01-14T20:37:32","date_gmt":"2022-01-14T19:37:32","guid":{"rendered":"https:\/\/www.treffendel.fr\/?page_id=3997"},"modified":"2026-05-11T11:05:44","modified_gmt":"2026-05-11T09:05:44","slug":"services-jeunesse","status":"publish","type":"page","link":"https:\/\/www.treffendel.fr\/?page_id=3997","title":{"rendered":"Services jeunesse"},"content":{"rendered":"\n<ul>\n<li><a href=\"http:\/\/we-ker.org\" target=\"_blank\" rel=\"noopener noreferrer\">We Ker : un territoire pour l&#8217;emploi<\/a><br \/>Rencontrer un.e conseiller.e en insertion professionnelle<\/li>\n<li><a href=\"https:\/\/www.cc-broceliande.bzh\/service-information-jeunesse\/\" target=\"_blank\" rel=\"noopener noreferrer\">Service Information Jeunesse (SIJ)<\/a><\/li>\n<\/ul>\n<h3>P\u00f4le jeunesse &#8211; Espace Jeunes (11-18 ans)<\/h3>\n<p>Un espace qui bouge, pens\u00e9 avec et pour les jeunes.<\/p>\n<p><img loading=\"lazy\" class=\"alignnone size-full wp-image-7052\" src=\"https:\/\/www.treffendel.fr\/wp-content\/uploads\/2025\/05\/Jeunesse-Espace-jeunes-1-scaled.jpg\" alt=\"\" width=\"2560\" height=\"1920\" srcset=\"https:\/\/www.treffendel.fr\/wp-content\/uploads\/2025\/05\/Jeunesse-Espace-jeunes-1-scaled.jpg 2560w, https:\/\/www.treffendel.fr\/wp-content\/uploads\/2025\/05\/Jeunesse-Espace-jeunes-1-300x225.jpg 300w, https:\/\/www.treffendel.fr\/wp-content\/uploads\/2025\/05\/Jeunesse-Espace-jeunes-1-1024x768.jpg 1024w, https:\/\/www.treffendel.fr\/wp-content\/uploads\/2025\/05\/Jeunesse-Espace-jeunes-1-768x576.jpg 768w, https:\/\/www.treffendel.fr\/wp-content\/uploads\/2025\/05\/Jeunesse-Espace-jeunes-1-1536x1152.jpg 1536w, https:\/\/www.treffendel.fr\/wp-content\/uploads\/2025\/05\/Jeunesse-Espace-jeunes-1-2048x1536.jpg 2048w, https:\/\/www.treffendel.fr\/wp-content\/uploads\/2025\/05\/Jeunesse-Espace-jeunes-1-900x675.jpg 900w, https:\/\/www.treffendel.fr\/wp-content\/uploads\/2025\/05\/Jeunesse-Espace-jeunes-1-1280x960.jpg 1280w\" sizes=\"(max-width: 2560px) 100vw, 2560px\" \/><\/p>\n<p>L\u2019Espace Jeunes est un lieu d\u2019animation, de rencontres et d\u2019exp\u00e9rimentations o\u00f9 chacun peut se poser, \u00e9changer, tester, cr\u00e9er\u2026 et surtout \u00eatre acteur de ses envies.<\/p>\n<p>On y vient pour se d\u00e9tendre, partager entre amis, d\u00e9couvrir de nouvelles activit\u00e9s, s\u2019exprimer librement et imaginer des projets. L\u2019\u00e9quipe d\u2019animation accompagne les jeunes dans un cadre bienveillant, favorisant l\u2019autonomie, la prise d\u2019initiative et la confiance en soi.<\/p>\n<p>Avec le p\u00f4le jeunesse, on peut :<\/p>\n<ul>\n<li>se retrouver, discuter, se poser ;<\/li>\n<li>participer \u00e0 des animations sportives, culturelles, cr\u00e9atives, num\u00e9riques\u2026 dans les espaces jeunes o\u00f9 sur l\u2019espace public ;<\/li>\n<li>imaginer et concr\u00e9tiser des projets ;<\/li>\n<li>participer \u00e0 des ateliers th\u00e9matiques : radio, solidarit\u00e9, protection des animaux, cuisine, culture\u2026 \u00e0 vous de choisir ;<\/li>\n<li>\u00e9changer sur les r\u00e9seaux sociaux gr\u00e2ce au dispositif Promeneur du net (@nicolinterval_pdn) ;<\/li>\n<li>b\u00e9n\u00e9ficier d\u2019actions de sensibilisation et de pr\u00e9vention (sant\u00e9, bien \u00eatre, num\u00e9rique\u2026).<\/li>\n<\/ul>\n<p><img loading=\"lazy\" class=\"alignnone size-full wp-image-7053\" src=\"https:\/\/www.treffendel.fr\/wp-content\/uploads\/2025\/05\/Jeunesse-Espace-jeunes-2-scaled.jpg\" alt=\"\" width=\"2560\" height=\"1920\" srcset=\"https:\/\/www.treffendel.fr\/wp-content\/uploads\/2025\/05\/Jeunesse-Espace-jeunes-2-scaled.jpg 2560w, https:\/\/www.treffendel.fr\/wp-content\/uploads\/2025\/05\/Jeunesse-Espace-jeunes-2-300x225.jpg 300w, https:\/\/www.treffendel.fr\/wp-content\/uploads\/2025\/05\/Jeunesse-Espace-jeunes-2-1024x768.jpg 1024w, https:\/\/www.treffendel.fr\/wp-content\/uploads\/2025\/05\/Jeunesse-Espace-jeunes-2-768x576.jpg 768w, https:\/\/www.treffendel.fr\/wp-content\/uploads\/2025\/05\/Jeunesse-Espace-jeunes-2-1536x1152.jpg 1536w, https:\/\/www.treffendel.fr\/wp-content\/uploads\/2025\/05\/Jeunesse-Espace-jeunes-2-2048x1536.jpg 2048w, https:\/\/www.treffendel.fr\/wp-content\/uploads\/2025\/05\/Jeunesse-Espace-jeunes-2-900x675.jpg 900w, https:\/\/www.treffendel.fr\/wp-content\/uploads\/2025\/05\/Jeunesse-Espace-jeunes-2-1280x960.jpg 1280w\" sizes=\"(max-width: 2560px) 100vw, 2560px\" \/><\/p>\n<p>Inscrit dans le projet social de l\u2019association, le p\u00f4le jeunesse vise \u00e0 :<\/p>\n<ul>\n<li>aller \u00e0 la rencontre des jeunes ;<\/li>\n<li>valoriser l\u2019engagement et l\u2019autonomie des jeunes ;<\/li>\n<li>encourager leur expression, leur participation et leur prise de d\u00e9cision ;<\/li>\n<li>favoriser la d\u00e9couverte ;<\/li>\n<li>renforcer les liens avec le territoire et ses acteurs.<\/li>\n<\/ul>\n<p><strong><em><u>Modalit\u00e9s pratiques<\/u><\/em><\/strong> :<\/p>\n<p><strong>En p\u00e9riode scolaire<\/strong> :<\/p>\n<ul>\n<li>Mercredi : 14h &#8211; 18h30<\/li>\n<li>Samedi : actions itin\u00e9rantes sur le territoire<\/li>\n<\/ul>\n<p><strong>\u00a0<\/strong><strong>Pendant les vacances<\/strong> :<\/p>\n<ul>\n<li>Du lundi au vendredi (au local, hors les murs, en sortie ou en intercommunalit\u00e9)<\/li>\n<\/ul>\n<p><strong>Contact <\/strong><\/p>\n<ul>\n<li><a href=\"https:\/\/www.linterval.org\/jeunesse\/infos-pratiques\/\">linterval.org\/jeunesse\/infos-pratiques\/<\/a><\/li>\n<li>06.86.02.48.40<\/li>\n<\/ul>\n","protected":false},"excerpt":{"rendered":"<p>We Ker : un territoire pour l&#8217;emploiRencontrer un.e conseiller.e en insertion professionnelle Service Information Jeunesse (SIJ) P\u00f4le jeunesse &#8211; Espace Jeunes (11-18 ans) Un espace qui bouge, pens\u00e9 avec et pour les jeunes. L\u2019Espace Jeunes est un lieu d\u2019animation, de rencontres et d\u2019exp\u00e9rimentations o\u00f9 chacun peut se poser, \u00e9changer, tester, cr\u00e9er\u2026 et surtout \u00eatre acteur [&hellip;]<\/p>\n","protected":false},"author":1,"featured_media":0,"parent":118,"menu_order":5,"comment_status":"closed","ping_status":"closed","template":"","meta":[],"_links":{"self":[{"href":"https:\/\/www.treffendel.fr\/index.php?rest_route=\/wp\/v2\/pages\/3997"}],"collection":[{"href":"https:\/\/www.treffendel.fr\/index.php?rest_route=\/wp\/v2\/pages"}],"about":[{"href":"https:\/\/www.treffendel.fr\/index.php?rest_route=\/wp\/v2\/types\/page"}],"author":[{"embeddable":true,"href":"https:\/\/www.treffendel.fr\/index.php?rest_route=\/wp\/v2\/users\/1"}],"replies":[{"embeddable":true,"href":"https:\/\/www.treffendel.fr\/index.php?rest_route=%2Fwp%2Fv2%2Fcomments&post=3997"}],"version-history":[{"count":6,"href":"https:\/\/www.treffendel.fr\/index.php?rest_route=\/wp\/v2\/pages\/3997\/revisions"}],"predecessor-version":[{"id":7063,"href":"https:\/\/www.treffendel.fr\/index.php?rest_route=\/wp\/v2\/pages\/3997\/revisions\/7063"}],"up":[{"embeddable":true,"href":"https:\/\/www.treffendel.fr\/index.php?rest_route=\/wp\/v2\/pages\/118"}],"wp:attachment":[{"href":"https:\/\/www.treffendel.fr\/index.php?rest_route=%2Fwp%2Fv2%2Fmedia&parent=3997"}],"curies":[{"name":"wp","href":"https:\/\/api.w.org\/{rel}","templated":true}]}}