{"id":4,"date":"2016-11-16T19:02:14","date_gmt":"2016-11-16T18:02:14","guid":{"rendered":"http:\/\/2016.treffendel.fr\/?page_id=4"},"modified":"2026-03-18T10:16:17","modified_gmt":"2026-03-18T09:16:17","slug":"ecoles","status":"publish","type":"page","link":"https:\/\/www.treffendel.fr\/?page_id=4","title":{"rendered":"Ecoles"},"content":{"rendered":"<h3>Maternelles et \u00e9l\u00e9mentaires<\/h3>\n<ul>\n<li><a href=\"https:\/\/www.education.gouv.fr\/calendrier-scolaire-100148\" target=\"_blank\" rel=\"noopener noreferrer\">consulter le calendrier de l&rsquo;ann\u00e9e scolaire<\/a><\/li>\n<\/ul>\n<ul>\n<li><strong>Ecole Aurelie Nemours<\/strong>, 5 rue du\u00a0Bignon, 35380 TREFFENDEL<br \/>\nContact : 02.99.61.04.92 &#8211; <em style=\"font-size: inherit;\"><a href=\"mailto:ecole.0352535r@ac-rennes.fr\">ecole.0352535r@ac-rennes.fr<\/a><\/em><br \/>\nDirecteur : Mathias JOLY<br \/>\n(5 classes).<br \/>\n<a href=\"https:\/\/view.genial.ly\/63e58e3eb467620018b8e7cd\/interactive-content-presentation-aurelie-nemours\" target=\"_blank\" rel=\"noopener noreferrer\"><strong>Consulter son site Internet<\/strong><\/a><br \/>\nAssociation de parents d&rsquo;\u00e9l\u00e8ves : A.L.E.P.T (<a href=\"https:\/\/www.treffendel.fr\/?page_id=4824\">voir les infos<\/a>)<\/li>\n<\/ul>\n<ul>\n<li><strong>Ecole priv\u00e9e St Malo<\/strong>, 1 rue du Bignon, 35380 TREFFENDEL<br \/>\nT\u00e9l\u00e9phone : 02.99.61.00.84<br \/>\n<a href=\"https:\/\/ecolestmalotreffendel.eklablog.com\/accueil-c33272927\" target=\"_blank\" rel=\"noopener noreferrer\">consulter son site Internet<\/a><br \/>\nDirection : Delphine RENAIS et Antoine THEBAULT<br \/>\n(4 classes)<br \/>\nAssociation de parents d&rsquo;\u00e9l\u00e8ves : A.P.E.L.<br \/>\nAssociation de gestion : O.G.E.C.<\/li>\n<\/ul>\n<h3><span tabindex=\"1\">Les horaires (septembre 2025)<\/span><\/h3>\n<h5>Ecole Aurelie Nemours<\/h5>\n<ul>\n<li>maternelles et primaires :\u00a0\u00a0de <strong>8 h 30 \u00e0 12 h 00<\/strong> et de\u00a0<strong>14 h 00 \u00e0 16 h 30<\/strong><\/li>\n<\/ul>\n<h5>Ecole Saint Malo<\/h5>\n<ul>\n<li>maternelles :\u00a0\u00a0de <strong>8 h 45 \u00e0 12 h 00<\/strong> et de\u00a0<strong>13 h 15 \u00e0 16 h 15<\/strong><\/li>\n<li>primaires :\u00a0\u00a0de <strong>8 h 45 \u00e0 12 h 15<\/strong> et de\u00a0\u00a0<strong>13 h 30 \u00e0 16 h 15<\/strong><\/li>\n<\/ul>\n<h3>la cantine et la garderie<\/h3>\n<p>Ce sont des services municipaux (<a href=\"http:\/\/2016.treffendel.fr\/?page_id=114\">plus de d\u00e9tails<\/a>)<\/p>\n<h4>Harc\u00e8lement<\/h4>\n<p><a href=\"https:\/\/www.udaf35.fr\/les-services-aux-familles\/enfance-et-parentalites\/stop-harcelement-en-milieu-scolaire\/\" target=\"_blank\" rel=\"noopener noreferrer\">Consulter le site de UDAF<\/a><\/p>\n","protected":false},"excerpt":{"rendered":"<p>Maternelles et \u00e9l\u00e9mentaires consulter le calendrier de l&rsquo;ann\u00e9e scolaire Ecole Aurelie Nemours, 5 rue du\u00a0Bignon, 35380 TREFFENDEL Contact : 02.99.61.04.92 &#8211; ecole.0352535r@ac-rennes.fr Directeur : Mathias JOLY (5 classes). Consulter son site Internet Association de parents d&rsquo;\u00e9l\u00e8ves : A.L.E.P.T (voir les infos) Ecole priv\u00e9e St Malo, 1 rue du Bignon, 35380 TREFFENDEL T\u00e9l\u00e9phone : 02.99.61.00.84 consulter [&hellip;]<\/p>\n","protected":false},"author":1,"featured_media":0,"parent":105,"menu_order":0,"comment_status":"closed","ping_status":"closed","template":"","meta":[],"_links":{"self":[{"href":"https:\/\/www.treffendel.fr\/index.php?rest_route=\/wp\/v2\/pages\/4"}],"collection":[{"href":"https:\/\/www.treffendel.fr\/index.php?rest_route=\/wp\/v2\/pages"}],"about":[{"href":"https:\/\/www.treffendel.fr\/index.php?rest_route=\/wp\/v2\/types\/page"}],"author":[{"embeddable":true,"href":"https:\/\/www.treffendel.fr\/index.php?rest_route=\/wp\/v2\/users\/1"}],"replies":[{"embeddable":true,"href":"https:\/\/www.treffendel.fr\/index.php?rest_route=%2Fwp%2Fv2%2Fcomments&post=4"}],"version-history":[{"count":40,"href":"https:\/\/www.treffendel.fr\/index.php?rest_route=\/wp\/v2\/pages\/4\/revisions"}],"predecessor-version":[{"id":6951,"href":"https:\/\/www.treffendel.fr\/index.php?rest_route=\/wp\/v2\/pages\/4\/revisions\/6951"}],"up":[{"embeddable":true,"href":"https:\/\/www.treffendel.fr\/index.php?rest_route=\/wp\/v2\/pages\/105"}],"wp:attachment":[{"href":"https:\/\/www.treffendel.fr\/index.php?rest_route=%2Fwp%2Fv2%2Fmedia&parent=4"}],"curies":[{"name":"wp","href":"https:\/\/api.w.org\/{rel}","templated":true}]}}