{"id":4240,"date":"2022-04-21T18:57:41","date_gmt":"2022-04-21T16:57:41","guid":{"rendered":"https:\/\/www.treffendel.fr\/?page_id=4240"},"modified":"2022-04-21T18:57:41","modified_gmt":"2022-04-21T16:57:41","slug":"compte-rendu-du-conseil-municipal-du-14-avril-2022-a-20-h-00","status":"publish","type":"page","link":"https:\/\/www.treffendel.fr\/?page_id=4240","title":{"rendered":"Compte-rendu du conseil municipal du 14 avril 2022 \u00e0 20 h 00"},"content":{"rendered":"\n<p>Pr\u00e9sents : F. KERGUELEN, P. PERSEHAIE, C. LE ROSSIGNOL, C. BANCHEREAU, M. RAULLINE, \u00a0N. FRO, L. BEAUG\u00e9, C. THOMAS, M. LACAZE, S. BERTIN, C. DUBOIS, A. LE NET.<\/p>\n<p>Excus\u00e9s\u00a0: C. GODIN (Procuration \u00e0 F. KERGUELEN), SOPHIE LONNOY (Procuration \u00e0 M. RAULLINE)<\/p>\n<h4>Approbation du compte rendu du conseil municipal du 29 mars 2022\u00a0:<\/h4>\n<p>Le compte rendu du 29 mars 2022 est approuv\u00e9 \u00e0 l\u2019unanimit\u00e9 des membres pr\u00e9sents.<\/p>\n<h4>D\u00e9signation d\u2019un secr\u00e9taire de s\u00e9ance\u00a0:<\/h4>\n<p>Conform\u00e9ment \u00e0 l\u2019article L.2121-15 du Code G\u00e9n\u00e9ral des Collectivit\u00e9s Locales, Mme LE ROSSIGNOL Chantal est nomm\u00e9e secr\u00e9taire de s\u00e9ance.<\/p>\n<h2>I \u2013 \u00a0BATIMENTS COMMUNAUX :<\/h2>\n<h4>1\u00b0 &#8211; compte-rendu de la commission du 31 mars 2022<\/h4>\n<p>Etude de l\u2019am\u00e9nagement de l\u2019aire de jeux de la mairie<\/p>\n<p>Madame le Maire informe le conseil municipal que suite \u00e0 la commission \u00ab b\u00e2timents \u00bb, trois entreprises ont \u00e9t\u00e9 sollicit\u00e9es : deux correspondent davantage aux attentes de la commune. Des devis ont \u00e9t\u00e9 demand\u00e9s \u00e0 EXTEBOIS MECO et RECREABOIS pour la commande de 4 jeux pour les plus jeunes enfants (1 jeu basculant, 1 toboggan, 1 cabane et 1 v\u00e9hicule en bois) de fa\u00e7on \u00e0 profiter de l&rsquo;aire existante sans se lancer dans des travaux importants et co\u00fbteux.<\/p>\n<p>Un autre devis sera sollicit\u00e9 pour un cordage \u00ab\u00a0type araign\u00e9e\u00a0\u00bb pour les plus grands.<\/p>\n<p>Les devis ne sont actuellement pas re\u00e7us.<\/p>\n<p>Associer l\u2019espace Jeune et l\u2019avis des parents des enfants utilisateurs.<\/p>\n<p>Il est envisag\u00e9 de cr\u00e9er une autre aire de jeux pr\u00e8s de l\u2019\u00e9tang communal pour les plus \u00e2g\u00e9s\u00a0: type skate-park et pump-track. Travail en cours.<\/p>\n<p>R\u00e9union \u00e0 pr\u00e9voir en commission g\u00e9n\u00e9rale du conseil municipal- En attente d\u2019une proposition de date avec le porteur du projet.<\/p>\n<h4>Local \u00ab\u00a0chambre froide\u00a0\u00bb \u00e0 la cantine<\/h4>\n<p>Madame le Maire informe le conseil municipal qu\u2019il a \u00e9t\u00e9 re\u00e7u en mairie un devis r\u00e9actualis\u00e9 pour la fourniture et mise en place de la chambre froide \u00e0 la cantine, li\u00e9 \u00e0 l\u2019augmentation des mat\u00e9riaux.<\/p>\n<p>En effet, par d\u00e9lib\u00e9ration en date du 17 juin 2021, il a \u00e9t\u00e9 accept\u00e9 un devis \u00e0 6\u00a0811 \u20ac H.T.<\/p>\n<p>Le devis actualis\u00e9 au 1er avril 2022 s\u2019\u00e9l\u00e8ve \u00e0 7\u00a0334 \u20ac H.T. par BPE Services \u2013 M\u00e9ranpro de Vern-sur-Seiche\u00a0; soit une plus-value de 523 \u20ac H.T. (l\u2019autre moiti\u00e9 du co\u00fbt suppl\u00e9mentaire \u00e9tant prise en charge par l\u2019entreprise BPE Services \u2013 M\u00e9ranpro).<\/p>\n<p>Apr\u00e8s en avoir d\u00e9lib\u00e9r\u00e9, le conseil municipal d\u00e9cide, \u00e0 l\u2019unanimit\u00e9 d\u2019accorder le devis actualis\u00e9 pour la fourniture d\u2019une chambre froide pour le local de la cantine, aupr\u00e8s de BPE Services \u2013 M\u00e9ranpro \u00e0 raison de 7 334 \u20ac H.T. et d\u2019autoriser Madame le Maire \u00e0 signer le devis cit\u00e9 ci-dessus.<\/p>\n<p>Les travaux vont d\u00e9buter la derni\u00e8re semaine du mois d\u2019avril.<\/p>\n<h4>Travaux divers b\u00e2timents<\/h4>\n<p>La remise aux normes \u00ab S\u00e9curit\u00e9 -Incendie \u00bb du restaurant scolaire et de la salle de motricit\u00e9 (devis Picard d\u2019un montant de 3 664.48 \u20ac HT, accept\u00e9 par d\u00e9lib\u00e9ration du 17 f\u00e9vrier 2022)\u00a0et la cr\u00e9ation de casiers de rangement dans les 2 classes \u00ab Maternelles \u00bb (devis Mauny d\u2019un montant de 1 435.79 \u20ac H.T., accept\u00e9 par d\u00e9lib\u00e9ration du 17 f\u00e9vrier 2022)\u00a0vont \u00eatre r\u00e9alis\u00e9s la semaine du 19 au 22 avril 2022.<\/p>\n<p>Des lames de bois vont \u00eatre mises dans la cl\u00f4ture du groupe scolaire : travaux en r\u00e9gie par le service technique.<\/p>\n<p>L\u2019isolation du pr\u00e9au de la salle de sports est en cours de r\u00e9alisation. Il restera l\u2019\u00e9lectricit\u00e9 \u00e0 terminer.<\/p>\n<h4>2\u00b0 &#8211; T\u00e9l\u00e9phonie de la mairie<\/h4>\n<p>Madame le Maire indique au conseil municipal qu\u2019il a \u00e9t\u00e9 lanc\u00e9 un appel d\u2019offres aupr\u00e8s de 4 fournisseurs pour le remplacement du standard t\u00e9l\u00e9phonique de la mairie, de fa\u00e7on \u00e0 aller vers l\u2019\u00e9volution num\u00e9rique (actuellement, postes en analogique). Cela comprend\u00a0:<\/p>\n<ul>\n<li>Un standard t\u00e9l\u00e9phonique (accueil)<\/li>\n<li>4 appareils connect\u00e9s (Maire, Secr\u00e9tariat, Adjoints et bureau des permanences)<\/li>\n<li>1 appareil sans fil avec base pour l\u2019\u00e9tage (salle du conseil municipal et salle des commissions)<\/li>\n<li>Fourniture d\u2019un onduleur<\/li>\n<li>Installation d\u2019un serveur t\u00e9l\u00e9phonique<\/li>\n<li>Formation du personnel.<\/li>\n<\/ul>\n<p>Les offres doivent \u00eatre d\u00e9pos\u00e9es au plus tard le lundi 11 avril 2022 \u00e0 12 h 30.<\/p>\n<p>Le r\u00e9sultat de l\u2019appel d\u2019offres est en cours d\u2019analyse (2 solutions\u00a0: acquisition ou location).<\/p>\n<p>Ce point est report\u00e9 \u00e0 la s\u00e9ance du 12 mai 2022.<\/p>\n<h2>II \u2013 \u00a0RESEAUX :<\/h2>\n<p>Madame le Maire rappelle au conseil municipal que la commune de Treffendel a un bail de location avec la soci\u00e9t\u00e9 On Tower France de 92100 Boulogne-Billancourt (Ex-Free mobile) pour la parcelle ZB 68 au lieu-dit \u00ab\u00a0les Nouettes\u00a0\u00bb o\u00f9 est implant\u00e9e une antenne t\u00e9l\u00e9phonique depuis le 12 juillet 2018, \u00e0 raison d\u2019un loyer annuel de 5\u00a0000 \u20ac, index\u00e9 \u00e0 1 % par an, pour une dur\u00e9e de 12 ans.<\/p>\n<p>La Soci\u00e9t\u00e9 VALOCIME de Malakoff (92240), entreprise sp\u00e9cialis\u00e9e dans la valorisation de patrimoine foncier ou immobilier, est int\u00e9ress\u00e9e pour prendre \u00e0 bail l\u2019emplacement de 19.80 m\u00b2 de la parcelle ZB 68, objet de la convention conclue avec l\u2019occupant actuel \u00e0 l\u2019expiration de cette derni\u00e8re, pour\u00a0:<\/p>\n<p>Un\u00a0 montant annuel de 950 \u20ac (200 \u20ac \u00e0 titre de r\u00e9servation + 750 \u20ac d\u2019avance sur loyers)\u00a0; ce montant s\u2019ajoute au versement du locataire actuel.<\/p>\n<p>Au terme de la convention en cours (soit le 12 juillet 2030), VALOCIME devient le nouveau locataire pour 12 ans et verse un loyer annuel de 8\u00a0000 \u20ac nets, avec une indexation fixe annuelle de + 0.50 %.<\/p>\n<p>Le conseil municipal souhaite solliciter le preneur actuel du bail (On Tower France) au sujet d\u2019une \u00e9ventuelle revalorisation du montant actuel du loyer.<\/p>\n<p>Ce point est report\u00e9 \u00e0 la s\u00e9ance du 12 mai 2022.<\/p>\n<h2>III\u2013 \u00a0URBANISME :<\/h2>\n<p>Droit de Pr\u00e9emption Urbain\u00a0: parcelle AB N\u00b0 34<\/p>\n<p>Mr Charl\u00e9ric BANCHEREAU, Adjoint \u00e0 l\u2019Urbanisme, indique au conseil municipal qu\u2019il a \u00e9t\u00e9 re\u00e7u en mairie une D\u00e9claration d\u2019Intention d\u2019Ali\u00e9ner pour la parcelle AB 34 d\u2019une surface de 351 m\u00b2, situ\u00e9e \u00e0 9 rue de l\u2019Etunel (lot N\u00b0 06 du lotissement le Closel). Il est propos\u00e9 de ne pas faire valoir le Droit de Pr\u00e9emption Urbain.<\/p>\n<p>Apr\u00e8s en avoir d\u00e9lib\u00e9r\u00e9, le conseil municipal d\u00e9cide, \u00e0 l\u2019unanimit\u00e9 de ne pas faire valoir le Droit de Pr\u00e9emption Urbain sur la parcelle AB N\u00b0 34.<\/p>\n<h2>IV\u2013 \u00a0FINANCES :<\/h2>\n<p>Droit de stationnement\u00a0: Food-truck \u2013 \u00ab\u00a0Au\u2019R\u00e9gal de Broc\u00e9liande\u00a0\u00bb<\/p>\n<p>Madame Mich\u00e8le RAULLINE, Adjointe aux finances, pr\u00e9cise au conseil municipal que Mr Aur\u00e9lien Renouard de Pl\u00e9lan-le-Grand a inform\u00e9 la mairie de son d\u00e9but d\u2019activit\u00e9 \u00ab\u00a0Food-truck\u00a0\u00bb le 1er avril 2022. Pour Treffendel, il sera stationn\u00e9 le mardi soir de 18 h 00 \u00e0 21 h 00 sur le parking de la salle polyvalente. Il convient donc d\u2019appliquer le droit de stationnement qui est de 27 \u20ac mensuel (avec \u00e9lectricit\u00e9).<\/p>\n<p>Apr\u00e8s en avoir d\u00e9lib\u00e9r\u00e9, le conseil municipal d\u00e9cide, \u00e0 l\u2019unanimit\u00e9 d\u2019appliquer le droit de stationnement \u00e0 raison de 27 \u20ac par mois, \u00e0 compter du 1er avril 2022, pour l\u2019activit\u00e9 \u00ab\u00a0Food-Truck\u00a0\u00bb &#8211; Au\u2019R\u00e9gal de Broc\u00e9liande \u2013 Mr Aur\u00e9lien Renouard de Pl\u00e9lan-le-Grand.<\/p>\n<h2>V &#8211; INTERCOMMUNALITE :<\/h2>\n<p>Broc\u00e9liande Communaut\u00e9\u00a0: proposition Exposition \u00ab\u00a0\u0152il Vert\u00a0\u00bb<\/p>\n<p>POUR INFORMATION<\/p>\n<p>Mme Savatier, \u00e9lue \u00e0 Broc\u00e9liande Communaut\u00e9, a invit\u00e9 chaque maire \u00e0 faire conna\u00eetre sa position quant \u00e0 l&rsquo;accueil d&rsquo;une photographie grand format de l&rsquo;artiste photographe local, Philippe MANGUIN, sur un b\u00e2timent public, sur la p\u00e9riode du 15 juin au 31 ao\u00fbt 2022, dans le cadre de l&rsquo;exposition \u0152IL VERT. L\u2019int\u00e9gralit\u00e9 des co\u00fbts est prise en charge par Broc\u00e9liande Communaut\u00e9.<\/p>\n<p>En r\u00e9union d\u2019adjoints, il a \u00e9t\u00e9 choisi la photo DSC1176.<\/p>\n<p>Elle sera pos\u00e9e sur le pignon Nord de la mairie.<\/p>\n<p>En effet, il fallait donner une r\u00e9ponse pour le lundi 11 avril 2022.<\/p>\n<h2>QUESTIONS DIVERSES :<\/h2>\n<p>POUR INFORMATION :\u00a0Courrier du D\u00e9partement<\/p>\n<ul>\n<li>Au titre du programme \u00ab\u00a0Equipements de s\u00e9curit\u00e9 2022\u00a0\u00bb\u00a0: il est pr\u00e9vu la mise aux normes des glissi\u00e8res le long de la digue du Pont Musard sur la RD 63.<\/li>\n<li>Au titre du programme \u00ab\u00a0Grosses r\u00e9parations 2022\u00a0\u00bb\u00a0: il est pr\u00e9vu le recalibrage des foss\u00e9s de la RD 63 Treffendel \/ Maxent sur une longueur de 12\u00a0000 m.<\/li>\n<\/ul>\n<h4>PROCHAINES COMMISSIONS\u00a0\u00e0 PROGRAMMER\u00a0:<\/h4>\n<p>Groupe de travail \u00ab\u00a0nouvelle identit\u00e9 graphique de la commune\u00a0\u00bb\u00a0:<\/p>\n<ul>\n<li>Le samedi 30 avril 2022 \u00e0 09 h 30\u00a0<\/li>\n<li>Le samedi 21\u00a0 mai 2022 \u00e0 09 h 30<\/li>\n<\/ul>\n<p>Repas des \u00e9lus\u00a0: le vendredi 06 mai 2022 \u00e0 19 h 00<\/p>\n<p>Commission \u00ab\u00a0Vie associative\u00a0\u00bb\u00a0: samedi\u00a0 07 mai \u00e0 09 h 30<\/p>\n<p>+ inauguration pr\u00e9au salle de sports\u00a0: 11 h 00<\/p>\n<h4>PROCHAINS CONSEILS MUNICIPAUX\u00a0:<\/h4>\n<ul>\n<li>Jeudi 12 mai 2022 \u00e0 20 h 00 (r\u00e9union Adjoints : mardi 03 mai 2022 \u00e0 20 h 00)<\/li>\n<li>Jeudi 16 juin 2022 \u00e0 20 h 00 (r\u00e9union Adjoints : mardi 07 juin 2022 \u00e0 20 h 00)<\/li>\n<li>Jeudi 21 juillet 2022 \u00e0 20 h 00 (r\u00e9union Adjoints : mardi 12 juillet 2022 \u00e0 20 h 00)<\/li>\n<li>Jeudi 08 septembre 2022 \u00e0 20 h 00 (r\u00e9union Adjoints : mardi 30 ao\u00fbt 2022 \u00e0 20 h 00)<\/li>\n<li>Jeudi 13 octobre 2022 \u00e0 20 h 00 (r\u00e9union Adjoints : mardi 04 octobre 2022 \u00e0 20 h 00)<\/li>\n<li>Jeudi 17 novembre 2022 \u00e0 20 h 00 (r\u00e9union Adjoints : mercredi 09 novembre 2022 \u00e0 20 h 00)<\/li>\n<li>Jeudi 15 d\u00e9cembre 2022 \u00e0 20 h 00 (r\u00e9union Adjoints : mardi 06 d\u00e9cembre 2022 \u00e0 20 h 00)<\/li>\n<\/ul>\n<h4>PROCHAINES MANIFESTATIONS\u00a0:<\/h4>\n<ul>\n<li>Jeudi 26 mai (Jeudi de l\u2019Ascension) : Rando VTT et p\u00e9destre<\/li>\n<li>Samedi 11 juin : Trail (l\u2019apr\u00e8s-midi) + repas + feu d\u2019artifice + bal<\/li>\n<li>Dimanche 12 juin : Braderie (pour rappel : 1er tour des \u00e9lections l\u00e9gislatives)<\/li>\n<\/ul>\n","protected":false},"excerpt":{"rendered":"<p>Pr\u00e9sents : F. KERGUELEN, P. PERSEHAIE, C. LE ROSSIGNOL, C. BANCHEREAU, M. RAULLINE, \u00a0N. FRO, L. BEAUG\u00e9, C. THOMAS, M. LACAZE, S. BERTIN, C. DUBOIS, A. LE NET. Excus\u00e9s\u00a0: C. GODIN (Procuration \u00e0 F. KERGUELEN), SOPHIE LONNOY (Procuration \u00e0 M. RAULLINE) Approbation du compte rendu du conseil municipal du 29 mars 2022\u00a0: Le compte rendu [&hellip;]<\/p>\n","protected":false},"author":1,"featured_media":0,"parent":17,"menu_order":0,"comment_status":"closed","ping_status":"closed","template":"","meta":[],"_links":{"self":[{"href":"https:\/\/www.treffendel.fr\/index.php?rest_route=\/wp\/v2\/pages\/4240"}],"collection":[{"href":"https:\/\/www.treffendel.fr\/index.php?rest_route=\/wp\/v2\/pages"}],"about":[{"href":"https:\/\/www.treffendel.fr\/index.php?rest_route=\/wp\/v2\/types\/page"}],"author":[{"embeddable":true,"href":"https:\/\/www.treffendel.fr\/index.php?rest_route=\/wp\/v2\/users\/1"}],"replies":[{"embeddable":true,"href":"https:\/\/www.treffendel.fr\/index.php?rest_route=%2Fwp%2Fv2%2Fcomments&post=4240"}],"version-history":[{"count":2,"href":"https:\/\/www.treffendel.fr\/index.php?rest_route=\/wp\/v2\/pages\/4240\/revisions"}],"predecessor-version":[{"id":4242,"href":"https:\/\/www.treffendel.fr\/index.php?rest_route=\/wp\/v2\/pages\/4240\/revisions\/4242"}],"up":[{"embeddable":true,"href":"https:\/\/www.treffendel.fr\/index.php?rest_route=\/wp\/v2\/pages\/17"}],"wp:attachment":[{"href":"https:\/\/www.treffendel.fr\/index.php?rest_route=%2Fwp%2Fv2%2Fmedia&parent=4240"}],"curies":[{"name":"wp","href":"https:\/\/api.w.org\/{rel}","templated":true}]}}