{"id":4266,"date":"2022-05-10T16:06:23","date_gmt":"2022-05-10T14:06:23","guid":{"rendered":"https:\/\/www.treffendel.fr\/?page_id=4266"},"modified":"2023-03-21T12:17:55","modified_gmt":"2023-03-21T11:17:55","slug":"des-ecogestes-pour-consommer-moins-demballages-en-plastique","status":"publish","type":"page","link":"https:\/\/www.treffendel.fr\/?page_id=4266","title":{"rendered":"Des \u00e9cogestes pour consommer moins d\u2019emballages en plastique"},"content":{"rendered":"\n<p><img loading=\"lazy\" class=\"alignnone size-full wp-image-4267\" src=\"https:\/\/www.treffendel.fr\/wp-content\/uploads\/2022\/05\/SmictomCO_Article-titre.png\" alt=\"\" width=\"448\" height=\"113\" srcset=\"https:\/\/www.treffendel.fr\/wp-content\/uploads\/2022\/05\/SmictomCO_Article-titre.png 448w, https:\/\/www.treffendel.fr\/wp-content\/uploads\/2022\/05\/SmictomCO_Article-titre-300x76.png 300w\" sizes=\"(max-width: 448px) 100vw, 448px\" \/><\/p>\n<p>Comme vous le savez, depuis le 1er mars dernier, tous les emballages en plastique se trient dans votre poubelle jaune ! C\u2019est un vrai progr\u00e8s environnemental, mais le meilleur d\u00e9chet reste toujours celui que l\u2019on ne produit pas ! Et en mati\u00e8re d\u2019emballages, on en a souvent plus qu\u2019il n\u2019en faut\u2026 alors voici quelques astuces pour r\u00e9duire le volume de vos emballages.<\/p>\n<p><img loading=\"lazy\" class=\"alignnone size-full wp-image-4272\" src=\"https:\/\/www.treffendel.fr\/wp-content\/uploads\/2022\/05\/Objets-ZD.jpg\" alt=\"\" width=\"448\" height=\"320\" srcset=\"https:\/\/www.treffendel.fr\/wp-content\/uploads\/2022\/05\/Objets-ZD.jpg 448w, https:\/\/www.treffendel.fr\/wp-content\/uploads\/2022\/05\/Objets-ZD-300x214.jpg 300w\" sizes=\"(max-width: 448px) 100vw, 448px\" \/><\/p>\n<div id=\"attachment_4270\" style=\"width: 170px\" class=\"wp-caption alignleft\"><img aria-describedby=\"caption-attachment-4270\" loading=\"lazy\" class=\"size-full wp-image-4270\" src=\"https:\/\/www.treffendel.fr\/wp-content\/uploads\/2022\/05\/Illustration_suremballages.jpg\" alt=\"\" width=\"160\" height=\"160\" srcset=\"https:\/\/www.treffendel.fr\/wp-content\/uploads\/2022\/05\/Illustration_suremballages.jpg 160w, https:\/\/www.treffendel.fr\/wp-content\/uploads\/2022\/05\/Illustration_suremballages-150x150.jpg 150w, https:\/\/www.treffendel.fr\/wp-content\/uploads\/2022\/05\/Illustration_suremballages-88x88.jpg 88w\" sizes=\"(max-width: 160px) 100vw, 160px\" \/><p id=\"caption-attachment-4270\" class=\"wp-caption-text\"><span style=\"color: inherit; font-size: 1.25em; font-weight: 600;\">Eviter les produits suremball\u00e9s<\/span><\/p><\/div>\n<p>Les emballages remplissent plusieurs fonctions. Mais n\u2019oublions pas que c\u2019est le produit que nous consommons, et non l\u2019emballage ! De plus, certains produits sont suremball\u00e9s et n\u00e9cessitent que l\u2019on retire 2, 3 ou 4 emballages alors qu\u2019un seul suffirait. Entre 2 produits comparables, chacun d\u2019entre nous peut choisir celui qui aura n\u00e9cessit\u00e9 le moins d\u2019emballages et ainsi \u00e9viter que la poubelle ne se remplisse de d\u00e9chets inutiles. Il est aussi parfois possible de privil\u00e9gier des \u00e9co-recharges ou des produits concentr\u00e9s.<\/p>\n<p>\u00a0<\/p><div id=\"attachment_4269\" style=\"width: 170px\" class=\"wp-caption alignleft\"><img aria-describedby=\"caption-attachment-4269\" loading=\"lazy\" class=\"size-full wp-image-4269\" src=\"https:\/\/www.treffendel.fr\/wp-content\/uploads\/2022\/05\/Illustration_eau.jpg\" alt=\"\" width=\"160\" height=\"160\" srcset=\"https:\/\/www.treffendel.fr\/wp-content\/uploads\/2022\/05\/Illustration_eau.jpg 160w, https:\/\/www.treffendel.fr\/wp-content\/uploads\/2022\/05\/Illustration_eau-150x150.jpg 150w, https:\/\/www.treffendel.fr\/wp-content\/uploads\/2022\/05\/Illustration_eau-88x88.jpg 88w\" sizes=\"(max-width: 160px) 100vw, 160px\" \/><p id=\"caption-attachment-4269\" class=\"wp-caption-text\"><span style=\"font-size: inherit;\">Boire l\u2019eau du robinet<\/span><\/p><\/div><p>Voici une habitude qui r\u00e9duira drastiquement le volume de votre bac jaune : consommer l\u2019eau du robinet. Vous ferez de grosses \u00e9conomies (l\u2019eau du robinet est au moins 100 fois moins ch\u00e8re que l\u2019eau en bouteille) et vous \u00e9viterez la production de plastique et des kilom\u00e8tres de transports inutiles. Et si vous trouvez que votre eau a un mauvais go\u00fbt, laissez-la d\u00e9canter quelques heures dans une carafe.<\/p><p><img loading=\"lazy\" class=\"size-full wp-image-4271\" src=\"https:\/\/www.treffendel.fr\/wp-content\/uploads\/2022\/05\/Illustration_vrac.jpg\" alt=\"\" width=\"160\" height=\"160\" srcset=\"https:\/\/www.treffendel.fr\/wp-content\/uploads\/2022\/05\/Illustration_vrac.jpg 160w, https:\/\/www.treffendel.fr\/wp-content\/uploads\/2022\/05\/Illustration_vrac-150x150.jpg 150w, https:\/\/www.treffendel.fr\/wp-content\/uploads\/2022\/05\/Illustration_vrac-88x88.jpg 88w\" sizes=\"(max-width: 160px) 100vw, 160px\" \/><\/p><p>Si vous le pouvez, privil\u00e9giez le vrac pour vos courses. Prenez l\u2019habitude de prendre quelques sacs \u00e0 vrac que vous pouvez acheter ou fabriquer vous-m\u00eame. A la maison, il suffit d\u2019investir dans l\u2019achat de quelques bocaux ou d\u2019utiliser des bocaux de r\u00e9cup\u00e9ration pour conserver vos p\u00e2tes, riz et semoule !<\/p>\n","protected":false},"excerpt":{"rendered":"<p>Comme vous le savez, depuis le 1er mars dernier, tous les emballages en plastique se trient dans votre poubelle jaune ! C\u2019est un vrai progr\u00e8s environnemental, mais le meilleur d\u00e9chet reste toujours celui que l\u2019on ne produit pas ! Et en mati\u00e8re d\u2019emballages, on en a souvent plus qu\u2019il n\u2019en faut\u2026 alors voici quelques astuces [&hellip;]<\/p>\n","protected":false},"author":1,"featured_media":0,"parent":506,"menu_order":0,"comment_status":"closed","ping_status":"closed","template":"","meta":[],"_links":{"self":[{"href":"https:\/\/www.treffendel.fr\/index.php?rest_route=\/wp\/v2\/pages\/4266"}],"collection":[{"href":"https:\/\/www.treffendel.fr\/index.php?rest_route=\/wp\/v2\/pages"}],"about":[{"href":"https:\/\/www.treffendel.fr\/index.php?rest_route=\/wp\/v2\/types\/page"}],"author":[{"embeddable":true,"href":"https:\/\/www.treffendel.fr\/index.php?rest_route=\/wp\/v2\/users\/1"}],"replies":[{"embeddable":true,"href":"https:\/\/www.treffendel.fr\/index.php?rest_route=%2Fwp%2Fv2%2Fcomments&post=4266"}],"version-history":[{"count":1,"href":"https:\/\/www.treffendel.fr\/index.php?rest_route=\/wp\/v2\/pages\/4266\/revisions"}],"predecessor-version":[{"id":4277,"href":"https:\/\/www.treffendel.fr\/index.php?rest_route=\/wp\/v2\/pages\/4266\/revisions\/4277"}],"up":[{"embeddable":true,"href":"https:\/\/www.treffendel.fr\/index.php?rest_route=\/wp\/v2\/pages\/506"}],"wp:attachment":[{"href":"https:\/\/www.treffendel.fr\/index.php?rest_route=%2Fwp%2Fv2%2Fmedia&parent=4266"}],"curies":[{"name":"wp","href":"https:\/\/api.w.org\/{rel}","templated":true}]}}