{"id":4287,"date":"2022-05-18T14:43:36","date_gmt":"2022-05-18T12:43:36","guid":{"rendered":"https:\/\/www.treffendel.fr\/?page_id=4287"},"modified":"2022-05-18T14:54:00","modified_gmt":"2022-05-18T12:54:00","slug":"compte-rendu-du-conseil-municipal-du-12-mai-2022-a-20-h-00","status":"publish","type":"page","link":"https:\/\/www.treffendel.fr\/?page_id=4287","title":{"rendered":"Compte-rendu du conseil municipal du 12 mai 2022 \u00e0 20 h 00"},"content":{"rendered":"\n<h1>1\u00e8re partie de la r\u00e9union\u00a0: commission g\u00e9n\u00e9rale du conseil municipal (de 20 h 00 \u00e0 21 h00)<\/h1>\n<p>Pr\u00e9sentation par Mr Paul Tirel et son associ\u00e9 Mr Valentin Balan de leur activit\u00e9 \u00ab\u00a0Pump-track\u00a0\u00bb et \u00ab\u00a0Jump Line\u00a0\u00bb.<\/p>\n<p>Le conseil municipal prend acte de cette pr\u00e9sentation et se donne le temps de la r\u00e9flexion pour ce type\u00a0d\u2019\u00e9quipement sportif \u00e0 am\u00e9nager sur la commune.<\/p>\n<h1>2\u00e8me partie de la r\u00e9union\u00a0: conseil municipal \u00e0 partir de 21 h 00<\/h1>\n<p>Approbation du compte rendu du conseil municipal du 14 avril 2022\u00a0:<\/p>\n<p>Le compte rendu du 14 avril 2022 est approuv\u00e9 \u00e0 l\u2019unanimit\u00e9 des membres pr\u00e9sents.<\/p>\n<p>Conform\u00e9ment \u00e0 l\u2019article L.2121-15 du Code G\u00e9n\u00e9ral des Collectivit\u00e9s Locales, Mme Sophie LONNOY est\u00a0nomm\u00e9e secr\u00e9taire de s\u00e9ance.<\/p>\n<h4>1\u00b0 &#8211; T\u00e9l\u00e9phonie de la mairie<\/h4>\n<p>Mr Christian GODIN, conseiller municipal d\u00e9l\u00e9gu\u00e9 aux b\u00e2timents communaux informe le conseil municipal qu\u2019il a \u00e9t\u00e9 lanc\u00e9 un appel d\u2019offres aupr\u00e8s de 4 fournisseurs pour le remplacement du standard t\u00e9l\u00e9phonique de la mairie, de fa\u00e7on \u00e0 aller vers l\u2019\u00e9volution num\u00e9rique (actuellement, postes en analogique). Cela comprend\u00a0:<\/p>\n<ul>\n<li>Un standard t\u00e9l\u00e9phonique (accueil)<\/li>\n<li>4 appareils connect\u00e9s (Maire, Secr\u00e9tariat, Adjoints et bureau des permanences)<\/li>\n<li>1 appareil sans fil avec base pour l\u2019\u00e9tage (salle du conseil municipal et salle des commissions)<\/li>\n<li>Fourniture d\u2019un onduleur<\/li>\n<li>Installation d\u2019un serveur t\u00e9l\u00e9phonique<\/li>\n<li>Formation du personnel.<\/li>\n<\/ul>\n<p>Une analyse des offres a \u00e9t\u00e9 r\u00e9dig\u00e9e. Il est propos\u00e9 de retenir la proposition de HEXATEL pour un montant de 2 292.68 \u20ac HT (2 751.22 \u20ac TTC).\u00a0\u00a0\u00a0\u00a0\u00a0\u00a0<\/p>\n<p>Pour m\u00e9moire, il a \u00e9t\u00e9 inscrit une somme de 5\u00a0000 \u20ac au Budget Primitif 2022.<\/p>\n<p>Apr\u00e8s en avoir d\u00e9lib\u00e9r\u00e9, le conseil municipal d\u00e9cide, \u00e0 l\u2019unanimit\u00e9, de retenir la proposition d\u2019HEXATEL de Noyal-sur-Vilaine, \u00e0 raison de 2 292.68 \u20ac H.T., pour l\u2019acquisition d\u2019une installation t\u00e9l\u00e9phonique num\u00e9rique pour la mairie (standard + postes t\u00e9l\u00e9phoniques), de payer cette d\u00e9pense au C\/2184- prog 155 et d\u2019autoriser Madame le Maire \u00e0 signer le devis et tous documents se rapportant \u00e0 cette acquisition.<\/p>\n<h4>2\u00b0 &#8211; Salle polyvalente\u00a0: remboursement des mat\u00e9riaux placard de rangement \u2013 Th\u00e9\u00e2tre (sous forme d\u2019une aide financi\u00e8re)<\/h4>\n<p>Madame le Maire informe le conseil municipal que l\u2019association \u00ab\u00a0Le Lever de Rideau\u00a0\u00bb pour l\u2019activit\u00e9 \u00ab\u00a0th\u00e9\u00e2tre\u00a0\u00bb avait besoin\u00a0d&rsquo;un placard pour ranger les rideaux, les petits accessoires etc..\u00a0qui s&rsquo;ab\u00eement dans le local sous l&rsquo;\u00e9glise qui n\u2019est pas chauff\u00e9.<\/p>\n<p>Les placards de la salle polyvalente sont tous utilis\u00e9s par d&rsquo;autres associations donc pas de disponibilit\u00e9.\u00a0Aussi, l\u2019association a fabriqu\u00e9 un placard qui a \u00e9t\u00e9 mont\u00e9 sur roulettes pour permettre de le d\u00e9placer.<\/p>\n<p>L\u2019aide financi\u00e8re demand\u00e9e comprend seulement l&rsquo;achat des fournitures, l&rsquo;assemblage a \u00e9t\u00e9 r\u00e9alis\u00e9 b\u00e9n\u00e9volement.\u00a0Le co\u00fbt est de 730.55 \u20ac TTC. (Ce placard demeurera un bien communal.)<\/p>\n<p>Apr\u00e8s en avoir d\u00e9lib\u00e9r\u00e9, le conseil municipal d\u00e9cide, \u00e0 l\u2019unanimit\u00e9 d\u2019accorder une aide financi\u00e8re de 730.55 \u20ac \u00e0 l\u2019association \u00ab\u00a0Le Lever de Rideau\u00a0\u00bb &#8211; Th\u00e9\u00e2tre en contre-partie de la r\u00e9alisation d\u2019un placard sur roulettes, install\u00e9 dans le local \u00ab\u00a0tables et chaises\u00a0\u00bb de la salle polyvalente, qui restera un bien communal.<\/p>\n<h2>II \u2013 \u00a0RESEAUX :<\/h2>\n<p>Madame le Maire rappelle au conseil municipal que la commune de Treffendel a un bail de location avec la soci\u00e9t\u00e9 On Tower France de 92100 Boulogne-Billancourt (Ex-Free mobile) pour la parcelle ZB 68 au lieu-dit \u00ab\u00a0les Nouettes\u00a0\u00bb o\u00f9 est implant\u00e9e une antenne t\u00e9l\u00e9phonique depuis le 12 juillet 2018, \u00e0 raison d\u2019un loyer annuel de 5\u00a0000 \u20ac, index\u00e9 \u00e0 1 % par an, pour une dur\u00e9e de 12 ans.<\/p>\n<p>La Soci\u00e9t\u00e9 VALOCIME de Malakoff (92240), entreprise sp\u00e9cialis\u00e9e dans la valorisation de patrimoine foncier ou immobilier, est int\u00e9ress\u00e9e pour prendre \u00e0 bail l\u2019emplacement de 19.80 m\u00b2 de la parcelle ZB 68, objet de la convention conclue avec l\u2019occupant actuel \u00e0 l\u2019expiration de cette derni\u00e8re, pour un\u00a0 montant annuel de 950 \u20ac (200 \u20ac \u00e0 titre de r\u00e9servation + 750 \u20ac d\u2019avance sur loyers)\u00a0; ce montant s\u2019ajoute au versement du locataire actuel.<\/p>\n<p>Au terme de la convention en cours (soit le 12 juillet 2030), VALOCIME devient le nouveau locataire pour 12 ans et verse un loyer annuel de 8\u00a0000 \u20ac nets, avec une indexation fixe annuelle de + 0.50 %.<\/p>\n<p>Lors de la s\u00e9ance du 14 avril dernier, le conseil municipal avait souhait\u00e9 solliciter la soci\u00e9t\u00e9 On Tower France (actuel locataire de la parcelle ZB 68) pour conna\u00eetre leur proposition.<\/p>\n<p>Point \u00e0 revoir \u00e0 la prochaine s\u00e9ance car la r\u00e9ponse de On Tower France n&rsquo;est pas re\u00e7ue \u00e0 ce jour.<\/p>\n<h4>III\u2013 ACQUISITION DE JEUX\u00a0:<\/h4>\n<p>Square de la Mairie\u00a0: choix du fournisseur des jeux pour enfants<\/p>\n<p>Mr GODIN Christian, \u00a0indique au conseil municipal qu\u2019il a \u00e9t\u00e9 re\u00e7u en mairie quatre propositions de fournisseurs\u00a0de jeux ext\u00e9rieurs pour le square de la mairie.<\/p>\n<p>Il pr\u00e9sente les trois diff\u00e9rentes propositions d\u2019am\u00e9nagement du square de la mairie par l\u2019acquisition de 4 jeux.<\/p>\n<p>Il est propos\u00e9 de retenir le fournisseur MECO qui pr\u00e9sente l\u2019offre \u00e9conomiquement la plus avantageuse, de par une capacit\u00e9 d\u2019accueil sup\u00e9rieure et un plus grand panel d\u2019\u00e2ge de 6 mois \u00e0 8 ans ainsi que des dispositifs de s\u00e9curit\u00e9 plus performants.<\/p>\n<p>Apr\u00e8s en avoir d\u00e9lib\u00e9r\u00e9, le conseil municipal d\u00e9cide, \u00e0 l\u2019unanimit\u00e9 de retenir le devis de MECO, \u00e0 raison de 17 646.25 \u20ac H.T. pour l\u2019acquisition et l\u2019installation de 4 jeux ext\u00e9rieurs pour le square de la mairie, de payer cette d\u00e9pense au C\/2188- prog 065 et d\u2019autoriser Mme le Maire \u00e0 signer tous documents relatifs \u00e0 cette acquisition,<\/p>\n<h2>IV\u2013 \u00a0INTERCOMMUNALITE :<\/h2>\n<p>Broc\u00e9liande Communaut\u00e9\u00a0:\u00a0R\u00e9sultats Exposition \u00ab\u00a0\u0152il vert\u00a0\u00bb\u00a0: il est projet\u00e9 un tableau repr\u00e9sentant les diff\u00e9rents choix de photos par les communes.<\/p>\n<p>(pour info : La dimension des photos de 3m x 2m est pass\u00e9e \u00e0 2m x 1,50 m pour des questions techniques et financi\u00e8res.)<\/p>\n<h2>V &#8211; VOIRIE :<\/h2>\n<p>Travaux de point-\u00e0-temps<\/p>\n<p>Mr Pierre PERSEHAIE, Adjoint \u00e0 la voirie, rappelle au conseil municipal la d\u00e9cision en date du 30 mars 2021 par laquelle il a \u00e9t\u00e9 conclu un march\u00e9 \u00e0 commandes pour les travaux de point-\u00e0-temps (25 tonnes d\u2019\u00e9mulsion) pour une dur\u00e9e de 3 ans (2021 \u2013 2022 et 2023) aupr\u00e8s de l\u2019entreprise EUROVIA de Bruz \u00e0 raison de 714 \u20ac H.T. la tonne (tarif 2021) \u2013 2022 et 2023\u00a0: prix r\u00e9visable selon le TP 08.<\/p>\n<p>EUROVIA a d\u00e9pos\u00e9 son devis pour 2022 \u00e0 raison de 988 \u20ac HT la tonne d\u2019\u00e9mulsion.<\/p>\n<p>Il est propos\u00e9 de maintenir le budget annuel, soit 22\u00a0000 \u20ac TTC. Par cons\u00e9quent, il ne sera fait que 18 tonnes d\u2019\u00e9mulsion pour 2022.<\/p>\n<p>Apr\u00e8s en avoir d\u00e9lib\u00e9r\u00e9, le conseil municipal d\u00e9cide, \u00e0 l\u2019unanimit\u00e9 d\u2019accepter le devis d\u2019EUROVIA, pour 18 tonnes d\u2019\u00e9mulsion, \u00e0\u00a0 raison de 988 \u20ac H.T. la tonne, soit 17 784 \u20ac H.T.\u00a0pour l\u2019ann\u00e9e 2022, et d\u2019autoriser Mme le Maire \u00e0 signer le devis et tout document relatif \u00e0 ces travaux.<\/p>\n<h2>QUESTIONS DIVERSES :<\/h2>\n<h4>Elections l\u00e9gislatives\u00a0:<\/h4>\n<p>M\u00e9mento de l\u2019organisation du bureau de vote<\/p>\n<p>Tours de garde des 2 tours :\u00a0Dimanche 12 juin 2022 et\u00a0Dimanche 19 juin 2022<\/p>\n<h4>PROCHAINES COMMISSIONS\u00a0\u00e0 PROGRAMMER\u00a0:<\/h4>\n<ul>\n<li>Commission \u00ab\u00a0Vie Associative\u00a0\u00bb\u00a0: samedi 14 mai \u00e0 10 h 00<\/li>\n<li>+ mercredi 29 juin \u00e0 20 h 00\u00a0: pr\u00e9paration du calendrier des f\u00eates 2023<\/li>\n<li>inauguration pr\u00e9au salle de sports\u00a0: samedi 14 mai \u00e0 11 h 00<\/li>\n<li>Groupe de travail \u00ab\u00a0nouvelle identit\u00e9 graphique de la commune\u00a0\u00bb\u00a0: samedi 21\u00a0 mai 2022 \u00e0 09 h 30<\/li>\n<\/ul>\n<h4>PROCHAINS CONSEILS MUNICIPAUX\u00a0:<\/h4>\n<ul>\n<li>Jeudi 16 juin 2022 \u00e0 20 h 00 (r\u00e9union Adjoints : mercredi 08 juin 2022 \u00e0 20 h 00)<\/li>\n<li>Jeudi 21 juillet 2022 \u00e0 20 h 00 (r\u00e9union Adjoints : mardi 12 juillet 2022 \u00e0 20 h 00)<\/li>\n<li>Jeudi 08 septembre 2022 \u00e0 20 h 00 (r\u00e9union Adjoints : mardi 30 ao\u00fbt 2022 \u00e0 20 h 00)<\/li>\n<li>Jeudi 13 octobre 2022 \u00e0 20 h 00 (r\u00e9union Adjoints : mardi 04 octobre 2022 \u00e0 20 h 00)<\/li>\n<li>Jeudi 17 novembre 2022 \u00e0 20 h 00 (r\u00e9union Adjoints : mercredi 09 novembre 2022 \u00e0 20 h 00)<\/li>\n<li>Jeudi 15 d\u00e9cembre 2022 \u00e0 20 h 00 (r\u00e9union Adjoints : mardi 06 d\u00e9cembre 2022 \u00e0 20 h 00)<\/li>\n<\/ul>\n<h4>PROCHAINES MANIFESTATIONS\u00a0:<\/h4>\n<ul>\n<li>Jeudi 26 mai (Jeudi de l\u2019Ascension) : Rando VTT et p\u00e9destre<\/li>\n<li>Samedi 11 juin : f\u00eate communale : Trail (l\u2019apr\u00e8s-midi) + repas + feu d\u2019artifice + bal<\/li>\n<li>Dimanche 12 juin : f\u00eate communale : Braderie (pour rappel : 1er tour des \u00e9lections l\u00e9gislatives)<\/li>\n<\/ul>\n","protected":false},"excerpt":{"rendered":"<p>1\u00e8re partie de la r\u00e9union\u00a0: commission g\u00e9n\u00e9rale du conseil municipal (de 20 h 00 \u00e0 21 h00) Pr\u00e9sentation par Mr Paul Tirel et son associ\u00e9 Mr Valentin Balan de leur activit\u00e9 \u00ab\u00a0Pump-track\u00a0\u00bb et \u00ab\u00a0Jump Line\u00a0\u00bb. Le conseil municipal prend acte de cette pr\u00e9sentation et se donne le temps de la r\u00e9flexion pour ce type\u00a0d\u2019\u00e9quipement sportif [&hellip;]<\/p>\n","protected":false},"author":1,"featured_media":0,"parent":17,"menu_order":0,"comment_status":"closed","ping_status":"closed","template":"","meta":[],"_links":{"self":[{"href":"https:\/\/www.treffendel.fr\/index.php?rest_route=\/wp\/v2\/pages\/4287"}],"collection":[{"href":"https:\/\/www.treffendel.fr\/index.php?rest_route=\/wp\/v2\/pages"}],"about":[{"href":"https:\/\/www.treffendel.fr\/index.php?rest_route=\/wp\/v2\/types\/page"}],"author":[{"embeddable":true,"href":"https:\/\/www.treffendel.fr\/index.php?rest_route=\/wp\/v2\/users\/1"}],"replies":[{"embeddable":true,"href":"https:\/\/www.treffendel.fr\/index.php?rest_route=%2Fwp%2Fv2%2Fcomments&post=4287"}],"version-history":[{"count":3,"href":"https:\/\/www.treffendel.fr\/index.php?rest_route=\/wp\/v2\/pages\/4287\/revisions"}],"predecessor-version":[{"id":4294,"href":"https:\/\/www.treffendel.fr\/index.php?rest_route=\/wp\/v2\/pages\/4287\/revisions\/4294"}],"up":[{"embeddable":true,"href":"https:\/\/www.treffendel.fr\/index.php?rest_route=\/wp\/v2\/pages\/17"}],"wp:attachment":[{"href":"https:\/\/www.treffendel.fr\/index.php?rest_route=%2Fwp%2Fv2%2Fmedia&parent=4287"}],"curies":[{"name":"wp","href":"https:\/\/api.w.org\/{rel}","templated":true}]}}