{"id":441,"date":"2016-12-13T16:09:49","date_gmt":"2016-12-13T15:09:49","guid":{"rendered":"http:\/\/2016.treffendel.fr\/?page_id=441"},"modified":"2017-01-30T16:21:03","modified_gmt":"2017-01-30T15:21:03","slug":"initiatives-broceliande","status":"publish","type":"page","link":"https:\/\/www.treffendel.fr\/?page_id=441","title":{"rendered":"Initiatives Broc\u00e9liande"},"content":{"rendered":"<p><span style=\"font-weight: 400;\">Initiative Broc\u00e9liande est une association qui a pour ambition d&rsquo;augmenter les chances de succ\u00e8s et de p\u00e9rennit\u00e9 des entreprises nouvelles en accompagnant les entrepreneurs de Broc\u00e9liande.<\/span><\/p>\n<p><b>INITIATIVE BROCELIANDE EST AU SERVICE DES ENTREPRENEURS<\/b><\/p>\n<p><span style=\"font-weight: 400;\">Selon vos besoins, \u00e0 chaque \u00e9tape, quelle que soit votre situation professionnelle, nous vous accueillons pour vous aider dans l\u2019avancement de votre projet et notamment lors du financement.<\/span><\/p>\n<p><b>Pour plus de renseignements<\/b><\/p>\n<p><span style=\"font-weight: 400;\">Initiative Broceliande<\/span><span style=\"font-weight: 400;\"><br \/>\n<\/span><span style=\"font-weight: 400;\">48 rue de St Malo<\/span><span style=\"font-weight: 400;\"><br \/>\n<\/span><span style=\"font-weight: 400;\">35360 Montauban de Bretagne <\/span><span style=\"font-weight: 400;\"><br \/>\n<\/span><span style=\"font-weight: 400;\">Itin\u00e9raire (Google Maps)<\/span><span style=\"font-weight: 400;\"><br \/>\n<\/span><span style=\"font-weight: 400;\">T\u00e9l\u00e9phone : 02.99.06.32<\/span><\/p>\n<p><b>site Internet<\/b><span style=\"font-weight: 400;\"> : <\/span><a href=\"http:\/\/www.initiative-broceliande.bzh\" target=\"_blank\"><b><i>www.initiative-broceliande.bzh<\/i><\/b><b><i><br \/>\n<\/i><\/b><\/a><\/p>\n","protected":false},"excerpt":{"rendered":"<p>Initiative Broc\u00e9liande est une association qui a pour ambition d&rsquo;augmenter les chances de succ\u00e8s et de p\u00e9rennit\u00e9 des entreprises nouvelles en accompagnant les entrepreneurs de Broc\u00e9liande. INITIATIVE BROCELIANDE EST AU SERVICE DES ENTREPRENEURS Selon vos besoins, \u00e0 chaque \u00e9tape, quelle que soit votre situation professionnelle, nous vous accueillons pour vous aider dans l\u2019avancement de votre [&hellip;]<\/p>\n","protected":false},"author":1,"featured_media":0,"parent":177,"menu_order":0,"comment_status":"closed","ping_status":"closed","template":"","meta":[],"_links":{"self":[{"href":"https:\/\/www.treffendel.fr\/index.php?rest_route=\/wp\/v2\/pages\/441"}],"collection":[{"href":"https:\/\/www.treffendel.fr\/index.php?rest_route=\/wp\/v2\/pages"}],"about":[{"href":"https:\/\/www.treffendel.fr\/index.php?rest_route=\/wp\/v2\/types\/page"}],"author":[{"embeddable":true,"href":"https:\/\/www.treffendel.fr\/index.php?rest_route=\/wp\/v2\/users\/1"}],"replies":[{"embeddable":true,"href":"https:\/\/www.treffendel.fr\/index.php?rest_route=%2Fwp%2Fv2%2Fcomments&post=441"}],"version-history":[{"count":1,"href":"https:\/\/www.treffendel.fr\/index.php?rest_route=\/wp\/v2\/pages\/441\/revisions"}],"predecessor-version":[{"id":448,"href":"https:\/\/www.treffendel.fr\/index.php?rest_route=\/wp\/v2\/pages\/441\/revisions\/448"}],"up":[{"embeddable":true,"href":"https:\/\/www.treffendel.fr\/index.php?rest_route=\/wp\/v2\/pages\/177"}],"wp:attachment":[{"href":"https:\/\/www.treffendel.fr\/index.php?rest_route=%2Fwp%2Fv2%2Fmedia&parent=441"}],"curies":[{"name":"wp","href":"https:\/\/api.w.org\/{rel}","templated":true}]}}