{"id":4435,"date":"2022-08-01T22:41:15","date_gmt":"2022-08-01T20:41:15","guid":{"rendered":"https:\/\/www.treffendel.fr\/?page_id=4435"},"modified":"2022-08-01T22:45:22","modified_gmt":"2022-08-01T20:45:22","slug":"proces-verbal-de-la-seance-du-conseil-municipal-du-21-juillet-2022-a-20-h-00","status":"publish","type":"page","link":"https:\/\/www.treffendel.fr\/?page_id=4435","title":{"rendered":"Compte-rendu du conseil municipal du 21 juillet 2022 \u00e0 20 h 00"},"content":{"rendered":"\n<p>Pr\u00e9sents : F. KERGUELEN, P. PERSEHAIE, C. LE ROSSIGNOL, C. BANCHEREAU, M. RAULLINE,\u00a0 C. GODIN, L. BEAUG\u00e9, C. THOMAS, M. LACAZE, S. LONNOY, A. LE NET.<\/p>\n<p>Excus\u00e9s : C. DUBOIS (procuration \u00e0 L. BEAUG\u00e9) S. BERTIN (procuration \u00e0 F. KERGUELEN)<\/p>\n<p>Absente\u00a0: N. FRO.<\/p>\n<p>Mme le Maire ouvre la s\u00e9ance et constate que le quorum est atteint.<\/p>\n<p>Approbation du compte rendu du conseil municipal du 16 juin 2022\u00a0:<\/p>\n<p>Le compte rendu du 16 juin 2022 est approuv\u00e9 \u00e0 l\u2019unanimit\u00e9 des membres pr\u00e9sents.<\/p>\n<p>Conform\u00e9ment \u00e0 l\u2019article L.2121-15 du Code G\u00e9n\u00e9ral des Collectivit\u00e9s Locales, Mr Christian THOMAS est nomm\u00e9 secr\u00e9taire de s\u00e9ance.<\/p>\n<h2>I \u2013 \u00a0URBANISME\u00a0:<\/h2>\n<h4>1\u00b0 &#8211; Lotissement l\u2019Etunel\u00a0: raccordement \u00e9lectrique<\/h4>\n<p>Mr Charl\u00e9ric BANCHEREAU, Adjoint \u00e0 l\u2019Urbanisme, informe le conseil municipal que le Syndicat D\u00e9partemental d\u2019Electricit\u00e9 a adress\u00e9 en mairie une \u00e9tude technique et un engagement financier concernant l\u2019alimentation \u00e9lectrique des 3 lots du lotissement l\u2019Etunel. Le montant du reste \u00e0 charge pour la commune s\u2019\u00e9l\u00e8ve \u00e0 3\u00a0689.58 \u20ac. Au budget Primitif 2022, il a \u00e9t\u00e9 inscrit une somme de 32\u00a0000 \u20ac pour les travaux d\u2019\u00e9lectricit\u00e9, t\u00e9l\u00e9phone et \u00e9clairage public.<\/p>\n<p>Apr\u00e8s en avoir d\u00e9lib\u00e9r\u00e9, le conseil municipal d\u00e9cide, \u00e0 l\u2019unanimit\u00e9 d\u2019accepter l\u2019\u00e9tude d\u00e9taill\u00e9e pour l\u2019alimentation \u00e9lectrique de 3 lots \u2013 Route de l\u2019Etunel concernant le lotissement \u00a0de l\u2019Etunel, PE21-2141, s\u2019engage \u00e0 financer le reste \u00e0 charge pour la commune d\u2019un montant total estim\u00e9 \u00e0 3 689.58 \u20ac, et autorise Madame le Maire \u00e0 signer tous documents relatifs \u00e0 ce dossier.<\/p>\n<h4>2\u00b0 &#8211; Convention d\u2019entretien du ruisseau de \u00ab\u00a0macret\u00a0\u00bb<\/h4>\n<p>Mr Charl\u00e9ric BANCHEREAU, Adjoint \u00e0 l\u2019Urbanisme, pr\u00e9sente au conseil municipal un projet de convention d\u2019entretien du ruisseau \u00ab\u00a0Macret\u00a0\u00bb cadastr\u00e9 section ZC 74 \u2013 249 \u2013 272 ET 274 par les consorts COURTEL. Ils s\u2019engagent \u00e0 entretenir gratuitement le ruisseau d\u00e9vi\u00e9 \u00e0 l\u2019Ouest ainsi que l\u2019ancien lit du ruisseau cadastr\u00e9 section ZC 75 traversant le plan d\u2019eau cadastr\u00e9 section ZC 74 et 272.<\/p>\n<p>Apr\u00e8s en avoir d\u00e9lib\u00e9r\u00e9, le conseil municipal, \u00e0 l\u2019unanimit\u00e9 accepte la convention sign\u00e9e par les consorts COURTEL, en date du 13 juin 2022, concernant l\u2019entretien du ruisseau \u00ab Macret \u00bb, tel que stipul\u00e9 ci-dessus, et autorise Madame le Maire \u00e0 signer ladite convention.<\/p>\n<h4>3\u00b0 &#8211; Droit de Pr\u00e9emption Urbain\u00a0: parcelles b\u00e2ties AD \u2013 113 et 114<\/h4>\n<p>Mr Charl\u00e9ric BANCHEREAU, Adjoint \u00e0 l\u2019Urbanisme, indique au conseil municipal qu\u2019il a \u00e9t\u00e9 re\u00e7u en mairie une D\u00e9claration d\u2019Intention d\u2019Ali\u00e9ner pour la parcelle b\u00e2tie AD 113 et 114 d\u2019une surface de 414 m\u00b2, situ\u00e9e \u00e0 22 rue de Haute-Bretagne. Il est propos\u00e9 de ne pas faire valoir le Droit de Pr\u00e9emption Urbain.<\/p>\n<p>Apr\u00e8s en avoir d\u00e9lib\u00e9r\u00e9, le conseil municipal d\u00e9cide, \u00e0 l\u2019unanimit\u00e9, de ne pas faire valoir le Droit de Pr\u00e9emption Urbain sur la parcelle b\u00e2tie AD N\u00b0 113 et 114.<\/p>\n<h4>4\u00b0 &#8211; Pour INFO\u00a0: Transfert du droit de terrasse\u00a0\u00e0 Mme Le Meur Chantal :<\/h4>\n<p>Pour m\u00e9moire, par d\u00e9lib\u00e9ration en date du 16 juin 2016, il a \u00e9t\u00e9 institu\u00e9 un droit de terrasse pour le bar \u00e0 raison d\u2019un forfait de 100 \u20ac par an, payable en janvier de chaque ann\u00e9e. Par arr\u00eat\u00e9 du Maire, ce droit de terrasse a \u00e9t\u00e9 transf\u00e9r\u00e9 \u00e0 Mme Chantal LE MEUR \u00e0 compter du 25 juillet 2022.<\/p>\n<h2>II \u2013 \u00a0VOIRIE :<\/h2>\n<p>COMPTE-RENDU de la commission \u00ab\u00a0Voirie\u00a0\u00bb et \u00ab\u00a0Urbanisme\u00a0\u00bb du 06 juillet 2022<\/p>\n<h4>Voirie\u00a0: travaux de signalisation\u00a0: peintures au sol<\/h4>\n<p>Mr Pierre PERSEHAIE, Adjoint \u00e0 la voirie, indique au conseil municipal qu\u2019il a \u00e9t\u00e9 re\u00e7u en mairie deux\u00a0propositions concernant la signal\u00e9tique de stop, passage pi\u00e9tons par peintures au sol. Il est propos\u00e9 de retenir le\u00a0devis d\u2019HELIOS Atlantique de Guichen\u00a0 \u00e0 raison de 1 165 \u20ac H.T.<\/p>\n<p>Apr\u00e8s en avoir d\u00e9lib\u00e9r\u00e9, le conseil municipal d\u00e9cide, \u00e0 l\u2019unanimit\u00e9, de retenir la proposition d\u2019HELIOS Atlantique de Guichen pour la signal\u00e9tique de marquages au sol \u00e0 raison de 1\u00a0165.00 \u20ac H.T.<\/p>\n<h4>Rue d\u2019Armorique\u00a0: devis g\u00e9om\u00e8tre<\/h4>\n<p>Mr Charl\u00e9ric BANCHEREAU, Adjoint \u00e0 l\u2019Urbanisme, pr\u00e9sente au conseil municipal deux devis pour la r\u00e9alisation d\u2019un plan topo avec relev\u00e9s des profondeurs des r\u00e9seaux EU \u2013 EP de la rue d\u2019Armorique.<\/p>\n<p>Apr\u00e8s en avoir d\u00e9lib\u00e9r\u00e9, le conseil municipal d\u00e9cide, \u00e0 l\u2019unanimit\u00e9, de retenir la proposition du cabinet QUARTA de Saint-Jacques-de-la-Lande pour la r\u00e9alisation d\u2019un plan topo pour la rue d\u2019Armorique \u00e0 raison de 805 \u20ac H.T.<\/p>\n<h2>III\u2013 PERSONNEL COMMUNAL\u00a0:<\/h2>\n<p>Agents du groupe scolaire\u00a0: renouvellement des contrats de travail \u2013 rentr\u00e9e scolaire 2022 \u2013 2023<\/p>\n<h4>1\u00b0 &#8211; renouvellement d\u2019un cong\u00e9 de disponibilit\u00e9 pour un poste ATSEM d\u2019une ann\u00e9e (sept 2022 \u00e0 ao\u00fbt 2023)<\/h4>\n<p>Il est propos\u00e9\u00a0:<\/p>\n<ul>\n<li>maintien de l\u2019augmentation du poste d\u2019Adjoint Technique Principal \u00e0 raison de 26h50\/35\u00e8me (pour une ann\u00e9e) poste titulaire de Patricia Fresnel (pour remplacement partiel du poste d\u2019ATSEM de Mme Robert Delphine)<\/li>\n<li>maintien de l\u2019augmentation du poste d\u2019ASEM \u00e0 raison de 32h00\/35\u00e8me pour assurer la garderie p\u00e9riscolaire du matin (pour une ann\u00e9e) -remplacement de Delphine par Christ\u00e8le Chicard<\/li>\n<\/ul>\n<p>Apr\u00e8s en avoir d\u00e9lib\u00e9r\u00e9, le conseil municipal d\u00e9cide, \u00e0 l\u2019unanimit\u00e9 les propositions ci-dessus<\/p>\n<h4>2\u00b0 &#8211; renouvellement d\u2019un cong\u00e9 de disponibilit\u00e9 pour un poste Adjoint technique d\u2019une\u00a0 ann\u00e9e (sept 2022 \u00e0 ao\u00fbt 2023)<\/h4>\n<p>Il est propos\u00e9 le maintien du poste d\u2019Adjoint technique \u00e0 raison de 12h00\/35\u00e8me \u2013 contractuelle \u2013 pour une ann\u00e9e \u2013 (horaires de Chantal DELESTIENNE) = poste \u00e0 pourvoir \u00e0 compter du 1er septembre 2022.<\/p>\n<p>Appel \u00e0 candidature\u00a0: diffusion sur Panneau Pocket, distribution dans les bo\u00eetes aux lettres + site Internet.<\/p>\n<p>Apr\u00e8s en avoir d\u00e9lib\u00e9r\u00e9, le conseil municipal d\u00e9cide, \u00e0 l\u2019unanimit\u00e9 de maintenir le temps de travail \u00e0 raison de 12h00\/35\u00e8me du poste d\u2019Adjoint technique, pour une ann\u00e9e du 1er septembre 2022 au 31 ao\u00fbt 2023, contractuelle, pour le remplacement d\u2019un agent momentan\u00e9ment indisponible, (en cong\u00e9 de disponibilit\u00e9 pour convenances personnelles).<\/p>\n<h4>\u00a0\u00a0\u00a0\u00a0\u00a0\u00a0\u00a0\u00a0 3\u00b0 &#8211; renouvellement du contrat \u00ab\u00a0accroissement temporaire d\u2019activit\u00e9\u00a0\u00bb d\u2019une ann\u00e9e (sept 2022 \u00e0 ao\u00fbt 2023)<\/h4>\n<p>Il est propos\u00e9 le maintien du poste d\u2019Adjoint technique \u00e0 raison de 04h75\/35\u00e8me (salaire annualis\u00e9) \u2013 contractuelle \u2013 pour une ann\u00e9e- Fr\u00e9rou Jocelyne \u2013 (Surveillance de cours primaires et maternelles de 12h15 \u00e0 13h45, soit 1 h 30 par jour = 6 h 00 par semaine scolaire).<\/p>\n<p>Apr\u00e8s en avoir d\u00e9lib\u00e9r\u00e9, le conseil municipal d\u00e9cide, \u00e0 l\u2019unanimit\u00e9 de maintenir le temps de travail \u00e0 raison de 04h75\/35\u00e8me du poste d\u2019Adjoint technique, pour une ann\u00e9e du 1er septembre 2022 au 31 ao\u00fbt 2023, contractuelle, pour accroissement temporaire d\u2019activit\u00e9.<\/p>\n<h4>\u00a0\u00a0\u00a0\u00a0\u00a0\u00a0\u00a0\u00a0 4\u00b0 &#8211; renouvellement du contrat \u00ab\u00a0accroissement temporaire d\u2019activit\u00e9\u00a0\u00bb sept 2022 \u00e0 juillet 2023)<\/h4>\n<p>Il est propos\u00e9 le maintien du poste d\u2019Adjoint Social \u00e0 raison de 03h00 par semaines scolaires\u2013 vacataire &#8211; Samuel LECUYER \u2013 (Aide au repas pour un enfant en situation de Handicap de 12h45 \u00e0 13h30, soit 0 h 45 mn par jour = 3 h 00 par semaine scolaire), cr\u00e9\u00e9 par la d\u00e9lib\u00e9ration N\u00b0 21-11-06 du 18 novembre 2021.<\/p>\n<p>Apr\u00e8s en avoir d\u00e9lib\u00e9r\u00e9, le conseil municipal d\u00e9cide, \u00e0 l\u2019unanimit\u00e9 de maintenir le\u00a0 poste d\u2019Adjoint Social, du 1er septembre 2022 au 07 juillet 2023, vacataire, pour accroissement temporaire d\u2019activit\u00e9, \u00e0 raison de 03 h 00 par semaines scolaires.<\/p>\n<p>Les autres postes restent inchang\u00e9s\u00a0:<\/p>\n<ul>\n<li>COURTEILLE Val\u00e9rie : Adjoint technique \u00e0 la cantine : temps complet (35 h 00)<\/li>\n<li>HAMARD Ir\u00e8ne : adjoint technique (cantine + ALSH du mercredi et vacances scolaires) : 19h00\/35\u00e8me \u2013\u00a0stagiaire au 1er d\u00e9cembre 2021.<\/li>\n<li>CHAURIN Annick : Adjoint technique (groupe scolaire et b\u00e2timents communaux) : 34h00 \/ 35\u00e8me\u00a0\u00e0 compter du 25 avril 2022 (remplacement de Mme Anita POULAIN)<\/li>\n<li>RENAUDIN Delphine : Adjoint technique Principal 2\u00e8me classe : 31h00 \/ 35\u00e8me depuis le 1er f\u00e9vrier 2021 \u2013 Agent momentan\u00e9ment indisponible, remplac\u00e9e par Kristell BOUFFAUT en contractuelle- En attente de la d\u00e9cision du comit\u00e9 m\u00e9dical d\u00e9partemental du centre de gestion du mois de septembre\u00a0 ou octobre 2022.<\/li>\n<\/ul>\n<h2>IV\u2013 \u00a0FINANCES :<\/h2>\n<p>Pour m\u00e9moire : il a \u00e9t\u00e9 inscrit au Budget Primitif 2022 une somme de 10 000 \u20ac TTC pour l\u2019achat des deux photocopieurs.<\/p>\n<h4>1\u00b0 &#8211; Acquisition d\u2019un photocopieur \u00e0 la mairie<\/h4>\n<p>Madame Mich\u00e8le RAULLINE, Adjointe aux finances, pr\u00e9sente au conseil municipal un tableau recensant toutes les propositions de photocopieur pour la mairie.<\/p>\n<p>Il est propos\u00e9 de retenir la proposition d\u2019ASI de Chateaubourg, pour un appareil reconditionn\u00e9 \u2013 SHARP \u2013 MX3070NEU \u00e0 raison de 2 200 \u20ac HT avec un contrat de maintenance copie Noir\/Blanc \u00e0 0.003 \u20ac HT la copie\u00a0et copie couleur \u00e0 0.03 \u20ac HT la copie.<\/p>\n<p>Apr\u00e8s en avoir d\u00e9lib\u00e9r\u00e9, le conseil municipal, \u00e0 l\u2019unanimit\u00e9 accepte le devis d\u2019ASI de Chateaubourg.<\/p>\n<h4>2\u00b0 &#8211; Acquisition d\u2019un photocopieur \u00e0 l\u2019\u00e9cole<\/h4>\n<p>Madame Mich\u00e8le RAULLINE, Adjointe aux finances, pr\u00e9sente au conseil municipal un tableau recensant toutes les propositions de photocopieur pour l\u2019\u00e9cole.<\/p>\n<p>Il est propos\u00e9 de retenir la proposition d\u2019ASI de Chateaubourg, pour un appareil reconditionn\u00e9 \u2013 SHARP \u2013 MX 6050 NEU \u00e0 raison de 2 500 \u20ac HT avec un contrat de maintenance copie Noir\/Blanc \u00e0 0.003 \u20ac HT la copie\u00a0et copie couleur \u00e0 0.03 \u20ac la copie<\/p>\n<p>Apr\u00e8s en avoir d\u00e9lib\u00e9r\u00e9, le conseil municipal, \u00e0 l\u2019unanimit\u00e9 accepte le devis d\u2019ASI de Chateaubourg.<\/p>\n<h2>V \u2013 VIE MUNICIPALE :<\/h2>\n<h4>1\u00b0 &#8211; Pr\u00e9sentation du dispositif \u00ab Sant\u00e9COMMUNE \u00bb qui propose une compl\u00e9mentaire Sant\u00e9 en partenariat GROUPAMA \/ COMMUNE.<\/h4>\n<p>Il permet de proposer aux habitants de Treffendel une compl\u00e9mentaire sant\u00e9 avec 3 formules\u00a0:<\/p>\n<ul>\n<li>Une formule \u00ab\u00a0Eco\u00a0\u00bb<\/li>\n<li>Une formule \u00ab\u00a0Equilibre\u00a0\u00bb<\/li>\n<li>Une formule \u00ab\u00a0Confort\u00a0\u00bb.<\/li>\n<\/ul>\n<h4>2\u00b0 &#8211; point sur le forum des associations<\/h4>\n<p>Il aura lieu le vendredi 02 septembre 2022 \u00e0 partir de 18 h 30 au pr\u00e9au de la salle de sports. Les associations ont \u00e9t\u00e9 convi\u00e9es.<\/p>\n<h2>VI \u2013 INTERCOMMUNALITE :<\/h2>\n<h4>Syndicat mixte du Pays de Broc\u00e9liande\u00a0:<\/h4>\n<p>Pr\u00e9sentation du rapport d\u2019activit\u00e9s 2021 par Mme le Maire\u00a0:<\/p>\n<p>Fonctionnement, chiffres-cl\u00e9s, Nouveau service\u00a0: Conseil R\u00e9nov\u2019Energie, SIG, SCoT, Randonn\u00e9e et accessibilit\u00e9, CLIC (Centre Local d\u2019Information et de Coordination), CLS (Contrat Local de Sant\u00e9), MAIA (M\u00e9thode d\u2019Action pour l\u2019Int\u00e9gration des services d\u2019aide et de soins dans le champ de l\u2019Autonomie), Conseil de d\u00e9veloppement avec un comit\u00e9 citoyen, Contrat de partenariat 2014 \u2013 2020 Europe\/R\u00e9gion\/Pays, Natura 2000 For\u00eat de Paimpont<\/p>\n<h2>QUESTIONS DIVERSES :<\/h2>\n<p>Pour info\u00a0:<\/p>\n<ul>\n<li>courrier de la R\u00e9gion Bretagne concernant l\u2019\u00e9volution la ligne BreizhGo int\u00e9grant l\u2019ouverture de la ligne B du m\u00e9tro rennais.<\/li>\n<li>Acquisition de poteaux de volley + filet aupr\u00e8s de Sport-Nature de Beignon \u00e0 raison de 1 192.80 \u20ac TTC.<\/li>\n<\/ul>\n<p>Pour m\u00e9moire\u00a0: BP 2022\u00a0: acquisitions diverses de mat\u00e9riels = 10\u00a0000 \u20ac.<\/p>\n<h4>PROCHAINES COMMISSIONS\u00a0\u00e0 PROGRAMMER\u00a0:<\/h4>\n<p>Commission \u00ab\u00a0B\u00e2timents communaux\u00a0\u00bb\u00a0: mercredi 24 ao\u00fbt\u00a0 2022 \u00e0 20 h 00<\/p>\n<ul>\n<li>Groupe scolaire\u00a0: travaux \u00e9clairage de s\u00e9curit\u00e9<\/li>\n<li>Groupe scolaire et cantine\u00a0: VMC \u00e0 revoir<\/li>\n<li>Salle de sports\u00a0: \u00e9clairage par LEDS<\/li>\n<\/ul>\n<p>Commission \u00ab voirie \u00bb : lundi 29 ao\u00fbt 2022 \u00e0 20 h 00 <br \/>travaux de modernisation de voirie communale (route du gravier, route de la ruelle)<\/p>\n<h4>PROCHAINS CONSEILS MUNICIPAUX\u00a0:<\/h4>\n<ul>\n<li>Jeudi 08 septembre 2022 \u00e0 20 h 00\u00a0 \u00a0(r\u00e9union Adjoints : mardi 30 ao\u00fbt 2022 \u00e0 20 h 00)<\/li>\n<li>Jeudi 13 octobre 2022 \u00e0 20 h 00 (r\u00e9union Adjoints : mardi 04 octobre 2022 \u00e0 20 h 00)<\/li>\n<li>Jeudi 17 novembre 2022 \u00e0 20 h 00 (r\u00e9union Adjoints : mercredi 09 novembre 2022 \u00e0 20 h 00)<\/li>\n<li>Jeudi 15 d\u00e9cembre 2022 \u00e0 20 h 00 (r\u00e9union Adjoints : mardi 06 d\u00e9cembre 2022 \u00e0 20 h 00)<\/li>\n<\/ul>\n<p>\u00a0<\/p>\n","protected":false},"excerpt":{"rendered":"<p>Pr\u00e9sents : F. KERGUELEN, P. PERSEHAIE, C. LE ROSSIGNOL, C. BANCHEREAU, M. RAULLINE,\u00a0 C. GODIN, L. BEAUG\u00e9, C. THOMAS, M. LACAZE, S. LONNOY, A. LE NET. Excus\u00e9s : C. DUBOIS (procuration \u00e0 L. BEAUG\u00e9) S. BERTIN (procuration \u00e0 F. KERGUELEN) Absente\u00a0: N. FRO. Mme le Maire ouvre la s\u00e9ance et constate que le quorum est [&hellip;]<\/p>\n","protected":false},"author":1,"featured_media":0,"parent":17,"menu_order":0,"comment_status":"closed","ping_status":"closed","template":"","meta":[],"_links":{"self":[{"href":"https:\/\/www.treffendel.fr\/index.php?rest_route=\/wp\/v2\/pages\/4435"}],"collection":[{"href":"https:\/\/www.treffendel.fr\/index.php?rest_route=\/wp\/v2\/pages"}],"about":[{"href":"https:\/\/www.treffendel.fr\/index.php?rest_route=\/wp\/v2\/types\/page"}],"author":[{"embeddable":true,"href":"https:\/\/www.treffendel.fr\/index.php?rest_route=\/wp\/v2\/users\/1"}],"replies":[{"embeddable":true,"href":"https:\/\/www.treffendel.fr\/index.php?rest_route=%2Fwp%2Fv2%2Fcomments&post=4435"}],"version-history":[{"count":3,"href":"https:\/\/www.treffendel.fr\/index.php?rest_route=\/wp\/v2\/pages\/4435\/revisions"}],"predecessor-version":[{"id":4441,"href":"https:\/\/www.treffendel.fr\/index.php?rest_route=\/wp\/v2\/pages\/4435\/revisions\/4441"}],"up":[{"embeddable":true,"href":"https:\/\/www.treffendel.fr\/index.php?rest_route=\/wp\/v2\/pages\/17"}],"wp:attachment":[{"href":"https:\/\/www.treffendel.fr\/index.php?rest_route=%2Fwp%2Fv2%2Fmedia&parent=4435"}],"curies":[{"name":"wp","href":"https:\/\/api.w.org\/{rel}","templated":true}]}}